{"id":826,"date":"2021-03-12T17:49:53","date_gmt":"2021-03-12T16:49:53","guid":{"rendered":"https:\/\/challengeme.online\/?page_id=826"},"modified":"2024-08-15T13:40:34","modified_gmt":"2024-08-15T11:40:34","slug":"page-en-maintenance","status":"publish","type":"page","link":"https:\/\/challengeme.online\/en\/page-en-maintenance\/","title":{"rendered":"Page en maintenance"},"content":{"rendered":"<div data-elementor-type=\"wp-page\" data-elementor-id=\"826\" class=\"elementor elementor-826\" data-elementor-post-type=\"page\">\n\t\t\t\t\t\t<section class=\"elementor-section elementor-top-section elementor-element elementor-element-5328eea1 elementor-section-boxed elementor-section-height-default elementor-section-height-default\" data-id=\"5328eea1\" data-element_type=\"section\">\n\t\t\t\t\t\t<div class=\"elementor-container elementor-column-gap-default\">\n\t\t\t\t\t<div class=\"elementor-column elementor-col-100 elementor-top-column elementor-element elementor-element-6de5675\" data-id=\"6de5675\" data-element_type=\"column\">\n\t\t\t<div class=\"elementor-widget-wrap elementor-element-populated\">\n\t\t\t\t\t\t<div class=\"elementor-element elementor-element-1fc634 elementor-widget elementor-widget-text-editor\" data-id=\"1fc634\" data-element_type=\"widget\" data-widget_type=\"text-editor.default\">\n\t\t\t\t<div class=\"elementor-widget-container\">\n\t\t\t\t\t\t\t\t\t\n\n\n<p><\/p>\n\t\t\t\t\t\t\t\t<\/div>\n\t\t\t\t<\/div>\n\t\t\t\t\t<\/div>\n\t\t<\/div>\n\t\t\t\t\t<\/div>\n\t\t<\/section>\n\t\t\t\t<section class=\"elementor-section elementor-top-section elementor-element elementor-element-ffd41b6 elementor-section-boxed elementor-section-height-default elementor-section-height-default\" data-id=\"ffd41b6\" data-element_type=\"section\">\n\t\t\t\t\t\t<div class=\"elementor-container elementor-column-gap-default\">\n\t\t\t\t\t<div class=\"elementor-column elementor-col-100 elementor-top-column elementor-element elementor-element-4c9c579\" data-id=\"4c9c579\" data-element_type=\"column\">\n\t\t\t<div class=\"elementor-widget-wrap elementor-element-populated\">\n\t\t\t\t\t\t<section class=\"elementor-section elementor-inner-section elementor-element elementor-element-a557b42 elementor-section-boxed elementor-section-height-default elementor-section-height-default\" data-id=\"a557b42\" data-element_type=\"section\">\n\t\t\t\t\t\t<div class=\"elementor-container elementor-column-gap-default\">\n\t\t\t\t\t<div class=\"elementor-column elementor-col-50 elementor-inner-column elementor-element elementor-element-3aadecd\" data-id=\"3aadecd\" data-element_type=\"column\">\n\t\t\t<div class=\"elementor-widget-wrap elementor-element-populated\">\n\t\t\t\t\t\t<div class=\"elementor-element elementor-element-72f6653 elementor-widget elementor-widget-html\" data-id=\"72f6653\" data-element_type=\"widget\" data-widget_type=\"html.default\">\n\t\t\t\t<div class=\"elementor-widget-container\">\n\t\t\t\t\t<img decoding=\"async\" src=\"https:\/\/media.giphy.com\/media\/NTur7XlVDUdqM\/giphy.gif\" alt=\"\" \/>\t\t\t\t<\/div>\n\t\t\t\t<\/div>\n\t\t\t\t\t<\/div>\n\t\t<\/div>\n\t\t\t\t<div class=\"elementor-column elementor-col-50 elementor-inner-column elementor-element elementor-element-b38e065\" data-id=\"b38e065\" data-element_type=\"column\">\n\t\t\t<div class=\"elementor-widget-wrap elementor-element-populated\">\n\t\t\t\t\t\t<div class=\"elementor-element elementor-element-59fce5a elementor-widget elementor-widget-text-editor\" data-id=\"59fce5a\" data-element_type=\"widget\" data-widget_type=\"text-editor.default\">\n\t\t\t\t<div class=\"elementor-widget-container\">\n\t\t\t\t\t\t\t\t\t<p>Cette page est actuellement en maintenance.<\/p>\n<p>Elle sera bient\u00f4t de retour \ud83d\ude42<\/p>\n<p>\u00c0 tr\u00e8s vite !<\/p>\n<p>Vous pouvez tout de m\u00eame vous connecter \u00e0 la plateforme ou retourner sur la page d\u2019accueil du site.<\/p>\t\t\t\t\t\t\t\t<\/div>\n\t\t\t\t<\/div>\n\t\t\t\t\t<\/div>\n\t\t<\/div>\n\t\t\t\t\t<\/div>\n\t\t<\/section>\n\t\t\t\t<section class=\"elementor-section elementor-inner-section elementor-element elementor-element-024391d elementor-section-boxed elementor-section-height-default elementor-section-height-default\" data-id=\"024391d\" data-element_type=\"section\">\n\t\t\t\t\t\t<div class=\"elementor-container elementor-column-gap-default\">\n\t\t\t\t\t<div class=\"elementor-column elementor-col-100 elementor-inner-column elementor-element elementor-element-f74a682\" data-id=\"f74a682\" data-element_type=\"column\">\n\t\t\t<div class=\"elementor-widget-wrap elementor-element-populated\">\n\t\t\t\t\t\t<div class=\"elementor-element elementor-element-4fbbfd1 elementor-align-center elementor-widget elementor-widget-button\" data-id=\"4fbbfd1\" data-element_type=\"widget\" data-widget_type=\"button.default\">\n\t\t\t\t<div class=\"elementor-widget-container\">\n\t\t\t\t\t\t\t\t\t<div class=\"elementor-button-wrapper\">\n\t\t\t\t\t<a class=\"elementor-button elementor-button-link elementor-size-sm\" href=\"\/en\/\">\n\t\t\t\t\t\t<span class=\"elementor-button-content-wrapper\">\n\t\t\t\t\t\t<span class=\"elementor-button-icon\">\n\t\t\t\t<i aria-hidden=\"true\" class=\"fas fa-home\"><\/i>\t\t\t<\/span>\n\t\t\t\t\t\t\t\t\t<span class=\"elementor-button-text\">Retourner \u00e0 la page d'accueil<\/span>\n\t\t\t\t\t<\/span>\n\t\t\t\t\t<\/a>\n\t\t\t\t<\/div>\n\t\t\t\t\t\t\t\t<\/div>\n\t\t\t\t<\/div>\n\t\t\t\t\t<\/div>\n\t\t<\/div>\n\t\t\t\t\t<\/div>\n\t\t<\/section>\n\t\t\t\t\t<\/div>\n\t\t<\/div>\n\t\t\t\t\t<\/div>\n\t\t<\/section>\n\t\t\t\t<\/div>","protected":false},"excerpt":{"rendered":"<p>Cette page est actuellement en maintenance. Elle sera bient\u00f4t de retour \ud83d\ude42 \u00c0 tr\u00e8s vite ! Vous pouvez tout de m\u00eame vous connecter \u00e0 la plateforme ou retourner sur la page d\u2019accueil du site. Retourner \u00e0 la page d&rsquo;accueil<\/p>","protected":false},"author":2,"featured_media":0,"parent":0,"menu_order":0,"comment_status":"closed","ping_status":"closed","template":"elementor_header_footer","meta":{"content-type":"","footnotes":""},"cas_dusage":[],"categ":[],"format_activite":[],"class_list":["post-826","page","type-page","status-publish","hentry"],"_links":{"self":[{"href":"https:\/\/challengeme.online\/en\/wp-json\/wp\/v2\/pages\/826","targetHints":{"allow":["GET"]}}],"collection":[{"href":"https:\/\/challengeme.online\/en\/wp-json\/wp\/v2\/pages"}],"about":[{"href":"https:\/\/challengeme.online\/en\/wp-json\/wp\/v2\/types\/page"}],"author":[{"embeddable":true,"href":"https:\/\/challengeme.online\/en\/wp-json\/wp\/v2\/users\/2"}],"replies":[{"embeddable":true,"href":"https:\/\/challengeme.online\/en\/wp-json\/wp\/v2\/comments?post=826"}],"version-history":[{"count":10,"href":"https:\/\/challengeme.online\/en\/wp-json\/wp\/v2\/pages\/826\/revisions"}],"predecessor-version":[{"id":9946,"href":"https:\/\/challengeme.online\/en\/wp-json\/wp\/v2\/pages\/826\/revisions\/9946"}],"wp:attachment":[{"href":"https:\/\/challengeme.online\/en\/wp-json\/wp\/v2\/media?parent=826"}],"wp:term":[{"taxonomy":"cas_dusage","embeddable":true,"href":"https:\/\/challengeme.online\/en\/wp-json\/wp\/v2\/cas_dusage?post=826"},{"taxonomy":"categ","embeddable":true,"href":"https:\/\/challengeme.online\/en\/wp-json\/wp\/v2\/categ?post=826"},{"taxonomy":"format_activite","embeddable":true,"href":"https:\/\/challengeme.online\/en\/wp-json\/wp\/v2\/format_activite?post=826"}],"curies":[{"name":"wp","href":"https:\/\/api.w.org\/{rel}","templated":true}]}}