{"id":8247,"date":"2024-07-09T09:36:54","date_gmt":"2024-07-09T07:36:54","guid":{"rendered":"https:\/\/challengeme.online\/?page_id=8247"},"modified":"2025-05-08T09:45:31","modified_gmt":"2025-05-08T07:45:31","slug":"blog","status":"publish","type":"page","link":"https:\/\/challengeme.online\/en\/blog\/","title":{"rendered":"Nos articles"},"content":{"rendered":"<div data-elementor-type=\"wp-page\" data-elementor-id=\"8247\" class=\"elementor elementor-8247\" data-elementor-post-type=\"page\">\n\t\t\t\t<div class=\"elementor-element elementor-element-d6ed522 e-flex e-con-boxed e-con e-parent\" data-id=\"d6ed522\" data-element_type=\"container\">\n\t\t\t\t\t<div class=\"e-con-inner\">\n\t\t<div class=\"elementor-element elementor-element-e530efe e-con-full e-flex e-con e-child\" data-id=\"e530efe\" data-element_type=\"container\">\n\t\t\t\t<div class=\"elementor-element elementor-element-1100206 elementor-widget elementor-widget-heading\" data-id=\"1100206\" data-element_type=\"widget\" data-widget_type=\"heading.default\">\n\t\t\t\t<div class=\"elementor-widget-container\">\n\t\t\t\t\t<h1 class=\"elementor-heading-title elementor-size-default\">Consultez nos derniers articles<\/h1>\t\t\t\t<\/div>\n\t\t\t\t<\/div>\n\t\t\t\t<\/div>\n\t\t\t\t<div class=\"elementor-element elementor-element-46f895f elementor-widget__width-inherit elementor-grid-3 elementor-grid-tablet-2 elementor-grid-mobile-1 elementor-posts--thumbnail-top elementor-posts__hover-gradient elementor-widget elementor-widget-posts\" data-id=\"46f895f\" data-element_type=\"widget\" data-settings=\"{&quot;pagination_type&quot;:&quot;numbers&quot;,&quot;cards_columns&quot;:&quot;3&quot;,&quot;cards_columns_tablet&quot;:&quot;2&quot;,&quot;cards_columns_mobile&quot;:&quot;1&quot;,&quot;cards_row_gap&quot;:{&quot;unit&quot;:&quot;px&quot;,&quot;size&quot;:35,&quot;sizes&quot;:[]},&quot;cards_row_gap_tablet&quot;:{&quot;unit&quot;:&quot;px&quot;,&quot;size&quot;:&quot;&quot;,&quot;sizes&quot;:[]},&quot;cards_row_gap_mobile&quot;:{&quot;unit&quot;:&quot;px&quot;,&quot;size&quot;:&quot;&quot;,&quot;sizes&quot;:[]}}\" data-widget_type=\"posts.cards\">\n\t\t\t\t<div class=\"elementor-widget-container\">\n\t\t\t\t\t\t\t<div class=\"elementor-posts-container elementor-posts elementor-posts--skin-cards elementor-grid\">\n\t\t\t\t<article class=\"elementor-post elementor-grid-item post-17036 post type-post status-publish format-standard has-post-thumbnail hentry category-non-classe webinaires-a-venir ressource-type--retour-dexperience\">\n\t\t\t<div class=\"elementor-post__card\">\n\t\t\t\t<a class=\"elementor-post__thumbnail__link\" href=\"https:\/\/challengeme.online\/en\/rex-devinci-19-05-26\/\" tabindex=\"-1\" ><div class=\"elementor-post__thumbnail\"><img decoding=\"async\" width=\"300\" height=\"157\" src=\"https:\/\/challengeme.online\/wp-content\/uploads\/2023\/09\/pole-leonard-vinci-n-300x157.png\" class=\"attachment-medium size-medium wp-image-6726\" alt=\"Logo De Vinci\" srcset=\"https:\/\/challengeme.online\/wp-content\/uploads\/2023\/09\/pole-leonard-vinci-n-300x157.png 300w, https:\/\/challengeme.online\/wp-content\/uploads\/2023\/09\/pole-leonard-vinci-n.png 316w\" sizes=\"(max-width: 300px) 100vw, 300px\" \/><\/div><\/a>\n\t\t\t\t<div class=\"elementor-post__badge\">Non class\u00e9<\/div>\n\t\t\t\t<div class=\"elementor-post__text\">\n\t\t\t\t<h3 class=\"elementor-post__title\">\n\t\t\t<a href=\"https:\/\/challengeme.online\/en\/rex-devinci-19-05-26\/\" >\n\t\t\t\tDe Vinci &#8211; Former aux soft skills par le feedback : un dispositif \u00e0 grande \u00e9chelle pr\u00e9sent\u00e9 par C\u00e9cile Dupire\t\t\t<\/a>\n\t\t<\/h3>\n\t\t\t\t<\/div>\n\t\t\t\t<div class=\"elementor-post__meta-data\">\n\t\t\t\t\t<span class=\"elementor-post-date\">\n\t\t\t20 April 2026\t\t<\/span>\n\t\t\t\t<\/div>\n\t\t\t\t\t<\/div>\n\t\t<\/article>\n\t\t\t\t<article class=\"elementor-post elementor-grid-item post-16847 post type-post status-publish format-standard has-post-thumbnail hentry category-webinaire webinaires-a-venir ressource-type--retour-dexperience\">\n\t\t\t<div class=\"elementor-post__card\">\n\t\t\t\t<a class=\"elementor-post__thumbnail__link\" href=\"https:\/\/challengeme.online\/en\/rex-utt-joris-falip\/\" tabindex=\"-1\" ><div class=\"elementor-post__thumbnail\"><img decoding=\"async\" width=\"300\" height=\"112\" src=\"https:\/\/challengeme.online\/wp-content\/uploads\/2026\/04\/Logo_UTT_2018.svg_-300x112.png\" class=\"attachment-medium size-medium wp-image-16848\" alt=\"\" srcset=\"https:\/\/challengeme.online\/wp-content\/uploads\/2026\/04\/Logo_UTT_2018.svg_-300x112.png 300w, https:\/\/challengeme.online\/wp-content\/uploads\/2026\/04\/Logo_UTT_2018.svg_-1024x381.png 1024w, https:\/\/challengeme.online\/wp-content\/uploads\/2026\/04\/Logo_UTT_2018.svg_-768x286.png 768w, https:\/\/challengeme.online\/wp-content\/uploads\/2026\/04\/Logo_UTT_2018.svg_-18x7.png 18w, https:\/\/challengeme.online\/wp-content\/uploads\/2026\/04\/Logo_UTT_2018.svg_.png 1280w\" sizes=\"(max-width: 300px) 100vw, 300px\" \/><\/div><\/a>\n\t\t\t\t<div class=\"elementor-post__badge\">Webinaire<\/div>\n\t\t\t\t<div class=\"elementor-post__text\">\n\t\t\t\t<h3 class=\"elementor-post__title\">\n\t\t\t<a href=\"https:\/\/challengeme.online\/en\/rex-utt-joris-falip\/\" >\n\t\t\t\tUTT &#8211; L\u2019\u00e9valuation par les pairs en pratique &#8211; Retour d&rsquo;exp\u00e9rience de Joris Falip\t\t\t<\/a>\n\t\t<\/h3>\n\t\t\t\t<\/div>\n\t\t\t\t<div class=\"elementor-post__meta-data\">\n\t\t\t\t\t<span class=\"elementor-post-date\">\n\t\t\t10 April 2026\t\t<\/span>\n\t\t\t\t<\/div>\n\t\t\t\t\t<\/div>\n\t\t<\/article>\n\t\t\t\t<article class=\"elementor-post elementor-grid-item post-16824 post type-post status-publish format-standard hentry category-evaluation\">\n\t\t\t<div class=\"elementor-post__card\">\n\t\t\t\t<div class=\"elementor-post__text\">\n\t\t\t\t<h3 class=\"elementor-post__title\">\n\t\t\t<a href=\"https:\/\/challengeme.online\/en\/evaluation-des-enseignements-ce-que-challengeme-change-concretement\/\" >\n\t\t\t\t\u00c9valuation des enseignements : ce que ChallengeMe change concr\u00e8tement\t\t\t<\/a>\n\t\t<\/h3>\n\t\t\t\t<\/div>\n\t\t\t\t<div class=\"elementor-post__meta-data\">\n\t\t\t\t\t<span class=\"elementor-post-date\">\n\t\t\t2 April 2026\t\t<\/span>\n\t\t\t\t<\/div>\n\t\t\t\t\t<\/div>\n\t\t<\/article>\n\t\t\t\t<article class=\"elementor-post elementor-grid-item post-16775 post type-post status-publish format-standard has-post-thumbnail hentry category-approche-par-competences\">\n\t\t\t<div class=\"elementor-post__card\">\n\t\t\t\t<a class=\"elementor-post__thumbnail__link\" href=\"https:\/\/challengeme.online\/en\/de-la-theorie-a-la-pratique-le-cas-decole-de-lhesav-en-approche-par-competences\/\" tabindex=\"-1\" ><div class=\"elementor-post__thumbnail\"><img fetchpriority=\"high\" decoding=\"async\" width=\"300\" height=\"167\" src=\"https:\/\/challengeme.online\/wp-content\/uploads\/2026\/03\/Gemini_Generated_Image_g1cw08g1cw08g1cw-300x167.png\" class=\"attachment-medium size-medium wp-image-16784\" alt=\"\" srcset=\"https:\/\/challengeme.online\/wp-content\/uploads\/2026\/03\/Gemini_Generated_Image_g1cw08g1cw08g1cw-300x167.png 300w, https:\/\/challengeme.online\/wp-content\/uploads\/2026\/03\/Gemini_Generated_Image_g1cw08g1cw08g1cw-1024x572.png 1024w, https:\/\/challengeme.online\/wp-content\/uploads\/2026\/03\/Gemini_Generated_Image_g1cw08g1cw08g1cw-768x429.png 768w, https:\/\/challengeme.online\/wp-content\/uploads\/2026\/03\/Gemini_Generated_Image_g1cw08g1cw08g1cw-1536x857.png 1536w, https:\/\/challengeme.online\/wp-content\/uploads\/2026\/03\/Gemini_Generated_Image_g1cw08g1cw08g1cw-2048x1143.png 2048w, https:\/\/challengeme.online\/wp-content\/uploads\/2026\/03\/Gemini_Generated_Image_g1cw08g1cw08g1cw-18x10.png 18w\" sizes=\"(max-width: 300px) 100vw, 300px\" \/><\/div><\/a>\n\t\t\t\t<div class=\"elementor-post__badge\">Approche par comp\u00e9tences<\/div>\n\t\t\t\t<div class=\"elementor-post__text\">\n\t\t\t\t<h3 class=\"elementor-post__title\">\n\t\t\t<a href=\"https:\/\/challengeme.online\/en\/de-la-theorie-a-la-pratique-le-cas-decole-de-lhesav-en-approche-par-competences\/\" >\n\t\t\t\tDe la th\u00e9orie \u00e0 la pratique : le cas d&rsquo;\u00e9cole de l&rsquo;HESAV en approche par comp\u00e9tences\t\t\t<\/a>\n\t\t<\/h3>\n\t\t\t\t<\/div>\n\t\t\t\t<div class=\"elementor-post__meta-data\">\n\t\t\t\t\t<span class=\"elementor-post-date\">\n\t\t\t18 March 2026\t\t<\/span>\n\t\t\t\t<\/div>\n\t\t\t\t\t<\/div>\n\t\t<\/article>\n\t\t\t\t<article class=\"elementor-post elementor-grid-item post-16756 post type-post status-publish format-standard has-post-thumbnail hentry category-approche-par-competences\">\n\t\t\t<div class=\"elementor-post__card\">\n\t\t\t\t<a class=\"elementor-post__thumbnail__link\" href=\"https:\/\/challengeme.online\/en\/les-5-erreurs-fatales-en-evaluation-des-competences-selon-jacques-tardif\/\" tabindex=\"-1\" ><div class=\"elementor-post__thumbnail\"><img loading=\"lazy\" decoding=\"async\" width=\"300\" height=\"164\" src=\"https:\/\/challengeme.online\/wp-content\/uploads\/2026\/03\/unnamed-300x164.jpg\" class=\"attachment-medium size-medium wp-image-16780\" alt=\"\" srcset=\"https:\/\/challengeme.online\/wp-content\/uploads\/2026\/03\/unnamed-300x164.jpg 300w, https:\/\/challengeme.online\/wp-content\/uploads\/2026\/03\/unnamed-1024x559.jpg 1024w, https:\/\/challengeme.online\/wp-content\/uploads\/2026\/03\/unnamed-768x419.jpg 768w, https:\/\/challengeme.online\/wp-content\/uploads\/2026\/03\/unnamed-18x10.jpg 18w, https:\/\/challengeme.online\/wp-content\/uploads\/2026\/03\/unnamed.jpg 1408w\" sizes=\"(max-width: 300px) 100vw, 300px\" \/><\/div><\/a>\n\t\t\t\t<div class=\"elementor-post__badge\">Approche par comp\u00e9tences<\/div>\n\t\t\t\t<div class=\"elementor-post__text\">\n\t\t\t\t<h3 class=\"elementor-post__title\">\n\t\t\t<a href=\"https:\/\/challengeme.online\/en\/les-5-erreurs-fatales-en-evaluation-des-competences-selon-jacques-tardif\/\" >\n\t\t\t\tLes 5 erreurs fatales en \u00e9valuation des comp\u00e9tences (selon Jacques Tardif)\t\t\t<\/a>\n\t\t<\/h3>\n\t\t\t\t<\/div>\n\t\t\t\t<div class=\"elementor-post__meta-data\">\n\t\t\t\t\t<span class=\"elementor-post-date\">\n\t\t\t16 March 2026\t\t<\/span>\n\t\t\t\t<\/div>\n\t\t\t\t\t<\/div>\n\t\t<\/article>\n\t\t\t\t<article class=\"elementor-post elementor-grid-item post-16738 post type-post status-publish format-standard has-post-thumbnail hentry category-webinaire webinaires-passes ressource-type--retour-dexperience\">\n\t\t\t<div class=\"elementor-post__card\">\n\t\t\t\t<a class=\"elementor-post__thumbnail__link\" href=\"https:\/\/challengeme.online\/en\/rex-neoma-bs-09-04-26\/\" tabindex=\"-1\" ><div class=\"elementor-post__thumbnail\"><img loading=\"lazy\" decoding=\"async\" width=\"300\" height=\"157\" src=\"https:\/\/challengeme.online\/wp-content\/uploads\/2022\/10\/NEOMA_LOGOTYPE_RVB-300x157.jpg\" class=\"attachment-medium size-medium wp-image-5693\" alt=\"Logo Neoma BS\" srcset=\"https:\/\/challengeme.online\/wp-content\/uploads\/2022\/10\/NEOMA_LOGOTYPE_RVB-300x157.jpg 300w, https:\/\/challengeme.online\/wp-content\/uploads\/2022\/10\/NEOMA_LOGOTYPE_RVB-1024x536.jpg 1024w, https:\/\/challengeme.online\/wp-content\/uploads\/2022\/10\/NEOMA_LOGOTYPE_RVB-768x402.jpg 768w, https:\/\/challengeme.online\/wp-content\/uploads\/2022\/10\/NEOMA_LOGOTYPE_RVB-1536x804.jpg 1536w, https:\/\/challengeme.online\/wp-content\/uploads\/2022\/10\/NEOMA_LOGOTYPE_RVB-2048x1072.jpg 2048w\" sizes=\"(max-width: 300px) 100vw, 300px\" \/><\/div><\/a>\n\t\t\t\t<div class=\"elementor-post__badge\">Webinaire<\/div>\n\t\t\t\t<div class=\"elementor-post__text\">\n\t\t\t\t<h3 class=\"elementor-post__title\">\n\t\t\t<a href=\"https:\/\/challengeme.online\/en\/rex-neoma-bs-09-04-26\/\" >\n\t\t\t\tNeoma BS &#8211; L\u2019\u00e9valuation par les pairs en pratique &#8211; Retour d&rsquo;exp\u00e9rience de Maria Ruiz Garcia et Florence Duvivier\t\t\t<\/a>\n\t\t<\/h3>\n\t\t\t\t<\/div>\n\t\t\t\t<div class=\"elementor-post__meta-data\">\n\t\t\t\t\t<span class=\"elementor-post-date\">\n\t\t\t12 March 2026\t\t<\/span>\n\t\t\t\t<\/div>\n\t\t\t\t\t<\/div>\n\t\t<\/article>\n\t\t\t\t<article class=\"elementor-post elementor-grid-item post-16666 post type-post status-publish format-standard hentry category-evaluation\">\n\t\t\t<div class=\"elementor-post__card\">\n\t\t\t\t<div class=\"elementor-post__text\">\n\t\t\t\t<h3 class=\"elementor-post__title\">\n\t\t\t<a href=\"https:\/\/challengeme.online\/en\/evaluation-intra-groupe-formative-vs-sommative-nos-retours-dexperience\/\" >\n\t\t\t\t\u00c9valuation intra-groupe : Formative vs Sommative, nos retours d&rsquo;exp\u00e9rience\t\t\t<\/a>\n\t\t<\/h3>\n\t\t\t\t<\/div>\n\t\t\t\t<div class=\"elementor-post__meta-data\">\n\t\t\t\t\t<span class=\"elementor-post-date\">\n\t\t\t20 February 2026\t\t<\/span>\n\t\t\t\t<\/div>\n\t\t\t\t\t<\/div>\n\t\t<\/article>\n\t\t\t\t<article class=\"elementor-post elementor-grid-item post-16617 post type-post status-publish format-standard has-post-thumbnail hentry category-webinaire webinaires-passes ressource-type--retour-dexperience\">\n\t\t\t<div class=\"elementor-post__card\">\n\t\t\t\t<a class=\"elementor-post__thumbnail__link\" href=\"https:\/\/challengeme.online\/en\/webinaire-format-special-iae\/\" tabindex=\"-1\" ><div class=\"elementor-post__thumbnail\"><img loading=\"lazy\" decoding=\"async\" width=\"300\" height=\"300\" src=\"https:\/\/challengeme.online\/wp-content\/uploads\/2026\/02\/webinaire-special-iae-300x300.png\" class=\"attachment-medium size-medium wp-image-16620\" alt=\"\" srcset=\"https:\/\/challengeme.online\/wp-content\/uploads\/2026\/02\/webinaire-special-iae-300x300.png 300w, https:\/\/challengeme.online\/wp-content\/uploads\/2026\/02\/webinaire-special-iae-150x150.png 150w, https:\/\/challengeme.online\/wp-content\/uploads\/2026\/02\/webinaire-special-iae-12x12.png 12w, https:\/\/challengeme.online\/wp-content\/uploads\/2026\/02\/webinaire-special-iae.png 500w\" sizes=\"(max-width: 300px) 100vw, 300px\" \/><\/div><\/a>\n\t\t\t\t<div class=\"elementor-post__badge\">Webinaire<\/div>\n\t\t\t\t<div class=\"elementor-post__text\">\n\t\t\t\t<h3 class=\"elementor-post__title\">\n\t\t\t<a href=\"https:\/\/challengeme.online\/en\/webinaire-format-special-iae\/\" >\n\t\t\t\tFormat Special IAE &#8211; L\u2019\u00e9valuation par les pairs en pratique &#8211; Paul Serougne &#8211; Anne Sophie Cases &#8211; Sandrine Falcy\t\t\t<\/a>\n\t\t<\/h3>\n\t\t\t\t<\/div>\n\t\t\t\t<div class=\"elementor-post__meta-data\">\n\t\t\t\t\t<span class=\"elementor-post-date\">\n\t\t\t17 February 2026\t\t<\/span>\n\t\t\t\t<\/div>\n\t\t\t\t\t<\/div>\n\t\t<\/article>\n\t\t\t\t<article class=\"elementor-post elementor-grid-item post-16588 post type-post status-publish format-standard has-post-thumbnail hentry category-non-classe\">\n\t\t\t<div class=\"elementor-post__card\">\n\t\t\t\t<a class=\"elementor-post__thumbnail__link\" href=\"https:\/\/challengeme.online\/en\/communautes-de-pratique-apcsup\/\" tabindex=\"-1\" ><div class=\"elementor-post__thumbnail\"><img loading=\"lazy\" decoding=\"async\" width=\"300\" height=\"286\" src=\"https:\/\/challengeme.online\/wp-content\/uploads\/2025\/08\/Capture-decran-2025-08-26-a-11.29.57-300x286.png\" class=\"attachment-medium size-medium wp-image-15317\" alt=\"\" srcset=\"https:\/\/challengeme.online\/wp-content\/uploads\/2025\/08\/Capture-decran-2025-08-26-a-11.29.57-300x286.png 300w, https:\/\/challengeme.online\/wp-content\/uploads\/2025\/08\/Capture-decran-2025-08-26-a-11.29.57.png 628w\" sizes=\"(max-width: 300px) 100vw, 300px\" \/><\/div><\/a>\n\t\t\t\t<div class=\"elementor-post__badge\">Non class\u00e9<\/div>\n\t\t\t\t<div class=\"elementor-post__text\">\n\t\t\t\t<h3 class=\"elementor-post__title\">\n\t\t\t<a href=\"https:\/\/challengeme.online\/en\/communautes-de-pratique-apcsup\/\" >\n\t\t\t\tCommunaut\u00e9s de pratique APCSup\t\t\t<\/a>\n\t\t<\/h3>\n\t\t\t\t<\/div>\n\t\t\t\t<div class=\"elementor-post__meta-data\">\n\t\t\t\t\t<span class=\"elementor-post-date\">\n\t\t\t9 February 2026\t\t<\/span>\n\t\t\t\t<\/div>\n\t\t\t\t\t<\/div>\n\t\t<\/article>\n\t\t\t\t<article class=\"elementor-post elementor-grid-item post-16548 post type-post status-publish format-standard has-post-thumbnail hentry category-ia\">\n\t\t\t<div class=\"elementor-post__card\">\n\t\t\t\t<a class=\"elementor-post__thumbnail__link\" href=\"https:\/\/challengeme.online\/en\/lia-au-service-du-journal-reflexif-personnaliser-laccompagnement-reflexif\/\" tabindex=\"-1\" ><div class=\"elementor-post__thumbnail\"><img loading=\"lazy\" decoding=\"async\" width=\"300\" height=\"164\" src=\"https:\/\/challengeme.online\/wp-content\/uploads\/2026\/02\/Gemini_Generated_Image_qdwnw8qdwnw8qdwn-300x164.png\" class=\"attachment-medium size-medium wp-image-16556\" alt=\"\" srcset=\"https:\/\/challengeme.online\/wp-content\/uploads\/2026\/02\/Gemini_Generated_Image_qdwnw8qdwnw8qdwn-300x164.png 300w, https:\/\/challengeme.online\/wp-content\/uploads\/2026\/02\/Gemini_Generated_Image_qdwnw8qdwnw8qdwn-1024x559.png 1024w, https:\/\/challengeme.online\/wp-content\/uploads\/2026\/02\/Gemini_Generated_Image_qdwnw8qdwnw8qdwn-768x419.png 768w, https:\/\/challengeme.online\/wp-content\/uploads\/2026\/02\/Gemini_Generated_Image_qdwnw8qdwnw8qdwn-1536x838.png 1536w, https:\/\/challengeme.online\/wp-content\/uploads\/2026\/02\/Gemini_Generated_Image_qdwnw8qdwnw8qdwn-2048x1117.png 2048w, https:\/\/challengeme.online\/wp-content\/uploads\/2026\/02\/Gemini_Generated_Image_qdwnw8qdwnw8qdwn-18x10.png 18w\" sizes=\"(max-width: 300px) 100vw, 300px\" \/><\/div><\/a>\n\t\t\t\t<div class=\"elementor-post__badge\">IA<\/div>\n\t\t\t\t<div class=\"elementor-post__text\">\n\t\t\t\t<h3 class=\"elementor-post__title\">\n\t\t\t<a href=\"https:\/\/challengeme.online\/en\/lia-au-service-du-journal-reflexif-personnaliser-laccompagnement-reflexif\/\" >\n\t\t\t\tL&rsquo;IA au service du journal r\u00e9flexif : personnaliser l&rsquo;accompagnement r\u00e9flexif\t\t\t<\/a>\n\t\t<\/h3>\n\t\t\t\t<\/div>\n\t\t\t\t<div class=\"elementor-post__meta-data\">\n\t\t\t\t\t<span class=\"elementor-post-date\">\n\t\t\t3 February 2026\t\t<\/span>\n\t\t\t\t<\/div>\n\t\t\t\t\t<\/div>\n\t\t<\/article>\n\t\t\t\t<article class=\"elementor-post elementor-grid-item post-16480 post type-post status-publish format-standard has-post-thumbnail hentry category-webinaire webinaires-passes ressource-type--retour-dexperience\">\n\t\t\t<div class=\"elementor-post__card\">\n\t\t\t\t<a class=\"elementor-post__thumbnail__link\" href=\"https:\/\/challengeme.online\/en\/rex-centrale-supelec-12-03-2026\/\" tabindex=\"-1\" ><div class=\"elementor-post__thumbnail\"><img loading=\"lazy\" decoding=\"async\" width=\"300\" height=\"232\" src=\"https:\/\/challengeme.online\/wp-content\/uploads\/2026\/01\/CentraleSupelec-Logo-V_RVB-300x232.jpg\" class=\"attachment-medium size-medium wp-image-16487\" alt=\"centrale sup\u00e9lec\" srcset=\"https:\/\/challengeme.online\/wp-content\/uploads\/2026\/01\/CentraleSupelec-Logo-V_RVB-300x232.jpg 300w, https:\/\/challengeme.online\/wp-content\/uploads\/2026\/01\/CentraleSupelec-Logo-V_RVB-1024x793.jpg 1024w, https:\/\/challengeme.online\/wp-content\/uploads\/2026\/01\/CentraleSupelec-Logo-V_RVB-768x594.jpg 768w, https:\/\/challengeme.online\/wp-content\/uploads\/2026\/01\/CentraleSupelec-Logo-V_RVB-1536x1189.jpg 1536w, https:\/\/challengeme.online\/wp-content\/uploads\/2026\/01\/CentraleSupelec-Logo-V_RVB-16x12.jpg 16w, https:\/\/challengeme.online\/wp-content\/uploads\/2026\/01\/CentraleSupelec-Logo-V_RVB.jpg 2000w\" sizes=\"(max-width: 300px) 100vw, 300px\" \/><\/div><\/a>\n\t\t\t\t<div class=\"elementor-post__badge\">Webinaire<\/div>\n\t\t\t\t<div class=\"elementor-post__text\">\n\t\t\t\t<h3 class=\"elementor-post__title\">\n\t\t\t<a href=\"https:\/\/challengeme.online\/en\/rex-centrale-supelec-12-03-2026\/\" >\n\t\t\t\tCentrale Sup\u00e9lec &#8211; L\u2019\u00e9valuation par les pairs en pratique &#8211; Retour d&rsquo;exp\u00e9rience de V\u00e9ronique LE CHEVALIER\t\t\t<\/a>\n\t\t<\/h3>\n\t\t\t\t<\/div>\n\t\t\t\t<div class=\"elementor-post__meta-data\">\n\t\t\t\t\t<span class=\"elementor-post-date\">\n\t\t\t29 January 2026\t\t<\/span>\n\t\t\t\t<\/div>\n\t\t\t\t\t<\/div>\n\t\t<\/article>\n\t\t\t\t<article class=\"elementor-post elementor-grid-item post-16516 post type-post status-publish format-standard has-post-thumbnail hentry category-webinaire webinaires-passes ressource-type--retour-dexperience\">\n\t\t\t<div class=\"elementor-post__card\">\n\t\t\t\t<a class=\"elementor-post__thumbnail__link\" href=\"https:\/\/challengeme.online\/en\/rex-umontpellier-19-02-2026\/\" tabindex=\"-1\" ><div class=\"elementor-post__thumbnail\"><img loading=\"lazy\" decoding=\"async\" width=\"300\" height=\"94\" src=\"https:\/\/challengeme.online\/wp-content\/uploads\/2021\/12\/univ-montpellier-300x94.png\" class=\"attachment-medium size-medium wp-image-3470\" alt=\"Universit\u00e9 de Montpellier\" srcset=\"https:\/\/challengeme.online\/wp-content\/uploads\/2021\/12\/univ-montpellier-300x94.png 300w, https:\/\/challengeme.online\/wp-content\/uploads\/2021\/12\/univ-montpellier.png 450w\" sizes=\"(max-width: 300px) 100vw, 300px\" \/><\/div><\/a>\n\t\t\t\t<div class=\"elementor-post__badge\">Webinaire<\/div>\n\t\t\t\t<div class=\"elementor-post__text\">\n\t\t\t\t<h3 class=\"elementor-post__title\">\n\t\t\t<a href=\"https:\/\/challengeme.online\/en\/rex-umontpellier-19-02-2026\/\" >\n\t\t\t\tUniversit\u00e9 de Montpellier &#8211; L\u2019\u00e9valuation par les pairs en pratique &#8211; Retour d&rsquo;exp\u00e9rience de Myriam RICHAUD et Sea BEZ.\t\t\t<\/a>\n\t\t<\/h3>\n\t\t\t\t<\/div>\n\t\t\t\t<div class=\"elementor-post__meta-data\">\n\t\t\t\t\t<span class=\"elementor-post-date\">\n\t\t\t28 January 2026\t\t<\/span>\n\t\t\t\t<\/div>\n\t\t\t\t\t<\/div>\n\t\t<\/article>\n\t\t\t\t<\/div>\n\t\t\n\t\t\t\t<div class=\"e-load-more-anchor\" data-page=\"1\" data-max-page=\"10\" data-next-page=\"https:\/\/challengeme.online\/en\/wp-json\/wp\/v2\/pages\/8247\/page\/2\/\"><\/div>\n\t\t\t\t<nav class=\"elementor-pagination\" aria-label=\"Pagination\">\n\t\t\t<span aria-current=\"page\" class=\"page-numbers current\"><span class=\"elementor-screen-only\">Page<\/span>1<\/span>\n<a class=\"page-numbers\" href=\"https:\/\/challengeme.online\/en\/wp-json\/wp\/v2\/pages\/8247\/page\/2\/\"><span class=\"elementor-screen-only\">Page<\/span>2<\/a>\n<a class=\"page-numbers\" href=\"https:\/\/challengeme.online\/en\/wp-json\/wp\/v2\/pages\/8247\/page\/3\/\"><span class=\"elementor-screen-only\">Page<\/span>3<\/a>\n<a class=\"page-numbers\" href=\"https:\/\/challengeme.online\/en\/wp-json\/wp\/v2\/pages\/8247\/page\/4\/\"><span class=\"elementor-screen-only\">Page<\/span>4<\/a>\n<a class=\"page-numbers\" href=\"https:\/\/challengeme.online\/en\/wp-json\/wp\/v2\/pages\/8247\/page\/5\/\"><span class=\"elementor-screen-only\">Page<\/span>5<\/a>\t\t<\/nav>\n\t\t\t\t\t\t<\/div>\n\t\t\t\t<\/div>\n\t\t\t\t\t<\/div>\n\t\t\t\t<\/div>\n\t\t\t\t<\/div>","protected":false},"excerpt":{"rendered":"<p>Consultez nos derniers articles<\/p>","protected":false},"author":5,"featured_media":0,"parent":0,"menu_order":0,"comment_status":"closed","ping_status":"closed","template":"elementor_header_footer","meta":{"_acf_changed":false,"content-type":"","footnotes":""},"cas_usage":[],"format_d_activite":[],"objectif":[],"projet":[],"cas_dusage":[],"categ":[],"format_activite":[],"class_list":["post-8247","page","type-page","status-publish","hentry"],"acf":[],"_links":{"self":[{"href":"https:\/\/challengeme.online\/en\/wp-json\/wp\/v2\/pages\/8247","targetHints":{"allow":["GET"]}}],"collection":[{"href":"https:\/\/challengeme.online\/en\/wp-json\/wp\/v2\/pages"}],"about":[{"href":"https:\/\/challengeme.online\/en\/wp-json\/wp\/v2\/types\/page"}],"author":[{"embeddable":true,"href":"https:\/\/challengeme.online\/en\/wp-json\/wp\/v2\/users\/5"}],"replies":[{"embeddable":true,"href":"https:\/\/challengeme.online\/en\/wp-json\/wp\/v2\/comments?post=8247"}],"version-history":[{"count":78,"href":"https:\/\/challengeme.online\/en\/wp-json\/wp\/v2\/pages\/8247\/revisions"}],"predecessor-version":[{"id":14878,"href":"https:\/\/challengeme.online\/en\/wp-json\/wp\/v2\/pages\/8247\/revisions\/14878"}],"wp:attachment":[{"href":"https:\/\/challengeme.online\/en\/wp-json\/wp\/v2\/media?parent=8247"}],"wp:term":[{"taxonomy":"cas_usage","embeddable":true,"href":"https:\/\/challengeme.online\/en\/wp-json\/wp\/v2\/cas_usage?post=8247"},{"taxonomy":"format_d_activite","embeddable":true,"href":"https:\/\/challengeme.online\/en\/wp-json\/wp\/v2\/format_d_activite?post=8247"},{"taxonomy":"objectif","embeddable":true,"href":"https:\/\/challengeme.online\/en\/wp-json\/wp\/v2\/objectif?post=8247"},{"taxonomy":"projet","embeddable":true,"href":"https:\/\/challengeme.online\/en\/wp-json\/wp\/v2\/projet?post=8247"},{"taxonomy":"cas_dusage","embeddable":true,"href":"https:\/\/challengeme.online\/en\/wp-json\/wp\/v2\/cas_dusage?post=8247"},{"taxonomy":"categ","embeddable":true,"href":"https:\/\/challengeme.online\/en\/wp-json\/wp\/v2\/categ?post=8247"},{"taxonomy":"format_activite","embeddable":true,"href":"https:\/\/challengeme.online\/en\/wp-json\/wp\/v2\/format_activite?post=8247"}],"curies":[{"name":"wp","href":"https:\/\/api.w.org\/{rel}","templated":true}]}}