{"id":8172,"date":"2024-06-28T11:31:14","date_gmt":"2024-06-28T09:31:14","guid":{"rendered":"https:\/\/challengeme.online\/?page_id=8172"},"modified":"2024-08-15T16:03:49","modified_gmt":"2024-08-15T14:03:49","slug":"atelier-creation-de-challenge-challengeme","status":"publish","type":"page","link":"https:\/\/challengeme.online\/en\/atelier-creation-de-challenge-challengeme\/","title":{"rendered":"Les ateliers ChallengeMe &#8211; Cr\u00e9ation d&rsquo;un challenge"},"content":{"rendered":"<div data-elementor-type=\"wp-page\" data-elementor-id=\"8172\" class=\"elementor elementor-8172\" data-elementor-post-type=\"page\">\n\t\t\t\t<div class=\"elementor-element elementor-element-60867cb0 e-flex e-con-boxed e-con e-parent\" data-id=\"60867cb0\" data-element_type=\"container\">\n\t\t\t\t\t<div class=\"e-con-inner\">\n\t\t\t\t<div class=\"elementor-element elementor-element-33772df3 elementor-widget elementor-widget-text-editor\" data-id=\"33772df3\" data-element_type=\"widget\" data-widget_type=\"text-editor.default\">\n\t\t\t\t<div class=\"elementor-widget-container\">\n\t\t\t\t\t\t\t\t\t\t\t\t\t\t\t\t\t<\/div>\n\t\t\t\t<\/div>\n\t\t\t\t\t<\/div>\n\t\t\t\t<\/div>\n\t\t\t\t<section class=\"elementor-section elementor-top-section elementor-element elementor-element-1a228faf elementor-section-boxed elementor-section-height-default elementor-section-height-default\" data-id=\"1a228faf\" data-element_type=\"section\">\n\t\t\t\t\t\t<div class=\"elementor-container elementor-column-gap-default\">\n\t\t\t\t\t<div class=\"elementor-column elementor-col-100 elementor-top-column elementor-element elementor-element-7780e80c\" data-id=\"7780e80c\" data-element_type=\"column\">\n\t\t\t<div class=\"elementor-widget-wrap elementor-element-populated\">\n\t\t\t\t\t\t<div class=\"elementor-element elementor-element-134e5b9 elementor-widget elementor-widget-text-editor\" data-id=\"134e5b9\" data-element_type=\"widget\" data-widget_type=\"text-editor.default\">\n\t\t\t\t<div class=\"elementor-widget-container\">\n\t\t\t\t\t\t\t\t\t\t\t\t\t\t\t\t\t<\/div>\n\t\t\t\t<\/div>\n\t\t\t\t\t<\/div>\n\t\t<\/div>\n\t\t\t\t\t<\/div>\n\t\t<\/section>\n\t\t\t\t<section class=\"elementor-section elementor-top-section elementor-element elementor-element-5808c717 elementor-section-boxed elementor-section-height-default elementor-section-height-default\" data-id=\"5808c717\" data-element_type=\"section\" data-settings=\"{&quot;background_background&quot;:&quot;classic&quot;}\">\n\t\t\t\t\t\t\t<div class=\"elementor-background-overlay\"><\/div>\n\t\t\t\t\t\t\t<div class=\"elementor-container elementor-column-gap-default\">\n\t\t\t\t\t<div class=\"elementor-column elementor-col-100 elementor-top-column elementor-element elementor-element-35fdc6c4\" data-id=\"35fdc6c4\" data-element_type=\"column\">\n\t\t\t<div class=\"elementor-widget-wrap elementor-element-populated\">\n\t\t\t\t\t\t<div class=\"elementor-element elementor-element-3e0aaa8f elementor-widget elementor-widget-heading\" data-id=\"3e0aaa8f\" data-element_type=\"widget\" data-widget_type=\"heading.default\">\n\t\t\t\t<div class=\"elementor-widget-container\">\n\t\t\t\t\t<h1 class=\"elementor-heading-title elementor-size-default\">Les ateliers 100% pratique ChallengeMe ! <\/h1>\t\t\t\t<\/div>\n\t\t\t\t<\/div>\n\t\t\t\t<div class=\"elementor-element elementor-element-36771cb6 elementor-widget elementor-widget-text-editor\" data-id=\"36771cb6\" data-element_type=\"widget\" data-widget_type=\"text-editor.default\">\n\t\t\t\t<div class=\"elementor-widget-container\">\n\t\t\t\t\t\t\t\t\t<p>Le principe est simple: Vous manipulez pendant qu&rsquo;on vous guide\u00a0<img decoding=\"async\" class=\"emoji\" role=\"img\" draggable=\"false\" src=\"https:\/\/s.w.org\/images\/core\/emoji\/14.0.0\/svg\/1f4aa.svg\" alt=\"\ud83d\udcaa\" \/><img decoding=\"async\" class=\"emoji\" role=\"img\" draggable=\"false\" src=\"https:\/\/s.w.org\/images\/core\/emoji\/14.0.0\/svg\/1f680.svg\" alt=\"\ud83d\ude80\" \/>\u00a0<\/p>\t\t\t\t\t\t\t\t<\/div>\n\t\t\t\t<\/div>\n\t\t\t\t\t<\/div>\n\t\t<\/div>\n\t\t\t\t\t<\/div>\n\t\t<\/section>\n\t\t\t\t<section class=\"elementor-section elementor-top-section elementor-element elementor-element-2b202568 elementor-section-boxed elementor-section-height-default elementor-section-height-default\" data-id=\"2b202568\" data-element_type=\"section\">\n\t\t\t\t\t\t<div class=\"elementor-container elementor-column-gap-default\">\n\t\t\t\t\t<div class=\"elementor-column elementor-col-100 elementor-top-column elementor-element elementor-element-25f9dab6\" data-id=\"25f9dab6\" data-element_type=\"column\">\n\t\t\t<div class=\"elementor-widget-wrap elementor-element-populated\">\n\t\t\t\t\t\t<div class=\"elementor-element elementor-element-747096d4 elementor-view-default elementor-widget elementor-widget-icon\" data-id=\"747096d4\" data-element_type=\"widget\" data-widget_type=\"icon.default\">\n\t\t\t\t<div class=\"elementor-widget-container\">\n\t\t\t\t\t\t\t<div class=\"elementor-icon-wrapper\">\n\t\t\t<div class=\"elementor-icon\">\n\t\t\t<i aria-hidden=\"true\" class=\"far fa-calendar-alt\"><\/i>\t\t\t<\/div>\n\t\t<\/div>\n\t\t\t\t\t\t<\/div>\n\t\t\t\t<\/div>\n\t\t\t\t<div class=\"elementor-element elementor-element-7e04896 elementor-widget elementor-widget-heading\" data-id=\"7e04896\" data-element_type=\"widget\" data-widget_type=\"heading.default\">\n\t\t\t\t<div class=\"elementor-widget-container\">\n\t\t\t\t\t<h2 class=\"elementor-heading-title elementor-size-large\">Premi\u00e8re session le 11\/07\/24<\/h2>\t\t\t\t<\/div>\n\t\t\t\t<\/div>\n\t\t\t\t<div class=\"elementor-element elementor-element-2906d1b8 elementor-widget elementor-widget-heading\" data-id=\"2906d1b8\" data-element_type=\"widget\" data-widget_type=\"heading.default\">\n\t\t\t\t<div class=\"elementor-widget-container\">\n\t\t\t\t\t<h2 class=\"elementor-heading-title elementor-size-default\"><img decoding=\"async\" draggable=\"false\" role=\"img\" class=\"emoji\" alt=\"\u23f0\" src=\"https:\/\/s.w.org\/images\/core\/emoji\/15.0.3\/svg\/23f0.svg\"> 1h<\/h2>\t\t\t\t<\/div>\n\t\t\t\t<\/div>\n\t\t\t\t<div class=\"elementor-element elementor-element-7a9bed5d elementor-widget elementor-widget-heading\" data-id=\"7a9bed5d\" data-element_type=\"widget\" data-widget_type=\"heading.default\">\n\t\t\t\t<div class=\"elementor-widget-container\">\n\t\t\t\t\t<h2 class=\"elementor-heading-title elementor-size-default\">4 horaires disponibles  ! <\/h2>\t\t\t\t<\/div>\n\t\t\t\t<\/div>\n\t\t\t\t<section class=\"elementor-section elementor-inner-section elementor-element elementor-element-342d557a elementor-section-boxed elementor-section-height-default elementor-section-height-default\" data-id=\"342d557a\" data-element_type=\"section\">\n\t\t\t\t\t\t<div class=\"elementor-container elementor-column-gap-default\">\n\t\t\t\t\t<div class=\"elementor-column elementor-col-100 elementor-inner-column elementor-element elementor-element-14c8765a\" data-id=\"14c8765a\" data-element_type=\"column\" data-settings=\"{&quot;background_background&quot;:&quot;classic&quot;}\">\n\t\t\t<div class=\"elementor-widget-wrap elementor-element-populated\">\n\t\t\t\t\t\t<div class=\"elementor-element elementor-element-2d15eee0 elementor-widget elementor-widget-text-editor\" data-id=\"2d15eee0\" data-element_type=\"widget\" data-widget_type=\"text-editor.default\">\n\t\t\t\t<div class=\"elementor-widget-container\">\n\t\t\t\t\t\t\t\t\t<p>M\u00eame si vous n\u2019\u00eates pas client, n\u2019h\u00e9sitez pas \u00e0 vous inscrire. Des comptes de d\u00e9monstration vous seront fournis pour participer \u00e0 l&rsquo;atelier.<\/p>\t\t\t\t\t\t\t\t<\/div>\n\t\t\t\t<\/div>\n\t\t\t\t\t<\/div>\n\t\t<\/div>\n\t\t\t\t\t<\/div>\n\t\t<\/section>\n\t\t\t\t<section class=\"elementor-section elementor-inner-section elementor-element elementor-element-9ad8859 elementor-section-boxed elementor-section-height-default elementor-section-height-default\" data-id=\"9ad8859\" data-element_type=\"section\">\n\t\t\t\t\t\t<div class=\"elementor-container elementor-column-gap-default\">\n\t\t\t\t\t<div class=\"elementor-column elementor-col-50 elementor-inner-column elementor-element elementor-element-3321aa3\" data-id=\"3321aa3\" data-element_type=\"column\" data-settings=\"{&quot;background_background&quot;:&quot;classic&quot;}\">\n\t\t\t<div class=\"elementor-widget-wrap elementor-element-populated\">\n\t\t\t\t\t\t<div class=\"elementor-element elementor-element-5ba87218 elementor-view-default elementor-widget elementor-widget-icon\" data-id=\"5ba87218\" data-element_type=\"widget\" data-widget_type=\"icon.default\">\n\t\t\t\t<div class=\"elementor-widget-container\">\n\t\t\t\t\t\t\t<div class=\"elementor-icon-wrapper\">\n\t\t\t<div class=\"elementor-icon\">\n\t\t\t<i aria-hidden=\"true\" class=\"far fa-check-circle\"><\/i>\t\t\t<\/div>\n\t\t<\/div>\n\t\t\t\t\t\t<\/div>\n\t\t\t\t<\/div>\n\t\t\t\t<div class=\"elementor-element elementor-element-83ff229 elementor-widget elementor-widget-heading\" data-id=\"83ff229\" data-element_type=\"widget\" data-widget_type=\"heading.default\">\n\t\t\t\t<div class=\"elementor-widget-container\">\n\t\t\t\t\t<h3 class=\"elementor-heading-title elementor-size-default\">Le programme<\/h3>\t\t\t\t<\/div>\n\t\t\t\t<\/div>\n\t\t\t\t<div class=\"elementor-element elementor-element-422fe179 elementor-widget elementor-widget-text-editor\" data-id=\"422fe179\" data-element_type=\"widget\" data-widget_type=\"text-editor.default\">\n\t\t\t\t<div class=\"elementor-widget-container\">\n\t\t\t\t\t\t\t\t\t<p>L&rsquo;objectif de cet atelier est de vous faire <strong>manipuler la plateforme<\/strong> pour vous apprendre \u00e0 vous servir des interfaces.\u00a0<\/p>\n<p>Vous allez donc \u00eatre amen\u00e9s \u00e0 <strong>cr\u00e9er un challenge<\/strong> en suivant nos recommandations.<\/p>\n<p>Vous aurez la possibilit\u00e9 de nous <strong>poser vos questions<\/strong> et d&rsquo;\u00e9changer avec les autres participants.<\/p>\n<p>Voici les principaux points que nous aborderons :<\/p>\n<ul>\n<li>Rapide pr\u00e9sentation de la plateforme<\/li>\n<li>Explication du principe de phases<\/li>\n<li>Cr\u00e9ation d&rsquo;un challenge avec les 5 types de phase<\/li>\n<li>Cas pratiques personnalis\u00e9s pour les participants<\/li>\n<\/ul>\t\t\t\t\t\t\t\t<\/div>\n\t\t\t\t<\/div>\n\t\t\t\t<div class=\"elementor-element elementor-element-665edf6f elementor-widget elementor-widget-image\" data-id=\"665edf6f\" data-element_type=\"widget\" data-widget_type=\"image.default\">\n\t\t\t\t<div class=\"elementor-widget-container\">\n\t\t\t\t\t\t\t\t\t\t\t\t\t\t\t<img fetchpriority=\"high\" decoding=\"async\" width=\"750\" height=\"500\" src=\"https:\/\/challengeme.online\/wp-content\/uploads\/2022\/06\/illustration1.png\" class=\"attachment-large size-large wp-image-5298\" alt=\"webinar \u00e9t\u00e9\" srcset=\"https:\/\/challengeme.online\/wp-content\/uploads\/2022\/06\/illustration1.png 750w, https:\/\/challengeme.online\/wp-content\/uploads\/2022\/06\/illustration1-300x200.png 300w\" sizes=\"(max-width: 750px) 100vw, 750px\" \/>\t\t\t\t\t\t\t\t\t\t\t\t\t\t\t<\/div>\n\t\t\t\t<\/div>\n\t\t\t\t\t<\/div>\n\t\t<\/div>\n\t\t\t\t<div class=\"elementor-column elementor-col-50 elementor-inner-column elementor-element elementor-element-6b494445\" data-id=\"6b494445\" data-element_type=\"column\" data-settings=\"{&quot;background_background&quot;:&quot;classic&quot;}\">\n\t\t\t<div class=\"elementor-widget-wrap elementor-element-populated\">\n\t\t\t\t\t\t<div class=\"elementor-element elementor-element-169906bf elementor-view-default elementor-widget elementor-widget-icon\" data-id=\"169906bf\" data-element_type=\"widget\" data-widget_type=\"icon.default\">\n\t\t\t\t<div class=\"elementor-widget-container\">\n\t\t\t\t\t\t\t<div class=\"elementor-icon-wrapper\">\n\t\t\t<div class=\"elementor-icon\">\n\t\t\t<i aria-hidden=\"true\" class=\"fas fa-video\"><\/i>\t\t\t<\/div>\n\t\t<\/div>\n\t\t\t\t\t\t<\/div>\n\t\t\t\t<\/div>\n\t\t\t\t<div class=\"elementor-element elementor-element-6a2a162a elementor-widget elementor-widget-heading\" data-id=\"6a2a162a\" data-element_type=\"widget\" data-widget_type=\"heading.default\">\n\t\t\t\t<div class=\"elementor-widget-container\">\n\t\t\t\t\t<h3 class=\"elementor-heading-title elementor-size-default\">Prochaines sessions<\/h3>\t\t\t\t<\/div>\n\t\t\t\t<\/div>\n\t\t\t\t<div class=\"elementor-element elementor-element-7fe24b7 elementor-widget elementor-widget-text-editor\" data-id=\"7fe24b7\" data-element_type=\"widget\" data-widget_type=\"text-editor.default\">\n\t\t\t\t<div class=\"elementor-widget-container\">\n\t\t\t\t\t\t\t\t\t<p><em>De nouvelles dates seront r\u00e9guli\u00e8rement ajout\u00e9es<\/em><\/p>\t\t\t\t\t\t\t\t<\/div>\n\t\t\t\t<\/div>\n\t\t\t\t\t<\/div>\n\t\t<\/div>\n\t\t\t\t\t<\/div>\n\t\t<\/section>\n\t\t\t\t\t<\/div>\n\t\t<\/div>\n\t\t\t\t\t<\/div>\n\t\t<\/section>\n\t\t\t\t<section class=\"elementor-section elementor-top-section elementor-element elementor-element-2740d765 elementor-section-boxed elementor-section-height-default elementor-section-height-default\" data-id=\"2740d765\" data-element_type=\"section\">\n\t\t\t\t\t\t<div class=\"elementor-container elementor-column-gap-default\">\n\t\t\t\t\t<div class=\"elementor-column elementor-col-100 elementor-top-column elementor-element elementor-element-72d0aa22\" data-id=\"72d0aa22\" data-element_type=\"column\">\n\t\t\t<div class=\"elementor-widget-wrap elementor-element-populated\">\n\t\t\t\t\t\t<div class=\"elementor-element elementor-element-b24eac0 elementor-widget elementor-widget-heading\" data-id=\"b24eac0\" data-element_type=\"widget\" data-widget_type=\"heading.default\">\n\t\t\t\t<div class=\"elementor-widget-container\">\n\t\t\t\t\t<h2 class=\"elementor-heading-title elementor-size-default\">Pr\u00e9sent\u00e9 par :<\/h2>\t\t\t\t<\/div>\n\t\t\t\t<\/div>\n\t\t\t\t<section class=\"elementor-section elementor-inner-section elementor-element elementor-element-21bc2e94 elementor-section-boxed elementor-section-height-default elementor-section-height-default\" data-id=\"21bc2e94\" data-element_type=\"section\">\n\t\t\t\t\t\t<div class=\"elementor-container elementor-column-gap-default\">\n\t\t\t\t\t<div class=\"elementor-column elementor-col-50 elementor-inner-column elementor-element elementor-element-1c505a92\" data-id=\"1c505a92\" data-element_type=\"column\" data-settings=\"{&quot;background_background&quot;:&quot;classic&quot;}\">\n\t\t\t<div class=\"elementor-widget-wrap elementor-element-populated\">\n\t\t\t\t\t\t<div class=\"elementor-element elementor-element-322c3e30 elementor-widget elementor-widget-image\" data-id=\"322c3e30\" data-element_type=\"widget\" data-widget_type=\"image.default\">\n\t\t\t\t<div class=\"elementor-widget-container\">\n\t\t\t\t\t\t\t\t\t\t\t\t\t\t\t<img decoding=\"async\" width=\"1354\" height=\"1354\" src=\"https:\/\/challengeme.online\/wp-content\/uploads\/2022\/06\/unnamed.jpg\" class=\"attachment-full size-full wp-image-5253\" alt=\"Florent\" srcset=\"https:\/\/challengeme.online\/wp-content\/uploads\/2022\/06\/unnamed.jpg 1354w, https:\/\/challengeme.online\/wp-content\/uploads\/2022\/06\/unnamed-300x300.jpg 300w, https:\/\/challengeme.online\/wp-content\/uploads\/2022\/06\/unnamed-1024x1024.jpg 1024w, https:\/\/challengeme.online\/wp-content\/uploads\/2022\/06\/unnamed-150x150.jpg 150w, https:\/\/challengeme.online\/wp-content\/uploads\/2022\/06\/unnamed-768x768.jpg 768w\" sizes=\"(max-width: 1354px) 100vw, 1354px\" \/>\t\t\t\t\t\t\t\t\t\t\t\t\t\t\t<\/div>\n\t\t\t\t<\/div>\n\t\t\t\t<div class=\"elementor-element elementor-element-1df6ccfb elementor-widget elementor-widget-heading\" data-id=\"1df6ccfb\" data-element_type=\"widget\" data-widget_type=\"heading.default\">\n\t\t\t\t<div class=\"elementor-widget-container\">\n\t\t\t\t\t<h2 class=\"elementor-heading-title elementor-size-medium\">Florent<\/h2>\t\t\t\t<\/div>\n\t\t\t\t<\/div>\n\t\t\t\t<div class=\"elementor-element elementor-element-2092196f elementor-widget elementor-widget-text-editor\" data-id=\"2092196f\" data-element_type=\"widget\" data-widget_type=\"text-editor.default\">\n\t\t\t\t<div class=\"elementor-widget-container\">\n\t\t\t\t\t\t\t\t\t<p>Coach ChallengeMe<\/p>\t\t\t\t\t\t\t\t<\/div>\n\t\t\t\t<\/div>\n\t\t\t\t\t<\/div>\n\t\t<\/div>\n\t\t\t\t<div class=\"elementor-column elementor-col-50 elementor-inner-column elementor-element elementor-element-4ac555f0\" data-id=\"4ac555f0\" data-element_type=\"column\" data-settings=\"{&quot;background_background&quot;:&quot;classic&quot;}\">\n\t\t\t<div class=\"elementor-widget-wrap elementor-element-populated\">\n\t\t\t\t\t\t<div class=\"elementor-element elementor-element-327aff8d elementor-widget elementor-widget-image\" data-id=\"327aff8d\" data-element_type=\"widget\" data-widget_type=\"image.default\">\n\t\t\t\t<div class=\"elementor-widget-container\">\n\t\t\t\t\t\t\t\t\t\t\t\t\t\t\t<img decoding=\"async\" width=\"800\" height=\"800\" src=\"https:\/\/challengeme.online\/wp-content\/uploads\/2022\/06\/1585238937371.jpg\" class=\"attachment-full size-full wp-image-5254\" alt=\"Jean\" srcset=\"https:\/\/challengeme.online\/wp-content\/uploads\/2022\/06\/1585238937371.jpg 800w, https:\/\/challengeme.online\/wp-content\/uploads\/2022\/06\/1585238937371-300x300.jpg 300w, https:\/\/challengeme.online\/wp-content\/uploads\/2022\/06\/1585238937371-150x150.jpg 150w, https:\/\/challengeme.online\/wp-content\/uploads\/2022\/06\/1585238937371-768x768.jpg 768w\" sizes=\"(max-width: 800px) 100vw, 800px\" \/>\t\t\t\t\t\t\t\t\t\t\t\t\t\t\t<\/div>\n\t\t\t\t<\/div>\n\t\t\t\t<div class=\"elementor-element elementor-element-16ba4d98 elementor-widget elementor-widget-heading\" data-id=\"16ba4d98\" data-element_type=\"widget\" data-widget_type=\"heading.default\">\n\t\t\t\t<div class=\"elementor-widget-container\">\n\t\t\t\t\t<h2 class=\"elementor-heading-title elementor-size-medium\">Jean<\/h2>\t\t\t\t<\/div>\n\t\t\t\t<\/div>\n\t\t\t\t<div class=\"elementor-element elementor-element-71426ca0 elementor-widget elementor-widget-text-editor\" data-id=\"71426ca0\" data-element_type=\"widget\" data-widget_type=\"text-editor.default\">\n\t\t\t\t<div class=\"elementor-widget-container\">\n\t\t\t\t\t\t\t\t\t<p>Coach ChallengeMe<\/p>\t\t\t\t\t\t\t\t<\/div>\n\t\t\t\t<\/div>\n\t\t\t\t\t<\/div>\n\t\t<\/div>\n\t\t\t\t\t<\/div>\n\t\t<\/section>\n\t\t\t\t\t<\/div>\n\t\t<\/div>\n\t\t\t\t\t<\/div>\n\t\t<\/section>\n\t\t\t\t<\/div>","protected":false},"excerpt":{"rendered":"<p>Les ateliers 100% pratique ChallengeMe ! Le principe est simple: Vous manipulez pendant qu&rsquo;on vous guide\u00a0\u00a0 Premi\u00e8re session le 11\/07\/24 1h 4 horaires disponibles ! M\u00eame si vous n\u2019\u00eates pas client, n\u2019h\u00e9sitez pas \u00e0 vous inscrire. Des comptes de d\u00e9monstration vous seront fournis pour participer \u00e0 l&rsquo;atelier. Le programme L&rsquo;objectif de cet atelier est de [&hellip;]<\/p>","protected":false},"author":4,"featured_media":0,"parent":0,"menu_order":0,"comment_status":"closed","ping_status":"closed","template":"elementor_header_footer","meta":{"_acf_changed":false,"content-type":"","footnotes":""},"cas_usage":[],"format_d_activite":[],"objectif":[],"projet":[],"cas_dusage":[],"categ":[],"format_activite":[],"class_list":["post-8172","page","type-page","status-publish","hentry"],"acf":[],"_links":{"self":[{"href":"https:\/\/challengeme.online\/en\/wp-json\/wp\/v2\/pages\/8172","targetHints":{"allow":["GET"]}}],"collection":[{"href":"https:\/\/challengeme.online\/en\/wp-json\/wp\/v2\/pages"}],"about":[{"href":"https:\/\/challengeme.online\/en\/wp-json\/wp\/v2\/types\/page"}],"author":[{"embeddable":true,"href":"https:\/\/challengeme.online\/en\/wp-json\/wp\/v2\/users\/4"}],"replies":[{"embeddable":true,"href":"https:\/\/challengeme.online\/en\/wp-json\/wp\/v2\/comments?post=8172"}],"version-history":[{"count":23,"href":"https:\/\/challengeme.online\/en\/wp-json\/wp\/v2\/pages\/8172\/revisions"}],"predecessor-version":[{"id":8226,"href":"https:\/\/challengeme.online\/en\/wp-json\/wp\/v2\/pages\/8172\/revisions\/8226"}],"wp:attachment":[{"href":"https:\/\/challengeme.online\/en\/wp-json\/wp\/v2\/media?parent=8172"}],"wp:term":[{"taxonomy":"cas_usage","embeddable":true,"href":"https:\/\/challengeme.online\/en\/wp-json\/wp\/v2\/cas_usage?post=8172"},{"taxonomy":"format_d_activite","embeddable":true,"href":"https:\/\/challengeme.online\/en\/wp-json\/wp\/v2\/format_d_activite?post=8172"},{"taxonomy":"objectif","embeddable":true,"href":"https:\/\/challengeme.online\/en\/wp-json\/wp\/v2\/objectif?post=8172"},{"taxonomy":"projet","embeddable":true,"href":"https:\/\/challengeme.online\/en\/wp-json\/wp\/v2\/projet?post=8172"},{"taxonomy":"cas_dusage","embeddable":true,"href":"https:\/\/challengeme.online\/en\/wp-json\/wp\/v2\/cas_dusage?post=8172"},{"taxonomy":"categ","embeddable":true,"href":"https:\/\/challengeme.online\/en\/wp-json\/wp\/v2\/categ?post=8172"},{"taxonomy":"format_activite","embeddable":true,"href":"https:\/\/challengeme.online\/en\/wp-json\/wp\/v2\/format_activite?post=8172"}],"curies":[{"name":"wp","href":"https:\/\/api.w.org\/{rel}","templated":true}]}}