{"id":67,"date":"2021-03-11T11:39:45","date_gmt":"2021-03-11T10:39:45","guid":{"rendered":"https:\/\/challengeme.online\/?page_id=67"},"modified":"2025-09-02T15:24:14","modified_gmt":"2025-09-02T13:24:14","slug":"qui-sommes-nous","status":"publish","type":"page","link":"https:\/\/challengeme.online\/en\/qui-sommes-nous\/","title":{"rendered":"Qui sommes-nous"},"content":{"rendered":"<div data-elementor-type=\"wp-page\" data-elementor-id=\"67\" class=\"elementor elementor-67\" data-elementor-post-type=\"page\">\n\t\t\t\t<div class=\"elementor-element elementor-element-18991e0d e-flex e-con-boxed e-con e-parent\" data-id=\"18991e0d\" data-element_type=\"container\">\n\t\t\t\t\t<div class=\"e-con-inner\">\n\t\t\t\t<div class=\"elementor-element elementor-element-6001c0b9 elementor-align-center elementor-widget elementor-widget-button\" data-id=\"6001c0b9\" data-element_type=\"widget\" data-widget_type=\"button.default\">\n\t\t\t\t<div class=\"elementor-widget-container\">\n\t\t\t\t\t\t\t\t\t<div class=\"elementor-button-wrapper\">\n\t\t\t\t\t<a class=\"elementor-button elementor-size-sm\" role=\"button\">\n\t\t\t\t\t\t<span class=\"elementor-button-content-wrapper\">\n\t\t\t\t\t\t<span class=\"elementor-button-icon\">\n\t\t\t\t<i aria-hidden=\"true\" class=\"far fa-heart\"><\/i>\t\t\t<\/span>\n\t\t\t\t\t\t\t\t\t<span class=\"elementor-button-text\">Qui<\/span>\n\t\t\t\t\t<\/span>\n\t\t\t\t\t<\/a>\n\t\t\t\t<\/div>\n\t\t\t\t\t\t\t\t<\/div>\n\t\t\t\t<\/div>\n\t\t\t\t<div class=\"elementor-element elementor-element-26903c90 elementor-widget elementor-widget-heading\" data-id=\"26903c90\" data-element_type=\"widget\" data-widget_type=\"heading.default\">\n\t\t\t\t<div class=\"elementor-widget-container\">\n\t\t\t\t\t<h2 class=\"elementor-heading-title elementor-size-default\">Qui sommes nous ?<\/h2>\t\t\t\t<\/div>\n\t\t\t\t<\/div>\n\t\t\t\t<div class=\"elementor-element elementor-element-332b2846 elementor-widget elementor-widget-text-editor\" data-id=\"332b2846\" data-element_type=\"widget\" data-widget_type=\"text-editor.default\">\n\t\t\t\t<div class=\"elementor-widget-container\">\n\t\t\t\t\t\t\t\t\t<p data-start=\"205\" data-end=\"471\">Chez ChallengeMe, nous croyons que l\u2019\u00e9valuation ne devrait pas \u00eatre une fin, mais un <strong data-start=\"290\" data-end=\"326\">levier d\u2019apprentissage collectif<\/strong>. Depuis 2015, nous concevons une plateforme simple, flexible et p\u00e9dagogique qui permet aux enseignants et aux \u00e9tudiants de collaborer autrement.<\/p><p data-start=\"473\" data-end=\"619\">Plus qu\u2019un outil, ChallengeMe est une <strong data-start=\"511\" data-end=\"523\">approche<\/strong>, un <strong data-start=\"528\" data-end=\"542\">engagement<\/strong> : celui de rendre l\u2019apprentissage plus actif, plus \u00e9quitable et plus humain.<\/p><p data-start=\"621\" data-end=\"746\">Bas\u00e9s \u00e0 Montpellier, nous accompagnons aujourd\u2019hui plus de 100 \u00e9tablissements en France, en Belgique, en Suisse et au Canada.<\/p>\t\t\t\t\t\t\t\t<\/div>\n\t\t\t\t<\/div>\n\t\t\t\t\t<\/div>\n\t\t\t\t<\/div>\n\t\t<div class=\"elementor-element elementor-element-2c7cef7a e-flex e-con-boxed e-con e-parent\" data-id=\"2c7cef7a\" data-element_type=\"container\">\n\t\t\t\t\t<div class=\"e-con-inner\">\n\t\t\t\t<div class=\"elementor-element elementor-element-4cbb5802 elementor-align-center elementor-widget elementor-widget-button\" data-id=\"4cbb5802\" data-element_type=\"widget\" data-widget_type=\"button.default\">\n\t\t\t\t<div class=\"elementor-widget-container\">\n\t\t\t\t\t\t\t\t\t<div class=\"elementor-button-wrapper\">\n\t\t\t\t\t<a class=\"elementor-button elementor-size-sm\" role=\"button\">\n\t\t\t\t\t\t<span class=\"elementor-button-content-wrapper\">\n\t\t\t\t\t\t<span class=\"elementor-button-icon\">\n\t\t\t\t<i aria-hidden=\"true\" class=\"far fa-heart\"><\/i>\t\t\t<\/span>\n\t\t\t\t\t\t\t\t\t<span class=\"elementor-button-text\">Mission<\/span>\n\t\t\t\t\t<\/span>\n\t\t\t\t\t<\/a>\n\t\t\t\t<\/div>\n\t\t\t\t\t\t\t\t<\/div>\n\t\t\t\t<\/div>\n\t\t\t\t<div class=\"elementor-element elementor-element-1c6ed65d elementor-widget elementor-widget-heading\" data-id=\"1c6ed65d\" data-element_type=\"widget\" data-widget_type=\"heading.default\">\n\t\t\t\t<div class=\"elementor-widget-container\">\n\t\t\t\t\t<h2 class=\"elementor-heading-title elementor-size-default\">Notre mission<\/h2>\t\t\t\t<\/div>\n\t\t\t\t<\/div>\n\t\t\t\t<div class=\"elementor-element elementor-element-792f6a8b elementor-widget elementor-widget-text-editor\" data-id=\"792f6a8b\" data-element_type=\"widget\" data-widget_type=\"text-editor.default\">\n\t\t\t\t<div class=\"elementor-widget-container\">\n\t\t\t\t\t\t\t\t\t<p data-start=\"774\" data-end=\"1004\">Donner \u00e0 chaque enseignant les moyens de structurer des activit\u00e9s p\u00e9dagogiques engageantes, et \u00e0 chaque \u00e9tudiant les cl\u00e9s pour progresser gr\u00e2ce au <strong data-start=\"921\" data-end=\"933\">feedback<\/strong>, \u00e0 <strong data-start=\"937\" data-end=\"967\">l\u2019\u00e9valuation par les pairs<\/strong>, et \u00e0 <strong data-start=\"974\" data-end=\"1003\">l\u2019intelligence collective<\/strong>.<\/p><p data-start=\"1006\" data-end=\"1156\">Avec ChallengeMe, l\u2019\u00e9valuation devient un moment formateur, enrichi par des <strong data-start=\"1082\" data-end=\"1095\">agents IA<\/strong>, des <strong data-start=\"1101\" data-end=\"1124\">grilles structur\u00e9es<\/strong>, et des <strong data-start=\"1133\" data-end=\"1155\">retours de qualit\u00e9<\/strong>.<\/p>\t\t\t\t\t\t\t\t<\/div>\n\t\t\t\t<\/div>\n\t\t\t\t\t<\/div>\n\t\t\t\t<\/div>\n\t\t<div class=\"elementor-element elementor-element-606d5fd8 e-flex e-con-boxed e-con e-parent\" data-id=\"606d5fd8\" data-element_type=\"container\">\n\t\t\t\t\t<div class=\"e-con-inner\">\n\t\t\t\t<div class=\"elementor-element elementor-element-21190f0f elementor-align-center elementor-widget elementor-widget-button\" data-id=\"21190f0f\" data-element_type=\"widget\" data-widget_type=\"button.default\">\n\t\t\t\t<div class=\"elementor-widget-container\">\n\t\t\t\t\t\t\t\t\t<div class=\"elementor-button-wrapper\">\n\t\t\t\t\t<a class=\"elementor-button elementor-size-sm\" role=\"button\">\n\t\t\t\t\t\t<span class=\"elementor-button-content-wrapper\">\n\t\t\t\t\t\t<span class=\"elementor-button-icon\">\n\t\t\t\t<i aria-hidden=\"true\" class=\"far fa-heart\"><\/i>\t\t\t<\/span>\n\t\t\t\t\t\t\t\t\t<span class=\"elementor-button-text\">Team<\/span>\n\t\t\t\t\t<\/span>\n\t\t\t\t\t<\/a>\n\t\t\t\t<\/div>\n\t\t\t\t\t\t\t\t<\/div>\n\t\t\t\t<\/div>\n\t\t\t\t<div class=\"elementor-element elementor-element-2999fbfa elementor-widget elementor-widget-heading\" data-id=\"2999fbfa\" data-element_type=\"widget\" data-widget_type=\"heading.default\">\n\t\t\t\t<div class=\"elementor-widget-container\">\n\t\t\t\t\t<h2 class=\"elementor-heading-title elementor-size-default\">Notre \u00e9quipe<\/h2>\t\t\t\t<\/div>\n\t\t\t\t<\/div>\n\t\t\t\t<div class=\"elementor-element elementor-element-51f13a98 elementor-widget elementor-widget-text-editor\" data-id=\"51f13a98\" data-element_type=\"widget\" data-widget_type=\"text-editor.default\">\n\t\t\t\t<div class=\"elementor-widget-container\">\n\t\t\t\t\t\t\t\t\t<p data-start=\"1191\" data-end=\"1402\">Nous sommes une <strong data-start=\"1207\" data-end=\"1234\">\u00e9quipe \u00e0 taille humaine<\/strong>, passionn\u00e9e par la p\u00e9dagogie, la tech et l\u2019impact. Chaque membre de l\u2019\u00e9quipe a \u00e0 c\u0153ur d\u2019apporter un vrai <strong data-start=\"1340\" data-end=\"1351\">soutien<\/strong> aux enseignants : humain, r\u00e9actif et personnalis\u00e9.<\/p><p data-start=\"1404\" data-end=\"1545\">\ud83e\uddd1\u200d\ud83c\udfeb <strong data-start=\"1410\" data-end=\"1437\">Des coachs p\u00e9dagogiques<\/strong> pour vous accompagner pas \u00e0 pas, r\u00e9pondre \u00e0 vos questions, et construire des formats adapt\u00e9s \u00e0 vos besoins.<\/p><p data-start=\"1547\" data-end=\"1637\">\ud83d\udcbb <strong data-start=\"1550\" data-end=\"1578\">Des d\u00e9veloppeurs engag\u00e9s<\/strong> pour faire \u00e9voluer la plateforme en phase avec vos usages.<\/p><p data-start=\"1639\" data-end=\"1742\">\ud83d\udce2 <strong data-start=\"1642\" data-end=\"1681\">Une \u00e9quipe support et communication<\/strong> toujours disponible pour vous aider \u00e0 valoriser vos projets.<\/p><p data-start=\"1744\" data-end=\"1908\">Nous croyons \u00e0 une relation de <strong data-start=\"1775\" data-end=\"1788\">confiance<\/strong> avec nos utilisateurs. Chez nous, vous n\u2019\u00eates jamais seuls : nous sommes l\u00e0 <strong data-start=\"1865\" data-end=\"1908\">avant, pendant et apr\u00e8s vos challenges.<\/strong><\/p>\t\t\t\t\t\t\t\t<\/div>\n\t\t\t\t<\/div>\n\t\t\t\t\t<\/div>\n\t\t\t\t<\/div>\n\t\t<div class=\"elementor-element elementor-element-31311556 e-flex e-con-boxed e-con e-parent\" data-id=\"31311556\" data-element_type=\"container\">\n\t\t\t\t\t<div class=\"e-con-inner\">\n\t\t\t\t<div class=\"elementor-element elementor-element-1a1ef15e elementor-align-center elementor-widget elementor-widget-button\" data-id=\"1a1ef15e\" data-element_type=\"widget\" data-widget_type=\"button.default\">\n\t\t\t\t<div class=\"elementor-widget-container\">\n\t\t\t\t\t\t\t\t\t<div class=\"elementor-button-wrapper\">\n\t\t\t\t\t<a class=\"elementor-button elementor-size-sm\" role=\"button\">\n\t\t\t\t\t\t<span class=\"elementor-button-content-wrapper\">\n\t\t\t\t\t\t<span class=\"elementor-button-icon\">\n\t\t\t\t<i aria-hidden=\"true\" class=\"far fa-heart\"><\/i>\t\t\t<\/span>\n\t\t\t\t\t\t\t\t\t<span class=\"elementor-button-text\">Valeurs<\/span>\n\t\t\t\t\t<\/span>\n\t\t\t\t\t<\/a>\n\t\t\t\t<\/div>\n\t\t\t\t\t\t\t\t<\/div>\n\t\t\t\t<\/div>\n\t\t\t\t<div class=\"elementor-element elementor-element-1b313ed2 elementor-widget elementor-widget-heading\" data-id=\"1b313ed2\" data-element_type=\"widget\" data-widget_type=\"heading.default\">\n\t\t\t\t<div class=\"elementor-widget-container\">\n\t\t\t\t\t<h2 class=\"elementor-heading-title elementor-size-default\">Nos valeurs fondamentales<\/h2>\t\t\t\t<\/div>\n\t\t\t\t<\/div>\n\t\t\t\t\t<\/div>\n\t\t\t\t<\/div>\n\t\t<div class=\"elementor-element elementor-element-38b30158 e-flex e-con-boxed e-con e-parent\" data-id=\"38b30158\" data-element_type=\"container\">\n\t\t\t\t\t<div class=\"e-con-inner\">\n\t\t<div class=\"elementor-element elementor-element-6f0f50ad e-con-full e-flex e-con e-child\" data-id=\"6f0f50ad\" data-element_type=\"container\" data-settings=\"{&quot;background_background&quot;:&quot;classic&quot;}\">\n\t\t<div class=\"elementor-element elementor-element-14987b46 e-con-full e-flex e-con e-child\" data-id=\"14987b46\" data-element_type=\"container\">\n\t\t\t\t<div class=\"elementor-element elementor-element-6e980bbc elementor-align-right elementor-widget elementor-widget-button\" data-id=\"6e980bbc\" data-element_type=\"widget\" data-widget_type=\"button.default\">\n\t\t\t\t<div class=\"elementor-widget-container\">\n\t\t\t\t\t\t\t\t\t<div class=\"elementor-button-wrapper\">\n\t\t\t\t\t<a class=\"elementor-button elementor-size-sm\" role=\"button\">\n\t\t\t\t\t\t<span class=\"elementor-button-content-wrapper\">\n\t\t\t\t\t\t\t\t\t<span class=\"elementor-button-text\">Notre force<\/span>\n\t\t\t\t\t<\/span>\n\t\t\t\t\t<\/a>\n\t\t\t\t<\/div>\n\t\t\t\t\t\t\t\t<\/div>\n\t\t\t\t<\/div>\n\t\t\t\t<\/div>\n\t\t\t\t<div class=\"elementor-element elementor-element-14e40418 elementor-widget elementor-widget-image\" data-id=\"14e40418\" data-element_type=\"widget\" data-widget_type=\"image.default\">\n\t\t\t\t<div class=\"elementor-widget-container\">\n\t\t\t\t\t\t\t\t\t\t\t\t\t\t\t<img decoding=\"async\" width=\"75\" height=\"71\" src=\"https:\/\/challengeme.online\/wp-content\/uploads\/2025\/09\/635.png\" class=\"attachment-large size-large wp-image-15732\" alt=\"\" \/>\t\t\t\t\t\t\t\t\t\t\t\t\t\t\t<\/div>\n\t\t\t\t<\/div>\n\t\t\t\t<div class=\"elementor-element elementor-element-eeddf78 elementor-widget elementor-widget-heading\" data-id=\"eeddf78\" data-element_type=\"widget\" data-widget_type=\"heading.default\">\n\t\t\t\t<div class=\"elementor-widget-container\">\n\t\t\t\t\t<h2 class=\"elementor-heading-title elementor-size-default\">Expertise p\u00e9dagogique<\/h2>\t\t\t\t<\/div>\n\t\t\t\t<\/div>\n\t\t\t\t<div class=\"elementor-element elementor-element-5e85c83a elementor-widget__width-initial elementor-widget elementor-widget-text-editor\" data-id=\"5e85c83a\" data-element_type=\"widget\" data-widget_type=\"text-editor.default\">\n\t\t\t\t<div class=\"elementor-widget-container\">\n\t\t\t\t\t\t\t\t\t<p>Une \u00e9quipe form\u00e9e aux sciences de l&rsquo;\u00e9ducation et \u00e0 l&rsquo;innovation p\u00e9dagogique<\/p>\t\t\t\t\t\t\t\t<\/div>\n\t\t\t\t<\/div>\n\t\t\t\t<\/div>\n\t\t<div class=\"elementor-element elementor-element-1f9931e1 e-con-full e-flex e-con e-child\" data-id=\"1f9931e1\" data-element_type=\"container\" data-settings=\"{&quot;background_background&quot;:&quot;classic&quot;}\">\n\t\t<div class=\"elementor-element elementor-element-63aeaa74 e-con-full e-flex e-con e-child\" data-id=\"63aeaa74\" data-element_type=\"container\">\n\t\t\t\t<div class=\"elementor-element elementor-element-580e1825 elementor-align-right elementor-widget elementor-widget-button\" data-id=\"580e1825\" data-element_type=\"widget\" data-widget_type=\"button.default\">\n\t\t\t\t<div class=\"elementor-widget-container\">\n\t\t\t\t\t\t\t\t\t<div class=\"elementor-button-wrapper\">\n\t\t\t\t\t<a class=\"elementor-button elementor-size-sm\" role=\"button\">\n\t\t\t\t\t\t<span class=\"elementor-button-content-wrapper\">\n\t\t\t\t\t\t\t\t\t<span class=\"elementor-button-text\">Notre savoir-faire<\/span>\n\t\t\t\t\t<\/span>\n\t\t\t\t\t<\/a>\n\t\t\t\t<\/div>\n\t\t\t\t\t\t\t\t<\/div>\n\t\t\t\t<\/div>\n\t\t\t\t<\/div>\n\t\t\t\t<div class=\"elementor-element elementor-element-94d6b13 elementor-widget elementor-widget-image\" data-id=\"94d6b13\" data-element_type=\"widget\" data-widget_type=\"image.default\">\n\t\t\t\t<div class=\"elementor-widget-container\">\n\t\t\t\t\t\t\t\t\t\t\t\t\t\t\t<img decoding=\"async\" width=\"70\" height=\"68\" src=\"https:\/\/challengeme.online\/wp-content\/uploads\/2025\/09\/564.png\" class=\"attachment-large size-large wp-image-15731\" alt=\"\" \/>\t\t\t\t\t\t\t\t\t\t\t\t\t\t\t<\/div>\n\t\t\t\t<\/div>\n\t\t\t\t<div class=\"elementor-element elementor-element-5e448554 elementor-widget elementor-widget-heading\" data-id=\"5e448554\" data-element_type=\"widget\" data-widget_type=\"heading.default\">\n\t\t\t\t<div class=\"elementor-widget-container\">\n\t\t\t\t\t<h2 class=\"elementor-heading-title elementor-size-default\">Excellence technique<\/h2>\t\t\t\t<\/div>\n\t\t\t\t<\/div>\n\t\t\t\t<div class=\"elementor-element elementor-element-2d4821f4 elementor-widget__width-initial elementor-widget elementor-widget-text-editor\" data-id=\"2d4821f4\" data-element_type=\"widget\" data-widget_type=\"text-editor.default\">\n\t\t\t\t<div class=\"elementor-widget-container\">\n\t\t\t\t\t\t\t\t\t<p>Des d\u00e9veloppeurs passionn\u00e9s par l&rsquo;impact social de la technologie<\/p>\t\t\t\t\t\t\t\t<\/div>\n\t\t\t\t<\/div>\n\t\t\t\t<\/div>\n\t\t<div class=\"elementor-element elementor-element-62f2f744 e-con-full e-flex e-con e-child\" data-id=\"62f2f744\" data-element_type=\"container\" data-settings=\"{&quot;background_background&quot;:&quot;classic&quot;}\">\n\t\t<div class=\"elementor-element elementor-element-725e73f4 e-con-full e-flex e-con e-child\" data-id=\"725e73f4\" data-element_type=\"container\">\n\t\t\t\t<div class=\"elementor-element elementor-element-101bacce elementor-align-right elementor-widget elementor-widget-button\" data-id=\"101bacce\" data-element_type=\"widget\" data-widget_type=\"button.default\">\n\t\t\t\t<div class=\"elementor-widget-container\">\n\t\t\t\t\t\t\t\t\t<div class=\"elementor-button-wrapper\">\n\t\t\t\t\t<a class=\"elementor-button elementor-size-sm\" role=\"button\">\n\t\t\t\t\t\t<span class=\"elementor-button-content-wrapper\">\n\t\t\t\t\t\t\t\t\t<span class=\"elementor-button-text\">Notre motivation<\/span>\n\t\t\t\t\t<\/span>\n\t\t\t\t\t<\/a>\n\t\t\t\t<\/div>\n\t\t\t\t\t\t\t\t<\/div>\n\t\t\t\t<\/div>\n\t\t\t\t<\/div>\n\t\t\t\t<div class=\"elementor-element elementor-element-3a8177a9 elementor-widget elementor-widget-image\" data-id=\"3a8177a9\" data-element_type=\"widget\" data-widget_type=\"image.default\">\n\t\t\t\t<div class=\"elementor-widget-container\">\n\t\t\t\t\t\t\t\t\t\t\t\t\t\t\t<img decoding=\"async\" width=\"72\" height=\"68\" src=\"https:\/\/challengeme.online\/wp-content\/uploads\/2025\/09\/59.png\" class=\"attachment-large size-large wp-image-15730\" alt=\"\" \/>\t\t\t\t\t\t\t\t\t\t\t\t\t\t\t<\/div>\n\t\t\t\t<\/div>\n\t\t\t\t<div class=\"elementor-element elementor-element-1afdb735 elementor-widget elementor-widget-heading\" data-id=\"1afdb735\" data-element_type=\"widget\" data-widget_type=\"heading.default\">\n\t\t\t\t<div class=\"elementor-widget-container\">\n\t\t\t\t\t<h2 class=\"elementor-heading-title elementor-size-default\">Vision partag\u00e9e<\/h2>\t\t\t\t<\/div>\n\t\t\t\t<\/div>\n\t\t\t\t<div class=\"elementor-element elementor-element-79a2842b elementor-widget__width-initial elementor-widget elementor-widget-text-editor\" data-id=\"79a2842b\" data-element_type=\"widget\" data-widget_type=\"text-editor.default\">\n\t\t\t\t<div class=\"elementor-widget-container\">\n\t\t\t\t\t\t\t\t\t<p>Tous unis par la conviction que l&rsquo;\u00e9ducation peut changer le monde<\/p>\t\t\t\t\t\t\t\t<\/div>\n\t\t\t\t<\/div>\n\t\t\t\t<\/div>\n\t\t\t\t\t<\/div>\n\t\t\t\t<\/div>\n\t\t\t\t<\/div>","protected":false},"excerpt":{"rendered":"<p>Qui Qui sommes nous ? Chez ChallengeMe, nous croyons que l\u2019\u00e9valuation ne devrait pas \u00eatre une fin, mais un levier d\u2019apprentissage collectif. Depuis 2015, nous concevons une plateforme simple, flexible et p\u00e9dagogique qui permet aux enseignants et aux \u00e9tudiants de collaborer autrement. Plus qu\u2019un outil, ChallengeMe est une approche, un engagement : celui de rendre [&hellip;]<\/p>","protected":false},"author":4,"featured_media":0,"parent":0,"menu_order":0,"comment_status":"closed","ping_status":"closed","template":"elementor_header_footer","meta":{"content-type":"","footnotes":""},"cas_dusage":[],"categ":[],"format_activite":[],"class_list":["post-67","page","type-page","status-publish","hentry"],"_links":{"self":[{"href":"https:\/\/challengeme.online\/en\/wp-json\/wp\/v2\/pages\/67","targetHints":{"allow":["GET"]}}],"collection":[{"href":"https:\/\/challengeme.online\/en\/wp-json\/wp\/v2\/pages"}],"about":[{"href":"https:\/\/challengeme.online\/en\/wp-json\/wp\/v2\/types\/page"}],"author":[{"embeddable":true,"href":"https:\/\/challengeme.online\/en\/wp-json\/wp\/v2\/users\/4"}],"replies":[{"embeddable":true,"href":"https:\/\/challengeme.online\/en\/wp-json\/wp\/v2\/comments?post=67"}],"version-history":[{"count":22,"href":"https:\/\/challengeme.online\/en\/wp-json\/wp\/v2\/pages\/67\/revisions"}],"predecessor-version":[{"id":15835,"href":"https:\/\/challengeme.online\/en\/wp-json\/wp\/v2\/pages\/67\/revisions\/15835"}],"wp:attachment":[{"href":"https:\/\/challengeme.online\/en\/wp-json\/wp\/v2\/media?parent=67"}],"wp:term":[{"taxonomy":"cas_dusage","embeddable":true,"href":"https:\/\/challengeme.online\/en\/wp-json\/wp\/v2\/cas_dusage?post=67"},{"taxonomy":"categ","embeddable":true,"href":"https:\/\/challengeme.online\/en\/wp-json\/wp\/v2\/categ?post=67"},{"taxonomy":"format_activite","embeddable":true,"href":"https:\/\/challengeme.online\/en\/wp-json\/wp\/v2\/format_activite?post=67"}],"curies":[{"name":"wp","href":"https:\/\/api.w.org\/{rel}","templated":true}]}}