{"id":2940,"date":"2021-11-05T11:42:32","date_gmt":"2021-11-05T10:42:32","guid":{"rendered":"https:\/\/challengeme.online\/?page_id=2940"},"modified":"2024-08-22T10:50:51","modified_gmt":"2024-08-22T08:50:51","slug":"grenoble-em","status":"publish","type":"page","link":"https:\/\/challengeme.online\/en\/grenoble-em\/","title":{"rendered":"Comment Grenoble EM a utilis\u00e9 ChallengeMe"},"content":{"rendered":"<div data-elementor-type=\"wp-page\" data-elementor-id=\"2940\" class=\"elementor elementor-2940\" data-elementor-post-type=\"page\">\n\t\t\t\t\t\t<section class=\"elementor-section elementor-top-section elementor-element elementor-element-26703f61 elementor-section-height-min-height elementor-section-stretched elementor-section-boxed elementor-section-height-default elementor-section-items-middle\" data-id=\"26703f61\" data-element_type=\"section\" data-settings=\"{&quot;stretch_section&quot;:&quot;section-stretched&quot;,&quot;background_background&quot;:&quot;classic&quot;,&quot;shape_divider_bottom&quot;:&quot;opacity-tilt&quot;}\">\n\t\t\t\t\t\t\t<div class=\"elementor-background-overlay\"><\/div>\n\t\t\t\t\t\t<div class=\"elementor-shape elementor-shape-bottom\" data-negative=\"false\">\n\t\t\t<svg xmlns=\"http:\/\/www.w3.org\/2000\/svg\" viewbox=\"0 0 2600 131.1\" preserveaspectratio=\"none\">\n\t<path class=\"elementor-shape-fill\" d=\"M0 0L2600 0 2600 69.1 0 0z\"\/>\n\t<path class=\"elementor-shape-fill\" style=\"opacity:0.5\" d=\"M0 0L2600 0 2600 69.1 0 69.1z\"\/>\n\t<path class=\"elementor-shape-fill\" style=\"opacity:0.25\" d=\"M2600 0L0 0 0 130.1 2600 69.1z\"\/>\n<\/svg>\t\t<\/div>\n\t\t\t\t\t<div class=\"elementor-container elementor-column-gap-default\">\n\t\t\t\t\t<div class=\"elementor-column elementor-col-100 elementor-top-column elementor-element elementor-element-3e39d7bb\" data-id=\"3e39d7bb\" data-element_type=\"column\">\n\t\t\t<div class=\"elementor-widget-wrap elementor-element-populated\">\n\t\t\t\t\t\t<div class=\"elementor-element elementor-element-9b69c72 elementor-widget elementor-widget-heading\" data-id=\"9b69c72\" data-element_type=\"widget\" data-widget_type=\"heading.default\">\n\t\t\t\t<div class=\"elementor-widget-container\">\n\t\t\t\t\t<h1 class=\"elementor-heading-title elementor-size-xl\">Grenoble Ecole de Management<\/h1>\t\t\t\t<\/div>\n\t\t\t\t<\/div>\n\t\t\t\t<div class=\"elementor-element elementor-element-ff1b901 elementor-widget elementor-widget-text-editor\" data-id=\"ff1b901\" data-element_type=\"widget\" data-widget_type=\"text-editor.default\">\n\t\t\t\t<div class=\"elementor-widget-container\">\n\t\t\t\t\t\t\t\t\t<p>Comment Grenoble Ecole de Management a utilis\u00e9 ChallengeMe<\/p>\t\t\t\t\t\t\t\t<\/div>\n\t\t\t\t<\/div>\n\t\t\t\t\t<\/div>\n\t\t<\/div>\n\t\t\t\t\t<\/div>\n\t\t<\/section>\n\t\t\t\t<section class=\"elementor-section elementor-top-section elementor-element elementor-element-edf6e3e elementor-section-boxed elementor-section-height-default elementor-section-height-default\" data-id=\"edf6e3e\" data-element_type=\"section\">\n\t\t\t\t\t\t<div class=\"elementor-container elementor-column-gap-default\">\n\t\t\t\t\t<div class=\"elementor-column elementor-col-100 elementor-top-column elementor-element elementor-element-723882a\" data-id=\"723882a\" data-element_type=\"column\">\n\t\t\t<div class=\"elementor-widget-wrap elementor-element-populated\">\n\t\t\t\t\t\t<div class=\"elementor-element elementor-element-c7c7d6b elementor-widget elementor-widget-image\" data-id=\"c7c7d6b\" data-element_type=\"widget\" data-widget_type=\"image.default\">\n\t\t\t\t<div class=\"elementor-widget-container\">\n\t\t\t\t\t\t\t\t\t\t\t\t\t\t\t<img fetchpriority=\"high\" decoding=\"async\" width=\"1024\" height=\"428\" src=\"https:\/\/challengeme.online\/wp-content\/uploads\/2021\/11\/logo-grenoble-em.jpg\" class=\"attachment-full size-full wp-image-2942\" alt=\"Grenoble EM\" srcset=\"https:\/\/challengeme.online\/wp-content\/uploads\/2021\/11\/logo-grenoble-em.jpg 1024w, https:\/\/challengeme.online\/wp-content\/uploads\/2021\/11\/logo-grenoble-em-300x125.jpg 300w, https:\/\/challengeme.online\/wp-content\/uploads\/2021\/11\/logo-grenoble-em-768x321.jpg 768w\" sizes=\"(max-width: 1024px) 100vw, 1024px\" \/>\t\t\t\t\t\t\t\t\t\t\t\t\t\t\t<\/div>\n\t\t\t\t<\/div>\n\t\t\t\t<div class=\"elementor-element elementor-element-d2cf9f2 elementor-widget elementor-widget-heading\" data-id=\"d2cf9f2\" data-element_type=\"widget\" data-widget_type=\"heading.default\">\n\t\t\t\t<div class=\"elementor-widget-container\">\n\t\t\t\t\t<h2 class=\"elementor-heading-title elementor-size-default\">Business School reconnue sur la sc\u00e8ne internationale et nationale, Grenoble Ecole de Management (GEM) est plus qu\u2019une \u00e9cole. C\u2019est un Business Lab for Society dans lequel 8000 \u00e9tudiants et 500 collaborateurs apprennent et \u0153uvrent chaque jour pour r\u00e9pondre aux d\u00e9fis de l\u2019Entreprise et de la Soci\u00e9t\u00e9.<\/h2>\t\t\t\t<\/div>\n\t\t\t\t<\/div>\n\t\t\t\t<div class=\"elementor-element elementor-element-4da6d18 elementor-widget elementor-widget-text-editor\" data-id=\"4da6d18\" data-element_type=\"widget\" data-widget_type=\"text-editor.default\">\n\t\t\t\t<div class=\"elementor-widget-container\">\n\t\t\t\t\t\t\t\t\t<p>Historiquement bas\u00e9e \u00e0 Grenoble, Capitale Verte Europ\u00e9enne, ville de sciences et de technologies, l\u2019\u00e9cole a d\u00e9velopp\u00e9 une solide expertise en Management de la Technologie, de l\u2019Innovation. Cette orientation fondatrice lui a permis d\u2019\u00e9largir ses champs d\u2019expertise en recherche et en formation autour du digital, de la sant\u00e9, de l\u2019\u00e9nergie, de l\u2019entrepreneuriat, de l\u2019\u00e9conomie du partage et de la g\u00e9opolitique.<\/p>\t\t\t\t\t\t\t\t<\/div>\n\t\t\t\t<\/div>\n\t\t\t\t<div class=\"elementor-element elementor-element-6124d79 elementor-widget elementor-widget-video\" data-id=\"6124d79\" data-element_type=\"widget\" data-settings=\"{&quot;youtube_url&quot;:&quot;https:\\\/\\\/www.youtube.com\\\/watch?v=OZ7_fxRiz9w&quot;,&quot;video_type&quot;:&quot;youtube&quot;,&quot;controls&quot;:&quot;yes&quot;}\" data-widget_type=\"video.default\">\n\t\t\t\t<div class=\"elementor-widget-container\">\n\t\t\t\t\t\t\t<div class=\"elementor-wrapper elementor-open-inline\">\n\t\t\t<div class=\"elementor-video\"><\/div>\t\t<\/div>\n\t\t\t\t\t\t<\/div>\n\t\t\t\t<\/div>\n\t\t\t\t<section class=\"elementor-section elementor-inner-section elementor-element elementor-element-f5e80e2 elementor-section-boxed elementor-section-height-default elementor-section-height-default\" data-id=\"f5e80e2\" data-element_type=\"section\">\n\t\t\t\t\t\t<div class=\"elementor-container elementor-column-gap-default\">\n\t\t\t\t\t<div class=\"elementor-column elementor-col-100 elementor-inner-column elementor-element elementor-element-b0dcfa2\" data-id=\"b0dcfa2\" data-element_type=\"column\" data-settings=\"{&quot;background_background&quot;:&quot;classic&quot;}\">\n\t\t\t<div class=\"elementor-widget-wrap elementor-element-populated\">\n\t\t\t\t\t\t<div class=\"elementor-element elementor-element-e8e4ca8 elementor-widget elementor-widget-image\" data-id=\"e8e4ca8\" data-element_type=\"widget\" data-widget_type=\"image.default\">\n\t\t\t\t<div class=\"elementor-widget-container\">\n\t\t\t\t\t\t\t\t\t\t\t\t\t\t\t<img decoding=\"async\" width=\"800\" height=\"800\" src=\"https:\/\/challengeme.online\/wp-content\/uploads\/2021\/11\/1589288520109.jpg\" class=\"attachment-full size-full wp-image-2947\" alt=\"Andres Gonzales - Grenoble EM\" srcset=\"https:\/\/challengeme.online\/wp-content\/uploads\/2021\/11\/1589288520109.jpg 800w, https:\/\/challengeme.online\/wp-content\/uploads\/2021\/11\/1589288520109-300x300.jpg 300w, https:\/\/challengeme.online\/wp-content\/uploads\/2021\/11\/1589288520109-150x150.jpg 150w, https:\/\/challengeme.online\/wp-content\/uploads\/2021\/11\/1589288520109-768x768.jpg 768w\" sizes=\"(max-width: 800px) 100vw, 800px\" \/>\t\t\t\t\t\t\t\t\t\t\t\t\t\t\t<\/div>\n\t\t\t\t<\/div>\n\t\t\t\t<div class=\"elementor-element elementor-element-9f29f96 elementor-widget elementor-widget-text-editor\" data-id=\"9f29f96\" data-element_type=\"widget\" data-widget_type=\"text-editor.default\">\n\t\t\t\t<div class=\"elementor-widget-container\">\n\t\t\t\t\t\t\t\t\t<p style=\"color: #6cb0ab; margin: 0; font-weight: bold;\">Andr\u00e9s Gonzalez<\/p>\n<p style=\"color: #d33467; margin: 0; font-weight: bold;\">Ingenieur p\u00e9dagogique \u00e0 Grenoble EM<\/p>\t\t\t\t\t\t\t\t<\/div>\n\t\t\t\t<\/div>\n\t\t\t\t\t<\/div>\n\t\t<\/div>\n\t\t\t\t\t<\/div>\n\t\t<\/section>\n\t\t\t\t\t<\/div>\n\t\t<\/div>\n\t\t\t\t\t<\/div>\n\t\t<\/section>\n\t\t<div class=\"elementor-element elementor-element-7f3302a e-flex e-con-boxed e-con e-parent\" data-id=\"7f3302a\" data-element_type=\"container\">\n\t\t\t\t\t<div class=\"e-con-inner\">\n\t\t\t\t<div class=\"elementor-element elementor-element-c1c9eb5 elementor-widget elementor-widget-spacer\" data-id=\"c1c9eb5\" data-element_type=\"widget\" data-widget_type=\"spacer.default\">\n\t\t\t\t<div class=\"elementor-widget-container\">\n\t\t\t\t\t\t\t<div class=\"elementor-spacer\">\n\t\t\t<div class=\"elementor-spacer-inner\"><\/div>\n\t\t<\/div>\n\t\t\t\t\t\t<\/div>\n\t\t\t\t<\/div>\n\t\t<div class=\"elementor-element elementor-element-0306b77 e-con-full e-flex e-con e-child\" data-id=\"0306b77\" data-element_type=\"container\">\n\t\t\t\t<div class=\"elementor-element elementor-element-82b49e8 elementor-pagination-type-bullets elementor-pagination-position-outside elementor-widget elementor-widget-loop-carousel\" data-id=\"82b49e8\" data-element_type=\"widget\" data-settings=\"{&quot;template_id&quot;:9110,&quot;slides_to_show&quot;:&quot;4&quot;,&quot;_skin&quot;:&quot;post&quot;,&quot;slides_to_show_tablet&quot;:&quot;2&quot;,&quot;slides_to_show_mobile&quot;:&quot;1&quot;,&quot;slides_to_scroll&quot;:&quot;1&quot;,&quot;edit_handle_selector&quot;:&quot;.elementor-widget-container&quot;,&quot;autoplay&quot;:&quot;yes&quot;,&quot;autoplay_speed&quot;:5000,&quot;pause_on_hover&quot;:&quot;yes&quot;,&quot;pause_on_interaction&quot;:&quot;yes&quot;,&quot;infinite&quot;:&quot;yes&quot;,&quot;speed&quot;:500,&quot;offset_sides&quot;:&quot;none&quot;,&quot;pagination&quot;:&quot;bullets&quot;,&quot;image_spacing_custom&quot;:{&quot;unit&quot;:&quot;px&quot;,&quot;size&quot;:10,&quot;sizes&quot;:[]},&quot;image_spacing_custom_tablet&quot;:{&quot;unit&quot;:&quot;px&quot;,&quot;size&quot;:&quot;&quot;,&quot;sizes&quot;:[]},&quot;image_spacing_custom_mobile&quot;:{&quot;unit&quot;:&quot;px&quot;,&quot;size&quot;:&quot;&quot;,&quot;sizes&quot;:[]}}\" data-widget_type=\"loop-carousel.post\">\n\t\t\t\t<div class=\"elementor-widget-container\">\n\t\t\t\t\t\t\t<div class=\"swiper elementor-loop-container elementor-grid\" dir=\"ltr\">\n\t\t\t\t<div class=\"swiper-wrapper\" aria-live=\"off\">\n\t\t<style id=\"loop-9110\">.elementor-9110 .elementor-element.elementor-element-54ca61b{--display:flex;}.elementor-9110 .elementor-element.elementor-element-4e4c3aa{text-align:center;}.elementor-9110 .elementor-element.elementor-element-4e4c3aa img{width:100%;height:130px;object-fit:cover;object-position:center center;border-radius:20px 20px 20px 20px;}.elementor-9110 .elementor-element.elementor-element-317d417 .elementor-heading-title{font-size:16px;font-weight:normal;}<\/style>\t\t<div data-elementor-type=\"loop-item\" data-elementor-id=\"9110\" class=\"elementor elementor-9110 swiper-slide e-loop-item e-loop-item-6169 post-6169 page type-page status-publish has-post-thumbnail hentry cas_dusage-evaluation-croisee cas_dusage-evaluation-intra-groupe categ-temoignage\" data-elementor-post-type=\"elementor_library\" role=\"group\" aria-roledescription=\"slide\" data-custom-edit-handle=\"1\">\n\t\t\t<div class=\"elementor-element elementor-element-54ca61b e-flex e-con-boxed e-con e-parent\" data-id=\"54ca61b\" data-element_type=\"container\">\n\t\t\t\t\t<div class=\"e-con-inner\">\n\t\t\t\t<div class=\"elementor-element elementor-element-4e4c3aa elementor-widget elementor-widget-theme-post-featured-image elementor-widget-image\" data-id=\"4e4c3aa\" data-element_type=\"widget\" data-widget_type=\"theme-post-featured-image.default\">\n\t\t\t\t<div class=\"elementor-widget-container\">\n\t\t\t\t\t\t\t\t\t\t\t\t<figure class=\"wp-caption\">\n\t\t\t\t\t\t\t\t\t\t\t<a href=\"https:\/\/challengeme.online\/en\/neoma-bs\/\">\n\t\t\t\t\t\t\t<img decoding=\"async\" width=\"300\" height=\"200\" src=\"https:\/\/challengeme.online\/wp-content\/uploads\/2024\/08\/neoma-campus-300x200.jpg\" class=\"attachment-medium size-medium wp-image-9154\" alt=\"Campus NEOMA Business School\" srcset=\"https:\/\/challengeme.online\/wp-content\/uploads\/2024\/08\/neoma-campus-300x200.jpg 300w, https:\/\/challengeme.online\/wp-content\/uploads\/2024\/08\/neoma-campus-1024x684.jpg 1024w, https:\/\/challengeme.online\/wp-content\/uploads\/2024\/08\/neoma-campus-768x513.jpg 768w, https:\/\/challengeme.online\/wp-content\/uploads\/2024\/08\/neoma-campus-1536x1025.jpg 1536w, https:\/\/challengeme.online\/wp-content\/uploads\/2024\/08\/neoma-campus-2048x1367.jpg 2048w\" sizes=\"(max-width: 300px) 100vw, 300px\" \/>\t\t\t\t\t\t\t\t<\/a>\n\t\t\t\t\t\t\t\t\t\t\t<figcaption class=\"widget-image-caption wp-caption-text\"><\/figcaption>\n\t\t\t\t\t\t\t\t\t\t<\/figure>\n\t\t\t\t\t\t\t\t\t<\/div>\n\t\t\t\t<\/div>\n\t\t\t\t\t<\/div>\n\t\t\t\t<\/div>\n\t\t\t\t<\/div>\n\t\t\t\t<div data-elementor-type=\"loop-item\" data-elementor-id=\"9110\" class=\"elementor elementor-9110 swiper-slide e-loop-item e-loop-item-5209 post-5209 page type-page status-publish has-post-thumbnail hentry cas_dusage-evaluation-croisee cas_dusage-evaluation-intra-groupe categ-temoignage\" data-elementor-post-type=\"elementor_library\" role=\"group\" aria-roledescription=\"slide\" data-custom-edit-handle=\"1\">\n\t\t\t<div class=\"elementor-element elementor-element-54ca61b e-flex e-con-boxed e-con e-parent\" data-id=\"54ca61b\" data-element_type=\"container\">\n\t\t\t\t\t<div class=\"e-con-inner\">\n\t\t\t\t<div class=\"elementor-element elementor-element-4e4c3aa elementor-widget elementor-widget-theme-post-featured-image elementor-widget-image\" data-id=\"4e4c3aa\" data-element_type=\"widget\" data-widget_type=\"theme-post-featured-image.default\">\n\t\t\t\t<div class=\"elementor-widget-container\">\n\t\t\t\t\t\t\t\t\t\t\t\t<figure class=\"wp-caption\">\n\t\t\t\t\t\t\t\t\t\t\t<a href=\"https:\/\/challengeme.online\/en\/pole-leonard-de-vinci\/\">\n\t\t\t\t\t\t\t<img loading=\"lazy\" decoding=\"async\" width=\"300\" height=\"200\" src=\"https:\/\/challengeme.online\/wp-content\/uploads\/2022\/05\/devinci_1920x1080-300x200.jpg\" class=\"attachment-medium size-medium wp-image-5211\" alt=\"Pole L\u00e9noard de Vinci\" srcset=\"https:\/\/challengeme.online\/wp-content\/uploads\/2022\/05\/devinci_1920x1080-300x200.jpg 300w, https:\/\/challengeme.online\/wp-content\/uploads\/2022\/05\/devinci_1920x1080-1024x683.jpg 1024w, https:\/\/challengeme.online\/wp-content\/uploads\/2022\/05\/devinci_1920x1080-768x512.jpg 768w, https:\/\/challengeme.online\/wp-content\/uploads\/2022\/05\/devinci_1920x1080-1536x1024.jpg 1536w, https:\/\/challengeme.online\/wp-content\/uploads\/2022\/05\/devinci_1920x1080.jpg 1920w\" sizes=\"(max-width: 300px) 100vw, 300px\" \/>\t\t\t\t\t\t\t\t<\/a>\n\t\t\t\t\t\t\t\t\t\t\t<figcaption class=\"widget-image-caption wp-caption-text\"><\/figcaption>\n\t\t\t\t\t\t\t\t\t\t<\/figure>\n\t\t\t\t\t\t\t\t\t<\/div>\n\t\t\t\t<\/div>\n\t\t\t\t\t<\/div>\n\t\t\t\t<\/div>\n\t\t\t\t<\/div>\n\t\t\t\t<div data-elementor-type=\"loop-item\" data-elementor-id=\"9110\" class=\"elementor elementor-9110 swiper-slide e-loop-item e-loop-item-5188 post-5188 page type-page status-publish has-post-thumbnail hentry cas_dusage-evaluation-croisee cas_dusage-evaluation-intra-groupe categ-temoignage\" data-elementor-post-type=\"elementor_library\" role=\"group\" aria-roledescription=\"slide\" data-custom-edit-handle=\"1\">\n\t\t\t<div class=\"elementor-element elementor-element-54ca61b e-flex e-con-boxed e-con e-parent\" data-id=\"54ca61b\" data-element_type=\"container\">\n\t\t\t\t\t<div class=\"e-con-inner\">\n\t\t\t\t<div class=\"elementor-element elementor-element-4e4c3aa elementor-widget elementor-widget-theme-post-featured-image elementor-widget-image\" data-id=\"4e4c3aa\" data-element_type=\"widget\" data-widget_type=\"theme-post-featured-image.default\">\n\t\t\t\t<div class=\"elementor-widget-container\">\n\t\t\t\t\t\t\t\t\t\t\t\t<figure class=\"wp-caption\">\n\t\t\t\t\t\t\t\t\t\t\t<a href=\"https:\/\/challengeme.online\/en\/esc-pau-business-school\/\">\n\t\t\t\t\t\t\t<img loading=\"lazy\" decoding=\"async\" width=\"300\" height=\"171\" src=\"https:\/\/challengeme.online\/wp-content\/uploads\/2022\/05\/esc-Pau-300x171.jpeg\" class=\"attachment-medium size-medium wp-image-5204\" alt=\"Campus ESC PAU\" srcset=\"https:\/\/challengeme.online\/wp-content\/uploads\/2022\/05\/esc-Pau-300x171.jpeg 300w, https:\/\/challengeme.online\/wp-content\/uploads\/2022\/05\/esc-Pau-768x439.jpeg 768w, https:\/\/challengeme.online\/wp-content\/uploads\/2022\/05\/esc-Pau.jpeg 866w\" sizes=\"(max-width: 300px) 100vw, 300px\" \/>\t\t\t\t\t\t\t\t<\/a>\n\t\t\t\t\t\t\t\t\t\t\t<figcaption class=\"widget-image-caption wp-caption-text\"><\/figcaption>\n\t\t\t\t\t\t\t\t\t\t<\/figure>\n\t\t\t\t\t\t\t\t\t<\/div>\n\t\t\t\t<\/div>\n\t\t\t\t\t<\/div>\n\t\t\t\t<\/div>\n\t\t\t\t<\/div>\n\t\t\t\t<div data-elementor-type=\"loop-item\" data-elementor-id=\"9110\" class=\"elementor elementor-9110 swiper-slide e-loop-item e-loop-item-5069 post-5069 page type-page status-publish has-post-thumbnail hentry cas_dusage-evaluation-intra-groupe categ-temoignage\" data-elementor-post-type=\"elementor_library\" role=\"group\" aria-roledescription=\"slide\" data-custom-edit-handle=\"1\">\n\t\t\t<div class=\"elementor-element elementor-element-54ca61b e-flex e-con-boxed e-con e-parent\" data-id=\"54ca61b\" data-element_type=\"container\">\n\t\t\t\t\t<div class=\"e-con-inner\">\n\t\t\t\t<div class=\"elementor-element elementor-element-4e4c3aa elementor-widget elementor-widget-theme-post-featured-image elementor-widget-image\" data-id=\"4e4c3aa\" data-element_type=\"widget\" data-widget_type=\"theme-post-featured-image.default\">\n\t\t\t\t<div class=\"elementor-widget-container\">\n\t\t\t\t\t\t\t\t\t\t\t\t<figure class=\"wp-caption\">\n\t\t\t\t\t\t\t\t\t\t\t<a href=\"https:\/\/challengeme.online\/en\/em-lyon\/\">\n\t\t\t\t\t\t\t<img loading=\"lazy\" decoding=\"async\" width=\"300\" height=\"96\" src=\"https:\/\/challengeme.online\/wp-content\/uploads\/2022\/04\/Campus-Ecully5_uzj1pk-300x96.jpeg\" class=\"attachment-medium size-medium wp-image-5081\" alt=\"Campus EM LYON\" srcset=\"https:\/\/challengeme.online\/wp-content\/uploads\/2022\/04\/Campus-Ecully5_uzj1pk-300x96.jpeg 300w, https:\/\/challengeme.online\/wp-content\/uploads\/2022\/04\/Campus-Ecully5_uzj1pk-1024x329.jpeg 1024w, https:\/\/challengeme.online\/wp-content\/uploads\/2022\/04\/Campus-Ecully5_uzj1pk-768x247.jpeg 768w, https:\/\/challengeme.online\/wp-content\/uploads\/2022\/04\/Campus-Ecully5_uzj1pk-1536x494.jpeg 1536w, https:\/\/challengeme.online\/wp-content\/uploads\/2022\/04\/Campus-Ecully5_uzj1pk-2048x658.jpeg 2048w\" sizes=\"(max-width: 300px) 100vw, 300px\" \/>\t\t\t\t\t\t\t\t<\/a>\n\t\t\t\t\t\t\t\t\t\t\t<figcaption class=\"widget-image-caption wp-caption-text\"><\/figcaption>\n\t\t\t\t\t\t\t\t\t\t<\/figure>\n\t\t\t\t\t\t\t\t\t<\/div>\n\t\t\t\t<\/div>\n\t\t\t\t\t<\/div>\n\t\t\t\t<\/div>\n\t\t\t\t<\/div>\n\t\t\t\t<div data-elementor-type=\"loop-item\" data-elementor-id=\"9110\" class=\"elementor elementor-9110 swiper-slide e-loop-item e-loop-item-5051 post-5051 page type-page status-publish has-post-thumbnail hentry cas_dusage-evaluation-croisee categ-temoignage\" data-elementor-post-type=\"elementor_library\" role=\"group\" aria-roledescription=\"slide\" data-custom-edit-handle=\"1\">\n\t\t\t<div class=\"elementor-element elementor-element-54ca61b e-flex e-con-boxed e-con e-parent\" data-id=\"54ca61b\" data-element_type=\"container\">\n\t\t\t\t\t<div class=\"e-con-inner\">\n\t\t\t\t<div class=\"elementor-element elementor-element-4e4c3aa elementor-widget elementor-widget-theme-post-featured-image elementor-widget-image\" data-id=\"4e4c3aa\" data-element_type=\"widget\" data-widget_type=\"theme-post-featured-image.default\">\n\t\t\t\t<div class=\"elementor-widget-container\">\n\t\t\t\t\t\t\t\t\t\t\t\t<figure class=\"wp-caption\">\n\t\t\t\t\t\t\t\t\t\t\t<a href=\"https:\/\/challengeme.online\/en\/toulouse-school-of-management-2\/\">\n\t\t\t\t\t\t\t<img loading=\"lazy\" decoding=\"async\" width=\"300\" height=\"188\" src=\"https:\/\/challengeme.online\/wp-content\/uploads\/2024\/08\/tsm-campus-300x188.webp\" class=\"attachment-medium size-medium wp-image-9155\" alt=\"Campus Toulouse School of Management\" srcset=\"https:\/\/challengeme.online\/wp-content\/uploads\/2024\/08\/tsm-campus-300x188.webp 300w, https:\/\/challengeme.online\/wp-content\/uploads\/2024\/08\/tsm-campus.webp 400w\" sizes=\"(max-width: 300px) 100vw, 300px\" \/>\t\t\t\t\t\t\t\t<\/a>\n\t\t\t\t\t\t\t\t\t\t\t<figcaption class=\"widget-image-caption wp-caption-text\"><\/figcaption>\n\t\t\t\t\t\t\t\t\t\t<\/figure>\n\t\t\t\t\t\t\t\t\t<\/div>\n\t\t\t\t<\/div>\n\t\t\t\t\t<\/div>\n\t\t\t\t<\/div>\n\t\t\t\t<\/div>\n\t\t\t\t<div data-elementor-type=\"loop-item\" data-elementor-id=\"9110\" class=\"elementor elementor-9110 swiper-slide e-loop-item e-loop-item-2940 post-2940 page type-page status-publish has-post-thumbnail hentry cas_dusage-evaluation-croisee cas_dusage-evaluation-intra-groupe categ-temoignage\" data-elementor-post-type=\"elementor_library\" role=\"group\" aria-roledescription=\"slide\" data-custom-edit-handle=\"1\">\n\t\t\t<div class=\"elementor-element elementor-element-54ca61b e-flex e-con-boxed e-con e-parent\" data-id=\"54ca61b\" data-element_type=\"container\">\n\t\t\t\t\t<div class=\"e-con-inner\">\n\t\t\t\t<div class=\"elementor-element elementor-element-4e4c3aa elementor-widget elementor-widget-theme-post-featured-image elementor-widget-image\" data-id=\"4e4c3aa\" data-element_type=\"widget\" data-widget_type=\"theme-post-featured-image.default\">\n\t\t\t\t<div class=\"elementor-widget-container\">\n\t\t\t\t\t\t\t\t\t\t\t\t<figure class=\"wp-caption\">\n\t\t\t\t\t\t\t\t\t\t\t<a href=\"https:\/\/challengeme.online\/en\/grenoble-em\/\">\n\t\t\t\t\t\t\t<img loading=\"lazy\" decoding=\"async\" width=\"300\" height=\"160\" src=\"https:\/\/challengeme.online\/wp-content\/uploads\/2021\/11\/Vue-panoramique-de-Grenoble-300x160.jpg\" class=\"attachment-medium size-medium wp-image-2943\" alt=\"Vue panoramique de Grenoble\" srcset=\"https:\/\/challengeme.online\/wp-content\/uploads\/2021\/11\/Vue-panoramique-de-Grenoble-300x160.jpg 300w, https:\/\/challengeme.online\/wp-content\/uploads\/2021\/11\/Vue-panoramique-de-Grenoble-768x409.jpg 768w, https:\/\/challengeme.online\/wp-content\/uploads\/2021\/11\/Vue-panoramique-de-Grenoble.jpg 900w\" sizes=\"(max-width: 300px) 100vw, 300px\" \/>\t\t\t\t\t\t\t\t<\/a>\n\t\t\t\t\t\t\t\t\t\t\t<figcaption class=\"widget-image-caption wp-caption-text\"><\/figcaption>\n\t\t\t\t\t\t\t\t\t\t<\/figure>\n\t\t\t\t\t\t\t\t\t<\/div>\n\t\t\t\t<\/div>\n\t\t\t\t\t<\/div>\n\t\t\t\t<\/div>\n\t\t\t\t<\/div>\n\t\t\t\t<div data-elementor-type=\"loop-item\" data-elementor-id=\"9110\" class=\"elementor elementor-9110 swiper-slide e-loop-item e-loop-item-1864 post-1864 page type-page status-publish has-post-thumbnail hentry cas_dusage-evaluation-croisee categ-temoignage\" data-elementor-post-type=\"elementor_library\" role=\"group\" aria-roledescription=\"slide\" data-custom-edit-handle=\"1\">\n\t\t\t<div class=\"elementor-element elementor-element-54ca61b e-flex e-con-boxed e-con e-parent\" data-id=\"54ca61b\" data-element_type=\"container\">\n\t\t\t\t\t<div class=\"e-con-inner\">\n\t\t\t\t<div class=\"elementor-element elementor-element-4e4c3aa elementor-widget elementor-widget-theme-post-featured-image elementor-widget-image\" data-id=\"4e4c3aa\" data-element_type=\"widget\" data-widget_type=\"theme-post-featured-image.default\">\n\t\t\t\t<div class=\"elementor-widget-container\">\n\t\t\t\t\t\t\t\t\t\t\t\t<figure class=\"wp-caption\">\n\t\t\t\t\t\t\t\t\t\t\t<a href=\"https:\/\/challengeme.online\/en\/skema-bs-qcm\/\">\n\t\t\t\t\t\t\t<img loading=\"lazy\" decoding=\"async\" width=\"300\" height=\"240\" src=\"https:\/\/challengeme.online\/wp-content\/uploads\/2024\/08\/skema-grand-paris-campus-300x240.jpg\" class=\"attachment-medium size-medium wp-image-9587\" alt=\"Campus Skema Business School\" srcset=\"https:\/\/challengeme.online\/wp-content\/uploads\/2024\/08\/skema-grand-paris-campus-300x240.jpg 300w, https:\/\/challengeme.online\/wp-content\/uploads\/2024\/08\/skema-grand-paris-campus-1024x819.jpg 1024w, https:\/\/challengeme.online\/wp-content\/uploads\/2024\/08\/skema-grand-paris-campus-768x614.jpg 768w, https:\/\/challengeme.online\/wp-content\/uploads\/2024\/08\/skema-grand-paris-campus.jpg 1500w\" sizes=\"(max-width: 300px) 100vw, 300px\" \/>\t\t\t\t\t\t\t\t<\/a>\n\t\t\t\t\t\t\t\t\t\t\t<figcaption class=\"widget-image-caption wp-caption-text\"><\/figcaption>\n\t\t\t\t\t\t\t\t\t\t<\/figure>\n\t\t\t\t\t\t\t\t\t<\/div>\n\t\t\t\t<\/div>\n\t\t\t\t\t<\/div>\n\t\t\t\t<\/div>\n\t\t\t\t<\/div>\n\t\t\t\t<\/div>\n\t\t<\/div>\n\t\t\t\t\t<div class=\"swiper-pagination\"><\/div>\n\t\t\t\t\t\t<\/div>\n\t\t\t\t<\/div>\n\t\t\t\t<\/div>\n\t\t\t\t\t<\/div>\n\t\t\t\t<\/div>\n\t\t\t\t<\/div>","protected":false},"excerpt":{"rendered":"<p>Grenoble Ecole de Management Comment Grenoble Ecole de Management a utilis\u00e9 ChallengeMe Business School reconnue sur la sc\u00e8ne internationale et nationale, Grenoble Ecole de Management (GEM) est plus qu\u2019une \u00e9cole. C\u2019est un Business Lab for Society dans lequel 8000 \u00e9tudiants et 500 collaborateurs apprennent et \u0153uvrent chaque jour pour r\u00e9pondre aux d\u00e9fis de l\u2019Entreprise et [&hellip;]<\/p>","protected":false},"author":2,"featured_media":2943,"parent":0,"menu_order":0,"comment_status":"closed","ping_status":"closed","template":"elementor_header_footer","meta":{"content-type":"","footnotes":""},"cas_dusage":[68,72],"categ":[78],"format_activite":[],"class_list":["post-2940","page","type-page","status-publish","has-post-thumbnail","hentry","cas_dusage-evaluation-croisee","cas_dusage-evaluation-intra-groupe","categ-temoignage"],"_links":{"self":[{"href":"https:\/\/challengeme.online\/en\/wp-json\/wp\/v2\/pages\/2940","targetHints":{"allow":["GET"]}}],"collection":[{"href":"https:\/\/challengeme.online\/en\/wp-json\/wp\/v2\/pages"}],"about":[{"href":"https:\/\/challengeme.online\/en\/wp-json\/wp\/v2\/types\/page"}],"author":[{"embeddable":true,"href":"https:\/\/challengeme.online\/en\/wp-json\/wp\/v2\/users\/2"}],"replies":[{"embeddable":true,"href":"https:\/\/challengeme.online\/en\/wp-json\/wp\/v2\/comments?post=2940"}],"version-history":[{"count":15,"href":"https:\/\/challengeme.online\/en\/wp-json\/wp\/v2\/pages\/2940\/revisions"}],"predecessor-version":[{"id":10757,"href":"https:\/\/challengeme.online\/en\/wp-json\/wp\/v2\/pages\/2940\/revisions\/10757"}],"wp:featuredmedia":[{"embeddable":true,"href":"https:\/\/challengeme.online\/en\/wp-json\/wp\/v2\/media\/2943"}],"wp:attachment":[{"href":"https:\/\/challengeme.online\/en\/wp-json\/wp\/v2\/media?parent=2940"}],"wp:term":[{"taxonomy":"cas_dusage","embeddable":true,"href":"https:\/\/challengeme.online\/en\/wp-json\/wp\/v2\/cas_dusage?post=2940"},{"taxonomy":"categ","embeddable":true,"href":"https:\/\/challengeme.online\/en\/wp-json\/wp\/v2\/categ?post=2940"},{"taxonomy":"format_activite","embeddable":true,"href":"https:\/\/challengeme.online\/en\/wp-json\/wp\/v2\/format_activite?post=2940"}],"curies":[{"name":"wp","href":"https:\/\/api.w.org\/{rel}","templated":true}]}}