{"id":2658,"date":"2021-10-13T14:59:04","date_gmt":"2021-10-13T12:59:04","guid":{"rendered":"https:\/\/challengeme.online\/?page_id=2658"},"modified":"2024-08-15T13:46:05","modified_gmt":"2024-08-15T11:46:05","slug":"mentions-legales-2","status":"publish","type":"page","link":"https:\/\/challengeme.online\/en\/mentions-legales-2\/","title":{"rendered":"Mentions l\u00e9gales"},"content":{"rendered":"<div data-elementor-type=\"wp-page\" data-elementor-id=\"2658\" class=\"elementor elementor-2658\" data-elementor-post-type=\"page\">\n\t\t\t\t\t\t<section class=\"elementor-section elementor-top-section elementor-element elementor-element-482e7eda elementor-section-boxed elementor-section-height-default elementor-section-height-default\" data-id=\"482e7eda\" data-element_type=\"section\">\n\t\t\t\t\t\t<div class=\"elementor-container elementor-column-gap-default\">\n\t\t\t\t\t<div class=\"elementor-column elementor-col-100 elementor-top-column elementor-element elementor-element-42754417\" data-id=\"42754417\" data-element_type=\"column\">\n\t\t\t<div class=\"elementor-widget-wrap elementor-element-populated\">\n\t\t\t\t\t\t<div class=\"elementor-element elementor-element-46cbe7b8 elementor-widget elementor-widget-text-editor\" data-id=\"46cbe7b8\" data-element_type=\"widget\" data-widget_type=\"text-editor.default\">\n\t\t\t\t<div class=\"elementor-widget-container\">\n\t\t\t\t\t\t\t\t\t\t\t\t\t\t\t\t\t<\/div>\n\t\t\t\t<\/div>\n\t\t\t\t\t<\/div>\n\t\t<\/div>\n\t\t\t\t\t<\/div>\n\t\t<\/section>\n\t\t\t\t<section class=\"elementor-section elementor-top-section elementor-element elementor-element-f12a731 elementor-section-full_width elementor-section-height-default elementor-section-height-default\" data-id=\"f12a731\" data-element_type=\"section\" data-settings=\"{&quot;background_background&quot;:&quot;classic&quot;}\">\n\t\t\t\t\t\t\t<div class=\"elementor-background-overlay\"><\/div>\n\t\t\t\t\t\t\t<div class=\"elementor-container elementor-column-gap-no\">\n\t\t\t\t\t<div class=\"elementor-column elementor-col-100 elementor-top-column elementor-element elementor-element-3be2f0f\" data-id=\"3be2f0f\" data-element_type=\"column\">\n\t\t\t<div class=\"elementor-widget-wrap elementor-element-populated\">\n\t\t\t\t\t\t<div class=\"elementor-element elementor-element-6c9cbd4 elementor-widget elementor-widget-heading\" data-id=\"6c9cbd4\" data-element_type=\"widget\" data-widget_type=\"heading.default\">\n\t\t\t\t<div class=\"elementor-widget-container\">\n\t\t\t\t\t<h1 class=\"elementor-heading-title elementor-size-default\">Mentions l\u00e9gales \/ Politique de confidentialit\u00e9<\/h1>\t\t\t\t<\/div>\n\t\t\t\t<\/div>\n\t\t\t\t\t<\/div>\n\t\t<\/div>\n\t\t\t\t\t<\/div>\n\t\t<\/section>\n\t\t\t\t<section class=\"elementor-section elementor-top-section elementor-element elementor-element-2016599 elementor-section-boxed elementor-section-height-default elementor-section-height-default\" data-id=\"2016599\" data-element_type=\"section\">\n\t\t\t\t\t\t<div class=\"elementor-container elementor-column-gap-default\">\n\t\t\t\t\t<div class=\"elementor-column elementor-col-100 elementor-top-column elementor-element elementor-element-2aa033c\" data-id=\"2aa033c\" data-element_type=\"column\">\n\t\t\t<div class=\"elementor-widget-wrap elementor-element-populated\">\n\t\t\t\t\t\t<div class=\"elementor-element elementor-element-d7a3ebb elementor-widget elementor-widget-text-editor\" data-id=\"d7a3ebb\" data-element_type=\"widget\" data-widget_type=\"text-editor.default\">\n\t\t\t\t<div class=\"elementor-widget-container\">\n\t\t\t\t\t\t\t\t\t<div data-id=\"ad34060\" data-element_type=\"widget\" data-widget_type=\"heading.default\">\n<div>\n<h4>Conditions g\u00e9n\u00e9rales d&rsquo;utilisation<\/h4>\n<p>En vigueur au 30\/12\/2021\u00a0<\/p>\n<p>Les pr\u00e9sentes conditions g\u00e9n\u00e9rales d&rsquo;utilisation (dites \u00ab CGU \u00bb) ont pour objet l&rsquo;encadrement juridique des modalit\u00e9s de mise \u00e0 disposition du site et des services ChallengeMe.online par la soci\u00e9t\u00e9 ServicesYou et de d\u00e9finir les conditions d\u2019acc\u00e8s et d\u2019utilisation des services par \u00abl&rsquo;Utilisateur\u00bb.<\/p>\n<p>Les pr\u00e9sentes CGU sont accessibles sur le site \u00e0 la rubrique \u00abCGU\u00bb.<\/p>\n<p>Toute inscription ou utilisation du site implique l&rsquo;acceptation sans aucune r\u00e9serve ni restriction des pr\u00e9sentes CGU par l\u2019utilisateur.<\/p>\n<p>En cas de non-acceptation des CGU stipul\u00e9es dans le pr\u00e9sent contrat, l&rsquo;Utilisateur se doit de renoncer \u00e0 l&rsquo;acc\u00e8s des services propos\u00e9s par le site.<\/p>\n<p>La soci\u00e9t\u00e9 ServicesYou se r\u00e9serve le droit de modifier unilat\u00e9ralement et \u00e0 tout moment le contenu des pr\u00e9sentes CGU.<\/p>\n<h4>ARTICLE 1 : Les mentions l\u00e9gales<\/h4>\n<p>L&rsquo;\u00e9dition du site ChallengeMe.online est assur\u00e9e par la Soci\u00e9t\u00e9 SAS ServicesYou au capital de 120000 euros, immatricul\u00e9e au RCS de Montpellier sous le num\u00e9ro 811253327, dont le si\u00e8ge social est situ\u00e9 au 1 place Francis Ponge<\/p>\n<p>Num\u00e9ro de t\u00e9l\u00e9phone 0975181844<\/p>\n<p>Adresse e-mail : direction@servicesyou.com.<\/p>\n<p>Le Directeur de la publication est : Gasne Alexandre<\/p>\n<p>L&rsquo;h\u00e9bergeur du site ChallengeMe.online est la soci\u00e9t\u00e9 OVH, dont le si\u00e8ge social est situ\u00e9 au 2 rue Kellermann 59100 Roubaix.<\/p>\n<h4>ARTICLE 2 : Acc\u00e8s au site<\/h4>\n<p>Le site ChallengeMe.online permet \u00e0 l&rsquo;Utilisateur un acc\u00e8s gratuit aux services suivants : Plateforme d\u2019apprentissage par les pairs.<\/p>\n<p>Le site est accessible gratuitement en tout lieu \u00e0 tout Utilisateur ayant un acc\u00e8s \u00e0 Internet et ayant un acc\u00e8s confi\u00e9 par un ayant droit (entreprise, \u00e9cole, ou toute organisation ayant souscrit une offre d\u2019acc\u00e8s aupr\u00e8s de ServicesYou). Tous les frais support\u00e9s par l&rsquo;Utilisateur pour acc\u00e9der au service (mat\u00e9riel informatique, logiciels, connexion Internet, etc.) sont \u00e0 sa charge.<\/p>\n<p>Pour acc\u00e9der aux services, l\u2019Utilisateur doit s&rsquo;identifier \u00e0 l&rsquo;aide de son identifiant et de son mot de passe qui lui seront communiqu\u00e9s apr\u00e8s son inscription, sauf dans le cas o\u00f9 l\u2019ayant droit dispose d\u2019un m\u00e9canisme de connexion : dans ce cas, la connexion se fait par le portail d\u2019authentification fourni \u00e0 l\u2019Utilisateur par l\u2019ayant droit.<\/p>\n<p>Tout \u00e9v\u00e9nement d\u00fb \u00e0 un cas de force majeure ayant pour cons\u00e9quence un dysfonctionnement du site ou serveur et sous r\u00e9serve de toute interruption ou modification en cas de maintenance, n&rsquo;engage pas la responsabilit\u00e9 de ChallengeMe.online . Dans ces cas, l\u2019Utilisateur accepte ainsi ne pas tenir rigueur \u00e0 l\u2019\u00e9diteur de toute interruption ou suspension de service, m\u00eame sans pr\u00e9avis.<\/p>\n<p>L&rsquo;Utilisateur a la possibilit\u00e9 de contacter le site par messagerie \u00e9lectronique \u00e0 l\u2019adresse email de l\u2019\u00e9diteur communiqu\u00e9 \u00e0 l\u2019ARTICLE 1.<\/p>\n<h4>ARTICLE 3 : Collecte des donn\u00e9es<\/h4>\n<p>Le site assure \u00e0 l&rsquo;Utilisateur une collecte et un traitement d&rsquo;informations personnelles dans le respect de la vie priv\u00e9e conform\u00e9ment \u00e0 la loi n\u00b078-17 du 6 janvier 1978 relative \u00e0 l&rsquo;informatique, aux fichiers et aux libert\u00e9s. Le site est d\u00e9clar\u00e9 \u00e0 la CNIL sous le num\u00e9ro 8Sq1595309P.<\/p>\n<p>En vertu de la loi Informatique et Libert\u00e9s, en date du 6 janvier 1978, l&rsquo;Utilisateur dispose d&rsquo;un droit d&rsquo;acc\u00e8s, de rectification, de suppression et d&rsquo;opposition de ses donn\u00e9es personnelles. L&rsquo;Utilisateur exerce ce droit : par mail \u00e0 l&rsquo;adresse email coach@challengeme.online<\/p>\n<h4>ARTICLE 4 : Propri\u00e9t\u00e9 intellectuelle<\/h4>\n<p>Les marques, logos, signes ainsi que tous les contenus du site (textes, images, son\u2026) font l&rsquo;objet d&rsquo;une protection par le Code de la propri\u00e9t\u00e9 intellectuelle et plus particuli\u00e8rement par le droit d&rsquo;auteur.<\/p>\n<p>La marque ChallengeMe est une marque d\u00e9pos\u00e9e par la soci\u00e9t\u00e9 ServicesYou. Toute repr\u00e9sentation et\/ou reproduction et\/ou exploitation partielle ou totale de cette marque, de quelque nature que ce soit, est totalement prohib\u00e9e.<\/p>\n<p>L&rsquo;Utilisateur doit solliciter l&rsquo;autorisation pr\u00e9alable du site pour toute reproduction, publication, copie des diff\u00e9rents contenus. Il s&rsquo;engage \u00e0 une utilisation des contenus du site dans un cadre strictement priv\u00e9, toute utilisation \u00e0 des fins commerciales et publicitaires est strictement interdite.<\/p>\n<p>Toute repr\u00e9sentation totale ou partielle de ce site par quelque proc\u00e9d\u00e9 que ce soit, sans l\u2019autorisation expresse de l\u2019exploitant du site Internet constituerait une contrefa\u00e7on sanctionn\u00e9e par l\u2019article L 335-2 et suivants du Code de la propri\u00e9t\u00e9 intellectuelle.<\/p>\n<p>Il est rappel\u00e9 conform\u00e9ment \u00e0 l\u2019article L122-5 du Code de propri\u00e9t\u00e9 intellectuelle que l\u2019Utilisateur qui reproduit, copie ou publie le contenu prot\u00e9g\u00e9 doit citer l\u2019auteur et sa source.<\/p>\n<h4>ARTICLE 5 : Responsabilit\u00e9\u00a0<\/h4>\n<p>Les sources des informations diffus\u00e9es sur le site ChallengeMe.online sont r\u00e9put\u00e9es fiables mais le site ne garantit pas qu\u2019il soit exempt de d\u00e9fauts, d\u2019erreurs ou d\u2019omissions.<\/p>\n<p>Les informations communiqu\u00e9es sont pr\u00e9sent\u00e9es \u00e0 titre indicatif et g\u00e9n\u00e9ral sans valeur contractuelle. Malgr\u00e9 des mises \u00e0 jour r\u00e9guli\u00e8res, le site ChallengeMe.online ne peut \u00eatre tenu responsable de la modification des dispositions administratives et juridiques survenant apr\u00e8s la publication. De m\u00eame, le site ne peut \u00eatre tenu pour responsable de l\u2019utilisation et de l\u2019interpr\u00e9tation de l\u2019information contenue dans ce site.<\/p>\n<p>Dans le cas d\u2019une authentification directe sur le site, l&rsquo;Utilisateur s&rsquo;assure de garder son mot de passe secret. Toute divulgation du mot de passe, quelle que soit sa forme, est interdite. Il assume les risques li\u00e9s \u00e0 l&rsquo;utilisation de son identifiant et mot de passe. Le site d\u00e9cline toute responsabilit\u00e9 dans le m\u00e9susage du site qui r\u00e9sulterait d\u2019une compromission de ces identifiants et mot de passe.<\/p>\n<p>Le site ChallengeMe.online ne peut \u00eatre tenu pour responsable d\u2019\u00e9ventuels virus qui pourraient infecter l\u2019ordinateur ou tout mat\u00e9riel informatique de l\u2019Internaute, suite \u00e0 une utilisation, \u00e0 l\u2019acc\u00e8s, ou au t\u00e9l\u00e9chargement provenant de ce site.<\/p>\n<p>La responsabilit\u00e9 du site ne peut \u00eatre engag\u00e9e en cas de force majeure ou du fait impr\u00e9visible et insurmontable d&rsquo;un tiers.<\/p>\n<h4>ARTICLE 6 : Liens hypertextes\u00a0<\/h4>\n<p>ChallengeMe.online ne propose pas de lien externe vers des contenus qui ne seraient pas g\u00e9r\u00e9s par la soci\u00e9t\u00e9 ServicesYou, et qui \u00e9chapperait \u00e0 ces CGU. Cependant, des liens hypertextes peuvent \u00eatre pr\u00e9sents dans les publications propos\u00e9es par les tout ou partie des Utilisateurs de l\u2019ayant droit. Les contributions des Utilisateurs sont clairement identifi\u00e9es (r\u00e9ponse \u00e0 un Challenge, feedback \u00e0 une r\u00e9ponse, commentaire sur un crit\u00e8re d\u2019\u00e9valuation). L\u2019Utilisateur est inform\u00e9 qu\u2019en cliquant sur ces liens, il pourrait sortir du site ChallengeMe.online. Ce dernier n\u2019a pas de contr\u00f4le sur les pages web sur lesquelles aboutissent ces liens et ne saurait, en aucun cas, \u00eatre responsable de leur contenu.<\/p>\n<h4>ARTICLE 7 : Cookies<\/h4>\n<p>\u00a0<\/p>\n<p>L\u2019Utilisateur est inform\u00e9 que lors de ses visites sur le site, un cookie peut s\u2019installer automatiquement sur son logiciel de navigation.<\/p>\n<p>Les cookies sont de petits fichiers stock\u00e9s temporairement sur le disque dur de l\u2019ordinateur de l\u2019Utilisateur par votre navigateur et qui sont n\u00e9cessaires \u00e0 l\u2019utilisation du site ChallengeMe.online. Les cookies ne contiennent pas d\u2019information personnelle et ne peuvent pas \u00eatre utilis\u00e9s pour identifier quelqu\u2019un. Un cookie contient un identifiant unique, g\u00e9n\u00e9r\u00e9 al\u00e9atoirement et donc anonyme. Certains cookies expirent \u00e0 la fin de la visite de l\u2019Utilisateur, d\u2019autres restent.<\/p>\n<p>L\u2019information contenue dans les cookies est utilis\u00e9e pour am\u00e9liorer le site ChallengeMe.online .<\/p>\n<p>En naviguant sur le site, l\u2019Utilisateur les accepte.<\/p>\n<p>L\u2019Utilisateur pourra d\u00e9sactiver ces cookies par l\u2019interm\u00e9diaire des param\u00e8tres figurant au sein de son logiciel de navigation, cependant il accepte que le site puisse fonctionner de mani\u00e8re d\u00e9grad\u00e9e ou reste inaccessible (certains m\u00e9canismes d\u2019authentification par exemple requi\u00e8rent un cookie).<\/p>\n<p>Cet article est susceptible d&rsquo;\u00eatre modifi\u00e9 dans les Conditions d&rsquo;Utilisation Sp\u00e9cifiques d\u00e9livr\u00e9e pour votre organisation, \u00e9cole ou entreprise. Dans le cas d&rsquo;application de Conditions d&rsquo;Utilisation Sp\u00e9cifiques, elles sont tenues disponibles via un lien accol\u00e9 aux liens des Mentions L\u00e9gales et\/ou des CGU.<\/p>\n<h4>ARTICLE 8 : Publication par l\u2019Utilisateur<\/h4>\n<p>Le site permet aux Utilisateurs de publier les contenus suivants :<\/p>\n<p>Texte, Images, Vid\u00e9os, Documents.<\/p>\n<p>Dans ses publications, l\u2019Utilisateur s\u2019engage \u00e0 respecter les r\u00e8gles de la Netiquette (r\u00e8gles de bonne conduite de l\u2019internet) et les r\u00e8gles de droit en vigueur.<\/p>\n<p>Le site peut exercer une mod\u00e9ration sur les publications et se r\u00e9serve le droit de refuser leur mise en ligne, sans avoir \u00e0 s\u2019en justifier aupr\u00e8s de l\u2019Utilisateur.<\/p>\n<p>L\u2019Utilisateur reste titulaire de l\u2019int\u00e9gralit\u00e9 de ses droits de propri\u00e9t\u00e9 intellectuelle. Mais en publiant une publication sur le site, il c\u00e8de \u00e0 la soci\u00e9t\u00e9 \u00e9ditrice le droit non exclusif et gratuit de repr\u00e9senter, reproduire, adapter, modifier, diffuser et distribuer sa publication, directement ou par un tiers autoris\u00e9, dans le monde entier, sur tout support (num\u00e9rique ou physique), pour la dur\u00e9e de la propri\u00e9t\u00e9 intellectuelle. l\u2019Utilisateur c\u00e8de notamment le droit d&rsquo;utiliser sa publication sur internet et sur les r\u00e9seaux de t\u00e9l\u00e9phonie mobile.<\/p>\n<p>Tout contenu mis en ligne par l&rsquo;Utilisateur est de sa seule responsabilit\u00e9. L&rsquo;Utilisateur s&rsquo;engage \u00e0 ne pas mettre en ligne de contenus pouvant porter atteinte aux int\u00e9r\u00eats de tierces personnes. Tout recours en justice engag\u00e9 par un tiers l\u00e9s\u00e9 contre le site sera pris en charge par l&rsquo;Utilisateur.<\/p>\n<p>Le contenu de l&rsquo;Utilisateur peut \u00eatre \u00e0 tout moment et pour n&rsquo;importe quelle raison supprim\u00e9 ou modifi\u00e9 par le site, sans pr\u00e9avis.<\/p>\n<h4>ARTICLE 9 : Droit applicable et juridiction comp\u00e9tente<\/h4>\n<p>La l\u00e9gislation fran\u00e7aise s&rsquo;applique au pr\u00e9sent contrat. En cas d&rsquo;absence de r\u00e9solution amiable d&rsquo;un litige n\u00e9 entre les parties, les tribunaux fran\u00e7ais seront seuls comp\u00e9tents pour en conna\u00eetre.<\/p>\n<p>Pour toute question relative \u00e0 l\u2019application des pr\u00e9sentes CGU, vous pouvez joindre l\u2019\u00e9diteur aux coordonn\u00e9es inscrites \u00e0 l\u2019ARTICLE 1.<\/p>\n<\/div>\n<\/div>\t\t\t\t\t\t\t\t<\/div>\n\t\t\t\t<\/div>\n\t\t\t\t\t<\/div>\n\t\t<\/div>\n\t\t\t\t\t<\/div>\n\t\t<\/section>\n\t\t\t\t<\/div>","protected":false},"excerpt":{"rendered":"<p>Mentions l\u00e9gales \/ Politique de confidentialit\u00e9 Conditions g\u00e9n\u00e9rales d&rsquo;utilisation En vigueur au 30\/12\/2021\u00a0 Les pr\u00e9sentes conditions g\u00e9n\u00e9rales d&rsquo;utilisation (dites \u00ab CGU \u00bb) ont pour objet l&rsquo;encadrement juridique des modalit\u00e9s de mise \u00e0 disposition du site et des services ChallengeMe.online par la soci\u00e9t\u00e9 ServicesYou et de d\u00e9finir les conditions d\u2019acc\u00e8s et d\u2019utilisation des services par \u00abl&rsquo;Utilisateur\u00bb. [&hellip;]<\/p>","protected":false},"author":4,"featured_media":0,"parent":0,"menu_order":0,"comment_status":"closed","ping_status":"closed","template":"elementor_header_footer","meta":{"content-type":"","footnotes":""},"cas_dusage":[],"categ":[],"format_activite":[],"class_list":["post-2658","page","type-page","status-publish","hentry"],"_links":{"self":[{"href":"https:\/\/challengeme.online\/en\/wp-json\/wp\/v2\/pages\/2658","targetHints":{"allow":["GET"]}}],"collection":[{"href":"https:\/\/challengeme.online\/en\/wp-json\/wp\/v2\/pages"}],"about":[{"href":"https:\/\/challengeme.online\/en\/wp-json\/wp\/v2\/types\/page"}],"author":[{"embeddable":true,"href":"https:\/\/challengeme.online\/en\/wp-json\/wp\/v2\/users\/4"}],"replies":[{"embeddable":true,"href":"https:\/\/challengeme.online\/en\/wp-json\/wp\/v2\/comments?post=2658"}],"version-history":[{"count":7,"href":"https:\/\/challengeme.online\/en\/wp-json\/wp\/v2\/pages\/2658\/revisions"}],"predecessor-version":[{"id":9467,"href":"https:\/\/challengeme.online\/en\/wp-json\/wp\/v2\/pages\/2658\/revisions\/9467"}],"wp:attachment":[{"href":"https:\/\/challengeme.online\/en\/wp-json\/wp\/v2\/media?parent=2658"}],"wp:term":[{"taxonomy":"cas_dusage","embeddable":true,"href":"https:\/\/challengeme.online\/en\/wp-json\/wp\/v2\/cas_dusage?post=2658"},{"taxonomy":"categ","embeddable":true,"href":"https:\/\/challengeme.online\/en\/wp-json\/wp\/v2\/categ?post=2658"},{"taxonomy":"format_activite","embeddable":true,"href":"https:\/\/challengeme.online\/en\/wp-json\/wp\/v2\/format_activite?post=2658"}],"curies":[{"name":"wp","href":"https:\/\/api.w.org\/{rel}","templated":true}]}}