{"id":1864,"date":"2021-10-13T17:13:42","date_gmt":"2021-10-13T15:13:42","guid":{"rendered":"https:\/\/challengeme.online\/?page_id=1864"},"modified":"2024-08-19T16:22:32","modified_gmt":"2024-08-19T14:22:32","slug":"skema-bs-qcm","status":"publish","type":"page","link":"https:\/\/challengeme.online\/en\/skema-bs-qcm\/","title":{"rendered":"Comment SKEMA a utilis\u00e9 le QCM pair \u00e0 pair avec ChallengeMe"},"content":{"rendered":"<div data-elementor-type=\"wp-page\" data-elementor-id=\"1864\" class=\"elementor elementor-1864\" data-elementor-post-type=\"page\">\n\t\t\t\t\t\t<section class=\"elementor-section elementor-top-section elementor-element elementor-element-baed938 elementor-section-height-min-height elementor-section-stretched elementor-section-boxed elementor-section-height-default elementor-section-items-middle\" data-id=\"baed938\" data-element_type=\"section\" data-settings=\"{&quot;stretch_section&quot;:&quot;section-stretched&quot;,&quot;background_background&quot;:&quot;classic&quot;,&quot;shape_divider_bottom&quot;:&quot;opacity-tilt&quot;}\">\n\t\t\t\t\t\t\t<div class=\"elementor-background-overlay\"><\/div>\n\t\t\t\t\t\t<div class=\"elementor-shape elementor-shape-bottom\" data-negative=\"false\">\n\t\t\t<svg xmlns=\"http:\/\/www.w3.org\/2000\/svg\" viewbox=\"0 0 2600 131.1\" preserveaspectratio=\"none\">\n\t<path class=\"elementor-shape-fill\" d=\"M0 0L2600 0 2600 69.1 0 0z\"\/>\n\t<path class=\"elementor-shape-fill\" style=\"opacity:0.5\" d=\"M0 0L2600 0 2600 69.1 0 69.1z\"\/>\n\t<path class=\"elementor-shape-fill\" style=\"opacity:0.25\" d=\"M2600 0L0 0 0 130.1 2600 69.1z\"\/>\n<\/svg>\t\t<\/div>\n\t\t\t\t\t<div class=\"elementor-container elementor-column-gap-default\">\n\t\t\t\t\t<div class=\"elementor-column elementor-col-100 elementor-top-column elementor-element elementor-element-6f88f0b\" data-id=\"6f88f0b\" data-element_type=\"column\">\n\t\t\t<div class=\"elementor-widget-wrap elementor-element-populated\">\n\t\t\t\t\t\t<div class=\"elementor-element elementor-element-7f95375 elementor-widget elementor-widget-heading\" data-id=\"7f95375\" data-element_type=\"widget\" data-widget_type=\"heading.default\">\n\t\t\t\t<div class=\"elementor-widget-container\">\n\t\t\t\t\t<h1 class=\"elementor-heading-title elementor-size-xl\">Skema Business School<\/h1>\t\t\t\t<\/div>\n\t\t\t\t<\/div>\n\t\t\t\t<div class=\"elementor-element elementor-element-0dc5d63 elementor-widget elementor-widget-text-editor\" data-id=\"0dc5d63\" data-element_type=\"widget\" data-widget_type=\"text-editor.default\">\n\t\t\t\t<div class=\"elementor-widget-container\">\n\t\t\t\t\t\t\t\t\t<p>Comment Skema Business School a utilis\u00e9 ChallengeMe<\/p>\t\t\t\t\t\t\t\t<\/div>\n\t\t\t\t<\/div>\n\t\t\t\t\t<\/div>\n\t\t<\/div>\n\t\t\t\t\t<\/div>\n\t\t<\/section>\n\t\t\t\t<section class=\"elementor-section elementor-top-section elementor-element elementor-element-e55c69e elementor-section-boxed elementor-section-height-default elementor-section-height-default\" data-id=\"e55c69e\" data-element_type=\"section\">\n\t\t\t\t\t\t<div class=\"elementor-container elementor-column-gap-default\">\n\t\t\t\t\t<div class=\"elementor-column elementor-col-100 elementor-top-column elementor-element elementor-element-0b09c7e\" data-id=\"0b09c7e\" data-element_type=\"column\">\n\t\t\t<div class=\"elementor-widget-wrap\">\n\t\t\t\t\t\t\t<\/div>\n\t\t<\/div>\n\t\t\t\t\t<\/div>\n\t\t<\/section>\n\t\t\t\t<section class=\"elementor-section elementor-top-section elementor-element elementor-element-adc2638 elementor-section-boxed elementor-section-height-default elementor-section-height-default\" data-id=\"adc2638\" data-element_type=\"section\">\n\t\t\t\t\t\t<div class=\"elementor-container elementor-column-gap-default\">\n\t\t\t\t\t<div class=\"elementor-column elementor-col-100 elementor-top-column elementor-element elementor-element-dbe10c2\" data-id=\"dbe10c2\" data-element_type=\"column\">\n\t\t\t<div class=\"elementor-widget-wrap elementor-element-populated\">\n\t\t\t\t\t\t<div class=\"elementor-element elementor-element-6a260c3 elementor-widget elementor-widget-image\" data-id=\"6a260c3\" data-element_type=\"widget\" data-widget_type=\"image.default\">\n\t\t\t\t<div class=\"elementor-widget-container\">\n\t\t\t\t\t\t\t\t\t\t\t\t\t\t\t<img fetchpriority=\"high\" decoding=\"async\" width=\"1000\" height=\"297\" src=\"https:\/\/challengeme.online\/wp-content\/uploads\/2021\/06\/logo-skema-couleur-og-1000.png\" class=\"attachment-full size-full wp-image-1513\" alt=\"Skema Logo\" srcset=\"https:\/\/challengeme.online\/wp-content\/uploads\/2021\/06\/logo-skema-couleur-og-1000.png 1000w, https:\/\/challengeme.online\/wp-content\/uploads\/2021\/06\/logo-skema-couleur-og-1000-300x89.png 300w, https:\/\/challengeme.online\/wp-content\/uploads\/2021\/06\/logo-skema-couleur-og-1000-768x228.png 768w\" sizes=\"(max-width: 1000px) 100vw, 1000px\" \/>\t\t\t\t\t\t\t\t\t\t\t\t\t\t\t<\/div>\n\t\t\t\t<\/div>\n\t\t\t\t<div class=\"elementor-element elementor-element-cd193ef elementor-widget elementor-widget-heading\" data-id=\"cd193ef\" data-element_type=\"widget\" data-widget_type=\"heading.default\">\n\t\t\t\t<div class=\"elementor-widget-container\">\n\t\t\t\t\t<h2 class=\"elementor-heading-title elementor-size-default\">SKEMA, School of Knowledge Economy & Management \u2013 est l\u2019\u00e9cole globale qui pr\u00e9pare les talents des entreprises du XXIe si\u00e8cle \u2013 des talents responsables, mobiles, multiculturels, entrepreneurs, manageurs d\u2019informations, de donn\u00e9es et de connaissances. <\/h2>\t\t\t\t<\/div>\n\t\t\t\t<\/div>\n\t\t\t\t\t<\/div>\n\t\t<\/div>\n\t\t\t\t\t<\/div>\n\t\t<\/section>\n\t\t<div class=\"elementor-element elementor-element-68f5231 e-flex e-con-boxed e-con e-parent\" data-id=\"68f5231\" data-element_type=\"container\">\n\t\t\t\t\t<div class=\"e-con-inner\">\n\t\t\t\t<div class=\"elementor-element elementor-element-9b90a1f elementor-widget elementor-widget-text-editor\" data-id=\"9b90a1f\" data-element_type=\"widget\" data-widget_type=\"text-editor.default\">\n\t\t\t\t<div class=\"elementor-widget-container\">\n\t\t\t\t\t\t\t\t\t<p>Page source : <a href=\"https:\/\/knowledge.skema-bs.fr\/qcm-pair-skema-prepa-esdhem-commerce\/\" target=\"_blank\" rel=\"noopener\">https:\/\/knowledge.skema-bs.fr\/qcm-pair-skema-prepa-esdhem-commerce\/<\/a><\/p>\t\t\t\t\t\t\t\t<\/div>\n\t\t\t\t<\/div>\n\t\t\t\t\t<\/div>\n\t\t\t\t<\/div>\n\t\t<div class=\"elementor-element elementor-element-9872166 e-flex e-con-boxed e-con e-parent\" data-id=\"9872166\" data-element_type=\"container\">\n\t\t\t\t\t<div class=\"e-con-inner\">\n\t\t\t\t<div class=\"elementor-element elementor-element-8675ead elementor-widget elementor-widget-html\" data-id=\"8675ead\" data-element_type=\"widget\" data-widget_type=\"html.default\">\n\t\t\t\t<div class=\"elementor-widget-container\">\n\t\t\t\t\t<iframe\n  id=\"skemaQcm\"\n  title=\"QCM en pair-\u00e0-pair \u00e0 SKEMA\"\n  width=\"800\"\n  height=\"1000\"\n  src=\"https:\/\/knowledge.skema-bs.fr\/qcm-pair-skema-prepa-esdhem-commerce\/\">\n<\/iframe>\n\t\t\t\t<\/div>\n\t\t\t\t<\/div>\n\t\t\t\t\t<\/div>\n\t\t\t\t<\/div>\n\t\t\t\t<\/div>","protected":false},"excerpt":{"rendered":"<p>Skema Business School Comment Skema Business School a utilis\u00e9 ChallengeMe SKEMA, School of Knowledge Economy &#038; Management \u2013 est l\u2019\u00e9cole globale qui pr\u00e9pare les talents des entreprises du XXIe si\u00e8cle \u2013 des talents responsables, mobiles, multiculturels, entrepreneurs, manageurs d\u2019informations, de donn\u00e9es et de connaissances. Page source : https:\/\/knowledge.skema-bs.fr\/qcm-pair-skema-prepa-esdhem-commerce\/<\/p>","protected":false},"author":4,"featured_media":9587,"parent":0,"menu_order":0,"comment_status":"closed","ping_status":"closed","template":"elementor_header_footer","meta":{"_acf_changed":false,"content-type":"","footnotes":""},"cas_usage":[],"format_d_activite":[],"objectif":[],"projet":[],"cas_dusage":[68],"categ":[78],"format_activite":[],"class_list":["post-1864","page","type-page","status-publish","has-post-thumbnail","hentry","cas_dusage-evaluation-croisee","categ-temoignage"],"acf":[],"_links":{"self":[{"href":"https:\/\/challengeme.online\/en\/wp-json\/wp\/v2\/pages\/1864","targetHints":{"allow":["GET"]}}],"collection":[{"href":"https:\/\/challengeme.online\/en\/wp-json\/wp\/v2\/pages"}],"about":[{"href":"https:\/\/challengeme.online\/en\/wp-json\/wp\/v2\/types\/page"}],"author":[{"embeddable":true,"href":"https:\/\/challengeme.online\/en\/wp-json\/wp\/v2\/users\/4"}],"replies":[{"embeddable":true,"href":"https:\/\/challengeme.online\/en\/wp-json\/wp\/v2\/comments?post=1864"}],"version-history":[{"count":13,"href":"https:\/\/challengeme.online\/en\/wp-json\/wp\/v2\/pages\/1864\/revisions"}],"predecessor-version":[{"id":9925,"href":"https:\/\/challengeme.online\/en\/wp-json\/wp\/v2\/pages\/1864\/revisions\/9925"}],"wp:featuredmedia":[{"embeddable":true,"href":"https:\/\/challengeme.online\/en\/wp-json\/wp\/v2\/media\/9587"}],"wp:attachment":[{"href":"https:\/\/challengeme.online\/en\/wp-json\/wp\/v2\/media?parent=1864"}],"wp:term":[{"taxonomy":"cas_usage","embeddable":true,"href":"https:\/\/challengeme.online\/en\/wp-json\/wp\/v2\/cas_usage?post=1864"},{"taxonomy":"format_d_activite","embeddable":true,"href":"https:\/\/challengeme.online\/en\/wp-json\/wp\/v2\/format_d_activite?post=1864"},{"taxonomy":"objectif","embeddable":true,"href":"https:\/\/challengeme.online\/en\/wp-json\/wp\/v2\/objectif?post=1864"},{"taxonomy":"projet","embeddable":true,"href":"https:\/\/challengeme.online\/en\/wp-json\/wp\/v2\/projet?post=1864"},{"taxonomy":"cas_dusage","embeddable":true,"href":"https:\/\/challengeme.online\/en\/wp-json\/wp\/v2\/cas_dusage?post=1864"},{"taxonomy":"categ","embeddable":true,"href":"https:\/\/challengeme.online\/en\/wp-json\/wp\/v2\/categ?post=1864"},{"taxonomy":"format_activite","embeddable":true,"href":"https:\/\/challengeme.online\/en\/wp-json\/wp\/v2\/format_activite?post=1864"}],"curies":[{"name":"wp","href":"https:\/\/api.w.org\/{rel}","templated":true}]}}