{"id":16801,"date":"2026-03-24T15:16:57","date_gmt":"2026-03-24T14:16:57","guid":{"rendered":"https:\/\/challengeme.online\/?page_id=16801"},"modified":"2026-03-27T15:12:29","modified_gmt":"2026-03-27T14:12:29","slug":"dilemm-ia","status":"publish","type":"page","link":"https:\/\/challengeme.online\/en\/dilemm-ia\/","title":{"rendered":"Dilemm-IA"},"content":{"rendered":"<div data-elementor-type=\"wp-page\" data-elementor-id=\"16801\" class=\"elementor elementor-16801\" data-elementor-post-type=\"page\">\n\t\t\t\t<div class=\"elementor-element elementor-element-69a031b8 e-con-full e-flex e-con e-child\" data-id=\"69a031b8\" data-element_type=\"container\">\n\t\t\t\t<div class=\"elementor-element elementor-element-54ca850b elementor-widget elementor-widget-button\" data-id=\"54ca850b\" data-element_type=\"widget\" data-widget_type=\"button.default\">\n\t\t\t\t<div class=\"elementor-widget-container\">\n\t\t\t\t\t\t\t\t\t<div class=\"elementor-button-wrapper\">\n\t\t\t\t\t<a class=\"elementor-button elementor-size-sm\" role=\"button\">\n\t\t\t\t\t\t<span class=\"elementor-button-content-wrapper\">\n\t\t\t\t\t\t<span class=\"elementor-button-icon\">\n\t\t\t\t<i aria-hidden=\"true\" class=\"fas fa-robot\"><\/i>\t\t\t<\/span>\n\t\t\t\t\t\t\t\t\t<span class=\"elementor-button-text\">IA<\/span>\n\t\t\t\t\t<\/span>\n\t\t\t\t\t<\/a>\n\t\t\t\t<\/div>\n\t\t\t\t\t\t\t\t<\/div>\n\t\t\t\t<\/div>\n\t\t\t\t<div class=\"elementor-element elementor-element-5a81cedf elementor-widget elementor-widget-heading\" data-id=\"5a81cedf\" data-element_type=\"widget\" data-widget_type=\"heading.default\">\n\t\t\t\t<div class=\"elementor-widget-container\">\n\t\t\t\t\t<h2 class=\"elementor-heading-title elementor-size-default\">Dilemm-IA<\/h2>\t\t\t\t<\/div>\n\t\t\t\t<\/div>\n\t\t\t\t<div class=\"elementor-element elementor-element-613dd01e elementor-widget elementor-widget-text-editor\" data-id=\"613dd01e\" data-element_type=\"widget\" data-widget_type=\"text-editor.default\">\n\t\t\t\t<div class=\"elementor-widget-container\">\n\t\t\t\t\t\t\t\t\t<div class=\"s-whitespace-pre-wrap s-break-words s-font-normal first:s-pt-0 last:s-pb-0 s-py-1 @md:s-py-2 @md:s-leading-7 s-text-base s-leading-7 s-text-foreground dark:s-text-foreground-night\" style=\"text-align: center;\"><strong class=\"s-font-semibold s-text-foreground dark:s-text-foreground-night\">un template p\u00e9dagogique cl\u00e9 en main pour d\u00e9velopper l&rsquo;esprit critique de vos \u00e9tudiants face aux IA g\u00e9n\u00e9ratives<\/strong><\/div><div class=\"s-whitespace-pre-wrap s-break-words s-font-normal first:s-pt-0 last:s-pb-0 s-py-1 @md:s-py-2 @md:s-leading-7 s-text-base s-leading-7 s-text-foreground dark:s-text-foreground-night\" style=\"text-align: center;\">Con\u00e7u par des enseignants-chercheurs de l&rsquo;IAE de Montpellier dans le cadre d&rsquo;un projet FNEGE, ce template est <strong class=\"s-font-semibold s-text-foreground dark:s-text-foreground-night\">disponible gratuitement<\/strong> pour tous les \u00e9tablissements ChallengeMe.<\/div><div class=\"s-whitespace-pre-wrap s-break-words s-font-normal first:s-pt-0 last:s-pb-0 s-py-1 @md:s-py-2 @md:s-leading-7 s-text-base s-leading-7 s-text-foreground dark:s-text-foreground-night\" style=\"text-align: center;\">En quelques clics, importez l&rsquo;activit\u00e9 dans votre Moodle et lancez un jeu de dilemmes \u00e9thiques sur l&rsquo;IAG avec vos \u00e9tudiants.<\/div>\t\t\t\t\t\t\t\t<\/div>\n\t\t\t\t<\/div>\n\t\t\t\t<div class=\"elementor-element elementor-element-6e2371c3 elementor-widget elementor-widget-button\" data-id=\"6e2371c3\" data-element_type=\"widget\" data-widget_type=\"button.default\">\n\t\t\t\t<div class=\"elementor-widget-container\">\n\t\t\t\t\t\t\t\t\t<div class=\"elementor-button-wrapper\">\n\t\t\t\t\t<a class=\"elementor-button elementor-button-link elementor-size-sm\" href=\"mailto:ludo@challengeme.online\">\n\t\t\t\t\t\t<span class=\"elementor-button-content-wrapper\">\n\t\t\t\t\t\t<span class=\"elementor-button-icon\">\n\t\t\t\t<i aria-hidden=\"true\" class=\"fas fa-arrow-right\"><\/i>\t\t\t<\/span>\n\t\t\t\t\t\t\t\t\t<span class=\"elementor-button-text\">Acc\u00e8der au template<\/span>\n\t\t\t\t\t<\/span>\n\t\t\t\t\t<\/a>\n\t\t\t\t<\/div>\n\t\t\t\t\t\t\t\t<\/div>\n\t\t\t\t<\/div>\n\t\t\t\t<div class=\"elementor-element elementor-element-87363f0 elementor-widget elementor-widget-image\" data-id=\"87363f0\" data-element_type=\"widget\" data-widget_type=\"image.default\">\n\t\t\t\t<div class=\"elementor-widget-container\">\n\t\t\t\t\t\t\t\t\t\t\t\t\t\t\t<img fetchpriority=\"high\" decoding=\"async\" width=\"800\" height=\"341\" src=\"https:\/\/challengeme.online\/wp-content\/uploads\/2026\/03\/Capture-decran_27-3-2026_15940_app.challengeme.online-1024x436.jpeg\" class=\"attachment-large size-large wp-image-16811\" alt=\"\" srcset=\"https:\/\/challengeme.online\/wp-content\/uploads\/2026\/03\/Capture-decran_27-3-2026_15940_app.challengeme.online-1024x436.jpeg 1024w, https:\/\/challengeme.online\/wp-content\/uploads\/2026\/03\/Capture-decran_27-3-2026_15940_app.challengeme.online-300x128.jpeg 300w, https:\/\/challengeme.online\/wp-content\/uploads\/2026\/03\/Capture-decran_27-3-2026_15940_app.challengeme.online-768x327.jpeg 768w, https:\/\/challengeme.online\/wp-content\/uploads\/2026\/03\/Capture-decran_27-3-2026_15940_app.challengeme.online-18x8.jpeg 18w, https:\/\/challengeme.online\/wp-content\/uploads\/2026\/03\/Capture-decran_27-3-2026_15940_app.challengeme.online.jpeg 1450w\" sizes=\"(max-width: 800px) 100vw, 800px\" \/>\t\t\t\t\t\t\t\t\t\t\t\t\t\t\t<\/div>\n\t\t\t\t<\/div>\n\t\t\t\t<\/div>\n\t\t<div class=\"elementor-element elementor-element-51fa058a e-flex e-con-boxed e-con e-parent\" data-id=\"51fa058a\" data-element_type=\"container\">\n\t\t\t\t\t<div class=\"e-con-inner\">\n\t\t<div class=\"elementor-element elementor-element-5c87e19f e-con-full e-flex e-con e-child\" data-id=\"5c87e19f\" data-element_type=\"container\" data-settings=\"{&quot;background_background&quot;:&quot;classic&quot;}\">\n\t\t\t\t<div class=\"elementor-element elementor-element-257afe28 elementor-widget elementor-widget-heading\" data-id=\"257afe28\" data-element_type=\"widget\" data-widget_type=\"heading.default\">\n\t\t\t\t<div class=\"elementor-widget-container\">\n\t\t\t\t\t<h2 class=\"elementor-heading-title elementor-size-default\">\ud83c\udfc6 Kit Expert<\/h2>\t\t\t\t<\/div>\n\t\t\t\t<\/div>\n\t\t\t\t<div class=\"elementor-element elementor-element-1d85cce8 elementor-widget elementor-widget-text-editor\" data-id=\"1d85cce8\" data-element_type=\"widget\" data-widget_type=\"text-editor.default\">\n\t\t\t\t<div class=\"elementor-widget-container\">\n\t\t\t\t\t\t\t\t\t<div class=\"s-whitespace-pre-wrap s-break-words s-font-normal first:s-pt-0 last:s-pb-0 s-py-1 @md:s-py-2 @md:s-leading-7 s-text-base s-leading-7 s-text-foreground dark:s-text-foreground-night\">Activit\u00e9 compl\u00e8te avec \u00e9valuation par les pairs, id\u00e9ale pour une s\u00e9quence p\u00e9dagogique approfondie (3 \u00e0 5h)<\/div><ul class=\"s-list-disc s-pb-2 s-pl-6 s-text-foreground dark:s-text-foreground-night s-text-base s-leading-7\"><li class=\"s-break-words s-text-foreground dark:s-text-foreground-night s-text-base s-leading-7\">Cr\u00e9ation de dilemmes par les \u00e9tudiants<\/li><li class=\"s-break-words s-text-foreground dark:s-text-foreground-night s-text-base s-leading-7\">\u00c9valuation anonyme par les pairs (3 sc\u00e9narios chacun)<\/li><li class=\"s-break-words s-text-foreground dark:s-text-foreground-night s-text-base s-leading-7\">Grille crit\u00e9ri\u00e9e personnalisable<\/li><li class=\"s-break-words s-text-foreground dark:s-text-foreground-night s-text-base s-leading-7\">Note individuelle ou en \u00e9quipe<\/li><\/ul>\t\t\t\t\t\t\t\t<\/div>\n\t\t\t\t<\/div>\n\t\t\t\t<\/div>\n\t\t<div class=\"elementor-element elementor-element-4137b829 e-con-full e-flex e-con e-child\" data-id=\"4137b829\" data-element_type=\"container\" data-settings=\"{&quot;background_background&quot;:&quot;classic&quot;}\">\n\t\t\t\t<div class=\"elementor-element elementor-element-6625f9fe elementor-widget elementor-widget-heading\" data-id=\"6625f9fe\" data-element_type=\"widget\" data-widget_type=\"heading.default\">\n\t\t\t\t<div class=\"elementor-widget-container\">\n\t\t\t\t\t<h2 class=\"elementor-heading-title elementor-size-default\">\ud83d\udd0d Kit D\u00e9couverte<\/h2>\t\t\t\t<\/div>\n\t\t\t\t<\/div>\n\t\t\t\t<div class=\"elementor-element elementor-element-41769073 elementor-widget elementor-widget-text-editor\" data-id=\"41769073\" data-element_type=\"widget\" data-widget_type=\"text-editor.default\">\n\t\t\t\t<div class=\"elementor-widget-container\">\n\t\t\t\t\t\t\t\t\t<div class=\"s-whitespace-pre-wrap s-break-words s-font-normal first:s-pt-0 last:s-pb-0 s-py-1 @md:s-py-2 @md:s-leading-7 s-text-base s-leading-7 s-text-foreground dark:s-text-foreground-night\">Animation l\u00e9g\u00e8re cl\u00e9 en main, sans note, pour aborder l&rsquo;\u00e9thique de l&rsquo;IA en 1 \u00e0 2 heures<\/div><ul class=\"s-list-disc s-pb-2 s-pl-6 s-text-foreground dark:s-text-foreground-night s-text-base s-leading-7\"><li class=\"s-break-words s-text-foreground dark:s-text-foreground-night s-text-base s-leading-7\">4 sc\u00e9narios professionnels pr\u00eats \u00e0 l&#8217;emploi<\/li><li class=\"s-break-words s-text-foreground dark:s-text-foreground-night s-text-base s-leading-7\">Activit\u00e9 Wooclap duplicable en 1 clic<\/li><li class=\"s-break-words s-text-foreground dark:s-text-foreground-night s-text-base s-leading-7\">Discussion guid\u00e9e avec pistes de correction<\/li><li class=\"s-break-words s-text-foreground dark:s-text-foreground-night s-text-base s-leading-7\">Aucune pr\u00e9paration technique requise<\/li><\/ul>\t\t\t\t\t\t\t\t<\/div>\n\t\t\t\t<\/div>\n\t\t\t\t<\/div>\n\t\t<div class=\"elementor-element elementor-element-56fa6d58 e-con-full e-flex e-con e-child\" data-id=\"56fa6d58\" data-element_type=\"container\" data-settings=\"{&quot;background_background&quot;:&quot;classic&quot;}\">\n\t\t\t\t<div class=\"elementor-element elementor-element-123c4bbd elementor-widget elementor-widget-heading\" data-id=\"123c4bbd\" data-element_type=\"widget\" data-widget_type=\"heading.default\">\n\t\t\t\t<div class=\"elementor-widget-container\">\n\t\t\t\t\t<h2 class=\"elementor-heading-title elementor-size-default\">\ud83e\udd1d \u00c9valuation par les pairs<\/h2>\t\t\t\t<\/div>\n\t\t\t\t<\/div>\n\t\t\t\t<div class=\"elementor-element elementor-element-b4bc22b elementor-widget elementor-widget-text-editor\" data-id=\"b4bc22b\" data-element_type=\"widget\" data-widget_type=\"text-editor.default\">\n\t\t\t\t<div class=\"elementor-widget-container\">\n\t\t\t\t\t\t\t\t\t<div class=\"s-whitespace-pre-wrap s-break-words s-font-normal first:s-pt-0 last:s-pb-0 s-py-1 @md:s-py-2 @md:s-leading-7 s-text-base s-leading-7 s-text-foreground dark:s-text-foreground-night\">Les \u00e9tudiants \u00e9valuent et commentent les travaux de leurs pairs avec une grille structur\u00e9e sur ChallengeMe<\/div><ul class=\"s-list-disc s-pb-2 s-pl-6 s-text-foreground dark:s-text-foreground-night s-text-base s-leading-7\"><li class=\"s-break-words s-text-foreground dark:s-text-foreground-night s-text-base s-leading-7\">Anonymat garanti entre participants<\/li><li class=\"s-break-words s-text-foreground dark:s-text-foreground-night s-text-base s-leading-7\">Feedbacks construits et argument\u00e9s<\/li><li class=\"s-break-words s-text-foreground dark:s-text-foreground-night s-text-base s-leading-7\">IA Feedback Coach disponible en option<\/li><li class=\"s-break-words s-text-foreground dark:s-text-foreground-night s-text-base s-leading-7\">R\u00e9sultats et notes automatis\u00e9s<\/li><\/ul>\t\t\t\t\t\t\t\t<\/div>\n\t\t\t\t<\/div>\n\t\t\t\t<\/div>\n\t\t<div class=\"elementor-element elementor-element-185cb48e e-con-full e-flex e-con e-child\" data-id=\"185cb48e\" data-element_type=\"container\" data-settings=\"{&quot;background_background&quot;:&quot;classic&quot;}\">\n\t\t\t\t<div class=\"elementor-element elementor-element-79473f53 elementor-widget elementor-widget-heading\" data-id=\"79473f53\" data-element_type=\"widget\" data-widget_type=\"heading.default\">\n\t\t\t\t<div class=\"elementor-widget-container\">\n\t\t\t\t\t<h2 class=\"elementor-heading-title elementor-size-default\">\ud83d\udcac Discussion collective<\/h2>\t\t\t\t<\/div>\n\t\t\t\t<\/div>\n\t\t\t\t<div class=\"elementor-element elementor-element-7711f43f elementor-widget elementor-widget-text-editor\" data-id=\"7711f43f\" data-element_type=\"widget\" data-widget_type=\"text-editor.default\">\n\t\t\t\t<div class=\"elementor-widget-container\">\n\t\t\t\t\t\t\t\t\t<div class=\"s-whitespace-pre-wrap s-break-words s-font-normal first:s-pt-0 last:s-pb-0 s-py-1 @md:s-py-2 @md:s-leading-7 s-text-base s-leading-7 s-text-foreground dark:s-text-foreground-night\">L&rsquo;enseignant anime un d\u00e9bat \u00e9thique \u00e0 partir des dilemmes les plus repr\u00e9sentatifs du groupe<\/div><ul class=\"s-list-disc s-pb-2 s-pl-6 s-text-foreground dark:s-text-foreground-night s-text-base s-leading-7\"><li class=\"s-break-words s-text-foreground dark:s-text-foreground-night s-text-base s-leading-7\">Votes en temps r\u00e9el via Wooclap<\/li><li class=\"s-break-words s-text-foreground dark:s-text-foreground-night s-text-base s-leading-7\">Qualification \u00e9thique des alternatives (non \u00e9thique \/ possible \/ souhaitable)<\/li><li class=\"s-break-words s-text-foreground dark:s-text-foreground-night s-text-base s-leading-7\">Confrontation d&rsquo;arguments en groupe<\/li><li class=\"s-break-words s-text-foreground dark:s-text-foreground-night s-text-base s-leading-7\">Synth\u00e8se facilit\u00e9e par l&rsquo;enseignant<\/li><\/ul>\t\t\t\t\t\t\t\t<\/div>\n\t\t\t\t<\/div>\n\t\t\t\t<\/div>\n\t\t\t\t\t<\/div>\n\t\t\t\t<\/div>\n\t\t\t\t<\/div>","protected":false},"excerpt":{"rendered":"<p>IA Dilemm-IA un template p\u00e9dagogique cl\u00e9 en main pour d\u00e9velopper l&rsquo;esprit critique de vos \u00e9tudiants face aux IA g\u00e9n\u00e9rativesCon\u00e7u par des enseignants-chercheurs de l&rsquo;IAE de Montpellier dans le cadre d&rsquo;un projet FNEGE, ce template est disponible gratuitement pour tous les \u00e9tablissements ChallengeMe.En quelques clics, importez l&rsquo;activit\u00e9 dans votre Moodle et lancez un jeu de dilemmes [&hellip;]<\/p>","protected":false},"author":5,"featured_media":0,"parent":0,"menu_order":0,"comment_status":"closed","ping_status":"closed","template":"elementor_header_footer","meta":{"_acf_changed":false,"content-type":"","footnotes":""},"cas_usage":[],"format_d_activite":[],"objectif":[],"projet":[],"cas_dusage":[],"categ":[],"format_activite":[],"class_list":["post-16801","page","type-page","status-publish","hentry"],"acf":[],"_links":{"self":[{"href":"https:\/\/challengeme.online\/en\/wp-json\/wp\/v2\/pages\/16801","targetHints":{"allow":["GET"]}}],"collection":[{"href":"https:\/\/challengeme.online\/en\/wp-json\/wp\/v2\/pages"}],"about":[{"href":"https:\/\/challengeme.online\/en\/wp-json\/wp\/v2\/types\/page"}],"author":[{"embeddable":true,"href":"https:\/\/challengeme.online\/en\/wp-json\/wp\/v2\/users\/5"}],"replies":[{"embeddable":true,"href":"https:\/\/challengeme.online\/en\/wp-json\/wp\/v2\/comments?post=16801"}],"version-history":[{"count":10,"href":"https:\/\/challengeme.online\/en\/wp-json\/wp\/v2\/pages\/16801\/revisions"}],"predecessor-version":[{"id":16817,"href":"https:\/\/challengeme.online\/en\/wp-json\/wp\/v2\/pages\/16801\/revisions\/16817"}],"wp:attachment":[{"href":"https:\/\/challengeme.online\/en\/wp-json\/wp\/v2\/media?parent=16801"}],"wp:term":[{"taxonomy":"cas_usage","embeddable":true,"href":"https:\/\/challengeme.online\/en\/wp-json\/wp\/v2\/cas_usage?post=16801"},{"taxonomy":"format_d_activite","embeddable":true,"href":"https:\/\/challengeme.online\/en\/wp-json\/wp\/v2\/format_d_activite?post=16801"},{"taxonomy":"objectif","embeddable":true,"href":"https:\/\/challengeme.online\/en\/wp-json\/wp\/v2\/objectif?post=16801"},{"taxonomy":"projet","embeddable":true,"href":"https:\/\/challengeme.online\/en\/wp-json\/wp\/v2\/projet?post=16801"},{"taxonomy":"cas_dusage","embeddable":true,"href":"https:\/\/challengeme.online\/en\/wp-json\/wp\/v2\/cas_dusage?post=16801"},{"taxonomy":"categ","embeddable":true,"href":"https:\/\/challengeme.online\/en\/wp-json\/wp\/v2\/categ?post=16801"},{"taxonomy":"format_activite","embeddable":true,"href":"https:\/\/challengeme.online\/en\/wp-json\/wp\/v2\/format_activite?post=16801"}],"curies":[{"name":"wp","href":"https:\/\/api.w.org\/{rel}","templated":true}]}}