{"id":16708,"date":"2026-03-05T10:46:57","date_gmt":"2026-03-05T09:46:57","guid":{"rendered":"https:\/\/challengeme.online\/?page_id=16708"},"modified":"2026-03-05T15:55:08","modified_gmt":"2026-03-05T14:55:08","slug":"dossier-evaluation-enseignement","status":"publish","type":"page","link":"https:\/\/challengeme.online\/en\/dossier-evaluation-enseignement\/","title":{"rendered":"Dossier Evalaution des Enseignements"},"content":{"rendered":"<div data-elementor-type=\"wp-page\" data-elementor-id=\"16708\" class=\"elementor elementor-16708\" data-elementor-post-type=\"page\">\n\t\t\t\t<div class=\"elementor-element elementor-element-37fd4d2 e-flex e-con-boxed e-con e-parent\" data-id=\"37fd4d2\" data-element_type=\"container\" data-settings=\"{&quot;background_background&quot;:&quot;classic&quot;}\">\n\t\t\t\t\t<div class=\"e-con-inner\">\n\t\t<div class=\"elementor-element elementor-element-aa9d2c1 e-con-full e-flex e-con e-child\" data-id=\"aa9d2c1\" data-element_type=\"container\">\n\t\t\t\t<div class=\"elementor-element elementor-element-6ae339e elementor-widget elementor-widget-heading\" data-id=\"6ae339e\" data-element_type=\"widget\" data-widget_type=\"heading.default\">\n\t\t\t\t<div class=\"elementor-widget-container\">\n\t\t\t\t\t<h1 class=\"elementor-heading-title elementor-size-default\">T\u00e9l\u00e9chargez le dossier : L'\u00e9valuation des enseignements dans l'ESR<\/h1>\t\t\t\t<\/div>\n\t\t\t\t<\/div>\n\t\t\t\t<div class=\"elementor-element elementor-element-d9b3da4 elementor-widget elementor-widget-spacer\" data-id=\"d9b3da4\" data-element_type=\"widget\" data-widget_type=\"spacer.default\">\n\t\t\t\t<div class=\"elementor-widget-container\">\n\t\t\t\t\t\t\t<div class=\"elementor-spacer\">\n\t\t\t<div class=\"elementor-spacer-inner\"><\/div>\n\t\t<\/div>\n\t\t\t\t\t\t<\/div>\n\t\t\t\t<\/div>\n\t\t\t\t<div class=\"elementor-element elementor-element-48b4fab elementor-widget elementor-widget-text-editor\" data-id=\"48b4fab\" data-element_type=\"widget\" data-widget_type=\"text-editor.default\">\n\t\t\t\t<div class=\"elementor-widget-container\">\n\t\t\t\t\t\t\t\t\t<p><strong class=\"s-font-semibold s-text-foreground dark:s-text-foreground-night\">L&rsquo;\u00e9valuation des enseignements est d\u00e9sormais une obligation. Mais entre la conformit\u00e9 et le levier p\u00e9dagogique, il y a un monde.<\/strong><\/p><p>Dans de nombreux \u00e9tablissements, elle se r\u00e9sume encore \u00e0 un questionnaire envoy\u00e9 en fin de semestre, dont les r\u00e9sultats dorment dans un tiroir administratif. Ce dossier vous aide \u00e0 franchir le cap : comprendre les exigences, s&rsquo;appuyer sur la recherche, et mettre en place une d\u00e9marche qui change vraiment les pratiques.<\/p><h3 class=\"s-pb-2 s-pt-4 s-heading-lg s-text-foreground dark:s-text-foreground-night\">\ud83d\udcd8\u00a0<strong class=\"s-font-semibold s-text-foreground dark:s-text-foreground-night\">Ce que vous trouverez dans ce dossier :<\/strong><\/h3><ul class=\"s-list-disc s-pb-2 s-pl-6 s-text-foreground dark:s-text-foreground-night s-text-base s-leading-7\"><li class=\"s-break-words s-text-foreground dark:s-text-foreground-night s-text-base s-leading-7\">\u2705 Le cadre r\u00e9glementaire complet (arr\u00eat\u00e9 de 2014, HCERES, CTI, AACSB, EQUIS) et ce que les auditeurs regardent concr\u00e8tement<\/li><li class=\"s-break-words s-text-foreground dark:s-text-foreground-night s-text-base s-leading-7\">\u2705\u00a0 Ce que dit la recherche sur les forces, les limites et les conditions de r\u00e9ussite de l&rsquo;\u00e9valuation des enseignements par les \u00e9tudiants<\/li><li class=\"s-break-words s-text-foreground dark:s-text-foreground-night s-text-base s-leading-7\">\u2705\u00a0 Des bonnes pratiques issues d&rsquo;\u00e9tablissements pionniers, directement applicables<\/li><li class=\"s-break-words s-text-foreground dark:s-text-foreground-night s-text-base s-leading-7\">\u2705\u00a0 Comment les outils num\u00e9riques, et ChallengeMe en particulier, transforment la collecte et l&rsquo;exploitation des donn\u00e9es p\u00e9dagogiques<\/li><\/ul>\t\t\t\t\t\t\t\t<\/div>\n\t\t\t\t<\/div>\n\t\t\t\t<\/div>\n\t\t<div class=\"elementor-element elementor-element-c52ba2b e-con-full e-flex e-con e-child\" data-id=\"c52ba2b\" data-element_type=\"container\">\n\t\t\t\t<div class=\"elementor-element elementor-element-40b0697 elementor-widget__width-inherit elementor-widget elementor-widget-hubspot-form\" data-id=\"40b0697\" data-element_type=\"widget\" data-widget_type=\"hubspot-form.default\">\n\t\t\t\t<div class=\"elementor-widget-container\">\n\t\t\t\t\t\n\t\t\t\t\t<script>\n\t\t\t\t\t\twindow.hsFormsOnReady = window.hsFormsOnReady || [];\n\t\t\t\t\t\twindow.hsFormsOnReady.push(()=>{\n\t\t\t\t\t\t\thbspt.forms.create({\n\t\t\t\t\t\t\t\tportalId: 1893885,\n\t\t\t\t\t\t\t\tformId: \"44b617aa-b596-4dd1-80a6-91efdc8b2083\",\n\t\t\t\t\t\t\t\ttarget: \"#hbspt-form-1776420191000-4005402276\",\n\t\t\t\t\t\t\t\tregion: \"na1\",\n\t\t\t\t\t\t\t\t\n\t\t\t\t\t\t})});\n\t\t\t\t\t<\/script>\n\t\t\t\t\t<div class=\"hbspt-form\" id=\"hbspt-form-1776420191000-4005402276\"><\/div>\t\t\t\t<\/div>\n\t\t\t\t<\/div>\n\t\t\t\t<\/div>\n\t\t\t\t\t<\/div>\n\t\t\t\t<\/div>\n\t\t<div class=\"elementor-element elementor-element-61f565c e-flex e-con-boxed e-con e-parent\" data-id=\"61f565c\" data-element_type=\"container\">\n\t\t\t\t\t<div class=\"e-con-inner\">\n\t\t\t\t<div class=\"elementor-element elementor-element-8547b1f elementor-arrows-position-inside elementor-pagination-position-outside elementor-widget elementor-widget-image-carousel\" data-id=\"8547b1f\" data-element_type=\"widget\" data-settings=\"{&quot;slides_to_show&quot;:&quot;1&quot;,&quot;navigation&quot;:&quot;both&quot;,&quot;autoplay&quot;:&quot;yes&quot;,&quot;pause_on_hover&quot;:&quot;yes&quot;,&quot;pause_on_interaction&quot;:&quot;yes&quot;,&quot;autoplay_speed&quot;:5000,&quot;infinite&quot;:&quot;yes&quot;,&quot;effect&quot;:&quot;slide&quot;,&quot;speed&quot;:500}\" data-widget_type=\"image-carousel.default\">\n\t\t\t\t<div class=\"elementor-widget-container\">\n\t\t\t\t\t\t\t<div class=\"elementor-image-carousel-wrapper swiper\" role=\"region\" aria-roledescription=\"carousel\" aria-label=\"Carrousel d\u2019images\" dir=\"ltr\">\n\t\t\t<div class=\"elementor-image-carousel swiper-wrapper\" aria-live=\"off\">\n\t\t\t\t\t\t\t\t<div class=\"swiper-slide\" role=\"group\" aria-roledescription=\"slide\" aria-label=\"1 of 4\"><figure class=\"swiper-slide-inner\"><img decoding=\"async\" class=\"swiper-slide-image\" src=\"https:\/\/challengeme.online\/wp-content\/uploads\/2026\/03\/Capture-decran_5-3-2026_104320_-727x1024.jpeg\" alt=\"Capture d\u2019e\u0301cran_5-3-2026_104320_\" \/><\/figure><\/div><div class=\"swiper-slide\" role=\"group\" aria-roledescription=\"slide\" aria-label=\"2 of 4\"><figure class=\"swiper-slide-inner\"><img decoding=\"async\" class=\"swiper-slide-image\" src=\"https:\/\/challengeme.online\/wp-content\/uploads\/2026\/03\/Capture-decran_5-3-2026_104333_-724x1024.jpeg\" alt=\"Capture d\u2019e\u0301cran_5-3-2026_104333_\" \/><\/figure><\/div><div class=\"swiper-slide\" role=\"group\" aria-roledescription=\"slide\" aria-label=\"3 of 4\"><figure class=\"swiper-slide-inner\"><img decoding=\"async\" class=\"swiper-slide-image\" src=\"https:\/\/challengeme.online\/wp-content\/uploads\/2026\/03\/Capture-decran_5-3-2026_104344_-722x1024.jpeg\" alt=\"Capture d\u2019e\u0301cran_5-3-2026_104344_\" \/><\/figure><\/div><div class=\"swiper-slide\" role=\"group\" aria-roledescription=\"slide\" aria-label=\"4 of 4\"><figure class=\"swiper-slide-inner\"><img decoding=\"async\" class=\"swiper-slide-image\" src=\"https:\/\/challengeme.online\/wp-content\/uploads\/2026\/03\/Capture-decran_5-3-2026_104354_-722x1024.jpeg\" alt=\"Capture d\u2019e\u0301cran_5-3-2026_104354_\" \/><\/figure><\/div>\t\t\t<\/div>\n\t\t\t\t\t\t\t\t\t\t\t\t<div class=\"elementor-swiper-button elementor-swiper-button-prev\" role=\"button\" tabindex=\"0\">\n\t\t\t\t\t\t<i aria-hidden=\"true\" class=\"eicon-chevron-left\"><\/i>\t\t\t\t\t<\/div>\n\t\t\t\t\t<div class=\"elementor-swiper-button elementor-swiper-button-next\" role=\"button\" tabindex=\"0\">\n\t\t\t\t\t\t<i aria-hidden=\"true\" class=\"eicon-chevron-right\"><\/i>\t\t\t\t\t<\/div>\n\t\t\t\t\n\t\t\t\t\t\t\t\t\t<div class=\"swiper-pagination\"><\/div>\n\t\t\t\t\t\t\t\t\t<\/div>\n\t\t\t\t\t\t<\/div>\n\t\t\t\t<\/div>\n\t\t\t\t\t<\/div>\n\t\t\t\t<\/div>\n\t\t\t\t<\/div>","protected":false},"excerpt":{"rendered":"<p>T\u00e9l\u00e9chargez le dossier : L&rsquo;\u00e9valuation des enseignements dans l&rsquo;ESR L&rsquo;\u00e9valuation des enseignements est d\u00e9sormais une obligation. Mais entre la conformit\u00e9 et le levier p\u00e9dagogique, il y a un monde. Dans de nombreux \u00e9tablissements, elle se r\u00e9sume encore \u00e0 un questionnaire envoy\u00e9 en fin de semestre, dont les r\u00e9sultats dorment dans un tiroir administratif. Ce dossier [&hellip;]<\/p>","protected":false},"author":5,"featured_media":0,"parent":0,"menu_order":0,"comment_status":"closed","ping_status":"closed","template":"elementor_canvas","meta":{"_acf_changed":false,"content-type":"","footnotes":""},"cas_usage":[],"format_d_activite":[],"objectif":[],"projet":[],"cas_dusage":[],"categ":[],"format_activite":[],"class_list":["post-16708","page","type-page","status-publish","hentry"],"acf":[],"_links":{"self":[{"href":"https:\/\/challengeme.online\/en\/wp-json\/wp\/v2\/pages\/16708","targetHints":{"allow":["GET"]}}],"collection":[{"href":"https:\/\/challengeme.online\/en\/wp-json\/wp\/v2\/pages"}],"about":[{"href":"https:\/\/challengeme.online\/en\/wp-json\/wp\/v2\/types\/page"}],"author":[{"embeddable":true,"href":"https:\/\/challengeme.online\/en\/wp-json\/wp\/v2\/users\/5"}],"replies":[{"embeddable":true,"href":"https:\/\/challengeme.online\/en\/wp-json\/wp\/v2\/comments?post=16708"}],"version-history":[{"count":6,"href":"https:\/\/challengeme.online\/en\/wp-json\/wp\/v2\/pages\/16708\/revisions"}],"predecessor-version":[{"id":16718,"href":"https:\/\/challengeme.online\/en\/wp-json\/wp\/v2\/pages\/16708\/revisions\/16718"}],"wp:attachment":[{"href":"https:\/\/challengeme.online\/en\/wp-json\/wp\/v2\/media?parent=16708"}],"wp:term":[{"taxonomy":"cas_usage","embeddable":true,"href":"https:\/\/challengeme.online\/en\/wp-json\/wp\/v2\/cas_usage?post=16708"},{"taxonomy":"format_d_activite","embeddable":true,"href":"https:\/\/challengeme.online\/en\/wp-json\/wp\/v2\/format_d_activite?post=16708"},{"taxonomy":"objectif","embeddable":true,"href":"https:\/\/challengeme.online\/en\/wp-json\/wp\/v2\/objectif?post=16708"},{"taxonomy":"projet","embeddable":true,"href":"https:\/\/challengeme.online\/en\/wp-json\/wp\/v2\/projet?post=16708"},{"taxonomy":"cas_dusage","embeddable":true,"href":"https:\/\/challengeme.online\/en\/wp-json\/wp\/v2\/cas_dusage?post=16708"},{"taxonomy":"categ","embeddable":true,"href":"https:\/\/challengeme.online\/en\/wp-json\/wp\/v2\/categ?post=16708"},{"taxonomy":"format_activite","embeddable":true,"href":"https:\/\/challengeme.online\/en\/wp-json\/wp\/v2\/format_activite?post=16708"}],"curies":[{"name":"wp","href":"https:\/\/api.w.org\/{rel}","templated":true}]}}