{"id":16675,"date":"2026-02-26T09:21:49","date_gmt":"2026-02-26T08:21:49","guid":{"rendered":"https:\/\/challengeme.online\/?page_id=16675"},"modified":"2026-02-26T10:08:27","modified_gmt":"2026-02-26T09:08:27","slug":"guide-pour-simplifier-lapc","status":"publish","type":"page","link":"https:\/\/challengeme.online\/en\/guide-pour-simplifier-lapc\/","title":{"rendered":"Guide pour simplifier l&rsquo;APC"},"content":{"rendered":"<div data-elementor-type=\"wp-page\" data-elementor-id=\"16675\" class=\"elementor elementor-16675\" data-elementor-post-type=\"page\">\n\t\t\t\t<div class=\"elementor-element elementor-element-2ea8ffc1 e-flex e-con-boxed e-con e-parent\" data-id=\"2ea8ffc1\" data-element_type=\"container\" data-settings=\"{&quot;background_background&quot;:&quot;classic&quot;}\">\n\t\t\t\t\t<div class=\"e-con-inner\">\n\t\t<div class=\"elementor-element elementor-element-3fbed4f4 e-con-full e-flex e-con e-child\" data-id=\"3fbed4f4\" data-element_type=\"container\">\n\t\t\t\t<div class=\"elementor-element elementor-element-1dfa3da0 elementor-align-left elementor-widget elementor-widget-button\" data-id=\"1dfa3da0\" data-element_type=\"widget\" data-widget_type=\"button.default\">\n\t\t\t\t<div class=\"elementor-widget-container\">\n\t\t\t\t\t\t\t\t\t<div class=\"elementor-button-wrapper\">\n\t\t\t\t\t<a class=\"elementor-button elementor-size-sm\" role=\"button\">\n\t\t\t\t\t\t<span class=\"elementor-button-content-wrapper\">\n\t\t\t\t\t\t\t\t\t<span class=\"elementor-button-text\">Guide pour simplifier l'APC<\/span>\n\t\t\t\t\t<\/span>\n\t\t\t\t\t<\/a>\n\t\t\t\t<\/div>\n\t\t\t\t\t\t\t\t<\/div>\n\t\t\t\t<\/div>\n\t\t\t\t<div class=\"elementor-element elementor-element-7a1bc495 elementor-widget elementor-widget-text-editor\" data-id=\"7a1bc495\" data-element_type=\"widget\" data-widget_type=\"text-editor.default\">\n\t\t\t\t<div class=\"elementor-widget-container\">\n\t\t\t\t\t\t\t\t\t<p>Guide pour simplifier l&rsquo;<span class=\"text-primary\" style=\"color: #00b3a1;\">Approche Par Comp\u00e9tences<\/span><\/p>\t\t\t\t\t\t\t\t<\/div>\n\t\t\t\t<\/div>\n\t\t\t\t<div class=\"elementor-element elementor-element-2c9bc986 elementor-widget elementor-widget-text-editor\" data-id=\"2c9bc986\" data-element_type=\"widget\" data-widget_type=\"text-editor.default\">\n\t\t\t\t<div class=\"elementor-widget-container\">\n\t\t\t\t\t\t\t\t\t<p data-start=\"519\" data-end=\"773\"><strong class=\"s-font-semibold s-text-foreground dark:s-text-foreground-night\">L&rsquo;approche par comp\u00e9tences est l&rsquo;une des transformations les plus ambitieuses de l&rsquo;enseignement sup\u00e9rieur.<\/strong><\/p>\n<div class=\"s-whitespace-pre-wrap s-break-words s-font-normal first:s-pt-0 last:s-pb-0 s-py-1 @md:s-py-2 @md:s-leading-7 s-text-base s-leading-7 s-text-foreground dark:s-text-foreground-night\">Mais dans les faits, elle d\u00e9courage autant qu&rsquo;elle enthousiasme. R\u00e9f\u00e9rentiels trop complexes, \u00e9valuations redondantes, \u00e9quipes p\u00e9dagogiques perdues entre th\u00e9orie et r\u00e9alit\u00e9 du terrain\u2026 L&rsquo;APC finit souvent par alourdir ce qu&rsquo;elle \u00e9tait cens\u00e9e clarifier.<\/div>\n<div class=\"s-whitespace-pre-wrap s-break-words s-font-normal first:s-pt-0 last:s-pb-0 s-py-1 @md:s-py-2 @md:s-leading-7 s-text-base s-leading-7 s-text-foreground dark:s-text-foreground-night\">Ce guide, co-\u00e9crit avec <strong class=\"s-font-semibold s-text-foreground dark:s-text-foreground-night\">Jacques Tardif<\/strong> \u2014 l&rsquo;un des p\u00e8res fondateurs de l&rsquo;APC \u2014, vous propose une approche pragmatique et all\u00e9g\u00e9e pour mettre en \u0153uvre l&rsquo;APC sans se noyer dedans.<\/div>\n<p data-start=\"519\" data-end=\"773\">\u00a0<\/p>\n<hr data-start=\"775\" data-end=\"778\" \/>\n<h3 data-start=\"780\" data-end=\"828\">\ud83d\udcd8 <strong data-start=\"787\" data-end=\"828\">Ce que vous trouverez dans ce guide :<\/strong><\/h3>\n<ul class=\"s-list-disc s-pb-2 s-pl-6 s-text-foreground dark:s-text-foreground-night s-text-base s-leading-7\">\n<li class=\"s-break-words s-text-foreground dark:s-text-foreground-night s-text-base s-leading-7\"><strong class=\"s-font-semibold s-text-foreground dark:s-text-foreground-night\">Ce qu&rsquo;est vraiment une comp\u00e9tence<\/strong>\u00a0\u2014 la d\u00e9finition de r\u00e9f\u00e9rence de Tardif et ce qu&rsquo;elle change concr\u00e8tement dans votre pratique<\/li>\n<li class=\"s-break-words s-text-foreground dark:s-text-foreground-night s-text-base s-leading-7\"><strong class=\"s-font-semibold s-text-foreground dark:s-text-foreground-night\">Comment simplifier votre r\u00e9f\u00e9rentiel de comp\u00e9tences<\/strong>\u00a0\u2014 moins de comp\u00e9tences, mais mieux construites et r\u00e9ellement actionnables<\/li>\n<li class=\"s-break-words s-text-foreground dark:s-text-foreground-night s-text-base s-leading-7\"><strong class=\"s-font-semibold s-text-foreground dark:s-text-foreground-night\">Comment aligner vos cours, activit\u00e9s et \u00e9valuations<\/strong>\u00a0\u2014 sans tout r\u00e9inventer depuis z\u00e9ro<\/li>\n<li class=\"s-break-words s-text-foreground dark:s-text-foreground-night s-text-base s-leading-7\"><strong class=\"s-font-semibold s-text-foreground dark:s-text-foreground-night\">Comment \u00e9valuer le savoir-agir<\/strong>\u00a0et non les seules connaissances \u2014 grilles crit\u00e9ri\u00e9es, SAE, portfolio et r\u00e9flexivit\u00e9<\/li>\n<li class=\"s-break-words s-text-foreground dark:s-text-foreground-night s-text-base s-leading-7\"><strong class=\"s-font-semibold s-text-foreground dark:s-text-foreground-night\">Comment mettre en \u0153uvre l&rsquo;APC collectivement<\/strong>\u00a0\u2014 le r\u00f4le des \u00e9quipes, des ing\u00e9nieurs p\u00e9dagogiques et des outils num\u00e9riques<\/li>\n<\/ul>\t\t\t\t\t\t\t\t<\/div>\n\t\t\t\t<\/div>\n\t\t\t\t<\/div>\n\t\t<div class=\"elementor-element elementor-element-5c2a8438 e-con-full e-flex e-con e-child\" data-id=\"5c2a8438\" data-element_type=\"container\">\n\t\t<div class=\"elementor-element elementor-element-7d627fd5 e-con-full e-flex e-con e-child\" data-id=\"7d627fd5\" data-element_type=\"container\" data-settings=\"{&quot;background_background&quot;:&quot;classic&quot;}\">\n\t\t\t\t<div class=\"elementor-element elementor-element-279dc275 elementor-widget elementor-widget-heading\" data-id=\"279dc275\" data-element_type=\"widget\" data-widget_type=\"heading.default\">\n\t\t\t\t<div class=\"elementor-widget-container\">\n\t\t\t\t\t<h2 class=\"elementor-heading-title elementor-size-default\">\ud83d\udce5 T\u00e9l\u00e9charger gratuitement le guide<\/h2>\t\t\t\t<\/div>\n\t\t\t\t<\/div>\n\t\t\t\t<div class=\"elementor-element elementor-element-f09e10a elementor-widget elementor-widget-hubspot-form\" data-id=\"f09e10a\" data-element_type=\"widget\" data-widget_type=\"hubspot-form.default\">\n\t\t\t\t<div class=\"elementor-widget-container\">\n\t\t\t\t\t\n\t\t\t\t\t<script>\n\t\t\t\t\t\twindow.hsFormsOnReady = window.hsFormsOnReady || [];\n\t\t\t\t\t\twindow.hsFormsOnReady.push(()=>{\n\t\t\t\t\t\t\thbspt.forms.create({\n\t\t\t\t\t\t\t\tportalId: 1893885,\n\t\t\t\t\t\t\t\tformId: \"c570fb2f-381f-4022-9105-1b7bb470075a\",\n\t\t\t\t\t\t\t\ttarget: \"#hbspt-form-1775608302000-7265952557\",\n\t\t\t\t\t\t\t\tregion: \"na1\",\n\t\t\t\t\t\t\t\t\n\t\t\t\t\t\t})});\n\t\t\t\t\t<\/script>\n\t\t\t\t\t<div class=\"hbspt-form\" id=\"hbspt-form-1775608302000-7265952557\"><\/div>\t\t\t\t<\/div>\n\t\t\t\t<\/div>\n\t\t\t\t<div class=\"elementor-element elementor-element-50cf6ead elementor-icon-list--layout-inline elementor-align-center elementor-list-item-link-full_width elementor-widget elementor-widget-icon-list\" data-id=\"50cf6ead\" data-element_type=\"widget\" data-widget_type=\"icon-list.default\">\n\t\t\t\t<div class=\"elementor-widget-container\">\n\t\t\t\t\t\t\t<ul class=\"elementor-icon-list-items elementor-inline-items\">\n\t\t\t\t\t\t\t<li class=\"elementor-icon-list-item elementor-inline-item\">\n\t\t\t\t\t\t\t\t\t\t<span class=\"elementor-icon-list-text\">Pas de spam<\/span>\n\t\t\t\t\t\t\t\t\t<\/li>\n\t\t\t\t\t\t\t\t<li class=\"elementor-icon-list-item elementor-inline-item\">\n\t\t\t\t\t\t\t\t\t\t\t<span class=\"elementor-icon-list-icon\">\n\t\t\t\t\t\t\t<i aria-hidden=\"true\" class=\"fas fa-circle\"><\/i>\t\t\t\t\t\t<\/span>\n\t\t\t\t\t\t\t\t\t\t<span class=\"elementor-icon-list-text\"> Annulation libre<\/span>\n\t\t\t\t\t\t\t\t\t<\/li>\n\t\t\t\t\t\t<\/ul>\n\t\t\t\t\t\t<\/div>\n\t\t\t\t<\/div>\n\t\t\t\t<\/div>\n\t\t\t\t<\/div>\n\t\t\t\t\t<\/div>\n\t\t\t\t<\/div>\n\t\t\t\t<\/div>","protected":false},"excerpt":{"rendered":"<p>Guide pour simplifier l&rsquo;APC Guide pour simplifier l&rsquo;Approche Par Comp\u00e9tences L&rsquo;approche par comp\u00e9tences est l&rsquo;une des transformations les plus ambitieuses de l&rsquo;enseignement sup\u00e9rieur. Mais dans les faits, elle d\u00e9courage autant qu&rsquo;elle enthousiasme. R\u00e9f\u00e9rentiels trop complexes, \u00e9valuations redondantes, \u00e9quipes p\u00e9dagogiques perdues entre th\u00e9orie et r\u00e9alit\u00e9 du terrain\u2026 L&rsquo;APC finit souvent par alourdir ce qu&rsquo;elle \u00e9tait cens\u00e9e [&hellip;]<\/p>","protected":false},"author":5,"featured_media":0,"parent":0,"menu_order":0,"comment_status":"closed","ping_status":"closed","template":"elementor_header_footer","meta":{"content-type":"","footnotes":""},"cas_dusage":[],"categ":[],"format_activite":[],"class_list":["post-16675","page","type-page","status-publish","hentry"],"_links":{"self":[{"href":"https:\/\/challengeme.online\/en\/wp-json\/wp\/v2\/pages\/16675","targetHints":{"allow":["GET"]}}],"collection":[{"href":"https:\/\/challengeme.online\/en\/wp-json\/wp\/v2\/pages"}],"about":[{"href":"https:\/\/challengeme.online\/en\/wp-json\/wp\/v2\/types\/page"}],"author":[{"embeddable":true,"href":"https:\/\/challengeme.online\/en\/wp-json\/wp\/v2\/users\/5"}],"replies":[{"embeddable":true,"href":"https:\/\/challengeme.online\/en\/wp-json\/wp\/v2\/comments?post=16675"}],"version-history":[{"count":8,"href":"https:\/\/challengeme.online\/en\/wp-json\/wp\/v2\/pages\/16675\/revisions"}],"predecessor-version":[{"id":16684,"href":"https:\/\/challengeme.online\/en\/wp-json\/wp\/v2\/pages\/16675\/revisions\/16684"}],"wp:attachment":[{"href":"https:\/\/challengeme.online\/en\/wp-json\/wp\/v2\/media?parent=16675"}],"wp:term":[{"taxonomy":"cas_dusage","embeddable":true,"href":"https:\/\/challengeme.online\/en\/wp-json\/wp\/v2\/cas_dusage?post=16675"},{"taxonomy":"categ","embeddable":true,"href":"https:\/\/challengeme.online\/en\/wp-json\/wp\/v2\/categ?post=16675"},{"taxonomy":"format_activite","embeddable":true,"href":"https:\/\/challengeme.online\/en\/wp-json\/wp\/v2\/format_activite?post=16675"}],"curies":[{"name":"wp","href":"https:\/\/api.w.org\/{rel}","templated":true}]}}