{"id":15806,"date":"2025-09-02T11:20:18","date_gmt":"2025-09-02T09:20:18","guid":{"rendered":"https:\/\/challengeme.online\/?page_id=15806"},"modified":"2025-09-02T11:35:47","modified_gmt":"2025-09-02T09:35:47","slug":"guide-du-feedback","status":"publish","type":"page","link":"https:\/\/challengeme.online\/en\/guide-du-feedback\/","title":{"rendered":"Guide du feedback"},"content":{"rendered":"<div data-elementor-type=\"wp-page\" data-elementor-id=\"15806\" class=\"elementor elementor-15806\" data-elementor-post-type=\"page\">\n\t\t\t\t<div class=\"elementor-element elementor-element-2ea8ffc1 e-flex e-con-boxed e-con e-parent\" data-id=\"2ea8ffc1\" data-element_type=\"container\" data-settings=\"{&quot;background_background&quot;:&quot;classic&quot;}\">\n\t\t\t\t\t<div class=\"e-con-inner\">\n\t\t<div class=\"elementor-element elementor-element-3fbed4f4 e-con-full e-flex e-con e-child\" data-id=\"3fbed4f4\" data-element_type=\"container\">\n\t\t\t\t<div class=\"elementor-element elementor-element-1dfa3da0 elementor-align-left elementor-widget elementor-widget-button\" data-id=\"1dfa3da0\" data-element_type=\"widget\" data-widget_type=\"button.default\">\n\t\t\t\t<div class=\"elementor-widget-container\">\n\t\t\t\t\t\t\t\t\t<div class=\"elementor-button-wrapper\">\n\t\t\t\t\t<a class=\"elementor-button elementor-size-sm\" role=\"button\">\n\t\t\t\t\t\t<span class=\"elementor-button-content-wrapper\">\n\t\t\t\t\t\t\t\t\t<span class=\"elementor-button-text\">Guide du feedback<\/span>\n\t\t\t\t\t<\/span>\n\t\t\t\t\t<\/a>\n\t\t\t\t<\/div>\n\t\t\t\t\t\t\t\t<\/div>\n\t\t\t\t<\/div>\n\t\t\t\t<div class=\"elementor-element elementor-element-7a1bc495 elementor-widget elementor-widget-text-editor\" data-id=\"7a1bc495\" data-element_type=\"widget\" data-widget_type=\"text-editor.default\">\n\t\t\t\t<div class=\"elementor-widget-container\">\n\t\t\t\t\t\t\t\t\t<p>Guide du <span class=\"text-primary\" style=\"color: #00b3a1;\">Feedback<\/span><\/p>\t\t\t\t\t\t\t\t<\/div>\n\t\t\t\t<\/div>\n\t\t\t\t<div class=\"elementor-element elementor-element-2c9bc986 elementor-widget elementor-widget-text-editor\" data-id=\"2c9bc986\" data-element_type=\"widget\" data-widget_type=\"text-editor.default\">\n\t\t\t\t<div class=\"elementor-widget-container\">\n\t\t\t\t\t\t\t\t\t<p data-start=\"519\" data-end=\"773\"><strong data-start=\"519\" data-end=\"566\">Le feedback est au c\u0153ur de l\u2019apprentissage.<\/strong><br data-start=\"566\" data-end=\"569\" \/>Mais dans les faits, il est souvent mal compris, mal organis\u00e9 ou inexistant. Ce guide vous aide \u00e0 d\u00e9passer les blocages pour instaurer une culture du feedback efficace et durable dans votre \u00e9tablissement.<\/p>\n<p data-start=\"519\" data-end=\"773\">\u00a0<\/p>\n<hr data-start=\"775\" data-end=\"778\" \/>\n<h3 data-start=\"780\" data-end=\"828\">\ud83d\udcd8 <strong data-start=\"787\" data-end=\"828\">Ce que vous trouverez dans ce guide :<\/strong><\/h3>\n<ul data-start=\"830\" data-end=\"1182\">\n<li data-start=\"830\" data-end=\"902\">\n<p data-start=\"832\" data-end=\"902\">Pourquoi le feedback est si peu utilis\u00e9 malgr\u00e9 son int\u00e9r\u00eat p\u00e9dagogique<\/p>\n<\/li>\n<li data-start=\"903\" data-end=\"949\">\n<p data-start=\"905\" data-end=\"949\">Ce que recouvre vraiment le mot \u00ab feedback \u00bb<\/p>\n<\/li>\n<li data-start=\"950\" data-end=\"1017\">\n<p data-start=\"952\" data-end=\"1017\">En quoi un feedback structur\u00e9 change l\u2019exp\u00e9rience d\u2019apprentissage<\/p>\n<\/li>\n<li data-start=\"1018\" data-end=\"1112\">\n<p data-start=\"1020\" data-end=\"1112\">Comment mettre en place une culture du feedback \u00e0 l\u2019\u00e9chelle d\u2019un cours ou d\u2019un \u00e9tablissement<\/p>\n<\/li>\n<li data-start=\"1113\" data-end=\"1182\">\n<p data-start=\"1115\" data-end=\"1182\">Les formats d\u2019\u00e9valuation \u00e0 privil\u00e9gier pour soutenir cette d\u00e9marche<\/p>\n<\/li>\n<\/ul>\t\t\t\t\t\t\t\t<\/div>\n\t\t\t\t<\/div>\n\t\t\t\t<\/div>\n\t\t<div class=\"elementor-element elementor-element-5c2a8438 e-con-full e-flex e-con e-child\" data-id=\"5c2a8438\" data-element_type=\"container\">\n\t\t<div class=\"elementor-element elementor-element-7d627fd5 e-con-full e-flex e-con e-child\" data-id=\"7d627fd5\" data-element_type=\"container\" data-settings=\"{&quot;background_background&quot;:&quot;classic&quot;}\">\n\t\t\t\t<div class=\"elementor-element elementor-element-279dc275 elementor-widget elementor-widget-heading\" data-id=\"279dc275\" data-element_type=\"widget\" data-widget_type=\"heading.default\">\n\t\t\t\t<div class=\"elementor-widget-container\">\n\t\t\t\t\t<h2 class=\"elementor-heading-title elementor-size-default\">\ud83d\udce5 T\u00e9l\u00e9charger gratuitement le guide<\/h2>\t\t\t\t<\/div>\n\t\t\t\t<\/div>\n\t\t\t\t<div class=\"elementor-element elementor-element-f09e10a elementor-widget elementor-widget-hubspot-form\" data-id=\"f09e10a\" data-element_type=\"widget\" data-widget_type=\"hubspot-form.default\">\n\t\t\t\t<div class=\"elementor-widget-container\">\n\t\t\t\t\t\n\t\t\t\t\t<script>\n\t\t\t\t\t\twindow.hsFormsOnReady = window.hsFormsOnReady || [];\n\t\t\t\t\t\twindow.hsFormsOnReady.push(()=>{\n\t\t\t\t\t\t\thbspt.forms.create({\n\t\t\t\t\t\t\t\tportalId: 1893885,\n\t\t\t\t\t\t\t\tformId: \"c570fb2f-381f-4022-9105-1b7bb470075a\",\n\t\t\t\t\t\t\t\ttarget: \"#hbspt-form-1775391718000-5527591064\",\n\t\t\t\t\t\t\t\tregion: \"na1\",\n\t\t\t\t\t\t\t\t\n\t\t\t\t\t\t})});\n\t\t\t\t\t<\/script>\n\t\t\t\t\t<div class=\"hbspt-form\" id=\"hbspt-form-1775391718000-5527591064\"><\/div>\t\t\t\t<\/div>\n\t\t\t\t<\/div>\n\t\t\t\t<div class=\"elementor-element elementor-element-50cf6ead elementor-icon-list--layout-inline elementor-align-center elementor-list-item-link-full_width elementor-widget elementor-widget-icon-list\" data-id=\"50cf6ead\" data-element_type=\"widget\" data-widget_type=\"icon-list.default\">\n\t\t\t\t<div class=\"elementor-widget-container\">\n\t\t\t\t\t\t\t<ul class=\"elementor-icon-list-items elementor-inline-items\">\n\t\t\t\t\t\t\t<li class=\"elementor-icon-list-item elementor-inline-item\">\n\t\t\t\t\t\t\t\t\t\t<span class=\"elementor-icon-list-text\">Pas de spam<\/span>\n\t\t\t\t\t\t\t\t\t<\/li>\n\t\t\t\t\t\t\t\t<li class=\"elementor-icon-list-item elementor-inline-item\">\n\t\t\t\t\t\t\t\t\t\t\t<span class=\"elementor-icon-list-icon\">\n\t\t\t\t\t\t\t<i aria-hidden=\"true\" class=\"fas fa-circle\"><\/i>\t\t\t\t\t\t<\/span>\n\t\t\t\t\t\t\t\t\t\t<span class=\"elementor-icon-list-text\"> Annulation libre<\/span>\n\t\t\t\t\t\t\t\t\t<\/li>\n\t\t\t\t\t\t\t\t<li class=\"elementor-icon-list-item elementor-inline-item\">\n\t\t\t\t\t\t\t\t\t\t\t<span class=\"elementor-icon-list-icon\">\n\t\t\t\t\t\t\t<i aria-hidden=\"true\" class=\"fas fa-circle\"><\/i>\t\t\t\t\t\t<\/span>\n\t\t\t\t\t\t\t\t\t\t<span class=\"elementor-icon-list-text\">Accompagnement inclus<\/span>\n\t\t\t\t\t\t\t\t\t<\/li>\n\t\t\t\t\t\t<\/ul>\n\t\t\t\t\t\t<\/div>\n\t\t\t\t<\/div>\n\t\t\t\t<\/div>\n\t\t\t\t<\/div>\n\t\t\t\t\t<\/div>\n\t\t\t\t<\/div>\n\t\t\t\t<\/div>","protected":false},"excerpt":{"rendered":"<p>Guide du feedback Guide du Feedback Le feedback est au c\u0153ur de l\u2019apprentissage.Mais dans les faits, il est souvent mal compris, mal organis\u00e9 ou inexistant. Ce guide vous aide \u00e0 d\u00e9passer les blocages pour instaurer une culture du feedback efficace et durable dans votre \u00e9tablissement. \u00a0 \ud83d\udcd8 Ce que vous trouverez dans ce guide : [&hellip;]<\/p>","protected":false},"author":5,"featured_media":0,"parent":0,"menu_order":0,"comment_status":"closed","ping_status":"closed","template":"elementor_header_footer","meta":{"content-type":"","footnotes":""},"cas_dusage":[],"categ":[],"format_activite":[],"class_list":["post-15806","page","type-page","status-publish","hentry"],"_links":{"self":[{"href":"https:\/\/challengeme.online\/en\/wp-json\/wp\/v2\/pages\/15806","targetHints":{"allow":["GET"]}}],"collection":[{"href":"https:\/\/challengeme.online\/en\/wp-json\/wp\/v2\/pages"}],"about":[{"href":"https:\/\/challengeme.online\/en\/wp-json\/wp\/v2\/types\/page"}],"author":[{"embeddable":true,"href":"https:\/\/challengeme.online\/en\/wp-json\/wp\/v2\/users\/5"}],"replies":[{"embeddable":true,"href":"https:\/\/challengeme.online\/en\/wp-json\/wp\/v2\/comments?post=15806"}],"version-history":[{"count":16,"href":"https:\/\/challengeme.online\/en\/wp-json\/wp\/v2\/pages\/15806\/revisions"}],"predecessor-version":[{"id":15824,"href":"https:\/\/challengeme.online\/en\/wp-json\/wp\/v2\/pages\/15806\/revisions\/15824"}],"wp:attachment":[{"href":"https:\/\/challengeme.online\/en\/wp-json\/wp\/v2\/media?parent=15806"}],"wp:term":[{"taxonomy":"cas_dusage","embeddable":true,"href":"https:\/\/challengeme.online\/en\/wp-json\/wp\/v2\/cas_dusage?post=15806"},{"taxonomy":"categ","embeddable":true,"href":"https:\/\/challengeme.online\/en\/wp-json\/wp\/v2\/categ?post=15806"},{"taxonomy":"format_activite","embeddable":true,"href":"https:\/\/challengeme.online\/en\/wp-json\/wp\/v2\/format_activite?post=15806"}],"curies":[{"name":"wp","href":"https:\/\/api.w.org\/{rel}","templated":true}]}}