{"id":14180,"date":"2025-05-30T15:06:37","date_gmt":"2025-05-30T13:06:37","guid":{"rendered":"https:\/\/challengeme.online\/?page_id=14180"},"modified":"2025-05-30T15:51:36","modified_gmt":"2025-05-30T13:51:36","slug":"burgundy-school-of-business","status":"publish","type":"page","link":"https:\/\/challengeme.online\/en\/burgundy-school-of-business\/","title":{"rendered":"BSB &#8211; Une activit\u00e9 participative pour lancer le cours autrement"},"content":{"rendered":"<div data-elementor-type=\"wp-page\" data-elementor-id=\"14180\" class=\"elementor elementor-14180\" data-elementor-post-type=\"page\">\n\t\t\t\t\t\t<section class=\"elementor-section elementor-top-section elementor-element elementor-element-26703f61 elementor-section-height-min-height elementor-section-stretched elementor-section-boxed elementor-section-height-default elementor-section-items-middle\" data-id=\"26703f61\" data-element_type=\"section\" data-settings=\"{&quot;stretch_section&quot;:&quot;section-stretched&quot;,&quot;background_background&quot;:&quot;classic&quot;,&quot;shape_divider_bottom&quot;:&quot;opacity-tilt&quot;}\">\n\t\t\t\t\t\t\t<div class=\"elementor-background-overlay\"><\/div>\n\t\t\t\t\t\t<div class=\"elementor-shape elementor-shape-bottom\" data-negative=\"false\">\n\t\t\t<svg xmlns=\"http:\/\/www.w3.org\/2000\/svg\" viewbox=\"0 0 2600 131.1\" preserveaspectratio=\"none\">\n\t<path class=\"elementor-shape-fill\" d=\"M0 0L2600 0 2600 69.1 0 0z\"\/>\n\t<path class=\"elementor-shape-fill\" style=\"opacity:0.5\" d=\"M0 0L2600 0 2600 69.1 0 69.1z\"\/>\n\t<path class=\"elementor-shape-fill\" style=\"opacity:0.25\" d=\"M2600 0L0 0 0 130.1 2600 69.1z\"\/>\n<\/svg>\t\t<\/div>\n\t\t\t\t\t<div class=\"elementor-container elementor-column-gap-default\">\n\t\t\t\t\t<div class=\"elementor-column elementor-col-100 elementor-top-column elementor-element elementor-element-3e39d7bb\" data-id=\"3e39d7bb\" data-element_type=\"column\">\n\t\t\t<div class=\"elementor-widget-wrap elementor-element-populated\">\n\t\t\t\t\t\t<div class=\"elementor-element elementor-element-9b69c72 elementor-widget elementor-widget-heading\" data-id=\"9b69c72\" data-element_type=\"widget\" data-widget_type=\"heading.default\">\n\t\t\t\t<div class=\"elementor-widget-container\">\n\t\t\t\t\t<h1 class=\"elementor-heading-title elementor-size-xl\">Burgundy School of Business<\/h1>\t\t\t\t<\/div>\n\t\t\t\t<\/div>\n\t\t\t\t<div class=\"elementor-element elementor-element-ff1b901 elementor-widget elementor-widget-text-editor\" data-id=\"ff1b901\" data-element_type=\"widget\" data-widget_type=\"text-editor.default\">\n\t\t\t\t<div class=\"elementor-widget-container\">\n\t\t\t\t\t\t\t\t\t<p>\u00ab\u00a0Moi Manager\u00a0\u00bb &#8211; \u00e9valuation par les pairs<\/p>\t\t\t\t\t\t\t\t<\/div>\n\t\t\t\t<\/div>\n\t\t\t\t\t<\/div>\n\t\t<\/div>\n\t\t\t\t\t<\/div>\n\t\t<\/section>\n\t\t<div class=\"elementor-element elementor-element-90a6a85 e-flex e-con-boxed e-con e-parent\" data-id=\"90a6a85\" data-element_type=\"container\">\n\t\t\t\t\t<div class=\"e-con-inner\">\n\t\t<div class=\"elementor-element elementor-element-7d5bcb7 e-con-full e-flex e-con e-child\" data-id=\"7d5bcb7\" data-element_type=\"container\">\n\t\t\t\t<div class=\"elementor-element elementor-element-37f636a elementor-widget elementor-widget-image\" data-id=\"37f636a\" data-element_type=\"widget\" data-widget_type=\"image.default\">\n\t\t\t\t<div class=\"elementor-widget-container\">\n\t\t\t\t\t\t\t\t\t\t\t\t\t\t\t<img fetchpriority=\"high\" decoding=\"async\" width=\"782\" height=\"119\" src=\"https:\/\/challengeme.online\/wp-content\/uploads\/2025\/01\/654e4362d7ec84cce54b4783_logo.bsb-WBIY-burgundy.png\" class=\"attachment-large size-large wp-image-13416\" alt=\"\" srcset=\"https:\/\/challengeme.online\/wp-content\/uploads\/2025\/01\/654e4362d7ec84cce54b4783_logo.bsb-WBIY-burgundy.png 782w, https:\/\/challengeme.online\/wp-content\/uploads\/2025\/01\/654e4362d7ec84cce54b4783_logo.bsb-WBIY-burgundy-300x46.png 300w, https:\/\/challengeme.online\/wp-content\/uploads\/2025\/01\/654e4362d7ec84cce54b4783_logo.bsb-WBIY-burgundy-768x117.png 768w\" sizes=\"(max-width: 782px) 100vw, 782px\" \/>\t\t\t\t\t\t\t\t\t\t\t\t\t\t\t<\/div>\n\t\t\t\t<\/div>\n\t\t\t\t<\/div>\n\t\t\t\t\t<\/div>\n\t\t\t\t<\/div>\n\t\t<div class=\"elementor-element elementor-element-346456b e-flex e-con-boxed e-con e-parent\" data-id=\"346456b\" data-element_type=\"container\">\n\t\t\t\t\t<div class=\"e-con-inner\">\n\t\t\t\t<div class=\"elementor-element elementor-element-112d159 elementor-widget elementor-widget-video\" data-id=\"112d159\" data-element_type=\"widget\" data-settings=\"{&quot;youtube_url&quot;:&quot;https:\\\/\\\/youtu.be\\\/qMGPdyFp1Uo&quot;,&quot;video_type&quot;:&quot;youtube&quot;,&quot;controls&quot;:&quot;yes&quot;}\" data-widget_type=\"video.default\">\n\t\t\t\t<div class=\"elementor-widget-container\">\n\t\t\t\t\t\t\t<div class=\"elementor-wrapper elementor-open-inline\">\n\t\t\t<div class=\"elementor-video\"><\/div>\t\t<\/div>\n\t\t\t\t\t\t<\/div>\n\t\t\t\t<\/div>\n\t\t\t\t<div class=\"elementor-element elementor-element-b272199 elementor-widget elementor-widget-text-editor\" data-id=\"b272199\" data-element_type=\"widget\" data-widget_type=\"text-editor.default\">\n\t\t\t\t<div class=\"elementor-widget-container\">\n\t\t\t\t\t\t\t\t\t<h3 data-start=\"226\" data-end=\"287\">Une activit\u00e9 participative pour lancer le cours autrement<\/h3><p data-start=\"289\" data-end=\"415\">Anne-Sophie Louis, professeure \u00e0 BSB, se posait une question simple :<br data-start=\"358\" data-end=\"361\" \/><strong data-start=\"361\" data-end=\"415\">Et si les \u00e9tudiants lan\u00e7aient eux-m\u00eames le cours ?<\/strong><\/p><p data-start=\"417\" data-end=\"683\">En partant de ce pari, elle a utilis\u00e9 ChallengeMe pour cr\u00e9er une activit\u00e9 d&rsquo;ouverture o\u00f9 chaque groupe d\u2019\u00e9tudiants choisit un th\u00e8me RH, con\u00e7oit un exercice, l\u2019anime en classe et r\u00e9colte du feedback. R\u00e9sultat : un cours lanc\u00e9 par les \u00e9tudiants\u2026 et pour les \u00e9tudiants.<\/p><p data-start=\"417\" data-end=\"683\">\u00a0<\/p><h3 data-start=\"690\" data-end=\"706\">\ud83c\udfaf Objectifs<\/h3><p data-start=\"708\" data-end=\"754\">Tout est parti de plusieurs interrogations :<\/p><ul data-start=\"755\" data-end=\"960\"><li data-start=\"755\" data-end=\"821\"><p data-start=\"757\" data-end=\"821\">Les \u00e9tudiants peuvent-ils \u00eatre moteurs d\u00e8s le d\u00e9but du cours ?<\/p><\/li><li data-start=\"822\" data-end=\"893\"><p data-start=\"824\" data-end=\"893\">Comment leur permettre de s\u2019approprier des notions cl\u00e9s autrement ?<\/p><\/li><li data-start=\"894\" data-end=\"960\"><p data-start=\"896\" data-end=\"960\">Et si on rendait l\u2019exp\u00e9rience plus engageante, plus collective ?<\/p><\/li><\/ul><p data-start=\"962\" data-end=\"1068\">L\u2019id\u00e9e : transformer la premi\u00e8re demi-heure de chaque s\u00e9ance en atelier anim\u00e9 par les \u00e9tudiants eux-m\u00eames.<\/p><p data-start=\"962\" data-end=\"1068\">\u00a0<\/p><h3 data-start=\"1075\" data-end=\"1090\">\u2705 R\u00e9sultats<\/h3><p data-start=\"1092\" data-end=\"1168\">Ce qui \u00e9tait au d\u00e9part une exp\u00e9rimentation est devenu une vraie r\u00e9ussite :<\/p><ul data-start=\"1169\" data-end=\"1475\"><li data-start=\"1169\" data-end=\"1261\"><p data-start=\"1171\" data-end=\"1261\">Les \u00e9tudiants \u00e9taient <strong data-start=\"1193\" data-end=\"1223\">impliqu\u00e9s, responsabilis\u00e9s<\/strong>, et prenaient plaisir \u00e0 participer.<\/p><\/li><li data-start=\"1262\" data-end=\"1350\"><p data-start=\"1264\" data-end=\"1350\">Le feedback structur\u00e9 les a <strong data-start=\"1292\" data-end=\"1314\">aid\u00e9s \u00e0 progresser<\/strong>, \u00e0 mieux comprendre les attentes.<\/p><\/li><li data-start=\"1351\" data-end=\"1475\"><p data-start=\"1353\" data-end=\"1475\">Le reste du cours devenait <strong data-start=\"1380\" data-end=\"1412\">plus fluide, plus interactif<\/strong>, ancr\u00e9 dans des exemples concrets partag\u00e9s en d\u00e9but de s\u00e9ance.<\/p><\/li><\/ul><blockquote data-start=\"1477\" data-end=\"1562\"><p data-start=\"1479\" data-end=\"1562\"><em data-start=\"1479\" data-end=\"1562\">\u00ab\u00a0Je ne m\u2019attendais pas \u00e0 ce que \u00e7a facilite autant l\u2019encha\u00eenement vers le cours.\u00a0\u00bb<\/em><\/p><\/blockquote>\t\t\t\t\t\t\t\t<\/div>\n\t\t\t\t<\/div>\n\t\t\t\t\t<\/div>\n\t\t\t\t<\/div>\n\t\t<div class=\"elementor-element elementor-element-50428fb e-flex e-con-boxed e-con e-parent\" data-id=\"50428fb\" data-element_type=\"container\">\n\t\t\t\t\t<div class=\"e-con-inner\">\n\t\t\t\t<div class=\"elementor-element elementor-element-64dd6c2 elementor-widget elementor-widget-spacer\" data-id=\"64dd6c2\" data-element_type=\"widget\" data-widget_type=\"spacer.default\">\n\t\t\t\t<div class=\"elementor-widget-container\">\n\t\t\t\t\t\t\t<div class=\"elementor-spacer\">\n\t\t\t<div class=\"elementor-spacer-inner\"><\/div>\n\t\t<\/div>\n\t\t\t\t\t\t<\/div>\n\t\t\t\t<\/div>\n\t\t<div class=\"elementor-element elementor-element-b030e08 e-con-full e-flex e-con e-child\" data-id=\"b030e08\" data-element_type=\"container\">\n\t\t\t\t<div class=\"elementor-element elementor-element-05506e2 elementor-pagination-type-bullets elementor-pagination-position-outside elementor-widget elementor-widget-loop-carousel\" data-id=\"05506e2\" data-element_type=\"widget\" data-settings=\"{&quot;template_id&quot;:9110,&quot;slides_to_show&quot;:&quot;4&quot;,&quot;_skin&quot;:&quot;post&quot;,&quot;slides_to_show_tablet&quot;:&quot;2&quot;,&quot;slides_to_show_mobile&quot;:&quot;1&quot;,&quot;slides_to_scroll&quot;:&quot;1&quot;,&quot;edit_handle_selector&quot;:&quot;.elementor-widget-container&quot;,&quot;autoplay&quot;:&quot;yes&quot;,&quot;autoplay_speed&quot;:5000,&quot;pause_on_hover&quot;:&quot;yes&quot;,&quot;pause_on_interaction&quot;:&quot;yes&quot;,&quot;infinite&quot;:&quot;yes&quot;,&quot;speed&quot;:500,&quot;offset_sides&quot;:&quot;none&quot;,&quot;pagination&quot;:&quot;bullets&quot;,&quot;image_spacing_custom&quot;:{&quot;unit&quot;:&quot;px&quot;,&quot;size&quot;:10,&quot;sizes&quot;:[]},&quot;image_spacing_custom_tablet&quot;:{&quot;unit&quot;:&quot;px&quot;,&quot;size&quot;:&quot;&quot;,&quot;sizes&quot;:[]},&quot;image_spacing_custom_mobile&quot;:{&quot;unit&quot;:&quot;px&quot;,&quot;size&quot;:&quot;&quot;,&quot;sizes&quot;:[]}}\" data-widget_type=\"loop-carousel.post\">\n\t\t\t\t<div class=\"elementor-widget-container\">\n\t\t\t\t\t\t\t<div class=\"swiper elementor-loop-container elementor-grid\" dir=\"ltr\">\n\t\t\t\t<div class=\"swiper-wrapper\" aria-live=\"off\">\n\t\t<style id=\"loop-9110\">.elementor-9110 .elementor-element.elementor-element-54ca61b{--display:flex;}.elementor-9110 .elementor-element.elementor-element-4e4c3aa{text-align:center;}.elementor-9110 .elementor-element.elementor-element-4e4c3aa img{width:100%;height:130px;object-fit:cover;object-position:center center;border-radius:20px 20px 20px 20px;}.elementor-9110 .elementor-element.elementor-element-317d417 .elementor-heading-title{font-size:16px;font-weight:normal;}<\/style>\t\t<div data-elementor-type=\"loop-item\" data-elementor-id=\"9110\" class=\"elementor elementor-9110 swiper-slide e-loop-item e-loop-item-6169 post-6169 page type-page status-publish has-post-thumbnail hentry cas_dusage-evaluation-croisee cas_dusage-evaluation-intra-groupe categ-temoignage\" data-elementor-post-type=\"elementor_library\" role=\"group\" aria-roledescription=\"slide\" data-custom-edit-handle=\"1\">\n\t\t\t<div class=\"elementor-element elementor-element-54ca61b e-flex e-con-boxed e-con e-parent\" data-id=\"54ca61b\" data-element_type=\"container\">\n\t\t\t\t\t<div class=\"e-con-inner\">\n\t\t\t\t<div class=\"elementor-element elementor-element-4e4c3aa elementor-widget elementor-widget-theme-post-featured-image elementor-widget-image\" data-id=\"4e4c3aa\" data-element_type=\"widget\" data-widget_type=\"theme-post-featured-image.default\">\n\t\t\t\t<div class=\"elementor-widget-container\">\n\t\t\t\t\t\t\t\t\t\t\t\t<figure class=\"wp-caption\">\n\t\t\t\t\t\t\t\t\t\t\t<a href=\"https:\/\/challengeme.online\/en\/neoma-bs\/\">\n\t\t\t\t\t\t\t<img decoding=\"async\" width=\"300\" height=\"200\" src=\"https:\/\/challengeme.online\/wp-content\/uploads\/2024\/08\/neoma-campus-300x200.jpg\" class=\"attachment-medium size-medium wp-image-9154\" alt=\"Campus NEOMA Business School\" srcset=\"https:\/\/challengeme.online\/wp-content\/uploads\/2024\/08\/neoma-campus-300x200.jpg 300w, https:\/\/challengeme.online\/wp-content\/uploads\/2024\/08\/neoma-campus-1024x684.jpg 1024w, https:\/\/challengeme.online\/wp-content\/uploads\/2024\/08\/neoma-campus-768x513.jpg 768w, https:\/\/challengeme.online\/wp-content\/uploads\/2024\/08\/neoma-campus-1536x1025.jpg 1536w, https:\/\/challengeme.online\/wp-content\/uploads\/2024\/08\/neoma-campus-2048x1367.jpg 2048w\" sizes=\"(max-width: 300px) 100vw, 300px\" \/>\t\t\t\t\t\t\t\t<\/a>\n\t\t\t\t\t\t\t\t\t\t\t<figcaption class=\"widget-image-caption wp-caption-text\"><\/figcaption>\n\t\t\t\t\t\t\t\t\t\t<\/figure>\n\t\t\t\t\t\t\t\t\t<\/div>\n\t\t\t\t<\/div>\n\t\t\t\t\t<\/div>\n\t\t\t\t<\/div>\n\t\t\t\t<\/div>\n\t\t\t\t<div data-elementor-type=\"loop-item\" data-elementor-id=\"9110\" class=\"elementor elementor-9110 swiper-slide e-loop-item e-loop-item-5209 post-5209 page type-page status-publish has-post-thumbnail hentry cas_dusage-evaluation-croisee cas_dusage-evaluation-intra-groupe categ-temoignage\" data-elementor-post-type=\"elementor_library\" role=\"group\" aria-roledescription=\"slide\" data-custom-edit-handle=\"1\">\n\t\t\t<div class=\"elementor-element elementor-element-54ca61b e-flex e-con-boxed e-con e-parent\" data-id=\"54ca61b\" data-element_type=\"container\">\n\t\t\t\t\t<div class=\"e-con-inner\">\n\t\t\t\t<div class=\"elementor-element elementor-element-4e4c3aa elementor-widget elementor-widget-theme-post-featured-image elementor-widget-image\" data-id=\"4e4c3aa\" data-element_type=\"widget\" data-widget_type=\"theme-post-featured-image.default\">\n\t\t\t\t<div class=\"elementor-widget-container\">\n\t\t\t\t\t\t\t\t\t\t\t\t<figure class=\"wp-caption\">\n\t\t\t\t\t\t\t\t\t\t\t<a href=\"https:\/\/challengeme.online\/en\/pole-leonard-de-vinci\/\">\n\t\t\t\t\t\t\t<img decoding=\"async\" width=\"300\" height=\"200\" src=\"https:\/\/challengeme.online\/wp-content\/uploads\/2022\/05\/devinci_1920x1080-300x200.jpg\" class=\"attachment-medium size-medium wp-image-5211\" alt=\"Pole L\u00e9noard de Vinci\" srcset=\"https:\/\/challengeme.online\/wp-content\/uploads\/2022\/05\/devinci_1920x1080-300x200.jpg 300w, https:\/\/challengeme.online\/wp-content\/uploads\/2022\/05\/devinci_1920x1080-1024x683.jpg 1024w, https:\/\/challengeme.online\/wp-content\/uploads\/2022\/05\/devinci_1920x1080-768x512.jpg 768w, https:\/\/challengeme.online\/wp-content\/uploads\/2022\/05\/devinci_1920x1080-1536x1024.jpg 1536w, https:\/\/challengeme.online\/wp-content\/uploads\/2022\/05\/devinci_1920x1080.jpg 1920w\" sizes=\"(max-width: 300px) 100vw, 300px\" \/>\t\t\t\t\t\t\t\t<\/a>\n\t\t\t\t\t\t\t\t\t\t\t<figcaption class=\"widget-image-caption wp-caption-text\"><\/figcaption>\n\t\t\t\t\t\t\t\t\t\t<\/figure>\n\t\t\t\t\t\t\t\t\t<\/div>\n\t\t\t\t<\/div>\n\t\t\t\t\t<\/div>\n\t\t\t\t<\/div>\n\t\t\t\t<\/div>\n\t\t\t\t<div data-elementor-type=\"loop-item\" data-elementor-id=\"9110\" class=\"elementor elementor-9110 swiper-slide e-loop-item e-loop-item-5188 post-5188 page type-page status-publish has-post-thumbnail hentry cas_dusage-evaluation-croisee cas_dusage-evaluation-intra-groupe categ-temoignage\" data-elementor-post-type=\"elementor_library\" role=\"group\" aria-roledescription=\"slide\" data-custom-edit-handle=\"1\">\n\t\t\t<div class=\"elementor-element elementor-element-54ca61b e-flex e-con-boxed e-con e-parent\" data-id=\"54ca61b\" data-element_type=\"container\">\n\t\t\t\t\t<div class=\"e-con-inner\">\n\t\t\t\t<div class=\"elementor-element elementor-element-4e4c3aa elementor-widget elementor-widget-theme-post-featured-image elementor-widget-image\" data-id=\"4e4c3aa\" data-element_type=\"widget\" data-widget_type=\"theme-post-featured-image.default\">\n\t\t\t\t<div class=\"elementor-widget-container\">\n\t\t\t\t\t\t\t\t\t\t\t\t<figure class=\"wp-caption\">\n\t\t\t\t\t\t\t\t\t\t\t<a href=\"https:\/\/challengeme.online\/en\/esc-pau-business-school\/\">\n\t\t\t\t\t\t\t<img loading=\"lazy\" decoding=\"async\" width=\"300\" height=\"171\" src=\"https:\/\/challengeme.online\/wp-content\/uploads\/2022\/05\/esc-Pau-300x171.jpeg\" class=\"attachment-medium size-medium wp-image-5204\" alt=\"Campus ESC PAU\" srcset=\"https:\/\/challengeme.online\/wp-content\/uploads\/2022\/05\/esc-Pau-300x171.jpeg 300w, https:\/\/challengeme.online\/wp-content\/uploads\/2022\/05\/esc-Pau-768x439.jpeg 768w, https:\/\/challengeme.online\/wp-content\/uploads\/2022\/05\/esc-Pau.jpeg 866w\" sizes=\"(max-width: 300px) 100vw, 300px\" \/>\t\t\t\t\t\t\t\t<\/a>\n\t\t\t\t\t\t\t\t\t\t\t<figcaption class=\"widget-image-caption wp-caption-text\"><\/figcaption>\n\t\t\t\t\t\t\t\t\t\t<\/figure>\n\t\t\t\t\t\t\t\t\t<\/div>\n\t\t\t\t<\/div>\n\t\t\t\t\t<\/div>\n\t\t\t\t<\/div>\n\t\t\t\t<\/div>\n\t\t\t\t<div data-elementor-type=\"loop-item\" data-elementor-id=\"9110\" class=\"elementor elementor-9110 swiper-slide e-loop-item e-loop-item-5069 post-5069 page type-page status-publish has-post-thumbnail hentry cas_dusage-evaluation-intra-groupe categ-temoignage\" data-elementor-post-type=\"elementor_library\" role=\"group\" aria-roledescription=\"slide\" data-custom-edit-handle=\"1\">\n\t\t\t<div class=\"elementor-element elementor-element-54ca61b e-flex e-con-boxed e-con e-parent\" data-id=\"54ca61b\" data-element_type=\"container\">\n\t\t\t\t\t<div class=\"e-con-inner\">\n\t\t\t\t<div class=\"elementor-element elementor-element-4e4c3aa elementor-widget elementor-widget-theme-post-featured-image elementor-widget-image\" data-id=\"4e4c3aa\" data-element_type=\"widget\" data-widget_type=\"theme-post-featured-image.default\">\n\t\t\t\t<div class=\"elementor-widget-container\">\n\t\t\t\t\t\t\t\t\t\t\t\t<figure class=\"wp-caption\">\n\t\t\t\t\t\t\t\t\t\t\t<a href=\"https:\/\/challengeme.online\/en\/em-lyon\/\">\n\t\t\t\t\t\t\t<img loading=\"lazy\" decoding=\"async\" width=\"300\" height=\"96\" src=\"https:\/\/challengeme.online\/wp-content\/uploads\/2022\/04\/Campus-Ecully5_uzj1pk-300x96.jpeg\" class=\"attachment-medium size-medium wp-image-5081\" alt=\"Campus EM LYON\" srcset=\"https:\/\/challengeme.online\/wp-content\/uploads\/2022\/04\/Campus-Ecully5_uzj1pk-300x96.jpeg 300w, https:\/\/challengeme.online\/wp-content\/uploads\/2022\/04\/Campus-Ecully5_uzj1pk-1024x329.jpeg 1024w, https:\/\/challengeme.online\/wp-content\/uploads\/2022\/04\/Campus-Ecully5_uzj1pk-768x247.jpeg 768w, https:\/\/challengeme.online\/wp-content\/uploads\/2022\/04\/Campus-Ecully5_uzj1pk-1536x494.jpeg 1536w, https:\/\/challengeme.online\/wp-content\/uploads\/2022\/04\/Campus-Ecully5_uzj1pk-2048x658.jpeg 2048w\" sizes=\"(max-width: 300px) 100vw, 300px\" \/>\t\t\t\t\t\t\t\t<\/a>\n\t\t\t\t\t\t\t\t\t\t\t<figcaption class=\"widget-image-caption wp-caption-text\"><\/figcaption>\n\t\t\t\t\t\t\t\t\t\t<\/figure>\n\t\t\t\t\t\t\t\t\t<\/div>\n\t\t\t\t<\/div>\n\t\t\t\t\t<\/div>\n\t\t\t\t<\/div>\n\t\t\t\t<\/div>\n\t\t\t\t<div data-elementor-type=\"loop-item\" data-elementor-id=\"9110\" class=\"elementor elementor-9110 swiper-slide e-loop-item e-loop-item-5051 post-5051 page type-page status-publish has-post-thumbnail hentry cas_dusage-evaluation-croisee categ-temoignage\" data-elementor-post-type=\"elementor_library\" role=\"group\" aria-roledescription=\"slide\" data-custom-edit-handle=\"1\">\n\t\t\t<div class=\"elementor-element elementor-element-54ca61b e-flex e-con-boxed e-con e-parent\" data-id=\"54ca61b\" data-element_type=\"container\">\n\t\t\t\t\t<div class=\"e-con-inner\">\n\t\t\t\t<div class=\"elementor-element elementor-element-4e4c3aa elementor-widget elementor-widget-theme-post-featured-image elementor-widget-image\" data-id=\"4e4c3aa\" data-element_type=\"widget\" data-widget_type=\"theme-post-featured-image.default\">\n\t\t\t\t<div class=\"elementor-widget-container\">\n\t\t\t\t\t\t\t\t\t\t\t\t<figure class=\"wp-caption\">\n\t\t\t\t\t\t\t\t\t\t\t<a href=\"https:\/\/challengeme.online\/en\/toulouse-school-of-management-2\/\">\n\t\t\t\t\t\t\t<img loading=\"lazy\" decoding=\"async\" width=\"300\" height=\"188\" src=\"https:\/\/challengeme.online\/wp-content\/uploads\/2024\/08\/tsm-campus-300x188.webp\" class=\"attachment-medium size-medium wp-image-9155\" alt=\"Campus Toulouse School of Management\" srcset=\"https:\/\/challengeme.online\/wp-content\/uploads\/2024\/08\/tsm-campus-300x188.webp 300w, https:\/\/challengeme.online\/wp-content\/uploads\/2024\/08\/tsm-campus.webp 400w\" sizes=\"(max-width: 300px) 100vw, 300px\" \/>\t\t\t\t\t\t\t\t<\/a>\n\t\t\t\t\t\t\t\t\t\t\t<figcaption class=\"widget-image-caption wp-caption-text\"><\/figcaption>\n\t\t\t\t\t\t\t\t\t\t<\/figure>\n\t\t\t\t\t\t\t\t\t<\/div>\n\t\t\t\t<\/div>\n\t\t\t\t\t<\/div>\n\t\t\t\t<\/div>\n\t\t\t\t<\/div>\n\t\t\t\t<div data-elementor-type=\"loop-item\" data-elementor-id=\"9110\" class=\"elementor elementor-9110 swiper-slide e-loop-item e-loop-item-2940 post-2940 page type-page status-publish has-post-thumbnail hentry cas_dusage-evaluation-croisee cas_dusage-evaluation-intra-groupe categ-temoignage\" data-elementor-post-type=\"elementor_library\" role=\"group\" aria-roledescription=\"slide\" data-custom-edit-handle=\"1\">\n\t\t\t<div class=\"elementor-element elementor-element-54ca61b e-flex e-con-boxed e-con e-parent\" data-id=\"54ca61b\" data-element_type=\"container\">\n\t\t\t\t\t<div class=\"e-con-inner\">\n\t\t\t\t<div class=\"elementor-element elementor-element-4e4c3aa elementor-widget elementor-widget-theme-post-featured-image elementor-widget-image\" data-id=\"4e4c3aa\" data-element_type=\"widget\" data-widget_type=\"theme-post-featured-image.default\">\n\t\t\t\t<div class=\"elementor-widget-container\">\n\t\t\t\t\t\t\t\t\t\t\t\t<figure class=\"wp-caption\">\n\t\t\t\t\t\t\t\t\t\t\t<a href=\"https:\/\/challengeme.online\/en\/grenoble-em\/\">\n\t\t\t\t\t\t\t<img loading=\"lazy\" decoding=\"async\" width=\"300\" height=\"160\" src=\"https:\/\/challengeme.online\/wp-content\/uploads\/2021\/11\/Vue-panoramique-de-Grenoble-300x160.jpg\" class=\"attachment-medium size-medium wp-image-2943\" alt=\"Vue panoramique de Grenoble\" srcset=\"https:\/\/challengeme.online\/wp-content\/uploads\/2021\/11\/Vue-panoramique-de-Grenoble-300x160.jpg 300w, https:\/\/challengeme.online\/wp-content\/uploads\/2021\/11\/Vue-panoramique-de-Grenoble-768x409.jpg 768w, https:\/\/challengeme.online\/wp-content\/uploads\/2021\/11\/Vue-panoramique-de-Grenoble.jpg 900w\" sizes=\"(max-width: 300px) 100vw, 300px\" \/>\t\t\t\t\t\t\t\t<\/a>\n\t\t\t\t\t\t\t\t\t\t\t<figcaption class=\"widget-image-caption wp-caption-text\"><\/figcaption>\n\t\t\t\t\t\t\t\t\t\t<\/figure>\n\t\t\t\t\t\t\t\t\t<\/div>\n\t\t\t\t<\/div>\n\t\t\t\t\t<\/div>\n\t\t\t\t<\/div>\n\t\t\t\t<\/div>\n\t\t\t\t<div data-elementor-type=\"loop-item\" data-elementor-id=\"9110\" class=\"elementor elementor-9110 swiper-slide e-loop-item e-loop-item-1864 post-1864 page type-page status-publish has-post-thumbnail hentry cas_dusage-evaluation-croisee categ-temoignage\" data-elementor-post-type=\"elementor_library\" role=\"group\" aria-roledescription=\"slide\" data-custom-edit-handle=\"1\">\n\t\t\t<div class=\"elementor-element elementor-element-54ca61b e-flex e-con-boxed e-con e-parent\" data-id=\"54ca61b\" data-element_type=\"container\">\n\t\t\t\t\t<div class=\"e-con-inner\">\n\t\t\t\t<div class=\"elementor-element elementor-element-4e4c3aa elementor-widget elementor-widget-theme-post-featured-image elementor-widget-image\" data-id=\"4e4c3aa\" data-element_type=\"widget\" data-widget_type=\"theme-post-featured-image.default\">\n\t\t\t\t<div class=\"elementor-widget-container\">\n\t\t\t\t\t\t\t\t\t\t\t\t<figure class=\"wp-caption\">\n\t\t\t\t\t\t\t\t\t\t\t<a href=\"https:\/\/challengeme.online\/en\/skema-bs-qcm\/\">\n\t\t\t\t\t\t\t<img loading=\"lazy\" decoding=\"async\" width=\"300\" height=\"240\" src=\"https:\/\/challengeme.online\/wp-content\/uploads\/2024\/08\/skema-grand-paris-campus-300x240.jpg\" class=\"attachment-medium size-medium wp-image-9587\" alt=\"Campus Skema Business School\" srcset=\"https:\/\/challengeme.online\/wp-content\/uploads\/2024\/08\/skema-grand-paris-campus-300x240.jpg 300w, https:\/\/challengeme.online\/wp-content\/uploads\/2024\/08\/skema-grand-paris-campus-1024x819.jpg 1024w, https:\/\/challengeme.online\/wp-content\/uploads\/2024\/08\/skema-grand-paris-campus-768x614.jpg 768w, https:\/\/challengeme.online\/wp-content\/uploads\/2024\/08\/skema-grand-paris-campus.jpg 1500w\" sizes=\"(max-width: 300px) 100vw, 300px\" \/>\t\t\t\t\t\t\t\t<\/a>\n\t\t\t\t\t\t\t\t\t\t\t<figcaption class=\"widget-image-caption wp-caption-text\"><\/figcaption>\n\t\t\t\t\t\t\t\t\t\t<\/figure>\n\t\t\t\t\t\t\t\t\t<\/div>\n\t\t\t\t<\/div>\n\t\t\t\t\t<\/div>\n\t\t\t\t<\/div>\n\t\t\t\t<\/div>\n\t\t\t\t<\/div>\n\t\t<\/div>\n\t\t\t\t\t<div class=\"swiper-pagination\"><\/div>\n\t\t\t\t\t\t<\/div>\n\t\t\t\t<\/div>\n\t\t\t\t<\/div>\n\t\t\t\t\t<\/div>\n\t\t\t\t<\/div>\n\t\t\t\t<\/div>","protected":false},"excerpt":{"rendered":"<p>Burgundy School of Business \u00ab\u00a0Moi Manager\u00a0\u00bb &#8211; \u00e9valuation par les pairs https:\/\/youtu.be\/qMGPdyFp1Uo Une activit\u00e9 participative pour lancer le cours autrement Anne-Sophie Louis, professeure \u00e0 BSB, se posait une question simple :Et si les \u00e9tudiants lan\u00e7aient eux-m\u00eames le cours ? En partant de ce pari, elle a utilis\u00e9 ChallengeMe pour cr\u00e9er une activit\u00e9 d&rsquo;ouverture o\u00f9 chaque [&hellip;]<\/p>","protected":false},"author":2,"featured_media":14188,"parent":0,"menu_order":0,"comment_status":"closed","ping_status":"closed","template":"elementor_header_footer","meta":{"content-type":"","footnotes":""},"cas_dusage":[93,72],"categ":[78,123],"format_activite":[],"class_list":["post-14180","page","type-page","status-publish","has-post-thumbnail","hentry","cas_dusage-evaluation-feedback-de-presentations","cas_dusage-evaluation-intra-groupe","categ-temoignage","categ-temoignages"],"_links":{"self":[{"href":"https:\/\/challengeme.online\/en\/wp-json\/wp\/v2\/pages\/14180","targetHints":{"allow":["GET"]}}],"collection":[{"href":"https:\/\/challengeme.online\/en\/wp-json\/wp\/v2\/pages"}],"about":[{"href":"https:\/\/challengeme.online\/en\/wp-json\/wp\/v2\/types\/page"}],"author":[{"embeddable":true,"href":"https:\/\/challengeme.online\/en\/wp-json\/wp\/v2\/users\/2"}],"replies":[{"embeddable":true,"href":"https:\/\/challengeme.online\/en\/wp-json\/wp\/v2\/comments?post=14180"}],"version-history":[{"count":8,"href":"https:\/\/challengeme.online\/en\/wp-json\/wp\/v2\/pages\/14180\/revisions"}],"predecessor-version":[{"id":14189,"href":"https:\/\/challengeme.online\/en\/wp-json\/wp\/v2\/pages\/14180\/revisions\/14189"}],"wp:featuredmedia":[{"embeddable":true,"href":"https:\/\/challengeme.online\/en\/wp-json\/wp\/v2\/media\/14188"}],"wp:attachment":[{"href":"https:\/\/challengeme.online\/en\/wp-json\/wp\/v2\/media?parent=14180"}],"wp:term":[{"taxonomy":"cas_dusage","embeddable":true,"href":"https:\/\/challengeme.online\/en\/wp-json\/wp\/v2\/cas_dusage?post=14180"},{"taxonomy":"categ","embeddable":true,"href":"https:\/\/challengeme.online\/en\/wp-json\/wp\/v2\/categ?post=14180"},{"taxonomy":"format_activite","embeddable":true,"href":"https:\/\/challengeme.online\/en\/wp-json\/wp\/v2\/format_activite?post=14180"}],"curies":[{"name":"wp","href":"https:\/\/api.w.org\/{rel}","templated":true}]}}