{"id":14070,"date":"2025-05-06T17:23:50","date_gmt":"2025-05-06T15:23:50","guid":{"rendered":"https:\/\/challengeme.online\/?page_id=14070"},"modified":"2025-05-06T17:28:54","modified_gmt":"2025-05-06T15:28:54","slug":"challengeme-vs-dynamo","status":"publish","type":"page","link":"https:\/\/challengeme.online\/en\/challengeme-vs-dynamo\/","title":{"rendered":"ChallengeMe vs Dynamo"},"content":{"rendered":"<div data-elementor-type=\"wp-page\" data-elementor-id=\"14070\" class=\"elementor elementor-14070\" data-elementor-post-type=\"page\">\n\t\t\t\t<div class=\"elementor-element elementor-element-676903d e-flex e-con-boxed e-con e-parent\" data-id=\"676903d\" data-element_type=\"container\">\n\t\t\t\t\t<div class=\"e-con-inner\">\n\t\t\t\t<div class=\"elementor-element elementor-element-4f2056b elementor-widget elementor-widget-heading\" data-id=\"4f2056b\" data-element_type=\"widget\" data-widget_type=\"heading.default\">\n\t\t\t\t<div class=\"elementor-widget-container\">\n\t\t\t\t\t<h1 class=\"elementor-heading-title elementor-size-default\">ChallengeMe vs. Dynamo :<\/h1>\t\t\t\t<\/div>\n\t\t\t\t<\/div>\n\t\t\t\t<div class=\"elementor-element elementor-element-b37d229 elementor-widget elementor-widget-text-editor\" data-id=\"b37d229\" data-element_type=\"widget\" data-widget_type=\"text-editor.default\">\n\t\t\t\t<div class=\"elementor-widget-container\">\n\t\t\t\t\t\t\t\t\t<div class=\"relative\">\n<div class=\"prose text-pretty dark:prose-invert inline leading-normal break-words min-w-0 [word-break:break-word]\">\n<h1 id=\"challengeme-vs-dynamo--une-comparaison-complte\" class=\"first:mt-xs font-display mb-3 mt-8 text-lg font-[500] leading-[1.5em] lg:text-xl dark:font-[475]\">&nbsp;<\/h1>\n<p class=\"my-0\">Vous cherchez une solution d&rsquo;\u00e9valuation par les pairs pour votre \u00e9tablissement d&rsquo;enseignement sup\u00e9rieur ? Nombreux sont ceux qui nous demandent quelle est la diff\u00e9rence entre ChallengeMe et Dynamo d&rsquo;UCLouvain. Et pourquoi devriez-vous envisager de changer de plateforme d&rsquo;\u00e9valuation ?<\/p>\n<p class=\"my-0\">Ci-dessous, vous trouverez trois raisons principales pour lesquelles les utilisateurs de Dynamo passent aujourd&rsquo;hui \u00e0 ChallengeMe. Si cela ne suffit pas (et nous le comprenons), vous trouverez beaucoup plus d&rsquo;informations d\u00e9taill\u00e9es juste apr\u00e8s.<\/p>\n<p class=\"my-0\">Bien s\u00fbr, vous pouvez \u00e9galement nous contacter directement pour d\u00e9couvrir la diff\u00e9rence par vous-m\u00eame.<\/p>\n<p class=\"my-0\"><br><\/p>\n<h2 id=\"pourquoi-les-tablissements-choisissent-challengeme\" class=\"mb-2 mt-6 text-lg font-[500] first:mt-0 dark:font-[475]\">Pourquoi les \u00e9tablissements choisissent ChallengeMe plut\u00f4t que Dynamo<\/h2>\n<div><br><\/div>\n<p class=\"my-0\">Si vous n&rsquo;avez pas envie de lire l&rsquo;article complet, voici les 3 principales raisons pour lesquelles les utilisateurs de Dynamo passent \u00e0 ChallengeMe.<\/p>\n<ul class=\"marker:text-textOff list-disc\">\n<li>\n<p class=\"my-0\"><strong>Flexibilit\u00e9 p\u00e9dagogique sup\u00e9rieure<\/strong> : Alors que Dynamo se concentre uniquement sur l&rsquo;\u00e9valuation de la dynamique de groupe, ChallengeMe offre une gamme compl\u00e8te de sc\u00e9narios p\u00e9dagogiques incluant l&rsquo;\u00e9valuation par les pairs, l&rsquo;\u00e9valuation formative, l&rsquo;\u00e9valuation des travaux individuels et l&rsquo;\u00e9valuation des enseignements.<\/p>\n<\/li>\n<li>\n<p class=\"my-0\"><strong>Interface intuitive et moderne<\/strong> : ChallengeMe propose une exp\u00e9rience utilisateur plus fluide et contemporaine, tant pour les enseignants que pour les \u00e9tudiants, avec des fonctionnalit\u00e9s de personnalisation avanc\u00e9es et une prise en main rapide.<\/p>\n<\/li>\n<li>\n<p class=\"my-0\"><strong>Accompagnement personnalis\u00e9<\/strong> : ChallengeMe se distingue par son service de coaching d\u00e9di\u00e9, disponible pour guider les enseignants dans l&rsquo;utilisation optimale de la plateforme, contrairement \u00e0 Dynamo qui repose davantage sur une documentation en ligne.<\/p><\/li>\n<\/ul><div><br><\/div>\n<p class=\"my-0\">\u00ab\u00a0ChallengeMe est la plateforme d&rsquo;\u00e9valuation par les pairs la plus intuitive que j&rsquo;ai exp\u00e9riment\u00e9e jusqu&rsquo;\u00e0 pr\u00e9sent en tant que charg\u00e9e de cours universitaire !\u00a0\u00bb &#8211; Brigitte Morin, UQAR<\/p>\n<p class=\"my-0\"><br><\/p>\n<h2 id=\"quest-ce-qui-diffrencie-challengeme-et-dynamo\" class=\"mb-2 mt-6 text-lg font-[500] first:mt-0 dark:font-[475]\">Qu&rsquo;est-ce qui diff\u00e9rencie ChallengeMe et Dynamo ?<\/h2><div><br><\/div>\n<h3 class=\"mb-xs mt-5 text-base font-[500] first:mt-0 dark:font-[475]\">Facilit\u00e9 d&rsquo;utilisation : ChallengeMe vs. Dynamo<\/h3>\n<p class=\"my-0\">Les deux plateformes offrent des solutions pour l&rsquo;\u00e9valuation par les pairs dans l&rsquo;enseignement sup\u00e9rieur. Pour certains, Dynamo est la meilleure solution car elle se concentre sp\u00e9cifiquement sur la dynamique de groupe. Cependant, en termes de fonctionnalit\u00e9s d&rsquo;\u00e9valuation plus larges, ChallengeMe offre davantage de possibilit\u00e9s. Pour d\u00e9terminer quelle plateforme convient le mieux \u00e0 vos besoins, il est important de comprendre les points forts de chacune.<\/p>\n<p class=\"my-0\">ChallengeMe est le meilleur choix pour les enseignants qui recherchent une plateforme d&rsquo;\u00e9valuation polyvalente et facile \u00e0 utiliser. ChallengeMe met l&rsquo;accent sur la simplicit\u00e9 et l&rsquo;exp\u00e9rience utilisateur. L&rsquo;objectif est que les enseignants passent moins de temps \u00e0 configurer les \u00e9valuations et plus de temps \u00e0 cr\u00e9er des activit\u00e9s p\u00e9dagogiques engageantes.<\/p>\n<p class=\"my-0\">La plupart des utilisateurs trouveront Dynamo plus limit\u00e9e en termes de cas d&rsquo;usage.<\/p><p class=\"my-0\"><br><\/p>\n<h3 id=\"comparaison-des-fonctionnalits-dvaluation\" class=\"mb-2 mt-6 text-lg font-[500] first:mt-0 dark:font-[475]\">Comparaison des fonctionnalit\u00e9s d&rsquo;\u00e9valuation<\/h3>\n<p class=\"my-0\">Les plus grandes diff\u00e9rences entre les deux plateformes apparaissent lorsque l&rsquo;on compare leurs fonctionnalit\u00e9s d&rsquo;\u00e9valuation. Les deux produits proposent des fonctionnalit\u00e9s d&rsquo;\u00e9valuation par les pairs, mais la fa\u00e7on dont les utilisateurs interagissent avec ces fonctionnalit\u00e9s est totalement diff\u00e9rente.<\/p>\n<p class=\"my-0\">ChallengeMe a choisi de donner aux enseignants la possibilit\u00e9 de cr\u00e9er diff\u00e9rents types d&rsquo;\u00e9valuations adapt\u00e9es \u00e0 leurs besoins p\u00e9dagogiques sp\u00e9cifiques. Alors que Dynamo se concentre exclusivement sur l&rsquo;\u00e9valuation de la dynamique de groupe avec 5 crit\u00e8res pr\u00e9d\u00e9finis.<\/p>\n<p class=\"my-0\">ChallengeMe estime qu&rsquo;en offrant une plus grande flexibilit\u00e9 dans les types d&rsquo;\u00e9valuation, cela change compl\u00e8tement la fa\u00e7on dont les enseignants peuvent utiliser l&rsquo;outil dans leurs cours. Sans configuration complexe, il est possible de mettre en place des \u00e9valuations de travaux, des \u00e9valuations intra-groupe, des \u00e9valuations formatives ou des \u00e9valuations des enseignements.<\/p>\n<p class=\"my-0\">Si vous recherchez uniquement un outil pour \u00e9valuer la dynamique de groupe et identifier les \u00ab\u00a0free-riders\u00a0\u00bb, alors Dynamo pourrait suffire \u00e0 vos besoins. Continuez \u00e0 lire pour d\u00e9couvrir d&rsquo;autres diff\u00e9rences entre les deux plateformes et trouver celle qui convient le mieux \u00e0 vos besoins.<\/p><p class=\"my-0\"><br><\/p>\n<h3 class=\"mb-xs mt-5 text-base font-[500] first:mt-0 dark:font-[475]\">Int\u00e9grations et LMS<\/h3>\n<p class=\"my-0\">ChallengeMe offre une int\u00e9gration native avec les principaux LMS (Learning Management Systems) comme Moodle, Blackboard, Brightspace, etc. Pour de nombreux \u00e9tablissements, cette int\u00e9gration transparente est essentielle. Dynamo, quant \u00e0 lui, est un plugin Moodle uniquement, ce qui limite son utilisation aux \u00e9tablissements utilisant cette plateforme.<\/p>\n<p class=\"my-0\">Les utilisateurs souhaitant int\u00e9grer leur plateforme d&rsquo;\u00e9valuation \u00e0 diff\u00e9rents environnements d&rsquo;apprentissage devraient choisir ChallengeMe pour sa compatibilit\u00e9 \u00e9tendue.<\/p><p class=\"my-0\"><br><\/p>\n<h3 class=\"mb-xs mt-5 text-base font-[500] first:mt-0 dark:font-[475]\">Prix de ChallengeMe vs Dynamo<\/h3>\n<p class=\"my-0\">En comparant les mod\u00e8les de tarification, nous pouvons dire que Dynamo a l&rsquo;avantage d&rsquo;\u00eatre gratuit car c&rsquo;est un plugin open source d\u00e9velopp\u00e9 par UCLouvain. Cependant, cette gratuit\u00e9 s&rsquo;accompagne de limitations significatives en termes de fonctionnalit\u00e9s et de support.<\/p>\n<p class=\"my-0\">ChallengeMe propose diff\u00e9rentes formules tarifaires adapt\u00e9es aux besoins des \u00e9tablissements, avec un accompagnement personnalis\u00e9 inclus. L&rsquo;investissement dans ChallengeMe se justifie par la richesse des fonctionnalit\u00e9s, la flexibilit\u00e9 p\u00e9dagogique et le support d\u00e9di\u00e9.<\/p>\n<p class=\"my-0\">R\u00e9capitulons ce que nous venons d&rsquo;aborder. N&rsquo;oubliez pas qu&rsquo;il s&rsquo;agit simplement d&rsquo;un aper\u00e7u g\u00e9n\u00e9ral. Ci-dessous, vous trouverez une comparaison plus d\u00e9taill\u00e9e.<\/p><p class=\"my-0\"><br><\/p>\n<h2 id=\"examinons-les-dtails\" class=\"mb-2 mt-6 text-lg font-[500] first:mt-0 dark:font-[475]\">Examinons les d\u00e9tails<\/h2><div><br><\/div>\n<h3 class=\"mb-xs mt-5 text-base font-[500] first:mt-0 dark:font-[475]\">Configuration d&rsquo;une \u00e9valuation<\/h3>\n<p class=\"my-0\">La plupart des clients qui sont pass\u00e9s de Dynamo \u00e0 ChallengeMe affirment que la plateforme est plus facile \u00e0 utiliser. Cela leur permet de gagner du temps et de se concentrer sur la cr\u00e9ation de meilleures activit\u00e9s p\u00e9dagogiques.<\/p>\n<p class=\"my-0\">La configuration d&rsquo;une \u00e9valuation est simple sur les deux plateformes. Sur ChallengeMe, c&rsquo;est un peu plus facile car ils ont d\u00e9cid\u00e9 de masquer la plupart des options avanc\u00e9es lors de la premi\u00e8re configuration. Cela signifie qu&rsquo;en quelques minutes, vous obtenez une activit\u00e9 d&rsquo;\u00e9valuation que vous pouvez partager avec vos \u00e9tudiants.<\/p>\n<p class=\"my-0\">Dynamo n\u00e9cessite de configurer pr\u00e9alablement un groupement dans Moodle, ce qui peut \u00eatre une \u00e9tape suppl\u00e9mentaire pour les enseignants moins familiers avec cette plateforme. De plus, les changements de groupes apr\u00e8s le d\u00e9marrage d&rsquo;une activit\u00e9 Dynamo peuvent \u00eatre probl\u00e9matiques.<\/p><p class=\"my-0\"><br><\/p>\n<h3 class=\"mb-xs mt-5 text-base font-[500] first:mt-0 dark:font-[475]\">Plus d&rsquo;informations sur les types d&rsquo;\u00e9valuation<\/h3>\n<p class=\"my-0\">Comme nous l&rsquo;avons mentionn\u00e9 pr\u00e9c\u00e9demment, la plus grande diff\u00e9rence entre ChallengeMe et Dynamo r\u00e9side dans les types d&rsquo;\u00e9valuation propos\u00e9s.<\/p>\n<p class=\"my-0\">ChallengeMe offre une grande vari\u00e9t\u00e9 de sc\u00e9narios p\u00e9dagogiques :<\/p>\n<ul class=\"marker:text-textOff list-disc\">\n<li>\n<p class=\"my-0\">\u00c9valuation par les pairs de travaux<\/p>\n<\/li>\n<li>\n<p class=\"my-0\">\u00c9valuation intra-groupe<\/p>\n<\/li>\n<li>\n<p class=\"my-0\">\u00c9valuation des pr\u00e9sentations orales<\/p>\n<\/li>\n<li>\n<p class=\"my-0\">Co-\u00e9valuation (plusieurs profils de correcteurs)<\/p>\n<\/li>\n<li>\n<p class=\"my-0\">\u00c9valuation de la qualit\u00e9 des feedbacks<\/p>\n<\/li>\n<li>\n<p class=\"my-0\">\u00c9valuation des enseignements<\/p>\n<\/li>\n<\/ul>\n<p class=\"my-0\">Dynamo se concentre exclusivement sur l&rsquo;\u00e9valuation intra-groupe avec 5 crit\u00e8res pr\u00e9d\u00e9finis :<\/p>\n<ul class=\"marker:text-textOff list-disc\">\n<li>\n<p class=\"my-0\">Responsabilit\u00e9<\/p>\n<\/li>\n<li>\n<p class=\"my-0\">Expertise<\/p>\n<\/li>\n<li>\n<p class=\"my-0\">Attitude<\/p>\n<\/li>\n<li>\n<p class=\"my-0\">Communication<\/p>\n<\/li>\n<li>\n<p class=\"my-0\">Implication<\/p>\n<\/li>\n<\/ul><div><br><\/div>\n<h2 class=\"mb-xs mt-5 text-base font-[500] first:mt-0 dark:font-[475]\">Choisir la meilleure plateforme d&rsquo;\u00e9valuation<\/h2>\n<p class=\"my-0\">Dynamo g\u00e9n\u00e8re automatiquement 5 indicateurs pour analyser la dynamique de groupe :<\/p>\n<ul class=\"marker:text-textOff list-disc\">\n<li>\n<p class=\"my-0\">Implication relative<\/p>\n<\/li>\n<li>\n<p class=\"my-0\">Assurance relative<\/p>\n<\/li>\n<li>\n<p class=\"my-0\">Coh\u00e9rence<\/p>\n<\/li>\n<li>\n<p class=\"my-0\">Coh\u00e9sion<\/p>\n<\/li>\n<li>\n<p class=\"my-0\">Climat<\/p>\n<\/li>\n<\/ul>\n<p class=\"my-0\">Ces indicateurs sont utiles pour identifier rapidement les groupes en difficult\u00e9 et les \u00e9tudiants peu impliqu\u00e9s. Cependant, ils ne permettent pas d&rsquo;\u00e9valuer d&rsquo;autres aspects de l&rsquo;apprentissage.<\/p>\n<p class=\"my-0\">ChallengeMe, en revanche, offre une plus grande flexibilit\u00e9 dans la d\u00e9finition des crit\u00e8res d&rsquo;\u00e9valuation et la g\u00e9n\u00e9ration de notes. Vous pouvez cr\u00e9er des crit\u00e8res personnalis\u00e9s, ajouter des coefficients par phase et par crit\u00e8re, et construire la note souhait\u00e9e.<\/p><p class=\"my-0\"><br><\/p>\n<h2 class=\"mb-xs mt-5 text-base font-[500] first:mt-0 dark:font-[475]\">Engagement des \u00e9tudiants<\/h2>\n<p class=\"my-0\">Parlons maintenant de l&rsquo;engagement des \u00e9tudiants dans cette comparaison ChallengeMe vs. Dynamo. Les deux plateformes mettent l&rsquo;accent sur l&rsquo;importance de l&rsquo;engagement, mais l&rsquo;approchent diff\u00e9remment.<\/p>\n<p class=\"my-0\">ChallengeMe d\u00e9finit l&rsquo;engagement comme tout ce qui se passe pendant une \u00e9valuation et qui maintient l&rsquo;int\u00e9r\u00eat des \u00e9tudiants. Un bon engagement aide \u00e0 construire de meilleures relations p\u00e9dagogiques et \u00e0 d\u00e9velopper des comp\u00e9tences transversales essentielles.<\/p>\n<p class=\"my-0\">Dynamo se concentre davantage sur l&rsquo;identification des probl\u00e8mes de dynamique de groupe que sur l&rsquo;engagement positif des \u00e9tudiants.<\/p>\n<p class=\"my-0\">ChallengeMe propose des fonctionnalit\u00e9s d&rsquo;engagement plus vari\u00e9es, comme la possibilit\u00e9 de donner des feedbacks d\u00e9taill\u00e9s, d&rsquo;\u00e9valuer la qualit\u00e9 des feedbacks re\u00e7us, et m\u00eame d&rsquo;utiliser l&rsquo;IA pour aider les \u00e9tudiants \u00e0 formuler des feedbacks pertinents.<\/p><p class=\"my-0\"><br><\/p>\n<h2 class=\"mb-xs mt-5 text-base font-[500] first:mt-0 dark:font-[475]\">Le point de vue de vos \u00e9tudiants<\/h2>\n<p class=\"my-0\">Les attentes des \u00e9tudiants ont \u00e9volu\u00e9. Ils sont habitu\u00e9s \u00e0 des interfaces modernes et interactives dans leur vie quotidienne.<\/p>\n<p class=\"my-0\">ChallengeMe r\u00e9pond \u00e0 ces attentes avec une interface contemporaine et des fonctionnalit\u00e9s d&rsquo;engagement innovantes. Les \u00e9tudiants appr\u00e9cient particuli\u00e8rement la facilit\u00e9 d&rsquo;utilisation et la clart\u00e9 des \u00e9valuations.<\/p>\n<p class=\"my-0\">Dynamo, bien que fonctionnel, pr\u00e9sente une interface plus basique int\u00e9gr\u00e9e \u00e0 Moodle, ce qui peut sembler moins attrayant pour les \u00e9tudiants habitu\u00e9s aux applications modernes.<\/p><p class=\"my-0\"><br><\/p>\n<h2 class=\"mb-xs mt-5 text-base font-[500] first:mt-0 dark:font-[475]\">Obtenir de meilleures analyses et am\u00e9liorer l&rsquo;apprentissage<\/h2>\n<p class=\"my-0\">Apr\u00e8s avoir r\u00e9alis\u00e9 vos \u00e9valuations, que se passe-t-il ? Les bonnes plateformes d&rsquo;\u00e9valuation vous aident \u00e0 faire deux choses essentielles.<\/p>\n<p class=\"my-0\">Tout d&rsquo;abord, elles vous permettent de comprendre comment les \u00e9tudiants s&rsquo;engagent dans le processus d&rsquo;\u00e9valuation. Ce type de donn\u00e9es vous aide \u00e0 identifier ce que les \u00e9tudiants trouvent utile et ce qui ne l&rsquo;est pas. Vous pouvez utiliser ces informations pour am\u00e9liorer les futures \u00e9valuations.<\/p>\n<p class=\"my-0\">Ensuite, elles vous aident \u00e0 obtenir des donn\u00e9es exploitables pour am\u00e9liorer votre enseignement.<\/p>\n<p class=\"my-0\">Les deux plateformes offrent des analyses, mais ChallengeMe propose des rapports plus d\u00e9taill\u00e9s et personnalisables. Vous pouvez obtenir des informations sur la participation, les scores re\u00e7us, et m\u00eame exporter les donn\u00e9es pour une analyse plus approfondie.<\/p>\n<p class=\"my-0\">Dynamo g\u00e9n\u00e8re \u00e9galement divers rapports, comme la liste des participants sans r\u00e9ponse, le trombinoscope des groupes, et des graphiques d&rsquo;assurance relative. Ces rapports sont utiles pour identifier les probl\u00e8mes de dynamique de groupe, mais sont moins flexibles que ceux de ChallengeMe.<\/p><p class=\"my-0\"><br><\/p>\n<h2 id=\"quelle-plateforme-est-la-meilleure-pour-vous\" class=\"mb-2 mt-6 text-lg font-[500] first:mt-0 dark:font-[475]\">Quelle plateforme est la meilleure pour vous ?<\/h2>\n<p class=\"my-0\">Nous esp\u00e9rons que cette comparaison ChallengeMe vs. Dynamo vous a \u00e9t\u00e9 utile. Pour r\u00e9sumer, Dynamo est une solution efficace pour les enseignants utilisant Moodle qui souhaitent sp\u00e9cifiquement \u00e9valuer la dynamique de groupe. C&rsquo;est un outil gratuit avec des fonctionnalit\u00e9s cibl\u00e9es.<\/p>\n<p class=\"my-0\">ChallengeMe, en revanche, est une solution plus compl\u00e8te qui r\u00e9pond \u00e0 un \u00e9ventail plus large de besoins p\u00e9dagogiques. Sa flexibilit\u00e9, son interface moderne et son accompagnement personnalis\u00e9 en font le choix privil\u00e9gi\u00e9 des \u00e9tablissements qui souhaitent diversifier leurs m\u00e9thodes d&rsquo;\u00e9valuation.<\/p>\n<p class=\"my-0\">Si vous recherchez une solution d&rsquo;\u00e9valuation par les pairs polyvalente, facile \u00e0 utiliser et adaptable \u00e0 diff\u00e9rents sc\u00e9narios p\u00e9dagogiques, ChallengeMe est le choix \u00e9vident. La plateforme a l&rsquo;avantage d&rsquo;avoir \u00e9t\u00e9 d\u00e9velopp\u00e9e en collaboration \u00e9troite avec plus de 100 \u00e9tablissements d&rsquo;enseignement sup\u00e9rieur, ce qui lui a permis d&rsquo;int\u00e9grer les meilleures pratiques p\u00e9dagogiques.<\/p>\n<p class=\"my-0\">Utiliser ChallengeMe est simple et votre \u00e9quipe sera op\u00e9rationnelle en quelques minutes. Vos \u00e9tudiants vivront une exp\u00e9rience d&rsquo;\u00e9valuation qu&rsquo;ils n&rsquo;ont jamais connue auparavant, les aidant \u00e0 d\u00e9velopper des comp\u00e9tences essentielles pour leur avenir professionnel.<\/p>\n<\/div>\n<\/div>\t\t\t\t\t\t\t\t<\/div>\n\t\t\t\t<\/div>\n\t\t\t\t\t<\/div>\n\t\t\t\t<\/div>\n\t\t\t\t<\/div>","protected":false},"excerpt":{"rendered":"<p>ChallengeMe vs. Dynamo : &nbsp; Vous cherchez une solution d&rsquo;\u00e9valuation par les pairs pour votre \u00e9tablissement d&rsquo;enseignement sup\u00e9rieur ? Nombreux sont ceux qui nous demandent quelle est la diff\u00e9rence entre ChallengeMe et Dynamo d&rsquo;UCLouvain. Et pourquoi devriez-vous envisager de changer de plateforme d&rsquo;\u00e9valuation ? Ci-dessous, vous trouverez trois raisons principales pour lesquelles les utilisateurs de [&hellip;]<\/p>","protected":false},"author":5,"featured_media":0,"parent":0,"menu_order":0,"comment_status":"closed","ping_status":"closed","template":"","meta":{"content-type":"","footnotes":""},"cas_dusage":[],"categ":[],"format_activite":[],"class_list":["post-14070","page","type-page","status-publish","hentry"],"_links":{"self":[{"href":"https:\/\/challengeme.online\/en\/wp-json\/wp\/v2\/pages\/14070","targetHints":{"allow":["GET"]}}],"collection":[{"href":"https:\/\/challengeme.online\/en\/wp-json\/wp\/v2\/pages"}],"about":[{"href":"https:\/\/challengeme.online\/en\/wp-json\/wp\/v2\/types\/page"}],"author":[{"embeddable":true,"href":"https:\/\/challengeme.online\/en\/wp-json\/wp\/v2\/users\/5"}],"replies":[{"embeddable":true,"href":"https:\/\/challengeme.online\/en\/wp-json\/wp\/v2\/comments?post=14070"}],"version-history":[{"count":7,"href":"https:\/\/challengeme.online\/en\/wp-json\/wp\/v2\/pages\/14070\/revisions"}],"predecessor-version":[{"id":14078,"href":"https:\/\/challengeme.online\/en\/wp-json\/wp\/v2\/pages\/14070\/revisions\/14078"}],"wp:attachment":[{"href":"https:\/\/challengeme.online\/en\/wp-json\/wp\/v2\/media?parent=14070"}],"wp:term":[{"taxonomy":"cas_dusage","embeddable":true,"href":"https:\/\/challengeme.online\/en\/wp-json\/wp\/v2\/cas_dusage?post=14070"},{"taxonomy":"categ","embeddable":true,"href":"https:\/\/challengeme.online\/en\/wp-json\/wp\/v2\/categ?post=14070"},{"taxonomy":"format_activite","embeddable":true,"href":"https:\/\/challengeme.online\/en\/wp-json\/wp\/v2\/format_activite?post=14070"}],"curies":[{"name":"wp","href":"https:\/\/api.w.org\/{rel}","templated":true}]}}