{"id":14026,"date":"2025-04-29T15:55:05","date_gmt":"2025-04-29T13:55:05","guid":{"rendered":"https:\/\/challengeme.online\/?page_id=14026"},"modified":"2025-04-29T15:57:07","modified_gmt":"2025-04-29T13:57:07","slug":"dynamo-vs-challengeme-le-comparatif-complet","status":"publish","type":"page","link":"https:\/\/challengeme.online\/en\/dynamo-vs-challengeme-le-comparatif-complet\/","title":{"rendered":"Dynamo vs ChallengeMe : Le comparatif complet"},"content":{"rendered":"<div data-elementor-type=\"wp-page\" data-elementor-id=\"14026\" class=\"elementor elementor-14026\" data-elementor-post-type=\"page\">\n\t\t\t\t<div class=\"elementor-element elementor-element-3b7bb56 e-flex e-con-boxed e-con e-parent\" data-id=\"3b7bb56\" data-element_type=\"container\">\n\t\t\t\t\t<div class=\"e-con-inner\">\n\t\t\t\t<div class=\"elementor-element elementor-element-c936b9b elementor-widget elementor-widget-heading\" data-id=\"c936b9b\" data-element_type=\"widget\" data-widget_type=\"heading.default\">\n\t\t\t\t<div class=\"elementor-widget-container\">\n\t\t\t\t\t<h1 class=\"elementor-heading-title elementor-size-default\">Dynamo vs ChallengeMe : Le comparatif complet<\/h1>\t\t\t\t<\/div>\n\t\t\t\t<\/div>\n\t\t\t\t\t<\/div>\n\t\t\t\t<\/div>\n\t\t<div class=\"elementor-element elementor-element-fa7c823 e-flex e-con-boxed e-con e-parent\" data-id=\"fa7c823\" data-element_type=\"container\">\n\t\t\t\t\t<div class=\"e-con-inner\">\n\t\t\t\t<div class=\"elementor-element elementor-element-c1fa635 elementor-widget elementor-widget-spacer\" data-id=\"c1fa635\" data-element_type=\"widget\" data-widget_type=\"spacer.default\">\n\t\t\t\t<div class=\"elementor-widget-container\">\n\t\t\t\t\t\t\t<div class=\"elementor-spacer\">\n\t\t\t<div class=\"elementor-spacer-inner\"><\/div>\n\t\t<\/div>\n\t\t\t\t\t\t<\/div>\n\t\t\t\t<\/div>\n\t\t\t\t<div class=\"elementor-element elementor-element-6dbc4f3 elementor-widget elementor-widget-text-editor\" data-id=\"6dbc4f3\" data-element_type=\"widget\" data-widget_type=\"text-editor.default\">\n\t\t\t\t<div class=\"elementor-widget-container\">\n\t\t\t\t\t\t\t\t\t<p class=\"my-0\">Vous cherchez \u00e0 comparer Dynamo, l\u2019outil d\u2019\u00e9valuation par les pairs d\u00e9velopp\u00e9 par l\u2019UCLouvain, et ChallengeMe, la solution d\u00e9di\u00e9e \u00e0 l\u2019enseignement sup\u00e9rieur, pour la gestion de la dynamique de groupe et l\u2019\u00e9valuation collaborative ? Voici une analyse d\u00e9taill\u00e9e pour vous aider \u00e0 choisir la plateforme la plus adapt\u00e9e \u00e0 vos besoins p\u00e9dagogiques.<\/p>\n<h2 class=\"mb-xs mt-5 text-base font-[525] first:mt-0\">Pourquoi choisir ChallengeMe plut\u00f4t que Dynamo ?<\/h2>\n<p class=\"my-0\"><strong>Voici les principales raisons pour lesquelles des \u00e9tablissements passent de Dynamo \u00e0 ChallengeMe :<\/strong><\/p>\n<ul class=\"marker:text-textOff list-disc\">\n<li>\n<p class=\"my-0\"><strong>Flexibilit\u00e9 des usages<\/strong><br>ChallengeMe va bien au-del\u00e0 de l\u2019\u00e9valuation de la dynamique de groupe\u202f: la plateforme permet de g\u00e9rer tous les sc\u00e9narios d\u2019\u00e9valuation par les pairs (travaux de groupe, pr\u00e9sentations orales, hackathons, feedback sur feedback, co-\u00e9valuation, auto-\u00e9valuation\u2026), avec des phases multiples et des mod\u00e8les adaptables \u00e0 chaque besoin p\u00e9dagogique<span class=\"citation ml-xs inline\" data-state=\"closed\" aria-label=\"ChallengeMe: Innovative Learning and Assessment Solution\"><span class=\"relative select-none align-middle cursor-pointer -top-px default font-sans text-base text-textMain dark:text-textMainDark selection:bg-super\/50 selection:text-textMain dark:selection:bg-superDuper\/10 dark:selection:text-superDark\"><span class=\"hover:bg-super dark:hover:bg-superDark dark:hover:text-backgroundDark min-w-[1rem] rounded-[0.3125rem] px-[0.3rem] text-center align-middle font-mono text-[0.6rem] tabular-nums hover:text-white py-[0.1875rem] border-borderMain\/50 ring-borderMain\/50 divide-borderMain\/50 dark:divide-borderMainDark\/50 dark:ring-borderMainDark\/50 dark:border-borderMainDark\/50 bg-offsetPlus dark:bg-offsetPlusDark\">2<\/span><\/span><\/span><span class=\"citation ml-xs inline\" data-state=\"closed\" aria-label=\"Evaluation and Feedback Strategies in Education\"><span class=\"relative select-none align-middle cursor-pointer -top-px default font-sans text-base text-textMain dark:text-textMainDark selection:bg-super\/50 selection:text-textMain dark:selection:bg-superDuper\/10 dark:selection:text-superDark\"><span class=\"hover:bg-super dark:hover:bg-superDark dark:hover:text-backgroundDark min-w-[1rem] rounded-[0.3125rem] px-[0.3rem] text-center align-middle font-mono text-[0.6rem] tabular-nums hover:text-white py-[0.1875rem] border-borderMain\/50 ring-borderMain\/50 divide-borderMain\/50 dark:divide-borderMainDark\/50 dark:ring-borderMainDark\/50 dark:border-borderMainDark\/50 bg-offsetPlus dark:bg-offsetPlusDark\">3<\/span><\/span><\/span><span class=\"whitespace-nowrap\"><span class=\"mr-[2px] citation ml-xs inline\" data-state=\"closed\" aria-label=\"FAQ sur ChallengeMe\"><span class=\"relative select-none align-middle cursor-pointer -top-px default font-sans text-base text-textMain dark:text-textMainDark selection:bg-super\/50 selection:text-textMain dark:selection:bg-superDuper\/10 dark:selection:text-superDark\"><span class=\"hover:bg-super dark:hover:bg-superDark dark:hover:text-backgroundDark min-w-[1rem] rounded-[0.3125rem] px-[0.3rem] text-center align-middle font-mono text-[0.6rem] tabular-nums hover:text-white py-[0.1875rem] border-borderMain\/50 ring-borderMain\/50 divide-borderMain\/50 dark:divide-borderMainDark\/50 dark:ring-borderMainDark\/50 dark:border-borderMainDark\/50 bg-offsetPlus dark:bg-offsetPlusDark\">4<\/span><\/span><\/span>.<\/span>&nbsp;Dynamo est centr\u00e9 sur l\u2019\u00e9valuation intra-groupe et la mesure de l\u2019implication individuelle<span class=\"whitespace-nowrap\">.<\/span><\/p>\n<\/li>\n<li>\n<p class=\"my-0\"><strong>Personnalisation et diversit\u00e9 des crit\u00e8res<\/strong><br>ChallengeMe propose une banque de crit\u00e8res personnalisables, la possibilit\u00e9 de pond\u00e9rer chaque crit\u00e8re, de cr\u00e9er des grilles sur mesure et d\u2019int\u00e9grer des feedbacks qualitatifs et quantitatifs<span class=\"whitespace-nowrap\">.<\/span>&nbsp;Dynamo impose 5 crit\u00e8res principaux (avec descriptions par d\u00e9faut) et une option pour un sixi\u00e8me crit\u00e8re facultatif, mais offre moins de personnalisation<span class=\"whitespace-nowrap\">.<\/span><\/p>\n<\/li>\n<li>\n<p class=\"my-0\"><strong>Automatisation et gain de temps<\/strong><br>ChallengeMe automatise les relances, la gestion des phases, le calcul des notes individuelles et group\u00e9es, et l\u2019export des r\u00e9sultats (Excel, PDF), m\u00eame pour de tr\u00e8s grands groupes<span class=\"whitespace-nowrap\">.<\/span>&nbsp;Dynamo propose des exports et des rapports, mais la gestion des sc\u00e9narios complexes ou multi-phases est limit\u00e9e<span class=\"whitespace-nowrap\">.<\/span><\/p>\n<\/li>\n<li>\n<p class=\"my-0\"><strong>Accompagnement et support<\/strong><br>ChallengeMe offre un accompagnement personnalis\u00e9 par des coachs, des guides d\u00e9taill\u00e9s, une assistance r\u00e9active et des ressources p\u00e9dagogiques pour la conception des activit\u00e9s<span class=\"whitespace-nowrap\">.<\/span>&nbsp;Dynamo ne propose pas d\u2019accompagnement individualis\u00e9.<\/p>\n<\/li>\n<li>\n<p class=\"my-0\"><strong>Exp\u00e9rience utilisateur et engagement \u00e9tudiant<\/strong><br>ChallengeMe propose une interface moderne, intuitive, pens\u00e9e pour engager les \u00e9tudiants, d\u00e9velopper leurs soft skills et favoriser l\u2019am\u00e9lioration continue gr\u00e2ce \u00e0 des feedbacks riches et vari\u00e9s<span class=\"whitespace-nowrap\">.<\/span>&nbsp;Dynamo reste tr\u00e8s efficace pour le diagnostic de la dynamique de groupe, mais son interface et ses usages sont plus cibl\u00e9s et moins interactifs.<\/p>\n<\/li>\n<\/ul>\n<h2 id=\"tableau-comparatif--challengeme-vs-dynamo\" class=\"mb-2 mt-6 text-lg font-[500] first:mt-0\">Tableau comparatif : ChallengeMe vs Dynamo<\/h2>\n<div class=\"w-full overflow-x-auto md:max-w-[90vw] border-borderMain\/50 ring-borderMain\/50 divide-borderMain\/50 dark:divide-borderMainDark\/50 dark:ring-borderMainDark\/50 dark:border-borderMainDark\/50 bg-transparent\">\n<table class=\"border-borderMain dark:border-borderMainDark my-[1em] w-full table-auto border\">\n<thead class=\"bg-offset dark:bg-offsetDark\">\n<tr>\n<th class=\"px-sm py-sm break-normal align-top\">Crit\u00e8re<\/th>\n<th class=\"px-sm py-sm break-normal align-top\">ChallengeMe<\/th>\n<th class=\"px-sm py-sm break-normal align-top\">Dynamo (UCLouvain)<\/th>\n<\/tr>\n<\/thead>\n<tbody>\n<tr>\n<td class=\"border-borderMain px-sm dark:border-borderMainDark min-w-[48px] break-normal border\"><strong>Sc\u00e9narios d\u2019\u00e9valuation<\/strong><\/td>\n<td class=\"border-borderMain px-sm dark:border-borderMainDark min-w-[48px] break-normal border\">Intra-groupe, inter-groupe, pr\u00e9sentations orales,<\/td>\n<td class=\"border-borderMain px-sm dark:border-borderMainDark min-w-[48px] break-normal border\">Intra-groupe (dynamique de groupe)<\/td>\n<\/tr>\n<tr>\n<td class=\"border-borderMain px-sm dark:border-borderMainDark min-w-[48px] break-normal border\">&nbsp;<\/td>\n<td class=\"border-borderMain px-sm dark:border-borderMainDark min-w-[48px] break-normal border\">feedback sur feedback, auto-\u00e9valuation, APC, etc.<\/td>\n<td class=\"border-borderMain px-sm dark:border-borderMainDark min-w-[48px] break-normal border\">&nbsp;<\/td>\n<\/tr>\n<tr>\n<td class=\"border-borderMain px-sm dark:border-borderMainDark min-w-[48px] break-normal border\"><strong>Personnalisation des crit\u00e8res<\/strong><\/td>\n<td class=\"border-borderMain px-sm dark:border-borderMainDark min-w-[48px] break-normal border\">Banque de crit\u00e8res, grilles sur mesure, pond\u00e9ration<\/td>\n<td class=\"border-borderMain px-sm dark:border-borderMainDark min-w-[48px] break-normal border\">5 crit\u00e8res impos\u00e9s (+1 optionnel),<\/td>\n<\/tr>\n<tr>\n<td class=\"border-borderMain px-sm dark:border-borderMainDark min-w-[48px] break-normal border\">&nbsp;<\/td>\n<td class=\"border-borderMain px-sm dark:border-borderMainDark min-w-[48px] break-normal border\">avanc\u00e9e, feedbacks qualitatifs et quantitatifs<\/td>\n<td class=\"border-borderMain px-sm dark:border-borderMainDark min-w-[48px] break-normal border\">descriptions par d\u00e9faut<\/td>\n<\/tr>\n<tr>\n<td class=\"border-borderMain px-sm dark:border-borderMainDark min-w-[48px] break-normal border\"><strong>Automatisation<\/strong><\/td>\n<td class=\"border-borderMain px-sm dark:border-borderMainDark min-w-[48px] break-normal border\">Relances, gestion des phases, calculs de notes,<\/td>\n<td class=\"border-borderMain px-sm dark:border-borderMainDark min-w-[48px] break-normal border\">Suivi des r\u00e9ponses, rapports, export Excel<\/td>\n<\/tr>\n<tr>\n<td class=\"border-borderMain px-sm dark:border-borderMainDark min-w-[48px] break-normal border\">&nbsp;<\/td>\n<td class=\"border-borderMain px-sm dark:border-borderMainDark min-w-[48px] break-normal border\">exports automatiques<\/td>\n<td class=\"border-borderMain px-sm dark:border-borderMainDark min-w-[48px] break-normal border\">&nbsp;<\/td>\n<\/tr>\n<tr>\n<td class=\"border-borderMain px-sm dark:border-borderMainDark min-w-[48px] break-normal border\"><strong>Analyse des r\u00e9sultats<\/strong><\/td>\n<td class=\"border-borderMain px-sm dark:border-borderMainDark min-w-[48px] break-normal border\">Suivi individuel et de groupe, identification des<\/td>\n<td class=\"border-borderMain px-sm dark:border-borderMainDark min-w-[48px] break-normal border\">5 indicateurs\u202f: implication, assurance,<\/td>\n<\/tr>\n<tr>\n<td class=\"border-borderMain px-sm dark:border-borderMainDark min-w-[48px] break-normal border\">&nbsp;<\/td>\n<td class=\"border-borderMain px-sm dark:border-borderMainDark min-w-[48px] break-normal border\">\u00e9carts, dynamique de groupe, feedbacks sur feedback<\/td>\n<td class=\"border-borderMain px-sm dark:border-borderMainDark min-w-[48px] break-normal border\">coh\u00e9rence, coh\u00e9sion, climat<\/td>\n<\/tr>\n<tr>\n<td class=\"border-borderMain px-sm dark:border-borderMainDark min-w-[48px] break-normal border\"><strong>Accompagnement<\/strong><\/td>\n<td class=\"border-borderMain px-sm dark:border-borderMainDark min-w-[48px] break-normal border\">Coachs d\u00e9di\u00e9s, guides, support r\u00e9actif,<\/td>\n<td class=\"border-borderMain px-sm dark:border-borderMainDark min-w-[48px] break-normal border\">Pas d\u2019accompagnement individualis\u00e9<\/td>\n<\/tr>\n<tr>\n<td class=\"border-borderMain px-sm dark:border-borderMainDark min-w-[48px] break-normal border\">&nbsp;<\/td>\n<td class=\"border-borderMain px-sm dark:border-borderMainDark min-w-[48px] break-normal border\">ressources p\u00e9dagogiques<\/td>\n<td class=\"border-borderMain px-sm dark:border-borderMainDark min-w-[48px] break-normal border\">&nbsp;<\/td>\n<\/tr>\n<tr>\n<td class=\"border-borderMain px-sm dark:border-borderMainDark min-w-[48px] break-normal border\"><strong>Int\u00e9gration<\/strong><\/td>\n<td class=\"border-borderMain px-sm dark:border-borderMainDark min-w-[48px] break-normal border\">LTI (Moodle, Blackboard, Brightspace\u2026),<\/td>\n<td class=\"border-borderMain px-sm dark:border-borderMainDark min-w-[48px] break-normal border\">Natif Moodle<\/td>\n<\/tr>\n<tr>\n<td class=\"border-borderMain px-sm dark:border-borderMainDark min-w-[48px] break-normal border\">&nbsp;<\/td>\n<td class=\"border-borderMain px-sm dark:border-borderMainDark min-w-[48px] break-normal border\">pas de cr\u00e9ation de comptes<\/td>\n<td class=\"border-borderMain px-sm dark:border-borderMainDark min-w-[48px] break-normal border\">&nbsp;<\/td>\n<\/tr>\n<tr>\n<td class=\"border-borderMain px-sm dark:border-borderMainDark min-w-[48px] break-normal border\"><strong>Exp\u00e9rience utilisateur<\/strong><\/td>\n<td class=\"border-borderMain px-sm dark:border-borderMainDark min-w-[48px] break-normal border\">Interface intuitive, moderne, param\u00e9trable<\/td>\n<td class=\"border-borderMain px-sm dark:border-borderMainDark min-w-[48px] break-normal border\">Interface simple, centr\u00e9e sur les rapports<\/td>\n<\/tr>\n<tr>\n<td class=\"border-borderMain px-sm dark:border-borderMainDark min-w-[48px] break-normal border\"><strong>Cas d\u2019usage avanc\u00e9s<\/strong><\/td>\n<td class=\"border-borderMain px-sm dark:border-borderMainDark min-w-[48px] break-normal border\">Projets, hackathons, pr\u00e9sentations, APC,<\/td>\n<td class=\"border-borderMain px-sm dark:border-borderMainDark min-w-[48px] break-normal border\">\u00c9valuation de la dynamique de groupe<\/td>\n<\/tr>\n<tr>\n<td class=\"border-borderMain px-sm dark:border-borderMainDark min-w-[48px] break-normal border\">&nbsp;<\/td>\n<td class=\"border-borderMain px-sm dark:border-borderMainDark min-w-[48px] break-normal border\">\u00e9valuation des enseignements, etc.<\/td>\n<td class=\"border-borderMain px-sm dark:border-borderMainDark min-w-[48px] break-normal border\">(implication individuelle, conflits, etc.)<\/td>\n<\/tr>\n<tr>\n<td class=\"border-borderMain px-sm dark:border-borderMainDark min-w-[48px] break-normal border\"><strong>IA et innovations<\/strong><\/td>\n<td class=\"border-borderMain px-sm dark:border-borderMainDark min-w-[48px] break-normal border\">Module IA optionnel pour feedbacks et synth\u00e8ses<\/td>\n<td class=\"border-borderMain px-sm dark:border-borderMainDark min-w-[48px] break-normal border\">Non disponible<\/td>\n<\/tr>\n<\/tbody>\n<\/table>\n<div class=\"py-xs -mt-[0.5em] flex flex-row justify-end gap-2\">\n<div>\n<div class=\"flex items-center min-w-0 font-medium gap-1 justify-center\">\n<div class=\"flex shrink-0 items-center justify-center size-3.5\">&nbsp;<\/div>\n<\/div>\n<\/div>\n<div>\n<div class=\"flex items-center min-w-0 font-medium gap-1 justify-center\">\n<div class=\"flex shrink-0 items-center justify-center size-3.5\">&nbsp;<\/div>\n<\/div>\n<\/div>\n<\/div>\n<\/div>\n<h2 id=\"les-points-forts-de-challengeme-selon-nos-utilisat\" class=\"mb-2 mt-6 text-lg font-[500] first:mt-0\">Les points forts de ChallengeMe selon nos utilisateurs<\/h2>\n<blockquote>\n<p class=\"my-0\">\u00ab\u00a0ChallengeMe est la plateforme d\u2019\u00e9valuation par les pairs la plus intuitive que j\u2019ai exp\u00e9riment\u00e9e jusqu\u2019\u00e0 pr\u00e9sent en tant que charg\u00e9e de cours universitaire !\u00a0\u00bb<\/p>\n<ul class=\"marker:text-textOff list-disc\">\n<li>\n<p class=\"my-0\">Brigitte Morin, UQAR<\/p>\n<\/li>\n<\/ul>\n<\/blockquote>\n<blockquote>\n<p class=\"my-0\">\u00ab\u00a0La flexibilit\u00e9 de ChallengeMe permet de s\u2019adapter \u00e0 tous nos sc\u00e9narios p\u00e9dagogiques, du simple feedback de groupe aux projets les plus complexes.\u00a0\u00bb<\/p>\n<ul class=\"marker:text-textOff list-disc\">\n<li>\n<p class=\"my-0\">Alexandre Facon, INSEEC<\/p>\n<\/li>\n<\/ul>\n<\/blockquote>\n<blockquote>\n<p class=\"my-0\">\u00ab\u00a0L\u2019accompagnement personnalis\u00e9 offert par ChallengeMe est tout simplement fantastique ! Chaque fois que j\u2019ai eu besoin d\u2019aide, on m\u2019a offert un service de qualit\u00e9 premi\u00e8re dans un d\u00e9lai plus que rapide.\u00a0\u00bb<\/p>\n<ul class=\"marker:text-textOff list-disc\">\n<li>\n<p class=\"my-0\">Brigitte Morin, UQAR<\/p>\n<\/li>\n<\/ul>\n<\/blockquote>\n<h2 id=\"en-rsum\" class=\"mb-2 mt-6 text-lg font-[500] first:mt-0\">En r\u00e9sum\u00e9<\/h2>\n<ul class=\"marker:text-textOff list-disc\">\n<li>\n<p class=\"my-0\"><strong>Dynamo<\/strong>&nbsp;est une solution efficace et simple pour objectiver la dynamique de groupe et l\u2019implication individuelle dans les travaux collectifs, avec des indicateurs visuels puissants pour le diagnostic rapide des groupes en difficult\u00e9<span class=\"whitespace-nowrap\">.<\/span><\/p>\n<\/li>\n<li>\n<p class=\"my-0\"><strong>ChallengeMe<\/strong>&nbsp;s\u2019adresse aux \u00e9tablissements qui souhaitent aller plus loin\u202f: sc\u00e9narios d\u2019\u00e9valuation vari\u00e9s, personnalisation avanc\u00e9e, automatisation, accompagnement p\u00e9dagogique, et une exp\u00e9rience utilisateur pens\u00e9e pour l\u2019engagement \u00e9tudiant et la mont\u00e9e en comp\u00e9tences<span class=\"whitespace-nowrap\">.<\/span><\/p>\n<\/li>\n<\/ul>\n<p class=\"my-0\"><strong>Vous souhaitez moderniser vos pratiques d\u2019\u00e9valuation collaborative\u202f? Essayez ChallengeMe pour d\u00e9couvrir une nouvelle dimension de l\u2019\u00e9valuation par les pairs et du d\u00e9veloppement des comp\u00e9tences.<\/strong><\/p>\t\t\t\t\t\t\t\t<\/div>\n\t\t\t\t<\/div>\n\t\t\t\t\t<\/div>\n\t\t\t\t<\/div>\n\t\t\t\t<\/div>","protected":false},"excerpt":{"rendered":"<p>Dynamo vs ChallengeMe : Le comparatif complet Vous cherchez \u00e0 comparer Dynamo, l\u2019outil d\u2019\u00e9valuation par les pairs d\u00e9velopp\u00e9 par l\u2019UCLouvain, et ChallengeMe, la solution d\u00e9di\u00e9e \u00e0 l\u2019enseignement sup\u00e9rieur, pour la gestion de la dynamique de groupe et l\u2019\u00e9valuation collaborative ? Voici une analyse d\u00e9taill\u00e9e pour vous aider \u00e0 choisir la plateforme la plus adapt\u00e9e \u00e0 [&hellip;]<\/p>","protected":false},"author":5,"featured_media":0,"parent":0,"menu_order":0,"comment_status":"closed","ping_status":"closed","template":"","meta":{"_acf_changed":false,"content-type":"","footnotes":""},"cas_usage":[],"format_d_activite":[],"objectif":[],"projet":[],"cas_dusage":[],"categ":[],"format_activite":[],"class_list":["post-14026","page","type-page","status-publish","hentry"],"acf":[],"_links":{"self":[{"href":"https:\/\/challengeme.online\/en\/wp-json\/wp\/v2\/pages\/14026","targetHints":{"allow":["GET"]}}],"collection":[{"href":"https:\/\/challengeme.online\/en\/wp-json\/wp\/v2\/pages"}],"about":[{"href":"https:\/\/challengeme.online\/en\/wp-json\/wp\/v2\/types\/page"}],"author":[{"embeddable":true,"href":"https:\/\/challengeme.online\/en\/wp-json\/wp\/v2\/users\/5"}],"replies":[{"embeddable":true,"href":"https:\/\/challengeme.online\/en\/wp-json\/wp\/v2\/comments?post=14026"}],"version-history":[{"count":4,"href":"https:\/\/challengeme.online\/en\/wp-json\/wp\/v2\/pages\/14026\/revisions"}],"predecessor-version":[{"id":14030,"href":"https:\/\/challengeme.online\/en\/wp-json\/wp\/v2\/pages\/14026\/revisions\/14030"}],"wp:attachment":[{"href":"https:\/\/challengeme.online\/en\/wp-json\/wp\/v2\/media?parent=14026"}],"wp:term":[{"taxonomy":"cas_usage","embeddable":true,"href":"https:\/\/challengeme.online\/en\/wp-json\/wp\/v2\/cas_usage?post=14026"},{"taxonomy":"format_d_activite","embeddable":true,"href":"https:\/\/challengeme.online\/en\/wp-json\/wp\/v2\/format_d_activite?post=14026"},{"taxonomy":"objectif","embeddable":true,"href":"https:\/\/challengeme.online\/en\/wp-json\/wp\/v2\/objectif?post=14026"},{"taxonomy":"projet","embeddable":true,"href":"https:\/\/challengeme.online\/en\/wp-json\/wp\/v2\/projet?post=14026"},{"taxonomy":"cas_dusage","embeddable":true,"href":"https:\/\/challengeme.online\/en\/wp-json\/wp\/v2\/cas_dusage?post=14026"},{"taxonomy":"categ","embeddable":true,"href":"https:\/\/challengeme.online\/en\/wp-json\/wp\/v2\/categ?post=14026"},{"taxonomy":"format_activite","embeddable":true,"href":"https:\/\/challengeme.online\/en\/wp-json\/wp\/v2\/format_activite?post=14026"}],"curies":[{"name":"wp","href":"https:\/\/api.w.org\/{rel}","templated":true}]}}