{"id":14018,"date":"2025-04-29T15:49:02","date_gmt":"2025-04-29T13:49:02","guid":{"rendered":"https:\/\/challengeme.online\/?page_id=14018"},"modified":"2025-08-26T16:17:17","modified_gmt":"2025-08-26T14:17:17","slug":"moodle-atelier-vs-challengeme-le-comparatif-complet","status":"publish","type":"page","link":"https:\/\/challengeme.online\/en\/moodle-atelier-vs-challengeme-le-comparatif-complet\/","title":{"rendered":"Moodle Atelier vs ChallengeMe : le comparatif complet"},"content":{"rendered":"<div data-elementor-type=\"wp-page\" data-elementor-id=\"14018\" class=\"elementor elementor-14018\" data-elementor-post-type=\"page\">\n\t\t\t\t<div class=\"elementor-element elementor-element-ebefde1 e-flex e-con-boxed e-con e-parent\" data-id=\"ebefde1\" data-element_type=\"container\">\n\t\t\t\t\t<div class=\"e-con-inner\">\n\t\t\t\t<div class=\"elementor-element elementor-element-45263df elementor-widget elementor-widget-heading\" data-id=\"45263df\" data-element_type=\"widget\" data-widget_type=\"heading.default\">\n\t\t\t\t<div class=\"elementor-widget-container\">\n\t\t\t\t\t<h1 class=\"elementor-heading-title elementor-size-default\">Moodle Atelier vs ChallengeMe <\/h1>\t\t\t\t<\/div>\n\t\t\t\t<\/div>\n\t\t\t\t<div class=\"elementor-element elementor-element-6e7a891 elementor-widget elementor-widget-text-editor\" data-id=\"6e7a891\" data-element_type=\"widget\" data-widget_type=\"text-editor.default\">\n\t\t\t\t<div class=\"elementor-widget-container\">\n\t\t\t\t\t\t\t\t\t<h3 data-start=\"270\" data-end=\"325\">\u00a0<\/h3><h3 data-start=\"270\" data-end=\"325\">\u00a0ChallengeMe : bien plus qu\u2019un outil d\u2019\u00e9valuation<\/h3><p data-start=\"327\" data-end=\"592\">ChallengeMe transforme chaque \u00e9valuation en une <strong data-start=\"375\" data-end=\"418\">exp\u00e9rience d\u2019apprentissage collaboratif<\/strong>. L\u00e0 o\u00f9 Moodle se limite \u00e0 l\u2019atelier par les pairs, ChallengeMe propose un <strong data-start=\"493\" data-end=\"515\">\u00e9cosyst\u00e8me complet<\/strong> : feedbacks, auto-\u00e9valuation, mentorat, co-\u00e9valuation et agents IA int\u00e9gr\u00e9s.<\/p><p data-start=\"327\" data-end=\"592\">\u00a0<\/p><hr data-start=\"594\" data-end=\"597\" \/><h3 data-start=\"599\" data-end=\"635\">\u2696\ufe0f Comparatif des deux solutions<\/h3><div class=\"_tableContainer_sk2ct_1\"><div class=\"_tableWrapper_sk2ct_13 group flex w-fit flex-col-reverse\" tabindex=\"-1\"><table class=\"w-fit min-w-(--thread-content-width)\" data-start=\"637\" data-end=\"2880\"><thead data-start=\"637\" data-end=\"822\"><tr data-start=\"637\" data-end=\"822\"><th data-start=\"637\" data-end=\"693\" data-col-size=\"md\"><strong data-start=\"639\" data-end=\"665\">Fonctionnalit\u00e9 \/ Usage<\/strong><\/th><th data-start=\"693\" data-end=\"739\" data-col-size=\"sm\"><strong data-start=\"695\" data-end=\"714\">Moodle Atelier<\/strong><\/th><th data-start=\"739\" data-end=\"822\" data-col-size=\"md\"><strong data-start=\"741\" data-end=\"756\">ChallengeMe<\/strong><\/th><\/tr><\/thead><tbody data-start=\"1010\" data-end=\"2880\"><tr data-start=\"1010\" data-end=\"1196\"><td data-start=\"1010\" data-end=\"1066\" data-col-size=\"md\"><strong data-start=\"1012\" data-end=\"1034\">Types d\u2019\u00e9valuation<\/strong><\/td><td data-col-size=\"sm\" data-start=\"1066\" data-end=\"1112\">Pair-\u00e0-pair uniquement<\/td><td data-col-size=\"md\" data-start=\"1112\" data-end=\"1196\">Pairs, intra-groupe, auto-\u00e9valuation, enseignants, professionnels, IA<\/td><\/tr><tr data-start=\"1197\" data-end=\"1384\"><td data-start=\"1197\" data-end=\"1253\" data-col-size=\"md\"><strong data-start=\"1199\" data-end=\"1227\">Flexibilit\u00e9 des crit\u00e8res<\/strong><\/td><td data-col-size=\"sm\" data-start=\"1253\" data-end=\"1299\">Limit\u00e9<\/td><td data-col-size=\"md\" data-start=\"1299\" data-end=\"1384\">Notes, \u00e9toiles, grilles, feedback libre, oui\/non\u2026 enti\u00e8rement personnalisables<\/td><\/tr><tr data-start=\"1385\" data-end=\"1570\"><td data-start=\"1385\" data-end=\"1441\" data-col-size=\"md\"><strong data-start=\"1387\" data-end=\"1429\">Synth\u00e8se et exploitation des r\u00e9sultats<\/strong><\/td><td data-col-size=\"sm\" data-start=\"1441\" data-end=\"1487\">Manuelle<\/td><td data-col-size=\"md\" data-start=\"1487\" data-end=\"1570\">Automatis\u00e9e avec synth\u00e8ses IA<\/td><\/tr><tr data-start=\"1571\" data-end=\"1757\"><td data-start=\"1571\" data-end=\"1627\" data-col-size=\"md\"><strong data-start=\"1573\" data-end=\"1595\">Feedbacks anonymes<\/strong><\/td><td data-col-size=\"sm\" data-start=\"1627\" data-end=\"1673\">Oui<\/td><td data-col-size=\"md\" data-start=\"1673\" data-end=\"1757\">Oui, avec options avanc\u00e9es de param\u00e9trage<\/td><\/tr><tr data-start=\"1758\" data-end=\"1944\"><td data-start=\"1758\" data-end=\"1814\" data-col-size=\"md\"><strong data-start=\"1760\" data-end=\"1806\">Int\u00e9gration LMS (Moodle, Blackboard, etc.)<\/strong><\/td><td data-col-size=\"sm\" data-start=\"1814\" data-end=\"1860\">Native<\/td><td data-col-size=\"md\" data-start=\"1860\" data-end=\"1944\">Int\u00e9gration fluide en LTI, sans cr\u00e9ation de comptes<\/td><\/tr><tr data-start=\"1945\" data-end=\"2132\"><td data-start=\"1945\" data-end=\"2002\" data-col-size=\"md\"><strong data-start=\"1947\" data-end=\"1960\">Interface<\/strong><\/td><td data-col-size=\"sm\" data-start=\"2002\" data-end=\"2048\">Basique<\/td><td data-col-size=\"md\" data-start=\"2048\" data-end=\"2132\">Intuitive, moderne, pens\u00e9e pour l\u2019usage enseignant et \u00e9tudiant<\/td><\/tr><tr data-start=\"2133\" data-end=\"2319\"><td data-start=\"2133\" data-end=\"2189\" data-col-size=\"md\"><strong data-start=\"2135\" data-end=\"2153\">Automatisation<\/strong><\/td><td data-col-size=\"sm\" data-start=\"2189\" data-end=\"2235\">Non<\/td><td data-col-size=\"md\" data-start=\"2235\" data-end=\"2319\">Rappels automatiques, gestion des deadlines, export Excel<\/td><\/tr><tr data-start=\"2320\" data-end=\"2506\"><td data-start=\"2320\" data-end=\"2376\" data-col-size=\"md\"><strong data-start=\"2322\" data-end=\"2351\">IA int\u00e9gr\u00e9e (optionnelle)<\/strong><\/td><td data-col-size=\"sm\" data-start=\"2376\" data-end=\"2422\">Non<\/td><td data-col-size=\"md\" data-start=\"2422\" data-end=\"2506\">Feedback Coach, Synth\u00e8se, Correction Assist\u00e9e, Tutorat<\/td><\/tr><tr data-start=\"2507\" data-end=\"2693\"><td data-start=\"2507\" data-end=\"2563\" data-col-size=\"md\"><strong data-start=\"2509\" data-end=\"2527\">Accompagnement<\/strong><\/td><td data-col-size=\"sm\" data-start=\"2563\" data-end=\"2609\">Non<\/td><td data-col-size=\"md\" data-start=\"2609\" data-end=\"2693\">Coachs d\u00e9di\u00e9s pour la prise en main, ateliers, support r\u00e9actif<\/td><\/tr><tr data-start=\"2694\" data-end=\"2880\"><td data-start=\"2694\" data-end=\"2750\" data-col-size=\"md\"><strong data-start=\"2696\" data-end=\"2732\">Formats p\u00e9dagogiques disponibles<\/strong><\/td><td data-col-size=\"sm\" data-start=\"2750\" data-end=\"2796\">Atelier<\/td><td data-col-size=\"md\" data-start=\"2796\" data-end=\"2880\">35\u00a0 formats cl\u00e9s + cr\u00e9ation de sc\u00e9narios sur mesure<\/td><\/tr><\/tbody><\/table><\/div><\/div><hr data-start=\"2882\" data-end=\"2885\" \/><h3 data-start=\"2887\" data-end=\"2932\">\u00a0<\/h3><h3 data-start=\"2887\" data-end=\"2932\">\ud83d\ude80 Ce que ChallengeMe change concr\u00e8tement<\/h3><ul data-start=\"2934\" data-end=\"3305\"><li data-start=\"2934\" data-end=\"3030\"><p data-start=\"2936\" data-end=\"3030\"><strong data-start=\"2936\" data-end=\"2953\">Gain de temps<\/strong> : automatisation des relances, calcul des scores, rapports pr\u00eats \u00e0 l\u2019emploi.<\/p><\/li><li data-start=\"3031\" data-end=\"3119\"><p data-start=\"3033\" data-end=\"3119\"><strong data-start=\"3033\" data-end=\"3058\">Implication \u00e9tudiante<\/strong> : plus d\u2019autonomie, de responsabilit\u00e9 et de retour critique.<\/p><\/li><li data-start=\"3120\" data-end=\"3217\"><p data-start=\"3122\" data-end=\"3217\"><strong data-start=\"3122\" data-end=\"3147\">Diversit\u00e9 p\u00e9dagogique<\/strong> : sc\u00e9narios adaptables \u00e0 toutes les disciplines et tailles de groupe.<\/p><\/li><li data-start=\"3218\" data-end=\"3305\"><p data-start=\"3220\" data-end=\"3305\"><strong data-start=\"3220\" data-end=\"3243\">Qualit\u00e9 du feedback<\/strong> : enrichie par l\u2019IA, plus juste, plus structur\u00e9e, plus utile.<\/p><\/li><\/ul><hr data-start=\"3307\" data-end=\"3310\" \/><h3 data-start=\"3312\" data-end=\"3348\">\u00a0<\/h3><h3 data-start=\"3312\" data-end=\"3348\">\ud83d\udce2 Ils en parlent mieux que nous<\/h3><blockquote data-start=\"3350\" data-end=\"3482\"><p data-start=\"3352\" data-end=\"3482\"><em data-start=\"3352\" data-end=\"3453\">\u00ab\u00a0ChallengeMe est la plateforme d\u2019\u00e9valuation par les pairs la plus intuitive que j\u2019ai exp\u00e9riment\u00e9e.\u00a0\u00bb<\/em><br data-start=\"3453\" data-end=\"3456\" \/><strong data-start=\"3458\" data-end=\"3482\">Brigitte Morin, UQAR<\/strong><\/p><\/blockquote><blockquote data-start=\"3484\" data-end=\"3586\"><p data-start=\"3486\" data-end=\"3586\"><em data-start=\"3486\" data-end=\"3572\">\u00ab\u00a0L\u2019interface est agr\u00e9able. On n\u2019a pas l\u2019impression de rentrer dans une usine \u00e0 gaz.\u00a0\u00bb<\/em><br data-start=\"3572\" data-end=\"3575\" \/><strong data-start=\"3577\" data-end=\"3586\">SKEMA<\/strong><\/p><\/blockquote><blockquote data-start=\"3588\" data-end=\"3696\"><p data-start=\"3590\" data-end=\"3696\"><em data-start=\"3590\" data-end=\"3681\">\u00ab\u00a0Une fois que c\u2019est lanc\u00e9, c\u2019est la plateforme qui g\u00e8re tout. Moi, je ne fais plus rien.\u00a0\u00bb<\/em><br data-start=\"3681\" data-end=\"3684\" \/><strong data-start=\"3686\" data-end=\"3696\">INSEEC<\/strong><\/p><\/blockquote>\t\t\t\t\t\t\t\t<\/div>\n\t\t\t\t<\/div>\n\t\t\t\t\t<\/div>\n\t\t\t\t<\/div>\n\t\t\t\t<\/div>","protected":false},"excerpt":{"rendered":"<p>Moodle Atelier vs ChallengeMe \u00a0 \u00a0ChallengeMe : bien plus qu\u2019un outil d\u2019\u00e9valuation ChallengeMe transforme chaque \u00e9valuation en une exp\u00e9rience d\u2019apprentissage collaboratif. L\u00e0 o\u00f9 Moodle se limite \u00e0 l\u2019atelier par les pairs, ChallengeMe propose un \u00e9cosyst\u00e8me complet : feedbacks, auto-\u00e9valuation, mentorat, co-\u00e9valuation et agents IA int\u00e9gr\u00e9s. \u00a0 \u2696\ufe0f Comparatif des deux solutions Fonctionnalit\u00e9 \/ Usage Moodle [&hellip;]<\/p>","protected":false},"author":5,"featured_media":0,"parent":0,"menu_order":0,"comment_status":"closed","ping_status":"closed","template":"","meta":{"content-type":"","footnotes":""},"cas_dusage":[],"categ":[],"format_activite":[],"class_list":["post-14018","page","type-page","status-publish","hentry"],"_links":{"self":[{"href":"https:\/\/challengeme.online\/en\/wp-json\/wp\/v2\/pages\/14018","targetHints":{"allow":["GET"]}}],"collection":[{"href":"https:\/\/challengeme.online\/en\/wp-json\/wp\/v2\/pages"}],"about":[{"href":"https:\/\/challengeme.online\/en\/wp-json\/wp\/v2\/types\/page"}],"author":[{"embeddable":true,"href":"https:\/\/challengeme.online\/en\/wp-json\/wp\/v2\/users\/5"}],"replies":[{"embeddable":true,"href":"https:\/\/challengeme.online\/en\/wp-json\/wp\/v2\/comments?post=14018"}],"version-history":[{"count":13,"href":"https:\/\/challengeme.online\/en\/wp-json\/wp\/v2\/pages\/14018\/revisions"}],"predecessor-version":[{"id":15374,"href":"https:\/\/challengeme.online\/en\/wp-json\/wp\/v2\/pages\/14018\/revisions\/15374"}],"wp:attachment":[{"href":"https:\/\/challengeme.online\/en\/wp-json\/wp\/v2\/media?parent=14018"}],"wp:term":[{"taxonomy":"cas_dusage","embeddable":true,"href":"https:\/\/challengeme.online\/en\/wp-json\/wp\/v2\/cas_dusage?post=14018"},{"taxonomy":"categ","embeddable":true,"href":"https:\/\/challengeme.online\/en\/wp-json\/wp\/v2\/categ?post=14018"},{"taxonomy":"format_activite","embeddable":true,"href":"https:\/\/challengeme.online\/en\/wp-json\/wp\/v2\/format_activite?post=14018"}],"curies":[{"name":"wp","href":"https:\/\/api.w.org\/{rel}","templated":true}]}}