{"id":14009,"date":"2025-04-24T15:52:41","date_gmt":"2025-04-24T13:52:41","guid":{"rendered":"https:\/\/challengeme.online\/?page_id=14009"},"modified":"2025-04-24T15:57:32","modified_gmt":"2025-04-24T13:57:32","slug":"replay-presentation-challengeme-x-uliege","status":"publish","type":"page","link":"https:\/\/challengeme.online\/en\/replay-presentation-challengeme-x-uliege\/","title":{"rendered":"Replay Pr\u00e9sentation ChallengeMe x ULi\u00e8ge"},"content":{"rendered":"<div data-elementor-type=\"wp-page\" data-elementor-id=\"14009\" class=\"elementor elementor-14009\" data-elementor-post-type=\"page\">\n\t\t\t\t<div class=\"elementor-element elementor-element-a5f11a7 e-flex e-con-boxed e-con e-parent\" data-id=\"a5f11a7\" data-element_type=\"container\">\n\t\t\t\t\t<div class=\"e-con-inner\">\n\t\t\t\t<div class=\"elementor-element elementor-element-488ad4d elementor-widget elementor-widget-heading\" data-id=\"488ad4d\" data-element_type=\"widget\" data-widget_type=\"heading.default\">\n\t\t\t\t<div class=\"elementor-widget-container\">\n\t\t\t\t\t<h2 class=\"elementor-heading-title elementor-size-default\">Replay pr\u00e9sentation ChallengeMe x ULi\u00e9ge<\/h2>\t\t\t\t<\/div>\n\t\t\t\t<\/div>\n\t\t\t\t<div class=\"elementor-element elementor-element-a5b4529 elementor-widget elementor-widget-text-editor\" data-id=\"a5b4529\" data-element_type=\"widget\" data-widget_type=\"text-editor.default\">\n\t\t\t\t<div class=\"elementor-widget-container\">\n\t\t\t\t\t\t\t\t\t<p class=\"my-0\"><strong>Pourquoi ChallengeMe ?<\/strong><\/p><ul class=\"marker:text-textOff list-disc\"><li><p class=\"my-0\">ChallengeMe permet de diversifier vos modes d\u2019\u00e9valuation : \u00e9valuation par les pairs, auto-\u00e9valuation, co-\u00e9valuation, feedback sur les pr\u00e9sentations orales, \u00e9valuation des enseignements, et bien plus encore<span class=\"whitespace-nowrap\">.<\/span><\/p><\/li><li><p class=\"my-0\">Notre plateforme s\u2019int\u00e8gre facilement \u00e0 vos LMS Blackboard sans cr\u00e9ation de comptes suppl\u00e9mentaires, et s\u2019adapte aussi bien aux petits groupes qu\u2019aux grandes cohortes<span class=\"whitespace-nowrap\">.<\/span><\/p><\/li><li><p class=\"my-0\">L\u2019objectif : responsabiliser les \u00e9tudiants, d\u00e9velopper leur esprit critique, leur capacit\u00e9 \u00e0 donner et recevoir du feedback, et les pr\u00e9parer au monde professionnel<span class=\"whitespace-nowrap\">.<\/span><\/p><\/li><\/ul><p class=\"my-0\"><strong>Concr\u00e8tement, comment \u00e7a fonctionne ?<\/strong><\/p><ul class=\"marker:text-textOff list-disc\"><li><p class=\"my-0\">L\u2019enseignant cr\u00e9e en quelques minutes une activit\u00e9 adapt\u00e9e \u00e0 son sc\u00e9nario p\u00e9dagogique, en choisissant parmi de nombreux mod\u00e8les ou en personnalisant son sc\u00e9nario.<\/p><\/li><li><p class=\"my-0\">Les \u00e9tudiants \u00e9valuent ceux de leurs pairs de fa\u00e7on anonyme ou non, et re\u00e7oivent des feedbacks vari\u00e9s et constructifs, favorisant la progression individuelle et collective<span class=\"whitespace-nowrap\">.<\/span><\/p><\/li><li><p class=\"my-0\">Les r\u00e9sultats sont centralis\u00e9s, l\u2019analyse des contributions est facilit\u00e9e, et la gestion administrative est automatis\u00e9e, ce qui vous fait gagner un temps pr\u00e9cieux<span class=\"whitespace-nowrap\">.<\/span><\/p><\/li><\/ul><p class=\"my-0\"><strong>Les plus de ChallengeMe :<\/strong><\/p><ul class=\"marker:text-textOff list-disc\"><li><p class=\"my-0\">Simplicit\u00e9 et intuitivit\u00e9 pl\u00e9biscit\u00e9es par les enseignants et les \u00e9tudiants<span class=\"whitespace-nowrap\">.<\/span><\/p><\/li><li><p class=\"my-0\">Accompagnement personnalis\u00e9 par nos coachs, guides pas \u00e0 pas et ressources p\u00e9dagogiques \u00e0 disposition<span class=\"whitespace-nowrap\">.<\/span><\/p><\/li><li><p class=\"my-0\">Conformit\u00e9 RGPD, h\u00e9bergement des donn\u00e9es en France, et param\u00e9trage fin de l\u2019anonymat et des crit\u00e8res d\u2019\u00e9valuation<span class=\"whitespace-nowrap\">.<\/span><\/p><\/li><li><p class=\"my-0\">Un module IA optionnel pour enrichir et synth\u00e9tiser les feedbacks<\/p><\/li><\/ul>\t\t\t\t\t\t\t\t<\/div>\n\t\t\t\t<\/div>\n\t\t\t\t<div class=\"elementor-element elementor-element-489b51e elementor-widget elementor-widget-video\" data-id=\"489b51e\" data-element_type=\"widget\" data-settings=\"{&quot;video_type&quot;:&quot;hosted&quot;,&quot;controls&quot;:&quot;yes&quot;}\" data-widget_type=\"video.default\">\n\t\t\t\t<div class=\"elementor-widget-container\">\n\t\t\t\t\t\t\t<div class=\"e-hosted-video elementor-wrapper elementor-open-inline\">\n\t\t\t\t\t<video class=\"elementor-video\" src=\"https:\/\/challengeme.online\/wp-content\/uploads\/2025\/04\/video1706968247.mp4\" controls=\"\" preload=\"metadata\" controlslist=\"nodownload\"><\/video>\n\t\t\t\t<\/div>\n\t\t\t\t\t\t<\/div>\n\t\t\t\t<\/div>\n\t\t\t\t\t<\/div>\n\t\t\t\t<\/div>\n\t\t\t\t<\/div>","protected":false},"excerpt":{"rendered":"<p>Replay pr\u00e9sentation ChallengeMe x ULi\u00e9ge Pourquoi ChallengeMe ? ChallengeMe permet de diversifier vos modes d\u2019\u00e9valuation : \u00e9valuation par les pairs, auto-\u00e9valuation, co-\u00e9valuation, feedback sur les pr\u00e9sentations orales, \u00e9valuation des enseignements, et bien plus encore. Notre plateforme s\u2019int\u00e8gre facilement \u00e0 vos LMS Blackboard sans cr\u00e9ation de comptes suppl\u00e9mentaires, et s\u2019adapte aussi bien aux petits groupes qu\u2019aux [&hellip;]<\/p>","protected":false},"author":5,"featured_media":0,"parent":0,"menu_order":0,"comment_status":"closed","ping_status":"closed","template":"","meta":{"_acf_changed":false,"content-type":"","footnotes":""},"cas_usage":[],"format_d_activite":[],"objectif":[],"projet":[],"cas_dusage":[],"categ":[],"format_activite":[],"class_list":["post-14009","page","type-page","status-publish","hentry"],"acf":[],"_links":{"self":[{"href":"https:\/\/challengeme.online\/en\/wp-json\/wp\/v2\/pages\/14009","targetHints":{"allow":["GET"]}}],"collection":[{"href":"https:\/\/challengeme.online\/en\/wp-json\/wp\/v2\/pages"}],"about":[{"href":"https:\/\/challengeme.online\/en\/wp-json\/wp\/v2\/types\/page"}],"author":[{"embeddable":true,"href":"https:\/\/challengeme.online\/en\/wp-json\/wp\/v2\/users\/5"}],"replies":[{"embeddable":true,"href":"https:\/\/challengeme.online\/en\/wp-json\/wp\/v2\/comments?post=14009"}],"version-history":[{"count":4,"href":"https:\/\/challengeme.online\/en\/wp-json\/wp\/v2\/pages\/14009\/revisions"}],"predecessor-version":[{"id":14014,"href":"https:\/\/challengeme.online\/en\/wp-json\/wp\/v2\/pages\/14009\/revisions\/14014"}],"wp:attachment":[{"href":"https:\/\/challengeme.online\/en\/wp-json\/wp\/v2\/media?parent=14009"}],"wp:term":[{"taxonomy":"cas_usage","embeddable":true,"href":"https:\/\/challengeme.online\/en\/wp-json\/wp\/v2\/cas_usage?post=14009"},{"taxonomy":"format_d_activite","embeddable":true,"href":"https:\/\/challengeme.online\/en\/wp-json\/wp\/v2\/format_d_activite?post=14009"},{"taxonomy":"objectif","embeddable":true,"href":"https:\/\/challengeme.online\/en\/wp-json\/wp\/v2\/objectif?post=14009"},{"taxonomy":"projet","embeddable":true,"href":"https:\/\/challengeme.online\/en\/wp-json\/wp\/v2\/projet?post=14009"},{"taxonomy":"cas_dusage","embeddable":true,"href":"https:\/\/challengeme.online\/en\/wp-json\/wp\/v2\/cas_dusage?post=14009"},{"taxonomy":"categ","embeddable":true,"href":"https:\/\/challengeme.online\/en\/wp-json\/wp\/v2\/categ?post=14009"},{"taxonomy":"format_activite","embeddable":true,"href":"https:\/\/challengeme.online\/en\/wp-json\/wp\/v2\/format_activite?post=14009"}],"curies":[{"name":"wp","href":"https:\/\/api.w.org\/{rel}","templated":true}]}}