{"id":13865,"date":"2025-04-04T16:57:35","date_gmt":"2025-04-04T14:57:35","guid":{"rendered":"https:\/\/challengeme.online\/?page_id=13865"},"modified":"2025-04-04T16:58:19","modified_gmt":"2025-04-04T14:58:19","slug":"webinaire-form","status":"publish","type":"page","link":"https:\/\/challengeme.online\/en\/webinaire-form\/","title":{"rendered":"Webinaire Form"},"content":{"rendered":"<div data-elementor-type=\"wp-page\" data-elementor-id=\"13865\" class=\"elementor elementor-13865\" data-elementor-post-type=\"page\">\n\t\t\t\t<div class=\"elementor-element elementor-element-b242371 e-flex e-con-boxed e-con e-parent\" data-id=\"b242371\" data-element_type=\"container\">\n\t\t\t\t\t<div class=\"e-con-inner\">\n\t\t\t\t\t<\/div>\n\t\t\t\t<\/div>\n\t\t\t\t<\/div>","protected":false},"excerpt":{"rendered":"<p>Please enable JavaScript in your browser to complete this form.Nom *FirstLastE-mail *EcoleAttentes \ud83d\ude80 29\/04 &#8211; Les diff\u00e9rentes fa\u00e7ons d&rsquo;utiliser l&rsquo;\u00e9valuation par les \u00e9tudiants \ud83d\udc4d 06\/05 &#8211; Les bonnes pratiques de l&rsquo;\u00e9valuation par les \u00e9tudiants \ud83e\udd1d 13\/05 &#8211; L&rsquo;\u00e9valuation des membres de son groupe \ud83d\udcda 20\/05 &#8211; L&rsquo;\u00e9valuation de travaux \ud83c\udfa4 27\/05 &#8211; L&rsquo;\u00e9valuation de pr\u00e9sentations [&hellip;]<\/p>","protected":false},"author":2,"featured_media":0,"parent":0,"menu_order":0,"comment_status":"closed","ping_status":"closed","template":"elementor_header_footer","meta":{"_acf_changed":false,"content-type":"","footnotes":""},"cas_usage":[],"format_d_activite":[],"objectif":[],"projet":[],"cas_dusage":[],"categ":[],"format_activite":[],"class_list":["post-13865","page","type-page","status-publish","hentry"],"acf":[],"_links":{"self":[{"href":"https:\/\/challengeme.online\/en\/wp-json\/wp\/v2\/pages\/13865","targetHints":{"allow":["GET"]}}],"collection":[{"href":"https:\/\/challengeme.online\/en\/wp-json\/wp\/v2\/pages"}],"about":[{"href":"https:\/\/challengeme.online\/en\/wp-json\/wp\/v2\/types\/page"}],"author":[{"embeddable":true,"href":"https:\/\/challengeme.online\/en\/wp-json\/wp\/v2\/users\/2"}],"replies":[{"embeddable":true,"href":"https:\/\/challengeme.online\/en\/wp-json\/wp\/v2\/comments?post=13865"}],"version-history":[{"count":5,"href":"https:\/\/challengeme.online\/en\/wp-json\/wp\/v2\/pages\/13865\/revisions"}],"predecessor-version":[{"id":13870,"href":"https:\/\/challengeme.online\/en\/wp-json\/wp\/v2\/pages\/13865\/revisions\/13870"}],"wp:attachment":[{"href":"https:\/\/challengeme.online\/en\/wp-json\/wp\/v2\/media?parent=13865"}],"wp:term":[{"taxonomy":"cas_usage","embeddable":true,"href":"https:\/\/challengeme.online\/en\/wp-json\/wp\/v2\/cas_usage?post=13865"},{"taxonomy":"format_d_activite","embeddable":true,"href":"https:\/\/challengeme.online\/en\/wp-json\/wp\/v2\/format_d_activite?post=13865"},{"taxonomy":"objectif","embeddable":true,"href":"https:\/\/challengeme.online\/en\/wp-json\/wp\/v2\/objectif?post=13865"},{"taxonomy":"projet","embeddable":true,"href":"https:\/\/challengeme.online\/en\/wp-json\/wp\/v2\/projet?post=13865"},{"taxonomy":"cas_dusage","embeddable":true,"href":"https:\/\/challengeme.online\/en\/wp-json\/wp\/v2\/cas_dusage?post=13865"},{"taxonomy":"categ","embeddable":true,"href":"https:\/\/challengeme.online\/en\/wp-json\/wp\/v2\/categ?post=13865"},{"taxonomy":"format_activite","embeddable":true,"href":"https:\/\/challengeme.online\/en\/wp-json\/wp\/v2\/format_activite?post=13865"}],"curies":[{"name":"wp","href":"https:\/\/api.w.org\/{rel}","templated":true}]}}