{"id":13768,"date":"2025-04-02T14:28:58","date_gmt":"2025-04-02T12:28:58","guid":{"rendered":"https:\/\/challengeme.online\/?page_id=13768"},"modified":"2025-04-23T16:26:10","modified_gmt":"2025-04-23T14:26:10","slug":"guide-evaluation-par-les-pairs","status":"publish","type":"page","link":"https:\/\/challengeme.online\/en\/guide-evaluation-par-les-pairs\/","title":{"rendered":"Guide \u00e9valuation par les pairs"},"content":{"rendered":"<div data-elementor-type=\"wp-page\" data-elementor-id=\"13768\" class=\"elementor elementor-13768\" data-elementor-post-type=\"page\">\n\t\t\t\t<div class=\"elementor-element elementor-element-37fd4d2 e-flex e-con-boxed e-con e-parent\" data-id=\"37fd4d2\" data-element_type=\"container\" data-settings=\"{&quot;background_background&quot;:&quot;classic&quot;}\">\n\t\t\t\t\t<div class=\"e-con-inner\">\n\t\t<div class=\"elementor-element elementor-element-aa9d2c1 e-con-full e-flex e-con e-child\" data-id=\"aa9d2c1\" data-element_type=\"container\">\n\t\t\t\t<div class=\"elementor-element elementor-element-6ae339e elementor-widget elementor-widget-heading\" data-id=\"6ae339e\" data-element_type=\"widget\" data-widget_type=\"heading.default\">\n\t\t\t\t<div class=\"elementor-widget-container\">\n\t\t\t\t\t<h1 class=\"elementor-heading-title elementor-size-default\">T\u00e9l\u00e9chargez le guide de l\u2019\u00e9valuation par les Pairs<\/h1>\t\t\t\t<\/div>\n\t\t\t\t<\/div>\n\t\t\t\t<div class=\"elementor-element elementor-element-d9b3da4 elementor-widget elementor-widget-spacer\" data-id=\"d9b3da4\" data-element_type=\"widget\" data-widget_type=\"spacer.default\">\n\t\t\t\t<div class=\"elementor-widget-container\">\n\t\t\t\t\t\t\t<div class=\"elementor-spacer\">\n\t\t\t<div class=\"elementor-spacer-inner\"><\/div>\n\t\t<\/div>\n\t\t\t\t\t\t<\/div>\n\t\t\t\t<\/div>\n\t\t\t\t<div class=\"elementor-element elementor-element-48b4fab elementor-widget elementor-widget-text-editor\" data-id=\"48b4fab\" data-element_type=\"widget\" data-widget_type=\"text-editor.default\">\n\t\t\t\t<div class=\"elementor-widget-container\">\n\t\t\t\t\t\t\t\t\t<p>D\u00e9couvrez comment transformer vos \u00e9valuations et d\u00e9velopper l\u2019engagement de vos \u00e9tudiants gr\u00e2ce \u00e0 l\u2019\u00e9valuation par les pairs.<\/p><ul><li>\u2705 Les cl\u00e9s pour mettre en place l\u2019\u00e9valuation par les pairs<\/li><li>\u2705 Des exemples concrets d\u2019usage<\/li><li>\u2705 Des conseils pratiques et des grilles crit\u00e9ri\u00e9e<\/li><\/ul>\t\t\t\t\t\t\t\t<\/div>\n\t\t\t\t<\/div>\n\t\t\t\t<div class=\"elementor-element elementor-element-baa0778 elementor-widget elementor-widget-html\" data-id=\"baa0778\" data-element_type=\"widget\" data-widget_type=\"html.default\">\n\t\t\t\t<div class=\"elementor-widget-container\">\n\t\t\t\t\t    <div style=\"margin-top: 30px; background: #fff; padding: 20px; border-radius: 10px; box-shadow: 0 5px 15px rgba(0,0,0,0.1);\">\r\n      <strong>Ils en parlent :<\/strong>\r\n      <p style=\"font-style: italic; color: #444;\">\"Cela nous a permis d\u2019inclure les \u00e9tudiants dans le processus d\u2019\u00e9valuation, ils ont gagn\u00e9 en autonomie et en engagement.\" \u2013 INSEEC<\/p>\r\n      <p style=\"font-style: italic; color: #444;\">\"Simple \u00e0 mettre en place, intuitif et efficace.\" \u2013 EM Lyon<\/p>\r\n    <\/div>\r\n \t\t\t\t<\/div>\n\t\t\t\t<\/div>\n\t\t\t\t<\/div>\n\t\t<div class=\"elementor-element elementor-element-c52ba2b e-con-full e-flex e-con e-child\" data-id=\"c52ba2b\" data-element_type=\"container\">\n\t\t\t\t<div class=\"elementor-element elementor-element-40b0697 elementor-widget__width-inherit elementor-widget elementor-widget-hubspot-form\" data-id=\"40b0697\" data-element_type=\"widget\" data-widget_type=\"hubspot-form.default\">\n\t\t\t\t<div class=\"elementor-widget-container\">\n\t\t\t\t\t\n\t\t\t\t\t<script>\n\t\t\t\t\t\twindow.hsFormsOnReady = window.hsFormsOnReady || [];\n\t\t\t\t\t\twindow.hsFormsOnReady.push(()=>{\n\t\t\t\t\t\t\thbspt.forms.create({\n\t\t\t\t\t\t\t\tportalId: 1893885,\n\t\t\t\t\t\t\t\tformId: \"aa906c85-2010-4f21-914a-b4a80414ff6a\",\n\t\t\t\t\t\t\t\ttarget: \"#hbspt-form-1775392101000-2755372509\",\n\t\t\t\t\t\t\t\tregion: \"na1\",\n\t\t\t\t\t\t\t\t\n\t\t\t\t\t\t})});\n\t\t\t\t\t<\/script>\n\t\t\t\t\t<div class=\"hbspt-form\" id=\"hbspt-form-1775392101000-2755372509\"><\/div>\t\t\t\t<\/div>\n\t\t\t\t<\/div>\n\t\t\t\t<\/div>\n\t\t\t\t\t<\/div>\n\t\t\t\t<\/div>\n\t\t<div class=\"elementor-element elementor-element-61f565c e-flex e-con-boxed e-con e-parent\" data-id=\"61f565c\" data-element_type=\"container\">\n\t\t\t\t\t<div class=\"e-con-inner\">\n\t\t\t\t<div class=\"elementor-element elementor-element-8547b1f elementor-arrows-position-inside elementor-pagination-position-outside elementor-widget elementor-widget-image-carousel\" data-id=\"8547b1f\" data-element_type=\"widget\" data-settings=\"{&quot;slides_to_show&quot;:&quot;1&quot;,&quot;navigation&quot;:&quot;both&quot;,&quot;autoplay&quot;:&quot;yes&quot;,&quot;pause_on_hover&quot;:&quot;yes&quot;,&quot;pause_on_interaction&quot;:&quot;yes&quot;,&quot;autoplay_speed&quot;:5000,&quot;infinite&quot;:&quot;yes&quot;,&quot;effect&quot;:&quot;slide&quot;,&quot;speed&quot;:500}\" data-widget_type=\"image-carousel.default\">\n\t\t\t\t<div class=\"elementor-widget-container\">\n\t\t\t\t\t\t\t<div class=\"elementor-image-carousel-wrapper swiper\" role=\"region\" aria-roledescription=\"carousel\" aria-label=\"Carrousel d\u2019images\" dir=\"ltr\">\n\t\t\t<div class=\"elementor-image-carousel swiper-wrapper\" aria-live=\"off\">\n\t\t\t\t\t\t\t\t<div class=\"swiper-slide\" role=\"group\" aria-roledescription=\"slide\" aria-label=\"1 of 4\"><figure class=\"swiper-slide-inner\"><img decoding=\"async\" class=\"swiper-slide-image\" src=\"https:\/\/challengeme.online\/wp-content\/uploads\/2025\/04\/Capture-decran-2025-04-23-162358-802x1024.png\" alt=\"Capture d&#039;\u00e9cran 2025-04-23 162358\" \/><\/figure><\/div><div class=\"swiper-slide\" role=\"group\" aria-roledescription=\"slide\" aria-label=\"2 of 4\"><figure class=\"swiper-slide-inner\"><img decoding=\"async\" class=\"swiper-slide-image\" src=\"https:\/\/challengeme.online\/wp-content\/uploads\/2025\/04\/Capture-decran-2025-04-23-162407-784x1024.png\" alt=\"Capture d&#039;\u00e9cran 2025-04-23 162407\" \/><\/figure><\/div><div class=\"swiper-slide\" role=\"group\" aria-roledescription=\"slide\" aria-label=\"3 of 4\"><figure class=\"swiper-slide-inner\"><img decoding=\"async\" class=\"swiper-slide-image\" src=\"https:\/\/challengeme.online\/wp-content\/uploads\/2025\/04\/Capture-decran-2025-04-23-162422-787x1024.png\" alt=\"Capture d&#039;\u00e9cran 2025-04-23 162422\" \/><\/figure><\/div><div class=\"swiper-slide\" role=\"group\" aria-roledescription=\"slide\" aria-label=\"4 of 4\"><figure class=\"swiper-slide-inner\"><img decoding=\"async\" class=\"swiper-slide-image\" src=\"https:\/\/challengeme.online\/wp-content\/uploads\/2025\/04\/Capture-decran-2025-04-23-162434-788x1024.png\" alt=\"Capture d&#039;\u00e9cran 2025-04-23 162434\" \/><\/figure><\/div>\t\t\t<\/div>\n\t\t\t\t\t\t\t\t\t\t\t\t<div class=\"elementor-swiper-button elementor-swiper-button-prev\" role=\"button\" tabindex=\"0\">\n\t\t\t\t\t\t<i aria-hidden=\"true\" class=\"eicon-chevron-left\"><\/i>\t\t\t\t\t<\/div>\n\t\t\t\t\t<div class=\"elementor-swiper-button elementor-swiper-button-next\" role=\"button\" tabindex=\"0\">\n\t\t\t\t\t\t<i aria-hidden=\"true\" class=\"eicon-chevron-right\"><\/i>\t\t\t\t\t<\/div>\n\t\t\t\t\n\t\t\t\t\t\t\t\t\t<div class=\"swiper-pagination\"><\/div>\n\t\t\t\t\t\t\t\t\t<\/div>\n\t\t\t\t\t\t<\/div>\n\t\t\t\t<\/div>\n\t\t\t\t\t<\/div>\n\t\t\t\t<\/div>\n\t\t\t\t<\/div>","protected":false},"excerpt":{"rendered":"<p>T\u00e9l\u00e9chargez le guide de l\u2019\u00e9valuation par les Pairs D\u00e9couvrez comment transformer vos \u00e9valuations et d\u00e9velopper l\u2019engagement de vos \u00e9tudiants gr\u00e2ce \u00e0 l\u2019\u00e9valuation par les pairs. \u2705 Les cl\u00e9s pour mettre en place l\u2019\u00e9valuation par les pairs \u2705 Des exemples concrets d\u2019usage \u2705 Des conseils pratiques et des grilles crit\u00e9ri\u00e9e Ils en parlent : \u00ab\u00a0Cela nous [&hellip;]<\/p>","protected":false},"author":5,"featured_media":0,"parent":0,"menu_order":0,"comment_status":"closed","ping_status":"closed","template":"elementor_canvas","meta":{"content-type":"","footnotes":""},"cas_dusage":[],"categ":[],"format_activite":[],"class_list":["post-13768","page","type-page","status-publish","hentry"],"_links":{"self":[{"href":"https:\/\/challengeme.online\/en\/wp-json\/wp\/v2\/pages\/13768","targetHints":{"allow":["GET"]}}],"collection":[{"href":"https:\/\/challengeme.online\/en\/wp-json\/wp\/v2\/pages"}],"about":[{"href":"https:\/\/challengeme.online\/en\/wp-json\/wp\/v2\/types\/page"}],"author":[{"embeddable":true,"href":"https:\/\/challengeme.online\/en\/wp-json\/wp\/v2\/users\/5"}],"replies":[{"embeddable":true,"href":"https:\/\/challengeme.online\/en\/wp-json\/wp\/v2\/comments?post=13768"}],"version-history":[{"count":67,"href":"https:\/\/challengeme.online\/en\/wp-json\/wp\/v2\/pages\/13768\/revisions"}],"predecessor-version":[{"id":13999,"href":"https:\/\/challengeme.online\/en\/wp-json\/wp\/v2\/pages\/13768\/revisions\/13999"}],"wp:attachment":[{"href":"https:\/\/challengeme.online\/en\/wp-json\/wp\/v2\/media?parent=13768"}],"wp:term":[{"taxonomy":"cas_dusage","embeddable":true,"href":"https:\/\/challengeme.online\/en\/wp-json\/wp\/v2\/cas_dusage?post=13768"},{"taxonomy":"categ","embeddable":true,"href":"https:\/\/challengeme.online\/en\/wp-json\/wp\/v2\/categ?post=13768"},{"taxonomy":"format_activite","embeddable":true,"href":"https:\/\/challengeme.online\/en\/wp-json\/wp\/v2\/format_activite?post=13768"}],"curies":[{"name":"wp","href":"https:\/\/api.w.org\/{rel}","templated":true}]}}