{"id":13232,"date":"2024-12-09T18:01:34","date_gmt":"2024-12-09T17:01:34","guid":{"rendered":"https:\/\/challengeme.online\/?page_id=13232"},"modified":"2025-01-02T11:28:48","modified_gmt":"2025-01-02T10:28:48","slug":"replay-webinaire-evaluer-une-competence","status":"publish","type":"page","link":"https:\/\/challengeme.online\/en\/replay-webinaire-evaluer-une-competence\/","title":{"rendered":"Webinaire: \u00e9valuer une comp\u00e9tence"},"content":{"rendered":"<div data-elementor-type=\"wp-page\" data-elementor-id=\"13232\" class=\"elementor elementor-13232\" data-elementor-post-type=\"page\">\n\t\t\t\t\t\t<section class=\"elementor-section elementor-top-section elementor-element elementor-element-10d85c4e elementor-section-boxed elementor-section-height-default elementor-section-height-default\" data-id=\"10d85c4e\" data-element_type=\"section\">\n\t\t\t\t\t\t<div class=\"elementor-container elementor-column-gap-default\">\n\t\t\t\t\t<div class=\"elementor-column elementor-col-100 elementor-top-column elementor-element elementor-element-364831e1\" data-id=\"364831e1\" data-element_type=\"column\">\n\t\t\t<div class=\"elementor-widget-wrap elementor-element-populated\">\n\t\t\t\t\t\t<div class=\"elementor-element elementor-element-408789ac elementor-widget elementor-widget-text-editor\" data-id=\"408789ac\" data-element_type=\"widget\" data-widget_type=\"text-editor.default\">\n\t\t\t\t<div class=\"elementor-widget-container\">\n\t\t\t\t\t\t\t\t\t\t\t\t\t\t\t\t\t<\/div>\n\t\t\t\t<\/div>\n\t\t\t\t\t<\/div>\n\t\t<\/div>\n\t\t\t\t\t<\/div>\n\t\t<\/section>\n\t\t\t\t<section class=\"elementor-section elementor-top-section elementor-element elementor-element-5b76d7e elementor-section-boxed elementor-section-height-default elementor-section-height-default\" data-id=\"5b76d7e\" data-element_type=\"section\" data-settings=\"{&quot;background_background&quot;:&quot;classic&quot;}\">\n\t\t\t\t\t\t\t<div class=\"elementor-background-overlay\"><\/div>\n\t\t\t\t\t\t\t<div class=\"elementor-container elementor-column-gap-default\">\n\t\t\t\t\t<div class=\"elementor-column elementor-col-100 elementor-top-column elementor-element elementor-element-e698cf6\" data-id=\"e698cf6\" data-element_type=\"column\">\n\t\t\t<div class=\"elementor-widget-wrap elementor-element-populated\">\n\t\t\t\t\t\t<div class=\"elementor-element elementor-element-13b48b5 elementor-widget elementor-widget-heading\" data-id=\"13b48b5\" data-element_type=\"widget\" data-widget_type=\"heading.default\">\n\t\t\t\t<div class=\"elementor-widget-container\">\n\t\t\t\t\t<h1 class=\"elementor-heading-title elementor-size-default\">Replay du Webinaire - \"Comment \u00e9valuer une comp\u00e9tence ?\"<\/h1>\t\t\t\t<\/div>\n\t\t\t\t<\/div>\n\t\t\t\t<div class=\"elementor-element elementor-element-6105632 elementor-widget elementor-widget-text-editor\" data-id=\"6105632\" data-element_type=\"widget\" data-widget_type=\"text-editor.default\">\n\t\t\t\t<div class=\"elementor-widget-container\">\n\t\t\t\t\t\t\t\t\t<p><span class=\"notion-enable-hover\" data-token-index=\"0\">Rejoignez des experts pour un webinaire d\u2019\u00e9change et de partage de connaissances, et voyons comment s\u2019\u00e9value un comp\u00e9tence.<\/span><!-- notionvc: fcf95259-ae41-4abe-9466-548509319982 --><img decoding=\"async\" class=\"emoji\" role=\"img\" draggable=\"false\" src=\"https:\/\/s.w.org\/images\/core\/emoji\/14.0.0\/svg\/1f4aa.svg\" alt=\"\ud83d\udcaa\" \/><img decoding=\"async\" class=\"emoji\" role=\"img\" draggable=\"false\" src=\"https:\/\/s.w.org\/images\/core\/emoji\/14.0.0\/svg\/1f680.svg\" alt=\"\ud83d\ude80\" \/>\u00a0<\/p>\t\t\t\t\t\t\t\t<\/div>\n\t\t\t\t<\/div>\n\t\t\t\t\t<\/div>\n\t\t<\/div>\n\t\t\t\t\t<\/div>\n\t\t<\/section>\n\t\t<div class=\"elementor-element elementor-element-24690d9 e-flex e-con-boxed e-con e-parent\" data-id=\"24690d9\" data-element_type=\"container\">\n\t\t\t\t\t<div class=\"e-con-inner\">\n\t\t\t\t<div class=\"elementor-element elementor-element-7533f40 elementor-widget elementor-widget-text-editor\" data-id=\"7533f40\" data-element_type=\"widget\" data-widget_type=\"text-editor.default\">\n\t\t\t\t<div class=\"elementor-widget-container\">\n\t\t\t\t\t\t\t\t\t<p>Nous avons d\u00e9cid\u00e9 d\u2019organiser ce webinaire pour cr\u00e9er une passerelle entre diff\u00e9rents types d\u2019\u00e9tablissements \u2013 \u00e9coles de commerce, \u00e9coles d\u2019ing\u00e9nieurs et universit\u00e9s \u2013 afin que chacun puisse d\u00e9couvrir et partager ses pratiques.<\/p>\n<p>\u00c0 travers cette table ronde, nous avons tent\u00e9 de d\u00e9crypter les enjeux, les pratiques et les innovations de l&rsquo;\u00e9valuation des comp\u00e9tences dans l&rsquo;enseignement sup\u00e9rieur.<\/p>\n<p><!-- notionvc: 33c2f1f1-e6ab-47ef-a653-03ded431877e --><\/p>\t\t\t\t\t\t\t\t<\/div>\n\t\t\t\t<\/div>\n\t\t\t\t\t<\/div>\n\t\t\t\t<\/div>\n\t\t\t\t<section class=\"elementor-section elementor-top-section elementor-element elementor-element-a89ef1a elementor-section-boxed elementor-section-height-default elementor-section-height-default\" data-id=\"a89ef1a\" data-element_type=\"section\">\n\t\t\t\t\t\t<div class=\"elementor-container elementor-column-gap-default\">\n\t\t\t\t\t<div class=\"elementor-column elementor-col-100 elementor-top-column elementor-element elementor-element-b40d0c0\" data-id=\"b40d0c0\" data-element_type=\"column\">\n\t\t\t<div class=\"elementor-widget-wrap elementor-element-populated\">\n\t\t\t\t\t\t<div class=\"elementor-element elementor-element-c440bae elementor-widget elementor-widget-video\" data-id=\"c440bae\" data-element_type=\"widget\" data-settings=\"{&quot;youtube_url&quot;:&quot;https:\\\/\\\/youtu.be\\\/ngRc66L7MwA&quot;,&quot;video_type&quot;:&quot;youtube&quot;,&quot;controls&quot;:&quot;yes&quot;}\" data-widget_type=\"video.default\">\n\t\t\t\t<div class=\"elementor-widget-container\">\n\t\t\t\t\t\t\t<div class=\"elementor-wrapper elementor-open-inline\">\n\t\t\t<div class=\"elementor-video\"><\/div>\t\t<\/div>\n\t\t\t\t\t\t<\/div>\n\t\t\t\t<\/div>\n\t\t\t\t<div class=\"elementor-element elementor-element-338ec12 elementor-position-left elementor-view-default elementor-mobile-position-top elementor-vertical-align-top elementor-widget elementor-widget-icon-box\" data-id=\"338ec12\" data-element_type=\"widget\" data-widget_type=\"icon-box.default\">\n\t\t\t\t<div class=\"elementor-widget-container\">\n\t\t\t\t\t\t\t<div class=\"elementor-icon-box-wrapper\">\n\n\t\t\t\t\t\t<div class=\"elementor-icon-box-icon\">\n\t\t\t\t<span  class=\"elementor-icon\">\n\t\t\t\t<i aria-hidden=\"true\" class=\"far fa-calendar\"><\/i>\t\t\t\t<\/span>\n\t\t\t<\/div>\n\t\t\t\n\t\t\t\t\t\t<div class=\"elementor-icon-box-content\">\n\n\t\t\t\t\t\t\t\t\t<h3 class=\"elementor-icon-box-title\">\n\t\t\t\t\t\t<span  >\n\t\t\t\t\t\t\tLe mardi 3 d\u00e9cembre 2024 de 11h \u00e0 12h30\t\t\t\t\t\t<\/span>\n\t\t\t\t\t<\/h3>\n\t\t\t\t\n\t\t\t\t\t\t\t\t\t<p class=\"elementor-icon-box-description\">\n\t\t\t\t\t\tIntroduction 00:00<br>\nPr\u00e9sentation des intervenants 3:14<br>\nPourquoi l\u2019approche par comp\u00e9tences  05:28<br>\nLes d\u00e9fis et enjeux de la mise en oeuvre de cette pratique 22:00<br>\nEvaluer et valider les comp\u00e9tences  31:00<br>\nAccompagner les \u00e9tudiants et valoriser les comp\u00e9tences 44:40<br>\nOutils num\u00e9riques 49:22<br>\nRetours d'exp\u00e9rience 01:10:00<br>\nQuestions \/ R\u00e9ponses : 01:24:00\t\t\t\t\t<\/p>\n\t\t\t\t\n\t\t\t<\/div>\n\t\t\t\n\t\t<\/div>\n\t\t\t\t\t\t<\/div>\n\t\t\t\t<\/div>\n\t\t\t\t\t<\/div>\n\t\t<\/div>\n\t\t\t\t\t<\/div>\n\t\t<\/section>\n\t\t<div class=\"elementor-element elementor-element-2a64dc0 e-flex e-con-boxed e-con e-parent\" data-id=\"2a64dc0\" data-element_type=\"container\">\n\t\t\t\t\t<div class=\"e-con-inner\">\n\t\t\t\t<div class=\"elementor-element elementor-element-bdd15d6 elementor-widget elementor-widget-text-editor\" data-id=\"bdd15d6\" data-element_type=\"widget\" data-widget_type=\"text-editor.default\">\n\t\t\t\t<div class=\"elementor-widget-container\">\n\t\t\t\t\t\t\t\t\t<p><strong>LES INTERVENANTS<\/strong><\/p>\n<ul>\n<li>\u00c9ric Giraudin &#8211; <a href=\"https:\/\/www.linkedin.com\/in\/ericgiraudin\/\">Linkedin<\/a> &#8211;\u00a0 <a href=\"https:\/\/ncu-mistral.univ-tln.fr\/approche-par-competence-apc-a-luniversite-de-toulon\/\">APC Toulon<\/a><\/li>\n<li>Vaitea Jacquier &#8211; <a href=\"https:\/\/www.linkedin.com\/in\/vaitea-jacquier\/\">Linkedin<\/a>\u00a0&#8211; <a href=\"https:\/\/knowledge.skema.edu\/fr\/qcm-pair-skema-prepa-esdhem-commerce\/\">QCM pair-\u00e0-pair<\/a><\/li>\n<li>Dominique Hervy-Guillaume &#8211;\u00a0 <a href=\"https:\/\/www.linkedin.com\/in\/dominique-hervy-guillaume-ph-d-823a9473\/\">Linkedin<\/a> &#8211; <a href=\"https:\/\/numerique.umontpellier.fr\/projets\/pairseval\/\">Projet Pair&rsquo;s Eval<\/a><\/li>\n<li>Aur\u00e9lie Thomann &#8211; <a href=\"https:\/\/www.linkedin.com\/in\/aur%C3%A9lie-thomann-92975527\/\">Linkedin<\/a> &#8211;\u00a0\u00a0<a href=\"https:\/\/www.instagram.com\/p\/Ch9xiUIsBFC\/?utm_source=ig_web_copy_link&amp;igsh=MzRlODBiNWFlZA%3D%3D\">Comp\u00e9tences Centrale Sup\u00e9lec<\/a><\/li>\n<\/ul>\n<p>\u00a0<\/p>\n<p><strong>LIENS UTILES<\/strong><\/p>\n<ul>\n<li><a href=\"https:\/\/app-na1.hubspotdocuments.com\/documents\/1893885\/view\/904927308?accessId=0fa32e\">Etude \u00ab\u00a0L\u2019\u00e9valuation par les pairs dans l\u2019enseignement sup\u00e9rieur : pratiques, perception, d\u00e9fis\u00a0\u00bb\u00a0<\/a><\/li>\n<li><a href=\"https:\/\/www.campusmatin.com\/numerique\/edtechs\/evaluation-par-les-pairs-renforcer-l-engagement-et-ameliorer-l-experience-etudiante.html\">Campus Matin<\/a><\/li>\n<li><a href=\"https:\/\/challengeme.online\/en\/bibliotheque-cas-usage\/\">Biblioth\u00e8que de cas d&rsquo;usage<\/a><\/li>\n<\/ul>\t\t\t\t\t\t\t\t<\/div>\n\t\t\t\t<\/div>\n\t\t\t\t\t<\/div>\n\t\t\t\t<\/div>\n\t\t\t\t<section class=\"elementor-section elementor-top-section elementor-element elementor-element-e12007e elementor-section-boxed elementor-section-height-default elementor-section-height-default\" data-id=\"e12007e\" data-element_type=\"section\">\n\t\t\t\t\t\t<div class=\"elementor-container elementor-column-gap-default\">\n\t\t\t\t\t<div class=\"elementor-column elementor-col-100 elementor-top-column elementor-element elementor-element-a4759ad\" data-id=\"a4759ad\" data-element_type=\"column\">\n\t\t\t<div class=\"elementor-widget-wrap elementor-element-populated\">\n\t\t\t\t\t\t<div class=\"elementor-element elementor-element-e9a9c35 elementor-widget elementor-widget-heading\" data-id=\"e9a9c35\" data-element_type=\"widget\" data-widget_type=\"heading.default\">\n\t\t\t\t<div class=\"elementor-widget-container\">\n\t\t\t\t\t<h2 class=\"elementor-heading-title elementor-size-default\">Pr\u00e9sent\u00e9 par :<\/h2>\t\t\t\t<\/div>\n\t\t\t\t<\/div>\n\t\t\t\t<section class=\"elementor-section elementor-inner-section elementor-element elementor-element-ead8574 elementor-section-boxed elementor-section-height-default elementor-section-height-default\" data-id=\"ead8574\" data-element_type=\"section\">\n\t\t\t\t\t\t<div class=\"elementor-container elementor-column-gap-default\">\n\t\t\t\t\t<div class=\"elementor-column elementor-col-20 elementor-inner-column elementor-element elementor-element-b8b8909\" data-id=\"b8b8909\" data-element_type=\"column\" data-settings=\"{&quot;background_background&quot;:&quot;classic&quot;}\">\n\t\t\t<div class=\"elementor-widget-wrap elementor-element-populated\">\n\t\t\t\t\t\t<div class=\"elementor-element elementor-element-4b57d30 elementor-widget elementor-widget-image\" data-id=\"4b57d30\" data-element_type=\"widget\" data-widget_type=\"image.default\">\n\t\t\t\t<div class=\"elementor-widget-container\">\n\t\t\t\t\t\t\t\t\t\t\t\t\t\t\t<img fetchpriority=\"high\" decoding=\"async\" width=\"800\" height=\"800\" src=\"https:\/\/challengeme.online\/wp-content\/uploads\/2024\/09\/1705677451037.jpeg\" class=\"attachment-full size-full wp-image-11783\" alt=\"Valentin - ChallengeMe\" srcset=\"https:\/\/challengeme.online\/wp-content\/uploads\/2024\/09\/1705677451037.jpeg 800w, https:\/\/challengeme.online\/wp-content\/uploads\/2024\/09\/1705677451037-300x300.jpeg 300w, https:\/\/challengeme.online\/wp-content\/uploads\/2024\/09\/1705677451037-150x150.jpeg 150w, https:\/\/challengeme.online\/wp-content\/uploads\/2024\/09\/1705677451037-768x768.jpeg 768w\" sizes=\"(max-width: 800px) 100vw, 800px\" \/>\t\t\t\t\t\t\t\t\t\t\t\t\t\t\t<\/div>\n\t\t\t\t<\/div>\n\t\t\t\t<div class=\"elementor-element elementor-element-0d4453f elementor-widget elementor-widget-heading\" data-id=\"0d4453f\" data-element_type=\"widget\" data-widget_type=\"heading.default\">\n\t\t\t\t<div class=\"elementor-widget-container\">\n\t\t\t\t\t<h2 class=\"elementor-heading-title elementor-size-medium\">Valentin Rossi<\/h2>\t\t\t\t<\/div>\n\t\t\t\t<\/div>\n\t\t\t\t<div class=\"elementor-element elementor-element-722b4a6 elementor-widget elementor-widget-text-editor\" data-id=\"722b4a6\" data-element_type=\"widget\" data-widget_type=\"text-editor.default\">\n\t\t\t\t<div class=\"elementor-widget-container\">\n\t\t\t\t\t\t\t\t\t<p>Chef de <br \/>projet chez ChallengeMe<\/p>\t\t\t\t\t\t\t\t<\/div>\n\t\t\t\t<\/div>\n\t\t\t\t\t<\/div>\n\t\t<\/div>\n\t\t\t\t<div class=\"elementor-column elementor-col-20 elementor-inner-column elementor-element elementor-element-748e6ee\" data-id=\"748e6ee\" data-element_type=\"column\" data-settings=\"{&quot;background_background&quot;:&quot;classic&quot;}\">\n\t\t\t<div class=\"elementor-widget-wrap elementor-element-populated\">\n\t\t\t\t\t\t<div class=\"elementor-element elementor-element-72808dd elementor-widget elementor-widget-image\" data-id=\"72808dd\" data-element_type=\"widget\" data-widget_type=\"image.default\">\n\t\t\t\t<div class=\"elementor-widget-container\">\n\t\t\t\t\t\t\t\t\t\t\t\t\t\t\t<img decoding=\"async\" width=\"800\" height=\"800\" src=\"https:\/\/challengeme.online\/wp-content\/uploads\/2024\/10\/Vaitea-Jacquier.jpg\" class=\"attachment-full size-full wp-image-13141\" alt=\"\" srcset=\"https:\/\/challengeme.online\/wp-content\/uploads\/2024\/10\/Vaitea-Jacquier.jpg 800w, https:\/\/challengeme.online\/wp-content\/uploads\/2024\/10\/Vaitea-Jacquier-300x300.jpg 300w, https:\/\/challengeme.online\/wp-content\/uploads\/2024\/10\/Vaitea-Jacquier-150x150.jpg 150w, https:\/\/challengeme.online\/wp-content\/uploads\/2024\/10\/Vaitea-Jacquier-768x768.jpg 768w\" sizes=\"(max-width: 800px) 100vw, 800px\" \/>\t\t\t\t\t\t\t\t\t\t\t\t\t\t\t<\/div>\n\t\t\t\t<\/div>\n\t\t\t\t<div class=\"elementor-element elementor-element-670b3ac elementor-widget elementor-widget-heading\" data-id=\"670b3ac\" data-element_type=\"widget\" data-widget_type=\"heading.default\">\n\t\t\t\t<div class=\"elementor-widget-container\">\n\t\t\t\t\t<h2 class=\"elementor-heading-title elementor-size-medium\">Vaitea Jacquier<\/h2>\t\t\t\t<\/div>\n\t\t\t\t<\/div>\n\t\t\t\t<div class=\"elementor-element elementor-element-7dde4ad elementor-widget elementor-widget-text-editor\" data-id=\"7dde4ad\" data-element_type=\"widget\" data-widget_type=\"text-editor.default\">\n\t\t\t\t<div class=\"elementor-widget-container\">\n\t\t\t\t\t\t\t\t\t<p>Directrice de l&rsquo;Excellence P\u00e9dagogique chez SKEMA Business School<\/p>\t\t\t\t\t\t\t\t<\/div>\n\t\t\t\t<\/div>\n\t\t\t\t\t<\/div>\n\t\t<\/div>\n\t\t\t\t<div class=\"elementor-column elementor-col-20 elementor-inner-column elementor-element elementor-element-1508001\" data-id=\"1508001\" data-element_type=\"column\" data-settings=\"{&quot;background_background&quot;:&quot;classic&quot;}\">\n\t\t\t<div class=\"elementor-widget-wrap elementor-element-populated\">\n\t\t\t\t\t\t<div class=\"elementor-element elementor-element-57f7d6a elementor-widget elementor-widget-image\" data-id=\"57f7d6a\" data-element_type=\"widget\" data-widget_type=\"image.default\">\n\t\t\t\t<div class=\"elementor-widget-container\">\n\t\t\t\t\t\t\t\t\t\t\t\t\t\t\t<img decoding=\"async\" width=\"158\" height=\"158\" src=\"https:\/\/challengeme.online\/wp-content\/uploads\/2024\/04\/Dominique-Hervy.jpg\" class=\"attachment-full size-full wp-image-7758\" alt=\"Dominique Hervy Guillaume\" srcset=\"https:\/\/challengeme.online\/wp-content\/uploads\/2024\/04\/Dominique-Hervy.jpg 158w, https:\/\/challengeme.online\/wp-content\/uploads\/2024\/04\/Dominique-Hervy-150x150.jpg 150w\" sizes=\"(max-width: 158px) 100vw, 158px\" \/>\t\t\t\t\t\t\t\t\t\t\t\t\t\t\t<\/div>\n\t\t\t\t<\/div>\n\t\t\t\t<div class=\"elementor-element elementor-element-b24d5a1 elementor-widget elementor-widget-heading\" data-id=\"b24d5a1\" data-element_type=\"widget\" data-widget_type=\"heading.default\">\n\t\t\t\t<div class=\"elementor-widget-container\">\n\t\t\t\t\t<h2 class=\"elementor-heading-title elementor-size-medium\">Dominique Hervy-Guillaume<\/h2>\t\t\t\t<\/div>\n\t\t\t\t<\/div>\n\t\t\t\t<div class=\"elementor-element elementor-element-29143b9 elementor-widget elementor-widget-text-editor\" data-id=\"29143b9\" data-element_type=\"widget\" data-widget_type=\"text-editor.default\">\n\t\t\t\t<div class=\"elementor-widget-container\">\n\t\t\t\t\t\t\t\t\t<p>Ing\u00e9nieur p\u00e9dagogique \u00e0 l&rsquo;Universit\u00e9 de Montpellier<\/p>\t\t\t\t\t\t\t\t<\/div>\n\t\t\t\t<\/div>\n\t\t\t\t\t<\/div>\n\t\t<\/div>\n\t\t\t\t<div class=\"elementor-column elementor-col-20 elementor-inner-column elementor-element elementor-element-beca584\" data-id=\"beca584\" data-element_type=\"column\" data-settings=\"{&quot;background_background&quot;:&quot;classic&quot;}\">\n\t\t\t<div class=\"elementor-widget-wrap elementor-element-populated\">\n\t\t\t\t\t\t<div class=\"elementor-element elementor-element-9d27d61 elementor-widget elementor-widget-image\" data-id=\"9d27d61\" data-element_type=\"widget\" data-widget_type=\"image.default\">\n\t\t\t\t<div class=\"elementor-widget-container\">\n\t\t\t\t\t\t\t\t\t\t\t\t\t\t\t<img loading=\"lazy\" decoding=\"async\" width=\"800\" height=\"800\" src=\"https:\/\/challengeme.online\/wp-content\/uploads\/2024\/10\/Aurelie-Thomann.jpg\" class=\"attachment-full size-full wp-image-13140\" alt=\"\" srcset=\"https:\/\/challengeme.online\/wp-content\/uploads\/2024\/10\/Aurelie-Thomann.jpg 800w, https:\/\/challengeme.online\/wp-content\/uploads\/2024\/10\/Aurelie-Thomann-300x300.jpg 300w, https:\/\/challengeme.online\/wp-content\/uploads\/2024\/10\/Aurelie-Thomann-150x150.jpg 150w, https:\/\/challengeme.online\/wp-content\/uploads\/2024\/10\/Aurelie-Thomann-768x768.jpg 768w\" sizes=\"(max-width: 800px) 100vw, 800px\" \/>\t\t\t\t\t\t\t\t\t\t\t\t\t\t\t<\/div>\n\t\t\t\t<\/div>\n\t\t\t\t<div class=\"elementor-element elementor-element-5b074cf elementor-widget elementor-widget-heading\" data-id=\"5b074cf\" data-element_type=\"widget\" data-widget_type=\"heading.default\">\n\t\t\t\t<div class=\"elementor-widget-container\">\n\t\t\t\t\t<h2 class=\"elementor-heading-title elementor-size-medium\">Aur\u00e9lie Thomann\n<\/h2>\t\t\t\t<\/div>\n\t\t\t\t<\/div>\n\t\t\t\t<div class=\"elementor-element elementor-element-17cb45a elementor-widget elementor-widget-text-editor\" data-id=\"17cb45a\" data-element_type=\"widget\" data-widget_type=\"text-editor.default\">\n\t\t\t\t<div class=\"elementor-widget-container\">\n\t\t\t\t\t\t\t\t\t<p>Instructional Designer \u00e0 CentraleSup\u00e9lec<\/p>\t\t\t\t\t\t\t\t<\/div>\n\t\t\t\t<\/div>\n\t\t\t\t\t<\/div>\n\t\t<\/div>\n\t\t\t\t<div class=\"elementor-column elementor-col-20 elementor-inner-column elementor-element elementor-element-cf5089b\" data-id=\"cf5089b\" data-element_type=\"column\" data-settings=\"{&quot;background_background&quot;:&quot;classic&quot;}\">\n\t\t\t<div class=\"elementor-widget-wrap elementor-element-populated\">\n\t\t\t\t\t\t<div class=\"elementor-element elementor-element-4db8f83 elementor-widget elementor-widget-image\" data-id=\"4db8f83\" data-element_type=\"widget\" data-widget_type=\"image.default\">\n\t\t\t\t<div class=\"elementor-widget-container\">\n\t\t\t\t\t\t\t\t\t\t\t\t\t\t\t<img loading=\"lazy\" decoding=\"async\" width=\"800\" height=\"800\" src=\"https:\/\/challengeme.online\/wp-content\/uploads\/2024\/04\/eric-giraudin.jpg\" class=\"attachment-full size-full wp-image-7757\" alt=\"Eric Giraudin\" srcset=\"https:\/\/challengeme.online\/wp-content\/uploads\/2024\/04\/eric-giraudin.jpg 800w, https:\/\/challengeme.online\/wp-content\/uploads\/2024\/04\/eric-giraudin-300x300.jpg 300w, https:\/\/challengeme.online\/wp-content\/uploads\/2024\/04\/eric-giraudin-150x150.jpg 150w, https:\/\/challengeme.online\/wp-content\/uploads\/2024\/04\/eric-giraudin-768x768.jpg 768w\" sizes=\"(max-width: 800px) 100vw, 800px\" \/>\t\t\t\t\t\t\t\t\t\t\t\t\t\t\t<\/div>\n\t\t\t\t<\/div>\n\t\t\t\t<div class=\"elementor-element elementor-element-95aa022 elementor-widget elementor-widget-heading\" data-id=\"95aa022\" data-element_type=\"widget\" data-widget_type=\"heading.default\">\n\t\t\t\t<div class=\"elementor-widget-container\">\n\t\t\t\t\t<h2 class=\"elementor-heading-title elementor-size-medium\">Eric Giraudin\n<\/h2>\t\t\t\t<\/div>\n\t\t\t\t<\/div>\n\t\t\t\t<div class=\"elementor-element elementor-element-71bf8d5 elementor-widget__width-initial elementor-widget elementor-widget-text-editor\" data-id=\"71bf8d5\" data-element_type=\"widget\" data-widget_type=\"text-editor.default\">\n\t\t\t\t<div class=\"elementor-widget-container\">\n\t\t\t\t\t\t\t\t\t<p>Directeur de projet &#8211; volet ESR<\/p>\t\t\t\t\t\t\t\t<\/div>\n\t\t\t\t<\/div>\n\t\t\t\t\t<\/div>\n\t\t<\/div>\n\t\t\t\t\t<\/div>\n\t\t<\/section>\n\t\t\t\t\t<\/div>\n\t\t<\/div>\n\t\t\t\t\t<\/div>\n\t\t<\/section>\n\t\t\t\t<\/div>","protected":false},"excerpt":{"rendered":"<p>Replay du Webinaire &#8211; \u00ab\u00a0Comment \u00e9valuer une comp\u00e9tence ?\u00a0\u00bb Rejoignez des experts pour un webinaire d\u2019\u00e9change et de partage de connaissances, et voyons comment s\u2019\u00e9value un comp\u00e9tence.\u00a0 Nous avons d\u00e9cid\u00e9 d\u2019organiser ce webinaire pour cr\u00e9er une passerelle entre diff\u00e9rents types d\u2019\u00e9tablissements \u2013 \u00e9coles de commerce, \u00e9coles d\u2019ing\u00e9nieurs et universit\u00e9s \u2013 afin que chacun puisse d\u00e9couvrir [&hellip;]<\/p>","protected":false},"author":2,"featured_media":8680,"parent":0,"menu_order":0,"comment_status":"closed","ping_status":"closed","template":"elementor_header_footer","meta":{"_acf_changed":false,"content-type":"","footnotes":""},"cas_usage":[],"format_d_activite":[],"objectif":[],"projet":[],"cas_dusage":[],"categ":[],"format_activite":[],"class_list":["post-13232","page","type-page","status-publish","has-post-thumbnail","hentry"],"acf":[],"_links":{"self":[{"href":"https:\/\/challengeme.online\/en\/wp-json\/wp\/v2\/pages\/13232","targetHints":{"allow":["GET"]}}],"collection":[{"href":"https:\/\/challengeme.online\/en\/wp-json\/wp\/v2\/pages"}],"about":[{"href":"https:\/\/challengeme.online\/en\/wp-json\/wp\/v2\/types\/page"}],"author":[{"embeddable":true,"href":"https:\/\/challengeme.online\/en\/wp-json\/wp\/v2\/users\/2"}],"replies":[{"embeddable":true,"href":"https:\/\/challengeme.online\/en\/wp-json\/wp\/v2\/comments?post=13232"}],"version-history":[{"count":21,"href":"https:\/\/challengeme.online\/en\/wp-json\/wp\/v2\/pages\/13232\/revisions"}],"predecessor-version":[{"id":13277,"href":"https:\/\/challengeme.online\/en\/wp-json\/wp\/v2\/pages\/13232\/revisions\/13277"}],"wp:featuredmedia":[{"embeddable":true,"href":"https:\/\/challengeme.online\/en\/wp-json\/wp\/v2\/media\/8680"}],"wp:attachment":[{"href":"https:\/\/challengeme.online\/en\/wp-json\/wp\/v2\/media?parent=13232"}],"wp:term":[{"taxonomy":"cas_usage","embeddable":true,"href":"https:\/\/challengeme.online\/en\/wp-json\/wp\/v2\/cas_usage?post=13232"},{"taxonomy":"format_d_activite","embeddable":true,"href":"https:\/\/challengeme.online\/en\/wp-json\/wp\/v2\/format_d_activite?post=13232"},{"taxonomy":"objectif","embeddable":true,"href":"https:\/\/challengeme.online\/en\/wp-json\/wp\/v2\/objectif?post=13232"},{"taxonomy":"projet","embeddable":true,"href":"https:\/\/challengeme.online\/en\/wp-json\/wp\/v2\/projet?post=13232"},{"taxonomy":"cas_dusage","embeddable":true,"href":"https:\/\/challengeme.online\/en\/wp-json\/wp\/v2\/cas_dusage?post=13232"},{"taxonomy":"categ","embeddable":true,"href":"https:\/\/challengeme.online\/en\/wp-json\/wp\/v2\/categ?post=13232"},{"taxonomy":"format_activite","embeddable":true,"href":"https:\/\/challengeme.online\/en\/wp-json\/wp\/v2\/format_activite?post=13232"}],"curies":[{"name":"wp","href":"https:\/\/api.w.org\/{rel}","templated":true}]}}