{"id":13040,"date":"2024-10-09T18:01:12","date_gmt":"2024-10-09T16:01:12","guid":{"rendered":"https:\/\/challengeme.online\/?page_id=13040"},"modified":"2025-01-03T10:40:35","modified_gmt":"2025-01-03T09:40:35","slug":"comparatif-moodle-atelier-2","status":"publish","type":"page","link":"https:\/\/challengeme.online\/en\/comparatif-moodle-atelier-2\/","title":{"rendered":"Comparatif Moodle Atelier"},"content":{"rendered":"<div data-elementor-type=\"wp-page\" data-elementor-id=\"13040\" class=\"elementor elementor-13040\" data-elementor-post-type=\"page\">\n\t\t\t\t<div class=\"elementor-element elementor-element-3d42e35 e-flex e-con-boxed e-con e-parent\" data-id=\"3d42e35\" data-element_type=\"container\">\n\t\t\t\t\t<div class=\"e-con-inner\">\n\t\t<div class=\"elementor-element elementor-element-2503d0c e-con-full e-flex e-con e-child\" data-id=\"2503d0c\" data-element_type=\"container\" data-settings=\"{&quot;background_background&quot;:&quot;classic&quot;,&quot;shape_divider_bottom&quot;:&quot;mountains&quot;}\">\n\t\t\t\t<div class=\"elementor-shape elementor-shape-bottom\" data-negative=\"false\">\n\t\t\t<svg xmlns=\"http:\/\/www.w3.org\/2000\/svg\" viewbox=\"0 0 1000 100\" preserveaspectratio=\"none\">\n\t<path class=\"elementor-shape-fill\" opacity=\"0.33\" d=\"M473,67.3c-203.9,88.3-263.1-34-320.3,0C66,119.1,0,59.7,0,59.7V0h1000v59.7 c0,0-62.1,26.1-94.9,29.3c-32.8,3.3-62.8-12.3-75.8-22.1C806,49.6,745.3,8.7,694.9,4.7S492.4,59,473,67.3z\"\/>\n\t<path class=\"elementor-shape-fill\" opacity=\"0.66\" d=\"M734,67.3c-45.5,0-77.2-23.2-129.1-39.1c-28.6-8.7-150.3-10.1-254,39.1 s-91.7-34.4-149.2,0C115.7,118.3,0,39.8,0,39.8V0h1000v36.5c0,0-28.2-18.5-92.1-18.5C810.2,18.1,775.7,67.3,734,67.3z\"\/>\n\t<path class=\"elementor-shape-fill\" d=\"M766.1,28.9c-200-57.5-266,65.5-395.1,19.5C242,1.8,242,5.4,184.8,20.6C128,35.8,132.3,44.9,89.9,52.5C28.6,63.7,0,0,0,0 h1000c0,0-9.9,40.9-83.6,48.1S829.6,47,766.1,28.9z\"\/>\n<\/svg>\t\t<\/div>\n\t\t\t\t<div class=\"elementor-element elementor-element-b0d6938 elementor-widget elementor-widget-heading\" data-id=\"b0d6938\" data-element_type=\"widget\" data-widget_type=\"heading.default\">\n\t\t\t\t<div class=\"elementor-widget-container\">\n\t\t\t\t\t<h1 class=\"elementor-heading-title elementor-size-default\">Diff\u00e9rence ChallengeMe - Moodle Atelier<\/h1>\t\t\t\t<\/div>\n\t\t\t\t<\/div>\n\t\t\t\t<\/div>\n\t\t\t\t\t<\/div>\n\t\t\t\t<\/div>\n\t\t<div class=\"elementor-element elementor-element-6d80f37 e-flex e-con-boxed e-con e-parent\" data-id=\"6d80f37\" data-element_type=\"container\">\n\t\t\t\t\t<div class=\"e-con-inner\">\n\t\t\t\t<div class=\"elementor-element elementor-element-1c35e8d elementor-widget elementor-widget-html\" data-id=\"1c35e8d\" data-element_type=\"widget\" data-widget_type=\"html.default\">\n\t\t\t\t<div class=\"elementor-widget-container\">\n\t\t\t\t\t<table> <tr> <th>Fonctionnalit\u00e9<\/th> <th>ChallengeMe<\/th> <th>Moodle Atelier<\/th> <\/tr> <tr> <td><strong>Configuration et flexibilit\u00e9<\/strong><\/td> <td> <ul> <li>Mod\u00e8les pr\u00e9con\u00e7us pour cr\u00e9ation rapide<\/li> <li>Sc\u00e9nario flexible avec multiples phases<\/li> <li>Attribution et changement de phase automatiques<\/li> <li>Anonymisation par d\u00e9faut, peut \u00eatre d\u00e9sactiv\u00e9e<\/li> <li>Possibilit\u00e9 de phases simultan\u00e9es<\/li> <\/ul> <\/td> <td> <ul> <li>Configuration plus complexe<\/li> <li>Phases s\u00e9quentielles uniquement<\/li> <li>Passage manuel entre phases<\/li> <li>Anonymisation automatique<\/li> <\/ul> <\/td> <\/tr> <tr> <td><strong>Types de phases<\/strong><\/td> <td>D\u00e9p\u00f4t, inscription, \u00e9valuation des travaux, \u00e9valuation des \u00e9valuations re\u00e7ues\/donn\u00e9es, \u00e9valuation intra-groupe, r\u00e9sultats<\/td> <td>D\u00e9p\u00f4t, \u00e9valuation, \u00e9valuation de l'\u00e9valuation, r\u00e9sultats<\/td> <\/tr> <tr> <td><strong>Notation et feedback<\/strong><\/td> <td> <ul> <li>Note globale et par phase<\/li> <li>Feedback g\u00e9n\u00e9ral et\/ou par crit\u00e8re<\/li> <li>Pond\u00e9ration par crit\u00e8re, phase, \u00e9valuateur<\/li> <li>Banque de crit\u00e8res personnalisables<\/li> <\/ul> <\/td> <td> <ul> <li>Notes ind\u00e9pendantes par phase<\/li> <li>Feedback g\u00e9n\u00e9ral principalement<\/li> <li>Pond\u00e9ration par crit\u00e8re possible<\/li> <li>Pas de banque de crit\u00e8res<\/li> <\/ul> <\/td> <\/tr> <tr> <td><strong>Gestion des groupes<\/strong><\/td> <td> <ul> <li>D\u00e9p\u00f4t de groupe possible par n'importe quel membre<\/li> <li>\u00c9valuation intra-groupe<\/li> <li>Individualisation des notes de groupe<\/li> <\/ul> <\/td> <td> <ul> <li>D\u00e9p\u00f4t individuel uniquement<\/li> <li>Pas d'\u00e9valuation intra-groupe<\/li> <li>Pas d'individualisation des notes de groupe<\/li> <\/ul> <\/td> <\/tr> <tr> <td><strong>Analyse des r\u00e9sultats<\/strong><\/td> <td> <ul> <li>Analyse d\u00e9taill\u00e9e (moyenne classe, crit\u00e8res, phases)<\/li> <li>Identification des \u00e9carts de notation<\/li> <li>Contr\u00f4le d'acc\u00e8s aux notes\/feedbacks<\/li> <li>\u00c9valuation de la dynamique de groupe<\/li> <\/ul> <\/td> <td> <ul> <li>Analyse plus basique<\/li> <li>Pas d'identification des \u00e9carts significatifs<\/li> <li>Acc\u00e8s limit\u00e9 aux r\u00e9sultats<\/li> <li>Pas d'\u00e9valuation de la dynamique de groupe<\/li> <\/ul> <\/td> <\/tr> <tr> <td><strong>Support et accompagnement<\/strong><\/td> <td> <ul> <li>Support r\u00e9actif par email et t\u00e9l\u00e9phone<\/li> <li>Accompagnement personnalis\u00e9 des enseignants<\/li> <li>Assistance aux \u00e9tudiants<\/li> <\/ul> <\/td> <td> <ul> <li>Support communautaire<\/li> <li>Pas d'accompagnement personnalis\u00e9<\/li> <\/ul> <\/td> <\/tr> <tr> <td><strong>Cas d'usage<\/strong><\/td> <td> <ul> <li>\u00c9valuation par les pairs<\/li> <li>\u00c9valuation de groupe<\/li> <li>\u00c9valuation intra-groupe<\/li> <li>\u00c9valuation de la dynamique de groupe<\/li> <li>Individualisation des notes de groupe<\/li> <li>\u00c9valuation des pr\u00e9sentations orales<\/li> <li>Hackathons et projets complexes<\/li> <li>Approche par comp\u00e9tences<\/li> <\/ul> <\/td> <td> <ul> <li>\u00c9valuation par les pairs simple<\/li> <li>D\u00e9p\u00f4t et \u00e9valuation individuels<\/li> <\/ul> <\/td> <\/tr> <\/table>\t\t\t\t<\/div>\n\t\t\t\t<\/div>\n\t\t\t\t\t<\/div>\n\t\t\t\t<\/div>\n\t\t\t\t<\/div>","protected":false},"excerpt":{"rendered":"<p>Diff\u00e9rence ChallengeMe &#8211; Moodle Atelier Fonctionnalit\u00e9 ChallengeMe Moodle Atelier Configuration et flexibilit\u00e9 Mod\u00e8les pr\u00e9con\u00e7us pour cr\u00e9ation rapide Sc\u00e9nario flexible avec multiples phases Attribution et changement de phase automatiques Anonymisation par d\u00e9faut, peut \u00eatre d\u00e9sactiv\u00e9e Possibilit\u00e9 de phases simultan\u00e9es Configuration plus complexe Phases s\u00e9quentielles uniquement Passage manuel entre phases Anonymisation automatique Types de phases D\u00e9p\u00f4t, inscription, [&hellip;]<\/p>","protected":false},"author":5,"featured_media":0,"parent":0,"menu_order":0,"comment_status":"closed","ping_status":"closed","template":"elementor_header_footer","meta":{"content-type":"","footnotes":""},"cas_dusage":[],"categ":[],"format_activite":[],"class_list":["post-13040","page","type-page","status-publish","hentry"],"_links":{"self":[{"href":"https:\/\/challengeme.online\/en\/wp-json\/wp\/v2\/pages\/13040","targetHints":{"allow":["GET"]}}],"collection":[{"href":"https:\/\/challengeme.online\/en\/wp-json\/wp\/v2\/pages"}],"about":[{"href":"https:\/\/challengeme.online\/en\/wp-json\/wp\/v2\/types\/page"}],"author":[{"embeddable":true,"href":"https:\/\/challengeme.online\/en\/wp-json\/wp\/v2\/users\/5"}],"replies":[{"embeddable":true,"href":"https:\/\/challengeme.online\/en\/wp-json\/wp\/v2\/comments?post=13040"}],"version-history":[{"count":10,"href":"https:\/\/challengeme.online\/en\/wp-json\/wp\/v2\/pages\/13040\/revisions"}],"predecessor-version":[{"id":13325,"href":"https:\/\/challengeme.online\/en\/wp-json\/wp\/v2\/pages\/13040\/revisions\/13325"}],"wp:attachment":[{"href":"https:\/\/challengeme.online\/en\/wp-json\/wp\/v2\/media?parent=13040"}],"wp:term":[{"taxonomy":"cas_dusage","embeddable":true,"href":"https:\/\/challengeme.online\/en\/wp-json\/wp\/v2\/cas_dusage?post=13040"},{"taxonomy":"categ","embeddable":true,"href":"https:\/\/challengeme.online\/en\/wp-json\/wp\/v2\/categ?post=13040"},{"taxonomy":"format_activite","embeddable":true,"href":"https:\/\/challengeme.online\/en\/wp-json\/wp\/v2\/format_activite?post=13040"}],"curies":[{"name":"wp","href":"https:\/\/api.w.org\/{rel}","templated":true}]}}