{"id":1134,"date":"2021-03-26T17:40:01","date_gmt":"2021-03-26T16:40:01","guid":{"rendered":"https:\/\/challengeme.online\/?page_id=1134"},"modified":"2024-08-15T16:42:49","modified_gmt":"2024-08-15T14:42:49","slug":"toulouse-school-of-management","status":"publish","type":"page","link":"https:\/\/challengeme.online\/en\/toulouse-school-of-management\/","title":{"rendered":"Comment les enseignants de TSM ont utilis\u00e9 l&rsquo;\u00e9valuation par les pairs"},"content":{"rendered":"<div data-elementor-type=\"wp-page\" data-elementor-id=\"1134\" class=\"elementor elementor-1134\" data-elementor-post-type=\"page\">\n\t\t\t\t\t\t<section class=\"elementor-section elementor-top-section elementor-element elementor-element-26703f61 elementor-section-height-min-height elementor-section-stretched elementor-section-boxed elementor-section-height-default elementor-section-items-middle\" data-id=\"26703f61\" data-element_type=\"section\" data-settings=\"{&quot;stretch_section&quot;:&quot;section-stretched&quot;,&quot;background_background&quot;:&quot;classic&quot;,&quot;shape_divider_bottom&quot;:&quot;opacity-tilt&quot;}\">\n\t\t\t\t\t\t\t<div class=\"elementor-background-overlay\"><\/div>\n\t\t\t\t\t\t<div class=\"elementor-shape elementor-shape-bottom\" data-negative=\"false\">\n\t\t\t<svg xmlns=\"http:\/\/www.w3.org\/2000\/svg\" viewbox=\"0 0 2600 131.1\" preserveaspectratio=\"none\">\n\t<path class=\"elementor-shape-fill\" d=\"M0 0L2600 0 2600 69.1 0 0z\"\/>\n\t<path class=\"elementor-shape-fill\" style=\"opacity:0.5\" d=\"M0 0L2600 0 2600 69.1 0 69.1z\"\/>\n\t<path class=\"elementor-shape-fill\" style=\"opacity:0.25\" d=\"M2600 0L0 0 0 130.1 2600 69.1z\"\/>\n<\/svg>\t\t<\/div>\n\t\t\t\t\t<div class=\"elementor-container elementor-column-gap-default\">\n\t\t\t\t\t<div class=\"elementor-column elementor-col-100 elementor-top-column elementor-element elementor-element-3e39d7bb\" data-id=\"3e39d7bb\" data-element_type=\"column\">\n\t\t\t<div class=\"elementor-widget-wrap elementor-element-populated\">\n\t\t\t\t\t\t<div class=\"elementor-element elementor-element-9b69c72 elementor-widget elementor-widget-heading\" data-id=\"9b69c72\" data-element_type=\"widget\" data-widget_type=\"heading.default\">\n\t\t\t\t<div class=\"elementor-widget-container\">\n\t\t\t\t\t<h1 class=\"elementor-heading-title elementor-size-xl\">Toulouse School of Management<\/h1>\t\t\t\t<\/div>\n\t\t\t\t<\/div>\n\t\t\t\t<div class=\"elementor-element elementor-element-ff1b901 elementor-widget elementor-widget-text-editor\" data-id=\"ff1b901\" data-element_type=\"widget\" data-widget_type=\"text-editor.default\">\n\t\t\t\t<div class=\"elementor-widget-container\">\n\t\t\t\t\t\t\t\t\t<p>Comment Toulouse School of Management a utilis\u00e9 l&rsquo;\u00e9valuation par les pairs\u00a0<\/p>\t\t\t\t\t\t\t\t<\/div>\n\t\t\t\t<\/div>\n\t\t\t\t\t<\/div>\n\t\t<\/div>\n\t\t\t\t\t<\/div>\n\t\t<\/section>\n\t\t\t\t<section class=\"elementor-section elementor-top-section elementor-element elementor-element-edf6e3e elementor-section-boxed elementor-section-height-default elementor-section-height-default\" data-id=\"edf6e3e\" data-element_type=\"section\">\n\t\t\t\t\t\t<div class=\"elementor-container elementor-column-gap-default\">\n\t\t\t\t\t<div class=\"elementor-column elementor-col-100 elementor-top-column elementor-element elementor-element-723882a\" data-id=\"723882a\" data-element_type=\"column\">\n\t\t\t<div class=\"elementor-widget-wrap elementor-element-populated\">\n\t\t\t\t\t\t<div class=\"elementor-element elementor-element-c7c7d6b elementor-widget elementor-widget-image\" data-id=\"c7c7d6b\" data-element_type=\"widget\" data-widget_type=\"image.default\">\n\t\t\t\t<div class=\"elementor-widget-container\">\n\t\t\t\t\t\t\t\t\t\t\t\t\t\t\t<img fetchpriority=\"high\" decoding=\"async\" width=\"388\" height=\"130\" src=\"https:\/\/challengeme.online\/wp-content\/uploads\/2021\/03\/tsm-logo.png\" class=\"attachment-full size-full wp-image-1142\" alt=\"Logo TSM\" srcset=\"https:\/\/challengeme.online\/wp-content\/uploads\/2021\/03\/tsm-logo.png 388w, https:\/\/challengeme.online\/wp-content\/uploads\/2021\/03\/tsm-logo-300x101.png 300w\" sizes=\"(max-width: 388px) 100vw, 388px\" \/>\t\t\t\t\t\t\t\t\t\t\t\t\t\t\t<\/div>\n\t\t\t\t<\/div>\n\t\t\t\t<div class=\"elementor-element elementor-element-d2cf9f2 elementor-widget elementor-widget-heading\" data-id=\"d2cf9f2\" data-element_type=\"widget\" data-widget_type=\"heading.default\">\n\t\t\t\t<div class=\"elementor-widget-container\">\n\t\t\t\t\t<h2 class=\"elementor-heading-title elementor-size-default\">TSM est l'\u00e9cole de management de l\u2019Universit\u00e9 Toulouse Capitole. Elle propose \u00e0 ses 3000 \u00e9tudiants des dipl\u00f4mes en Gestion de la Licence au Doctorat, en formation initiale, continue et en alternance.<\/h2>\t\t\t\t<\/div>\n\t\t\t\t<\/div>\n\t\t\t\t<section class=\"elementor-section elementor-inner-section elementor-element elementor-element-1c1b500 elementor-section-boxed elementor-section-height-default elementor-section-height-default\" data-id=\"1c1b500\" data-element_type=\"section\">\n\t\t\t\t\t\t<div class=\"elementor-container elementor-column-gap-default\">\n\t\t\t\t\t<div class=\"elementor-column elementor-col-33 elementor-inner-column elementor-element elementor-element-66b5f36\" data-id=\"66b5f36\" data-element_type=\"column\">\n\t\t\t<div class=\"elementor-widget-wrap elementor-element-populated\">\n\t\t\t\t\t\t<div class=\"elementor-element elementor-element-e05a4fa elementor-widget elementor-widget-text-editor\" data-id=\"e05a4fa\" data-element_type=\"widget\" data-widget_type=\"text-editor.default\">\n\t\t\t\t<div class=\"elementor-widget-container\">\n\t\t\t\t\t\t\t\t\t<p style=\"font-size: 40px; font-weight: bold; margin: 0;\">361+<\/p><p>Etudiants<\/p>\t\t\t\t\t\t\t\t<\/div>\n\t\t\t\t<\/div>\n\t\t\t\t\t<\/div>\n\t\t<\/div>\n\t\t\t\t<div class=\"elementor-column elementor-col-33 elementor-inner-column elementor-element elementor-element-258678b\" data-id=\"258678b\" data-element_type=\"column\">\n\t\t\t<div class=\"elementor-widget-wrap elementor-element-populated\">\n\t\t\t\t\t\t<div class=\"elementor-element elementor-element-ecf5f66 elementor-widget elementor-widget-text-editor\" data-id=\"ecf5f66\" data-element_type=\"widget\" data-widget_type=\"text-editor.default\">\n\t\t\t\t<div class=\"elementor-widget-container\">\n\t\t\t\t\t\t\t\t\t<p style=\"font-size: 40px; font-weight: bold; margin: 0;\">10+<\/p><p>Challenges<\/p>\t\t\t\t\t\t\t\t<\/div>\n\t\t\t\t<\/div>\n\t\t\t\t\t<\/div>\n\t\t<\/div>\n\t\t\t\t<div class=\"elementor-column elementor-col-33 elementor-inner-column elementor-element elementor-element-4bf693f\" data-id=\"4bf693f\" data-element_type=\"column\">\n\t\t\t<div class=\"elementor-widget-wrap elementor-element-populated\">\n\t\t\t\t\t\t<div class=\"elementor-element elementor-element-75106b5 elementor-widget elementor-widget-text-editor\" data-id=\"75106b5\" data-element_type=\"widget\" data-widget_type=\"text-editor.default\">\n\t\t\t\t<div class=\"elementor-widget-container\">\n\t\t\t\t\t\t\t\t\t<p style=\"font-size: 40px; font-weight: bold; margin: 0;\">981+<\/p><p>Feedback<\/p>\t\t\t\t\t\t\t\t<\/div>\n\t\t\t\t<\/div>\n\t\t\t\t\t<\/div>\n\t\t<\/div>\n\t\t\t\t\t<\/div>\n\t\t<\/section>\n\t\t\t\t<div class=\"elementor-element elementor-element-34f6659 elementor-widget elementor-widget-text-editor\" data-id=\"34f6659\" data-element_type=\"widget\" data-widget_type=\"text-editor.default\">\n\t\t\t\t<div class=\"elementor-widget-container\">\n\t\t\t\t\t\t\t\t\t<p>C&rsquo;est apr\u00e8s un pilote ayant obtenu un franc succ\u00e9s que l&rsquo;\u00e9cole TSM a voulu mettre \u00e0 disposition des ses enseignants la plateforme ChallengeMe pour leur permettre de lancer des sessions d&rsquo;\u00e9valuation par les pairs avec leurs \u00e9tudiants.<\/p>\t\t\t\t\t\t\t\t<\/div>\n\t\t\t\t<\/div>\n\t\t\t\t\t<\/div>\n\t\t<\/div>\n\t\t\t\t\t<\/div>\n\t\t<\/section>\n\t\t\t\t<section class=\"elementor-section elementor-top-section elementor-element elementor-element-5bd7d36 elementor-section-boxed elementor-section-height-default elementor-section-height-default\" data-id=\"5bd7d36\" data-element_type=\"section\">\n\t\t\t\t\t\t<div class=\"elementor-container elementor-column-gap-default\">\n\t\t\t\t\t<div class=\"elementor-column elementor-col-100 elementor-top-column elementor-element elementor-element-edb622f\" data-id=\"edb622f\" data-element_type=\"column\">\n\t\t\t<div class=\"elementor-widget-wrap elementor-element-populated\">\n\t\t\t\t\t\t<div class=\"elementor-element elementor-element-12c0e94 elementor-widget elementor-widget-heading\" data-id=\"12c0e94\" data-element_type=\"widget\" data-widget_type=\"heading.default\">\n\t\t\t\t<div class=\"elementor-widget-container\">\n\t\t\t\t\t<h2 class=\"elementor-heading-title elementor-size-default\">Diff\u00e9rents cas d'usage pour diff\u00e9rents objectifs.<\/h2>\t\t\t\t<\/div>\n\t\t\t\t<\/div>\n\t\t\t\t<div class=\"elementor-element elementor-element-61ec489 elementor-widget elementor-widget-text-editor\" data-id=\"61ec489\" data-element_type=\"widget\" data-widget_type=\"text-editor.default\">\n\t\t\t\t<div class=\"elementor-widget-container\">\n\t\t\t\t\t\t\t\t\t<p>Apr\u00e8s avoir d\u00e9couvert le fonctionnement de la plateforme, les enseignants ont pu se projeter dans diff\u00e9rents cas d&rsquo;utilisations r\u00e9pondant \u00e0 plusieurs objectifs :<\/p><ul><li>entrainer les \u00e9tudiants sur des cas pratiques<\/li><li>leur apprendre \u00e0 donner un feedback constructif<\/li><li>s&rsquo;approprier une m\u00e9thode de travail<\/li><li>mettre en perspective leur travail avec celui des autres<\/li><li>augmenter l&rsquo;engagement pendant les pr\u00e9sentations<\/li><li>se familiariser avec le processus d&rsquo;\u00e9valuation par les pairs<\/li><\/ul><p>Si certains ont voulu prendre en compte la note donn\u00e9e par les \u00e9tudiants dans une partie de la note finale, d&rsquo;autres ont pr\u00e9f\u00e9r\u00e9 se concentrer uniquement sur le feedback.\u00a0<\/p>\t\t\t\t\t\t\t\t<\/div>\n\t\t\t\t<\/div>\n\t\t\t\t<section class=\"elementor-section elementor-inner-section elementor-element elementor-element-f5e80e2 elementor-section-boxed elementor-section-height-default elementor-section-height-default\" data-id=\"f5e80e2\" data-element_type=\"section\">\n\t\t\t\t\t\t<div class=\"elementor-container elementor-column-gap-default\">\n\t\t\t\t\t<div class=\"elementor-column elementor-col-33 elementor-inner-column elementor-element elementor-element-b0dcfa2\" data-id=\"b0dcfa2\" data-element_type=\"column\" data-settings=\"{&quot;background_background&quot;:&quot;classic&quot;}\">\n\t\t\t<div class=\"elementor-widget-wrap elementor-element-populated\">\n\t\t\t\t\t\t<div class=\"elementor-element elementor-element-e8e4ca8 elementor-widget elementor-widget-image\" data-id=\"e8e4ca8\" data-element_type=\"widget\" data-widget_type=\"image.default\">\n\t\t\t\t<div class=\"elementor-widget-container\">\n\t\t\t\t\t\t\t\t\t\t\t\t\t\t\t<img decoding=\"async\" width=\"388\" height=\"397\" src=\"https:\/\/challengeme.online\/wp-content\/uploads\/2021\/03\/matthieu-bouvard.jpg\" class=\"attachment-full size-full wp-image-1158\" alt=\"matthieu bouvard\" srcset=\"https:\/\/challengeme.online\/wp-content\/uploads\/2021\/03\/matthieu-bouvard.jpg 388w, https:\/\/challengeme.online\/wp-content\/uploads\/2021\/03\/matthieu-bouvard-293x300.jpg 293w\" sizes=\"(max-width: 388px) 100vw, 388px\" \/>\t\t\t\t\t\t\t\t\t\t\t\t\t\t\t<\/div>\n\t\t\t\t<\/div>\n\t\t\t\t<div class=\"elementor-element elementor-element-9f29f96 elementor-widget elementor-widget-text-editor\" data-id=\"9f29f96\" data-element_type=\"widget\" data-widget_type=\"text-editor.default\">\n\t\t\t\t<div class=\"elementor-widget-container\">\n\t\t\t\t\t\t\t\t\t<p style=\"color:#6CB0AB; margin:0; font-weight:bold;\">Matthieu Bouvard<\/p>\n<p style=\"color:#D33467; margin:0; font-weight: bold;\">Professeur en Sciences de Gestion<\/p>\t\t\t\t\t\t\t\t<\/div>\n\t\t\t\t<\/div>\n\t\t\t\t<div class=\"elementor-element elementor-element-66cbf39 elementor-widget elementor-widget-text-editor\" data-id=\"66cbf39\" data-element_type=\"widget\" data-widget_type=\"text-editor.default\">\n\t\t\t\t<div class=\"elementor-widget-container\">\n\t\t\t\t\t\t\t\t\t<p>\u00ab\u00a0J&rsquo;ai trouv\u00e9 ChallengeMe tr\u00e8s int\u00e9r\u00e9ssant pour permettre aux \u00e9tudiants souhaitant faire de la recherche de se familiariser au processus d&rsquo;\u00e9valuation par les pairs couramment utilis\u00e9 dans ce domaine\u00a0\u00bb<\/p>\t\t\t\t\t\t\t\t<\/div>\n\t\t\t\t<\/div>\n\t\t\t\t\t<\/div>\n\t\t<\/div>\n\t\t\t\t<div class=\"elementor-column elementor-col-33 elementor-inner-column elementor-element elementor-element-507ba19\" data-id=\"507ba19\" data-element_type=\"column\" data-settings=\"{&quot;background_background&quot;:&quot;classic&quot;}\">\n\t\t\t<div class=\"elementor-widget-wrap elementor-element-populated\">\n\t\t\t\t\t\t<div class=\"elementor-element elementor-element-9c22e94 elementor-widget elementor-widget-image\" data-id=\"9c22e94\" data-element_type=\"widget\" data-widget_type=\"image.default\">\n\t\t\t\t<div class=\"elementor-widget-container\">\n\t\t\t\t\t\t\t\t\t\t\t\t\t\t\t<img decoding=\"async\" width=\"333\" height=\"341\" src=\"https:\/\/challengeme.online\/wp-content\/uploads\/2021\/03\/magali-giraud.jpg\" class=\"attachment-full size-full wp-image-1159\" alt=\"magali giraud\" srcset=\"https:\/\/challengeme.online\/wp-content\/uploads\/2021\/03\/magali-giraud.jpg 333w, https:\/\/challengeme.online\/wp-content\/uploads\/2021\/03\/magali-giraud-293x300.jpg 293w\" sizes=\"(max-width: 333px) 100vw, 333px\" \/>\t\t\t\t\t\t\t\t\t\t\t\t\t\t\t<\/div>\n\t\t\t\t<\/div>\n\t\t\t\t<div class=\"elementor-element elementor-element-ff6ab26 elementor-widget elementor-widget-text-editor\" data-id=\"ff6ab26\" data-element_type=\"widget\" data-widget_type=\"text-editor.default\">\n\t\t\t\t<div class=\"elementor-widget-container\">\n\t\t\t\t\t\t\t\t\t<p style=\"color: #6cb0ab; margin: 0; font-weight: bold;\">Magali Giraud<\/p>\n<p style=\"color: #d33467; margin: 0; font-weight: bold;\">Ma\u00eetre de conf\u00e9rences &#8211; Marketing<\/p>\t\t\t\t\t\t\t\t<\/div>\n\t\t\t\t<\/div>\n\t\t\t\t<div class=\"elementor-element elementor-element-4ef1b65 elementor-widget elementor-widget-text-editor\" data-id=\"4ef1b65\" data-element_type=\"widget\" data-widget_type=\"text-editor.default\">\n\t\t\t\t<div class=\"elementor-widget-container\">\n\t\t\t\t\t\t\t\t\t<p>\u00ab\u00a0Les \u00e9tudiants ont pu se situer les uns par rapport aux autres en mettant en perspective leurs travaux. Cela leur a \u00e9galement permis de mieux comprendre les crit\u00e8res de notation\u00a0\u00bb<\/p>\t\t\t\t\t\t\t\t<\/div>\n\t\t\t\t<\/div>\n\t\t\t\t\t<\/div>\n\t\t<\/div>\n\t\t\t\t<div class=\"elementor-column elementor-col-33 elementor-inner-column elementor-element elementor-element-5814a5f\" data-id=\"5814a5f\" data-element_type=\"column\" data-settings=\"{&quot;background_background&quot;:&quot;classic&quot;}\">\n\t\t\t<div class=\"elementor-widget-wrap elementor-element-populated\">\n\t\t\t\t\t\t<div class=\"elementor-element elementor-element-0cec6b7 elementor-widget elementor-widget-image\" data-id=\"0cec6b7\" data-element_type=\"widget\" data-widget_type=\"image.default\">\n\t\t\t\t<div class=\"elementor-widget-container\">\n\t\t\t\t\t\t\t\t\t\t\t\t\t\t\t<img loading=\"lazy\" decoding=\"async\" width=\"343\" height=\"341\" src=\"https:\/\/challengeme.online\/wp-content\/uploads\/2021\/03\/stephan-peze.jpg\" class=\"attachment-full size-full wp-image-1160\" alt=\"stephan peze\" srcset=\"https:\/\/challengeme.online\/wp-content\/uploads\/2021\/03\/stephan-peze.jpg 343w, https:\/\/challengeme.online\/wp-content\/uploads\/2021\/03\/stephan-peze-300x298.jpg 300w, https:\/\/challengeme.online\/wp-content\/uploads\/2021\/03\/stephan-peze-150x150.jpg 150w\" sizes=\"(max-width: 343px) 100vw, 343px\" \/>\t\t\t\t\t\t\t\t\t\t\t\t\t\t\t<\/div>\n\t\t\t\t<\/div>\n\t\t\t\t<div class=\"elementor-element elementor-element-cc43813 elementor-widget elementor-widget-text-editor\" data-id=\"cc43813\" data-element_type=\"widget\" data-widget_type=\"text-editor.default\">\n\t\t\t\t<div class=\"elementor-widget-container\">\n\t\t\t\t\t\t\t\t\t<p style=\"color: #6cb0ab; margin: 0; font-weight: bold;\">Stephan Peze<\/p>\n<p style=\"color: #d33467; margin: 0; font-weight: bold;\">Ma\u00eetre de conf\u00e9rence &#8211; Strat\u00e9gie<\/p>\t\t\t\t\t\t\t\t<\/div>\n\t\t\t\t<\/div>\n\t\t\t\t<div class=\"elementor-element elementor-element-bf6ad0f elementor-widget elementor-widget-text-editor\" data-id=\"bf6ad0f\" data-element_type=\"widget\" data-widget_type=\"text-editor.default\">\n\t\t\t\t<div class=\"elementor-widget-container\">\n\t\t\t\t\t\t\t\t\t<p>\u00ab\u00a0Cela a permis d&rsquo;engager davantage les \u00e9tudiants durant les pr\u00e9sentations et d&rsquo;augmenter l&rsquo;intensit\u00e9 d&rsquo;\u00e9coute. Ils ont ainsi pu b\u00e9n\u00e9ficier au maximum du cours.\u00a0\u00bb<\/p>\t\t\t\t\t\t\t\t<\/div>\n\t\t\t\t<\/div>\n\t\t\t\t\t<\/div>\n\t\t<\/div>\n\t\t\t\t\t<\/div>\n\t\t<\/section>\n\t\t\t\t\t<\/div>\n\t\t<\/div>\n\t\t\t\t\t<\/div>\n\t\t<\/section>\n\t\t\t\t<section class=\"elementor-section elementor-top-section elementor-element elementor-element-e5f25c4 elementor-section-boxed elementor-section-height-default elementor-section-height-default\" data-id=\"e5f25c4\" data-element_type=\"section\">\n\t\t\t\t\t\t<div class=\"elementor-container elementor-column-gap-default\">\n\t\t\t\t\t<div class=\"elementor-column elementor-col-100 elementor-top-column elementor-element elementor-element-fbbedb7\" data-id=\"fbbedb7\" data-element_type=\"column\">\n\t\t\t<div class=\"elementor-widget-wrap elementor-element-populated\">\n\t\t\t\t\t\t<div class=\"elementor-element elementor-element-c75f89b elementor-widget elementor-widget-heading\" data-id=\"c75f89b\" data-element_type=\"widget\" data-widget_type=\"heading.default\">\n\t\t\t\t<div class=\"elementor-widget-container\">\n\t\t\t\t\t<h2 class=\"elementor-heading-title elementor-size-default\">Une tr\u00e8s bonne perception des \u00e9tudiants<\/h2>\t\t\t\t<\/div>\n\t\t\t\t<\/div>\n\t\t\t\t<div class=\"elementor-element elementor-element-7afa7a8 elementor-widget elementor-widget-text-editor\" data-id=\"7afa7a8\" data-element_type=\"widget\" data-widget_type=\"text-editor.default\">\n\t\t\t\t<div class=\"elementor-widget-container\">\n\t\t\t\t\t\t\t\t\t<p>Du c\u00f4t\u00e9 des \u00e9l\u00e8ves, la perception a \u00e9t\u00e9 bonne pour une grande majorit\u00e9 d&rsquo;entre eux. (bas\u00e9 sur une enqu\u00eate de satisfation). Les points les plus appr\u00e9ci\u00e9s ont \u00e9t\u00e9 la facilit\u00e9 de prise en main et le fait de pouvoir d\u00e9couvrir les travaux des autres tout en s&rsquo;\u00e9changeant des feedback.<\/p>\t\t\t\t\t\t\t\t<\/div>\n\t\t\t\t<\/div>\n\t\t\t\t<section class=\"elementor-section elementor-inner-section elementor-element elementor-element-1eaa801 elementor-section-boxed elementor-section-height-default elementor-section-height-default\" data-id=\"1eaa801\" data-element_type=\"section\">\n\t\t\t\t\t\t<div class=\"elementor-container elementor-column-gap-default\">\n\t\t\t\t\t<div class=\"elementor-column elementor-col-100 elementor-inner-column elementor-element elementor-element-05f0a6c\" data-id=\"05f0a6c\" data-element_type=\"column\" data-settings=\"{&quot;background_background&quot;:&quot;classic&quot;}\">\n\t\t\t<div class=\"elementor-widget-wrap elementor-element-populated\">\n\t\t\t\t\t\t<div class=\"elementor-element elementor-element-9959e71 elementor-widget elementor-widget-text-editor\" data-id=\"9959e71\" data-element_type=\"widget\" data-widget_type=\"text-editor.default\">\n\t\t\t\t<div class=\"elementor-widget-container\">\n\t\t\t\t\t\t\t\t\t<p style=\"margin:0;\">\u00ab\u00a0J&rsquo;ai aim\u00e9 la simplicit\u00e9 de la plateforme pour \u00e9valuer ainsi que le partage de connaissances.\u00a0\u00bb<\/p>\t\t\t\t\t\t\t\t<\/div>\n\t\t\t\t<\/div>\n\t\t\t\t\t<\/div>\n\t\t<\/div>\n\t\t\t\t\t<\/div>\n\t\t<\/section>\n\t\t\t\t<section class=\"elementor-section elementor-inner-section elementor-element elementor-element-5adf2bc elementor-section-boxed elementor-section-height-default elementor-section-height-default\" data-id=\"5adf2bc\" data-element_type=\"section\">\n\t\t\t\t\t\t<div class=\"elementor-container elementor-column-gap-default\">\n\t\t\t\t\t<div class=\"elementor-column elementor-col-100 elementor-inner-column elementor-element elementor-element-195d6e8\" data-id=\"195d6e8\" data-element_type=\"column\" data-settings=\"{&quot;background_background&quot;:&quot;classic&quot;}\">\n\t\t\t<div class=\"elementor-widget-wrap elementor-element-populated\">\n\t\t\t\t\t\t<div class=\"elementor-element elementor-element-9e2d45b elementor-widget elementor-widget-text-editor\" data-id=\"9e2d45b\" data-element_type=\"widget\" data-widget_type=\"text-editor.default\">\n\t\t\t\t<div class=\"elementor-widget-container\">\n\t\t\t\t\t\t\t\t\t<p style=\"margin: 0;\">\u00ab\u00a0La plateforme a \u00e9t\u00e9 facile \u00e0 prendre en main et j&rsquo;ai beaucoup appr\u00e9ci\u00e9 le fait de recevoir des feedback sur mon travail.\u00a0\u00bb<\/p>\t\t\t\t\t\t\t\t<\/div>\n\t\t\t\t<\/div>\n\t\t\t\t\t<\/div>\n\t\t<\/div>\n\t\t\t\t\t<\/div>\n\t\t<\/section>\n\t\t\t\t<div class=\"elementor-element elementor-element-f03391e elementor-widget elementor-widget-image\" data-id=\"f03391e\" data-element_type=\"widget\" data-widget_type=\"image.default\">\n\t\t\t\t<div class=\"elementor-widget-container\">\n\t\t\t\t\t\t\t\t\t\t\t\t\t\t\t<img loading=\"lazy\" decoding=\"async\" width=\"1042\" height=\"697\" src=\"https:\/\/challengeme.online\/wp-content\/uploads\/2021\/03\/undraw_reviews_lp8w.png\" class=\"attachment-full size-full wp-image-1176\" alt=\"Feedback\" srcset=\"https:\/\/challengeme.online\/wp-content\/uploads\/2021\/03\/undraw_reviews_lp8w.png 1042w, https:\/\/challengeme.online\/wp-content\/uploads\/2021\/03\/undraw_reviews_lp8w-300x201.png 300w, https:\/\/challengeme.online\/wp-content\/uploads\/2021\/03\/undraw_reviews_lp8w-1024x685.png 1024w, https:\/\/challengeme.online\/wp-content\/uploads\/2021\/03\/undraw_reviews_lp8w-768x514.png 768w\" sizes=\"(max-width: 1042px) 100vw, 1042px\" \/>\t\t\t\t\t\t\t\t\t\t\t\t\t\t\t<\/div>\n\t\t\t\t<\/div>\n\t\t\t\t\t<\/div>\n\t\t<\/div>\n\t\t\t\t\t<\/div>\n\t\t<\/section>\n\t\t\t\t<section class=\"elementor-section elementor-top-section elementor-element elementor-element-8196412 elementor-section-boxed elementor-section-height-default elementor-section-height-default\" data-id=\"8196412\" data-element_type=\"section\">\n\t\t\t\t\t\t<div class=\"elementor-container elementor-column-gap-default\">\n\t\t\t\t\t<div class=\"elementor-column elementor-col-100 elementor-top-column elementor-element elementor-element-b07a1eb\" data-id=\"b07a1eb\" data-element_type=\"column\">\n\t\t\t<div class=\"elementor-widget-wrap elementor-element-populated\">\n\t\t\t\t\t\t<div class=\"elementor-element elementor-element-455acee elementor-widget elementor-widget-heading\" data-id=\"455acee\" data-element_type=\"widget\" data-widget_type=\"heading.default\">\n\t\t\t\t<div class=\"elementor-widget-container\">\n\t\t\t\t\t<h2 class=\"elementor-heading-title elementor-size-default\">Une volont\u00e9 d'utiliser la plateforme sur la dur\u00e9e<\/h2>\t\t\t\t<\/div>\n\t\t\t\t<\/div>\n\t\t\t\t<div class=\"elementor-element elementor-element-b90c8e9 elementor-widget elementor-widget-text-editor\" data-id=\"b90c8e9\" data-element_type=\"widget\" data-widget_type=\"text-editor.default\">\n\t\t\t\t<div class=\"elementor-widget-container\">\n\t\t\t\t\t\t\t\t\t<p>Les objectifs initiaux des enseignants ayant \u00e9t\u00e9 atteints et la perception des \u00e9tudiants ayant \u00e9t\u00e9 bonnes, il n&rsquo;y avait aucune raison pour que l&rsquo;\u00e9cole s&rsquo;arr\u00eate l\u00e0.<\/p>\n<p>TSM a donc souhait\u00e9 continuer le partenariat avec ChallengeMe. Des enseignants ont m\u00eame anticiper l&rsquo;ann\u00e9e 2022 en parlant d\u00e9j\u00e0 de nouveaux projets.\u00a0<\/p>\t\t\t\t\t\t\t\t<\/div>\n\t\t\t\t<\/div>\n\t\t\t\t\t<\/div>\n\t\t<\/div>\n\t\t\t\t\t<\/div>\n\t\t<\/section>\n\t\t\t\t<\/div>","protected":false},"excerpt":{"rendered":"<p>Toulouse School of Management Comment Toulouse School of Management a utilis\u00e9 l&rsquo;\u00e9valuation par les pairs\u00a0 TSM est l&rsquo;\u00e9cole de management de l\u2019Universit\u00e9 Toulouse Capitole. Elle propose \u00e0 ses 3000 \u00e9tudiants des dipl\u00f4mes en Gestion de la Licence au Doctorat, en formation initiale, continue et en alternance. 361+ Etudiants 10+ Challenges 981+ Feedback C&rsquo;est apr\u00e8s un [&hellip;]<\/p>","protected":false},"author":2,"featured_media":9155,"parent":0,"menu_order":0,"comment_status":"closed","ping_status":"closed","template":"elementor_header_footer","meta":{"content-type":"","footnotes":""},"cas_dusage":[68,72],"categ":[78],"format_activite":[],"class_list":["post-1134","page","type-page","status-publish","has-post-thumbnail","hentry","cas_dusage-evaluation-croisee","cas_dusage-evaluation-intra-groupe","categ-temoignage"],"_links":{"self":[{"href":"https:\/\/challengeme.online\/en\/wp-json\/wp\/v2\/pages\/1134","targetHints":{"allow":["GET"]}}],"collection":[{"href":"https:\/\/challengeme.online\/en\/wp-json\/wp\/v2\/pages"}],"about":[{"href":"https:\/\/challengeme.online\/en\/wp-json\/wp\/v2\/types\/page"}],"author":[{"embeddable":true,"href":"https:\/\/challengeme.online\/en\/wp-json\/wp\/v2\/users\/2"}],"replies":[{"embeddable":true,"href":"https:\/\/challengeme.online\/en\/wp-json\/wp\/v2\/comments?post=1134"}],"version-history":[{"count":9,"href":"https:\/\/challengeme.online\/en\/wp-json\/wp\/v2\/pages\/1134\/revisions"}],"predecessor-version":[{"id":9629,"href":"https:\/\/challengeme.online\/en\/wp-json\/wp\/v2\/pages\/1134\/revisions\/9629"}],"wp:featuredmedia":[{"embeddable":true,"href":"https:\/\/challengeme.online\/en\/wp-json\/wp\/v2\/media\/9155"}],"wp:attachment":[{"href":"https:\/\/challengeme.online\/en\/wp-json\/wp\/v2\/media?parent=1134"}],"wp:term":[{"taxonomy":"cas_dusage","embeddable":true,"href":"https:\/\/challengeme.online\/en\/wp-json\/wp\/v2\/cas_dusage?post=1134"},{"taxonomy":"categ","embeddable":true,"href":"https:\/\/challengeme.online\/en\/wp-json\/wp\/v2\/categ?post=1134"},{"taxonomy":"format_activite","embeddable":true,"href":"https:\/\/challengeme.online\/en\/wp-json\/wp\/v2\/format_activite?post=1134"}],"curies":[{"name":"wp","href":"https:\/\/api.w.org\/{rel}","templated":true}]}}