{"id":10783,"date":"2024-08-22T13:03:48","date_gmt":"2024-08-22T11:03:48","guid":{"rendered":"https:\/\/challengeme.online\/?page_id=10783"},"modified":"2024-08-27T10:34:06","modified_gmt":"2024-08-27T08:34:06","slug":"podcast-2","status":"publish","type":"page","link":"https:\/\/challengeme.online\/en\/podcast-2\/","title":{"rendered":"Podcast"},"content":{"rendered":"<div data-elementor-type=\"wp-page\" data-elementor-id=\"10783\" class=\"elementor elementor-10783\" data-elementor-post-type=\"page\">\n\t\t\t\t<div class=\"elementor-element elementor-element-fa86392 e-flex e-con-boxed e-con e-parent\" data-id=\"fa86392\" data-element_type=\"container\">\n\t\t\t\t\t<div class=\"e-con-inner\">\n\t\t\t\t<div class=\"elementor-element elementor-element-6f205d4 elementor-widget elementor-widget-heading\" data-id=\"6f205d4\" data-element_type=\"widget\" data-widget_type=\"heading.default\">\n\t\t\t\t<div class=\"elementor-widget-container\">\n\t\t\t\t\t<h1 class=\"elementor-heading-title elementor-size-default\">D\u00e9couvrez nos derniers \u00e9pisodes :<\/h1>\t\t\t\t<\/div>\n\t\t\t\t<\/div>\n\t\t\t\t\t<\/div>\n\t\t\t\t<\/div>\n\t\t<div class=\"elementor-element elementor-element-3a5a382 e-flex e-con-boxed e-con e-parent\" data-id=\"3a5a382\" data-element_type=\"container\">\n\t\t\t\t\t<div class=\"e-con-inner\">\n\t\t\t\t<div class=\"elementor-element elementor-element-5d49111 elementor-grid-2 elementor-grid-tablet-2 elementor-grid-mobile-1 elementor-posts--thumbnail-top elementor-widget elementor-widget-posts\" data-id=\"5d49111\" data-element_type=\"widget\" data-settings=\"{&quot;classic_columns&quot;:&quot;2&quot;,&quot;classic_row_gap&quot;:{&quot;unit&quot;:&quot;px&quot;,&quot;size&quot;:50,&quot;sizes&quot;:[]},&quot;classic_columns_tablet&quot;:&quot;2&quot;,&quot;classic_columns_mobile&quot;:&quot;1&quot;,&quot;classic_row_gap_tablet&quot;:{&quot;unit&quot;:&quot;px&quot;,&quot;size&quot;:&quot;&quot;,&quot;sizes&quot;:[]},&quot;classic_row_gap_mobile&quot;:{&quot;unit&quot;:&quot;px&quot;,&quot;size&quot;:&quot;&quot;,&quot;sizes&quot;:[]}}\" data-widget_type=\"posts.classic\">\n\t\t\t\t<div class=\"elementor-widget-container\">\n\t\t\t\t\t\t\t<div class=\"elementor-posts-container elementor-posts elementor-posts--skin-classic elementor-grid\">\n\t\t\t\t<article class=\"elementor-post elementor-grid-item post-13886 post type-post status-publish format-standard has-post-thumbnail hentry category-ia category-podcast category-temoignages-et-retours-dexperience\">\n\t\t\t\t<a class=\"elementor-post__thumbnail__link\" href=\"https:\/\/challengeme.online\/en\/%f0%9f%8e%99%ef%b8%8fpodcast-lia-dans-levaluation-par-les-pairs-enjeux-regulation-et-retour-dexperience-skema\/\" tabindex=\"-1\" >\n\t\t\t<div class=\"elementor-post__thumbnail\"><img fetchpriority=\"high\" decoding=\"async\" width=\"300\" height=\"169\" src=\"https:\/\/challengeme.online\/wp-content\/uploads\/2024\/08\/matt-botsford-OKLqGsCT8qs-unsplash-300x169.jpg\" class=\"attachment-medium size-medium wp-image-10524\" alt=\"Podcast ChallengeMe\" srcset=\"https:\/\/challengeme.online\/wp-content\/uploads\/2024\/08\/matt-botsford-OKLqGsCT8qs-unsplash-300x169.jpg 300w, https:\/\/challengeme.online\/wp-content\/uploads\/2024\/08\/matt-botsford-OKLqGsCT8qs-unsplash-1024x576.jpg 1024w, https:\/\/challengeme.online\/wp-content\/uploads\/2024\/08\/matt-botsford-OKLqGsCT8qs-unsplash-768x432.jpg 768w, https:\/\/challengeme.online\/wp-content\/uploads\/2024\/08\/matt-botsford-OKLqGsCT8qs-unsplash-1536x864.jpg 1536w, https:\/\/challengeme.online\/wp-content\/uploads\/2024\/08\/matt-botsford-OKLqGsCT8qs-unsplash-2048x1152.jpg 2048w\" sizes=\"(max-width: 300px) 100vw, 300px\" \/><\/div>\n\t\t<\/a>\n\t\t\t\t<div class=\"elementor-post__text\">\n\t\t\t\t<h2 class=\"elementor-post__title\">\n\t\t\t<a href=\"https:\/\/challengeme.online\/en\/%f0%9f%8e%99%ef%b8%8fpodcast-lia-dans-levaluation-par-les-pairs-enjeux-regulation-et-retour-dexperience-skema\/\" >\n\t\t\t\t\ud83c\udf99\ufe0fPodcast &#8211; L&rsquo;IA dans l&rsquo;\u00e9valuation par les pairs: enjeux, r\u00e9gulation et retour d&rsquo;exp\u00e9rience (SKEMA)\t\t\t<\/a>\n\t\t<\/h2>\n\t\t\t\t<div class=\"elementor-post__meta-data\">\n\t\t\t\t\t<span class=\"elementor-post-date\">\n\t\t\t11 April 2025\t\t<\/span>\n\t\t\t\t<\/div>\n\t\t\t\t<div class=\"elementor-post__excerpt\">\n\t\t\t<p>Ecoutez l&rsquo;\u00e9pisode<\/p>\n\t\t<\/div>\n\t\t\t\t\t<div class=\"elementor-post__read-more-wrapper\">\n\t\t\n\t\t<a class=\"elementor-post__read-more\" href=\"https:\/\/challengeme.online\/en\/%f0%9f%8e%99%ef%b8%8fpodcast-lia-dans-levaluation-par-les-pairs-enjeux-regulation-et-retour-dexperience-skema\/\" aria-label=\"Read more about \ud83c\udf99\ufe0fPodcast &#8211; L&rsquo;IA dans l&rsquo;\u00e9valuation par les pairs: enjeux, r\u00e9gulation et retour d&rsquo;exp\u00e9rience (SKEMA)\" tabindex=\"-1\" >\n\t\t\tLire la suite \u00bb\t\t<\/a>\n\n\t\t\t\t\t<\/div>\n\t\t\t\t<\/div>\n\t\t\t\t<\/article>\n\t\t\t\t<article class=\"elementor-post elementor-grid-item post-13381 post type-post status-publish format-standard has-post-thumbnail hentry category-approche-par-competences category-podcast\">\n\t\t\t\t<a class=\"elementor-post__thumbnail__link\" href=\"https:\/\/challengeme.online\/en\/%f0%9f%8e%99%ef%b8%8fpodcast-notre-etude-sur-levaluation-par-les-pairs\/\" tabindex=\"-1\" >\n\t\t\t<div class=\"elementor-post__thumbnail\"><img fetchpriority=\"high\" decoding=\"async\" width=\"300\" height=\"169\" src=\"https:\/\/challengeme.online\/wp-content\/uploads\/2024\/08\/matt-botsford-OKLqGsCT8qs-unsplash-300x169.jpg\" class=\"attachment-medium size-medium wp-image-10524\" alt=\"Podcast ChallengeMe\" srcset=\"https:\/\/challengeme.online\/wp-content\/uploads\/2024\/08\/matt-botsford-OKLqGsCT8qs-unsplash-300x169.jpg 300w, https:\/\/challengeme.online\/wp-content\/uploads\/2024\/08\/matt-botsford-OKLqGsCT8qs-unsplash-1024x576.jpg 1024w, https:\/\/challengeme.online\/wp-content\/uploads\/2024\/08\/matt-botsford-OKLqGsCT8qs-unsplash-768x432.jpg 768w, https:\/\/challengeme.online\/wp-content\/uploads\/2024\/08\/matt-botsford-OKLqGsCT8qs-unsplash-1536x864.jpg 1536w, https:\/\/challengeme.online\/wp-content\/uploads\/2024\/08\/matt-botsford-OKLqGsCT8qs-unsplash-2048x1152.jpg 2048w\" sizes=\"(max-width: 300px) 100vw, 300px\" \/><\/div>\n\t\t<\/a>\n\t\t\t\t<div class=\"elementor-post__text\">\n\t\t\t\t<h2 class=\"elementor-post__title\">\n\t\t\t<a href=\"https:\/\/challengeme.online\/en\/%f0%9f%8e%99%ef%b8%8fpodcast-notre-etude-sur-levaluation-par-les-pairs\/\" >\n\t\t\t\t\ud83c\udf99\ufe0fPodcast &#8211; Notre \u00e9tude sur l&rsquo;\u00e9valuation par les pairs\t\t\t<\/a>\n\t\t<\/h2>\n\t\t\t\t<div class=\"elementor-post__meta-data\">\n\t\t\t\t\t<span class=\"elementor-post-date\">\n\t\t\t20 January 2025\t\t<\/span>\n\t\t\t\t<\/div>\n\t\t\t\t<div class=\"elementor-post__excerpt\">\n\t\t\t<p>L&rsquo;\u00e9tude ChallengeMe sur l&rsquo;\u00e9valuation par les pairs Dans ce nouvel \u00e9pisode de la s\u00e9rie sp\u00e9ciale Peer Power en collaboration avec<\/p>\n\t\t<\/div>\n\t\t\t\t\t<div class=\"elementor-post__read-more-wrapper\">\n\t\t\n\t\t<a class=\"elementor-post__read-more\" href=\"https:\/\/challengeme.online\/en\/%f0%9f%8e%99%ef%b8%8fpodcast-notre-etude-sur-levaluation-par-les-pairs\/\" aria-label=\"Read more about \ud83c\udf99\ufe0fPodcast &#8211; Notre \u00e9tude sur l&rsquo;\u00e9valuation par les pairs\" tabindex=\"-1\" >\n\t\t\tLire la suite \u00bb\t\t<\/a>\n\n\t\t\t\t\t<\/div>\n\t\t\t\t<\/div>\n\t\t\t\t<\/article>\n\t\t\t\t<article class=\"elementor-post elementor-grid-item post-11061 post type-post status-publish format-standard has-post-thumbnail hentry category-approche-par-competences category-podcast\">\n\t\t\t\t<a class=\"elementor-post__thumbnail__link\" href=\"https:\/\/challengeme.online\/en\/%f0%9f%8e%99%ef%b8%8fpodcast-lart-du-feedback-avec-stephane-moriou\/\" tabindex=\"-1\" >\n\t\t\t<div class=\"elementor-post__thumbnail\"><img fetchpriority=\"high\" decoding=\"async\" width=\"300\" height=\"169\" src=\"https:\/\/challengeme.online\/wp-content\/uploads\/2024\/08\/matt-botsford-OKLqGsCT8qs-unsplash-300x169.jpg\" class=\"attachment-medium size-medium wp-image-10524\" alt=\"Podcast ChallengeMe\" srcset=\"https:\/\/challengeme.online\/wp-content\/uploads\/2024\/08\/matt-botsford-OKLqGsCT8qs-unsplash-300x169.jpg 300w, https:\/\/challengeme.online\/wp-content\/uploads\/2024\/08\/matt-botsford-OKLqGsCT8qs-unsplash-1024x576.jpg 1024w, https:\/\/challengeme.online\/wp-content\/uploads\/2024\/08\/matt-botsford-OKLqGsCT8qs-unsplash-768x432.jpg 768w, https:\/\/challengeme.online\/wp-content\/uploads\/2024\/08\/matt-botsford-OKLqGsCT8qs-unsplash-1536x864.jpg 1536w, https:\/\/challengeme.online\/wp-content\/uploads\/2024\/08\/matt-botsford-OKLqGsCT8qs-unsplash-2048x1152.jpg 2048w\" sizes=\"(max-width: 300px) 100vw, 300px\" \/><\/div>\n\t\t<\/a>\n\t\t\t\t<div class=\"elementor-post__text\">\n\t\t\t\t<h2 class=\"elementor-post__title\">\n\t\t\t<a href=\"https:\/\/challengeme.online\/en\/%f0%9f%8e%99%ef%b8%8fpodcast-lart-du-feedback-avec-stephane-moriou\/\" >\n\t\t\t\t\ud83c\udf99\ufe0fPodcast &#8211; L&rsquo;art du Feedback avec St\u00e9phane Moriou\t\t\t<\/a>\n\t\t<\/h2>\n\t\t\t\t<div class=\"elementor-post__meta-data\">\n\t\t\t\t\t<span class=\"elementor-post-date\">\n\t\t\t5 September 2024\t\t<\/span>\n\t\t\t\t<\/div>\n\t\t\t\t<div class=\"elementor-post__excerpt\">\n\t\t\t<p>L&rsquo;art du feedback avec St\u00e9phane Moriou Dans ce quatri\u00e8me \u00e9pisode de la s\u00e9rie sp\u00e9ciale Peer Power en collaboration avec\u00a0Julien Morice,<\/p>\n\t\t<\/div>\n\t\t\t\t\t<div class=\"elementor-post__read-more-wrapper\">\n\t\t\n\t\t<a class=\"elementor-post__read-more\" href=\"https:\/\/challengeme.online\/en\/%f0%9f%8e%99%ef%b8%8fpodcast-lart-du-feedback-avec-stephane-moriou\/\" aria-label=\"Read more about \ud83c\udf99\ufe0fPodcast &#8211; L&rsquo;art du Feedback avec St\u00e9phane Moriou\" tabindex=\"-1\" >\n\t\t\tLire la suite \u00bb\t\t<\/a>\n\n\t\t\t\t\t<\/div>\n\t\t\t\t<\/div>\n\t\t\t\t<\/article>\n\t\t\t\t<article class=\"elementor-post elementor-grid-item post-7885 post type-post status-publish format-standard has-post-thumbnail hentry category-approche-par-competences category-podcast\">\n\t\t\t\t<a class=\"elementor-post__thumbnail__link\" href=\"https:\/\/challengeme.online\/en\/podcast-feedback-et-evaluation-par-les-pairs\/\" tabindex=\"-1\" >\n\t\t\t<div class=\"elementor-post__thumbnail\"><img fetchpriority=\"high\" decoding=\"async\" width=\"300\" height=\"169\" src=\"https:\/\/challengeme.online\/wp-content\/uploads\/2024\/08\/matt-botsford-OKLqGsCT8qs-unsplash-300x169.jpg\" class=\"attachment-medium size-medium wp-image-10524\" alt=\"Podcast ChallengeMe\" srcset=\"https:\/\/challengeme.online\/wp-content\/uploads\/2024\/08\/matt-botsford-OKLqGsCT8qs-unsplash-300x169.jpg 300w, https:\/\/challengeme.online\/wp-content\/uploads\/2024\/08\/matt-botsford-OKLqGsCT8qs-unsplash-1024x576.jpg 1024w, https:\/\/challengeme.online\/wp-content\/uploads\/2024\/08\/matt-botsford-OKLqGsCT8qs-unsplash-768x432.jpg 768w, https:\/\/challengeme.online\/wp-content\/uploads\/2024\/08\/matt-botsford-OKLqGsCT8qs-unsplash-1536x864.jpg 1536w, https:\/\/challengeme.online\/wp-content\/uploads\/2024\/08\/matt-botsford-OKLqGsCT8qs-unsplash-2048x1152.jpg 2048w\" sizes=\"(max-width: 300px) 100vw, 300px\" \/><\/div>\n\t\t<\/a>\n\t\t\t\t<div class=\"elementor-post__text\">\n\t\t\t\t<h2 class=\"elementor-post__title\">\n\t\t\t<a href=\"https:\/\/challengeme.online\/en\/podcast-feedback-et-evaluation-par-les-pairs\/\" >\n\t\t\t\tPodcast &#8211; Feedback et \u00e9valuation par les pairs\t\t\t<\/a>\n\t\t<\/h2>\n\t\t\t\t<div class=\"elementor-post__meta-data\">\n\t\t\t\t\t<span class=\"elementor-post-date\">\n\t\t\t5 May 2024\t\t<\/span>\n\t\t\t\t<\/div>\n\t\t\t\t<div class=\"elementor-post__excerpt\">\n\t\t\t<p>Le feedback au c\u0153ur de l&rsquo;\u00e9valuation par les pairs L&rsquo;\u00e9valuation par les pairs, o\u00f9 les \u00e9tudiants s&rsquo;\u00e9valuent mutuellement, repose sur<\/p>\n\t\t<\/div>\n\t\t\t\t\t<div class=\"elementor-post__read-more-wrapper\">\n\t\t\n\t\t<a class=\"elementor-post__read-more\" href=\"https:\/\/challengeme.online\/en\/podcast-feedback-et-evaluation-par-les-pairs\/\" aria-label=\"Read more about Podcast &#8211; Feedback et \u00e9valuation par les pairs\" tabindex=\"-1\" >\n\t\t\tLire la suite \u00bb\t\t<\/a>\n\n\t\t\t\t\t<\/div>\n\t\t\t\t<\/div>\n\t\t\t\t<\/article>\n\t\t\t\t<article class=\"elementor-post elementor-grid-item post-10539 post type-post status-publish format-standard has-post-thumbnail hentry category-approche-par-competences category-podcast post_use_cases-evaluation-de-travaux\">\n\t\t\t\t<a class=\"elementor-post__thumbnail__link\" href=\"https:\/\/challengeme.online\/en\/developper-lesprit-critique-des-etudiants\/\" tabindex=\"-1\" >\n\t\t\t<div class=\"elementor-post__thumbnail\"><img fetchpriority=\"high\" decoding=\"async\" width=\"300\" height=\"169\" src=\"https:\/\/challengeme.online\/wp-content\/uploads\/2024\/08\/matt-botsford-OKLqGsCT8qs-unsplash-300x169.jpg\" class=\"attachment-medium size-medium wp-image-10524\" alt=\"Podcast ChallengeMe\" srcset=\"https:\/\/challengeme.online\/wp-content\/uploads\/2024\/08\/matt-botsford-OKLqGsCT8qs-unsplash-300x169.jpg 300w, https:\/\/challengeme.online\/wp-content\/uploads\/2024\/08\/matt-botsford-OKLqGsCT8qs-unsplash-1024x576.jpg 1024w, https:\/\/challengeme.online\/wp-content\/uploads\/2024\/08\/matt-botsford-OKLqGsCT8qs-unsplash-768x432.jpg 768w, https:\/\/challengeme.online\/wp-content\/uploads\/2024\/08\/matt-botsford-OKLqGsCT8qs-unsplash-1536x864.jpg 1536w, https:\/\/challengeme.online\/wp-content\/uploads\/2024\/08\/matt-botsford-OKLqGsCT8qs-unsplash-2048x1152.jpg 2048w\" sizes=\"(max-width: 300px) 100vw, 300px\" \/><\/div>\n\t\t<\/a>\n\t\t\t\t<div class=\"elementor-post__text\">\n\t\t\t\t<h2 class=\"elementor-post__title\">\n\t\t\t<a href=\"https:\/\/challengeme.online\/en\/developper-lesprit-critique-des-etudiants\/\" >\n\t\t\t\tD\u00e9velopper l&rsquo;esprit critique des \u00e9tudiants\t\t\t<\/a>\n\t\t<\/h2>\n\t\t\t\t<div class=\"elementor-post__meta-data\">\n\t\t\t\t\t<span class=\"elementor-post-date\">\n\t\t\t21 April 2024\t\t<\/span>\n\t\t\t\t<\/div>\n\t\t\t\t<div class=\"elementor-post__excerpt\">\n\t\t\t<p>Bienvenue dans le 66e \u00e9pisode du PedagogCast dans lequel nous explorons le d\u00e9veloppement de l&rsquo;esprit critique \ud83e\udde0 avec l&rsquo;expert Guillaume<\/p>\n\t\t<\/div>\n\t\t\t\t\t<div class=\"elementor-post__read-more-wrapper\">\n\t\t\n\t\t<a class=\"elementor-post__read-more\" href=\"https:\/\/challengeme.online\/en\/developper-lesprit-critique-des-etudiants\/\" aria-label=\"Read more about D\u00e9velopper l&rsquo;esprit critique des \u00e9tudiants\" tabindex=\"-1\" >\n\t\t\tLire la suite \u00bb\t\t<\/a>\n\n\t\t\t\t\t<\/div>\n\t\t\t\t<\/div>\n\t\t\t\t<\/article>\n\t\t\t\t<article class=\"elementor-post elementor-grid-item post-10528 post type-post status-publish format-standard has-post-thumbnail hentry category-ia category-podcast\">\n\t\t\t\t<a class=\"elementor-post__thumbnail__link\" href=\"https:\/\/challengeme.online\/en\/podcast-lia-au-service-de-levaluation-par-les-pairs\/\" tabindex=\"-1\" >\n\t\t\t<div class=\"elementor-post__thumbnail\"><img fetchpriority=\"high\" decoding=\"async\" width=\"300\" height=\"169\" src=\"https:\/\/challengeme.online\/wp-content\/uploads\/2024\/08\/matt-botsford-OKLqGsCT8qs-unsplash-300x169.jpg\" class=\"attachment-medium size-medium wp-image-10524\" alt=\"Podcast ChallengeMe\" srcset=\"https:\/\/challengeme.online\/wp-content\/uploads\/2024\/08\/matt-botsford-OKLqGsCT8qs-unsplash-300x169.jpg 300w, https:\/\/challengeme.online\/wp-content\/uploads\/2024\/08\/matt-botsford-OKLqGsCT8qs-unsplash-1024x576.jpg 1024w, https:\/\/challengeme.online\/wp-content\/uploads\/2024\/08\/matt-botsford-OKLqGsCT8qs-unsplash-768x432.jpg 768w, https:\/\/challengeme.online\/wp-content\/uploads\/2024\/08\/matt-botsford-OKLqGsCT8qs-unsplash-1536x864.jpg 1536w, https:\/\/challengeme.online\/wp-content\/uploads\/2024\/08\/matt-botsford-OKLqGsCT8qs-unsplash-2048x1152.jpg 2048w\" sizes=\"(max-width: 300px) 100vw, 300px\" \/><\/div>\n\t\t<\/a>\n\t\t\t\t<div class=\"elementor-post__text\">\n\t\t\t\t<h2 class=\"elementor-post__title\">\n\t\t\t<a href=\"https:\/\/challengeme.online\/en\/podcast-lia-au-service-de-levaluation-par-les-pairs\/\" >\n\t\t\t\tPodcast : L&rsquo;IA au service de l&rsquo;\u00e9valuation par les pairs\t\t\t<\/a>\n\t\t<\/h2>\n\t\t\t\t<div class=\"elementor-post__meta-data\">\n\t\t\t\t\t<span class=\"elementor-post-date\">\n\t\t\t1 April 2024\t\t<\/span>\n\t\t\t\t<\/div>\n\t\t\t\t<div class=\"elementor-post__excerpt\">\n\t\t\t<p>Ce podcast explore l&rsquo;utilisation de l&rsquo;intelligence artificielle (IA) dans l&rsquo;\u00e9valuation par les pairs, une m\u00e9thode p\u00e9dagogique o\u00f9 les \u00e9tudiants \u00e9valuent<\/p>\n\t\t<\/div>\n\t\t\t\t\t<div class=\"elementor-post__read-more-wrapper\">\n\t\t\n\t\t<a class=\"elementor-post__read-more\" href=\"https:\/\/challengeme.online\/en\/podcast-lia-au-service-de-levaluation-par-les-pairs\/\" aria-label=\"Read more about Podcast : L&rsquo;IA au service de l&rsquo;\u00e9valuation par les pairs\" tabindex=\"-1\" >\n\t\t\tLire la suite \u00bb\t\t<\/a>\n\n\t\t\t\t\t<\/div>\n\t\t\t\t<\/div>\n\t\t\t\t<\/article>\n\t\t\t\t<\/div>\n\t\t\n\t\t\t\t\t\t<\/div>\n\t\t\t\t<\/div>\n\t\t\t\t\t<\/div>\n\t\t\t\t<\/div>\n\t\t\t\t<\/div>","protected":false},"excerpt":{"rendered":"<p>D\u00e9couvrez nos derniers \u00e9pisodes :<\/p>","protected":false},"author":5,"featured_media":0,"parent":0,"menu_order":0,"comment_status":"closed","ping_status":"closed","template":"elementor_header_footer","meta":{"content-type":"","footnotes":""},"cas_dusage":[],"categ":[],"format_activite":[],"class_list":["post-10783","page","type-page","status-publish","hentry"],"_links":{"self":[{"href":"https:\/\/challengeme.online\/en\/wp-json\/wp\/v2\/pages\/10783","targetHints":{"allow":["GET"]}}],"collection":[{"href":"https:\/\/challengeme.online\/en\/wp-json\/wp\/v2\/pages"}],"about":[{"href":"https:\/\/challengeme.online\/en\/wp-json\/wp\/v2\/types\/page"}],"author":[{"embeddable":true,"href":"https:\/\/challengeme.online\/en\/wp-json\/wp\/v2\/users\/5"}],"replies":[{"embeddable":true,"href":"https:\/\/challengeme.online\/en\/wp-json\/wp\/v2\/comments?post=10783"}],"version-history":[{"count":19,"href":"https:\/\/challengeme.online\/en\/wp-json\/wp\/v2\/pages\/10783\/revisions"}],"predecessor-version":[{"id":10921,"href":"https:\/\/challengeme.online\/en\/wp-json\/wp\/v2\/pages\/10783\/revisions\/10921"}],"wp:attachment":[{"href":"https:\/\/challengeme.online\/en\/wp-json\/wp\/v2\/media?parent=10783"}],"wp:term":[{"taxonomy":"cas_dusage","embeddable":true,"href":"https:\/\/challengeme.online\/en\/wp-json\/wp\/v2\/cas_dusage?post=10783"},{"taxonomy":"categ","embeddable":true,"href":"https:\/\/challengeme.online\/en\/wp-json\/wp\/v2\/categ?post=10783"},{"taxonomy":"format_activite","embeddable":true,"href":"https:\/\/challengeme.online\/en\/wp-json\/wp\/v2\/format_activite?post=10783"}],"curies":[{"name":"wp","href":"https:\/\/api.w.org\/{rel}","templated":true}]}}